{"id":87704,"date":"2015-05-20T21:43:28","date_gmt":"2015-05-20T19:43:28","guid":{"rendered":"https:\/\/www.pressglass.com\/?page_id=1540"},"modified":"2018-07-11T09:24:50","modified_gmt":"2018-07-11T07:24:50","slug":"modern-logistik","status":"publish","type":"page","link":"https:\/\/www.pressglass.com\/sv\/om-oss\/modern-logistik\/","title":{"rendered":"Modern logistik"},"content":{"rendered":"\n<style type=\"text\/css\" data-created_by=\"avia_inline_auto\" id=\"style-css-av-av_section-b1016011bf7ea79e27c106b147d7985d\">\n.avia-section.av-av_section-b1016011bf7ea79e27c106b147d7985d{\nbackground-repeat:no-repeat;\nbackground-image:url(https:\/\/www.pressglass.com\/wp-content\/uploads\/2015\/05\/slider_maly_modern_logisticUS.jpg);\nbackground-position:100% 0%;\nbackground-attachment:scroll;\n}\n<\/style>\n<div id='av_section_1'  class='avia-section av-av_section-b1016011bf7ea79e27c106b147d7985d main_color avia-section-default avia-no-border-styling  avia-builder-el-0  el_before_av_one_full  avia-builder-el-first  avia-full-stretch avia-bg-style-scroll av-minimum-height av-minimum-height-custom av-height-custom  container_wrap sidebar_right'  data-section-bg-repeat='stretch' data-av_minimum_height_px='285'><div class='container av-section-cont-open' style='height:285px'><main  role=\"main\" itemprop=\"mainContentOfPage\"  class='template-page content  av-content-small alpha units'><div class='post-entry post-entry-type-page post-entry-87704'><div class='entry-content-wrapper clearfix'><\/div><\/div><\/main><!-- close content main element --><\/div><\/div><div id='after_section_1'  class='main_color av_default_container_wrap container_wrap sidebar_right'  ><div class='container av-section-cont-open' ><div class='template-page content  av-content-small alpha units'><div class='post-entry post-entry-type-page post-entry-87704'><div class='entry-content-wrapper clearfix'>\n<div  class='flex_column av-av_one_full-2a9015ff38129c418a3f2eafba3e9512 av_one_full  avia-builder-el-1  el_after_av_section  el_before_av_one_half  avia-builder-el-first  first flex_column_div  '     ><style type=\"text\/css\" data-created_by=\"avia_inline_auto\" id=\"style-css-av-av_heading-d2a451fb3b77f149b1ffd50a7bcbdf47\">\n#top .av-special-heading.av-av_heading-d2a451fb3b77f149b1ffd50a7bcbdf47{\npadding-bottom:10px;\n}\nbody .av-special-heading.av-av_heading-d2a451fb3b77f149b1ffd50a7bcbdf47 .av-special-heading-tag .heading-char{\nfont-size:25px;\n}\n.av-special-heading.av-av_heading-d2a451fb3b77f149b1ffd50a7bcbdf47 .av-subheading{\nfont-size:15px;\n}\n<\/style>\n<div  class='av-special-heading av-av_heading-d2a451fb3b77f149b1ffd50a7bcbdf47 av-special-heading-h1  avia-builder-el-2  avia-builder-el-no-sibling '><h1 class='av-special-heading-tag '  itemprop=\"headline\"  >MODERN LOGISTIK<\/h1><div class=\"special-heading-border\"><div class=\"special-heading-inner-border\"><\/div><\/div><\/div><\/div>\n<div  class='flex_column av-av_one_half-2a9015ff38129c418a3f2eafba3e9512 av_one_half  avia-builder-el-3  el_after_av_one_full  el_before_av_one_half  first flex_column_div  column-top-margin'     ><p><section  class='av_textblock_section av-av_textblock-2de302bf1aa3cf4c9157dbe6f50ac7eb '   itemscope=\"itemscope\" itemtype=\"https:\/\/schema.org\/CreativeWork\" ><div class='avia_textblock'  itemprop=\"text\" ><p>Vi levererar v\u00e5ra produkter regelbundet till kunder \u00f6ver hela Europa och i Nordamerika. \u00d6ver h\u00e4lften av dem samarbetar med oss permanent i mer \u00e4n 10 \u00e5r. Produkterna transporteras till v\u00e5ra kunder f\u00f6r ett totalt avst\u00e5nd p\u00e5 \u00f6ver 1.000.000 km varje m\u00e5nad.<\/p>\n<\/div><\/section><br \/>\n<\/p><\/div>\n\n<style type=\"text\/css\" data-created_by=\"avia_inline_auto\" id=\"style-css-av-av_one_half-c8fc129dc35fd1ae2a1e410224d39ea8\">\n.flex_column.av-av_one_half-c8fc129dc35fd1ae2a1e410224d39ea8{\nborder-radius:0px 0px 0px 0px;\npadding:0px 0px 0px 0px;\n}\n<\/style>\n<div  class='flex_column av-av_one_half-c8fc129dc35fd1ae2a1e410224d39ea8 av_one_half  avia-builder-el-6  el_after_av_one_half  el_before_av_section  avia-builder-el-last  flex_column_div av-zero-column-padding  column-top-margin'     ><p><section  class='av_textblock_section av-av_textblock-2de302bf1aa3cf4c9157dbe6f50ac7eb '   itemscope=\"itemscope\" itemtype=\"https:\/\/schema.org\/CreativeWork\" ><div class='avia_textblock'  itemprop=\"text\" ><p>I Europa utf\u00f6r vi upp till 150 dagliga s\u00e4ndningar, med f\u00e4rje\u00f6verfarter, upp till 3500 km avst\u00e5nd. Vi anv\u00e4nder v\u00e5ra egna transportmedel och samarbetar med erfarna internationella b\u00e4rare. Vi organiserar ocks\u00e5 transatlantiska sj\u00f6fartstransporter och flygtransporter.<\/p>\n<\/div><\/section><br \/>\n<\/p><\/div>\n<\/div><\/div><\/div><!-- close content main div --><\/div><\/div><div id='av_section_2'  class='avia-section av-av_section-d21fdcaeecb69b7efe4eaf10b6112bd0 main_color avia-section-default avia-no-shadow  avia-builder-el-9  el_after_av_one_half  el_before_av_hr  avia-bg-style-scroll container_wrap sidebar_right'  ><div class='container av-section-cont-open' ><div class='template-page content  av-content-small alpha units'><div class='post-entry post-entry-type-page post-entry-87704'><div class='entry-content-wrapper clearfix'>\n<div  class='flex_column av-av_one_full-2a9015ff38129c418a3f2eafba3e9512 av_one_full  avia-builder-el-10  avia-builder-el-no-sibling  first flex_column_div  '     ><div  class='avia-image-container  av-styling-    avia-builder-el-11  avia-builder-el-no-sibling  avia-align-center'  itemprop=\"image\" itemscope=\"itemscope\" itemtype=\"https:\/\/schema.org\/ImageObject\"  ><div class='avia-image-container-inner'><div class='avia-image-overlay-wrap'><img class='avia_image' src='https:\/\/www.pressglass.com\/wp-content\/uploads\/2015\/05\/Press-Glass-Nowoczesna-logistyka-MAPA-2.png' alt='' title='Press-Glass-Modern Logistics' height=\"568\" width=\"800\"  itemprop=\"thumbnailUrl\"  \/><\/div><\/div><\/div><\/div>\n<\/div><\/div><\/div><!-- close content main div --><\/div><\/div><div id='after_section_2'  class='main_color av_default_container_wrap container_wrap sidebar_right'  ><div class='container av-section-cont-open' ><div class='template-page content  av-content-small alpha units'><div class='post-entry post-entry-type-page post-entry-87704'><div class='entry-content-wrapper clearfix'>\n\n<style type=\"text\/css\" data-created_by=\"avia_inline_auto\" id=\"style-css-av-av_hr-a07f7596b1fca85f6595a75d593069df\">\n#top .hr.hr-invisible.av-av_hr-a07f7596b1fca85f6595a75d593069df{\nheight:40px;\n}\n<\/style>\n<div  class='hr av-av_hr-a07f7596b1fca85f6595a75d593069df hr-invisible  avia-builder-el-12  el_after_av_section  el_before_av_section  avia-builder-el-no-sibling '><span class='hr-inner '><span class=\"hr-inner-style\"><\/span><\/span><\/div>\n<\/div><\/div><\/div><!-- close content main div --><\/div><\/div>\n<style type=\"text\/css\" data-created_by=\"avia_inline_auto\" id=\"style-css-av-av_section-a64e712e4971c504b65f85b9f69ba1b8\">\n.avia-section.av-av_section-a64e712e4971c504b65f85b9f69ba1b8{\nbackground-repeat:repeat-x;\nbackground-image:url(https:\/\/www.pressglass.com\/wp-content\/uploads\/2015\/11\/Parallaxa-\u015brodowiskowa1.jpg);\nbackground-position:50% 50%;\nbackground-attachment:scroll;\n}\n<\/style>\n<div id='av_section_3'  class='avia-section av-av_section-a64e712e4971c504b65f85b9f69ba1b8 main_color avia-section-no-padding avia-no-shadow  avia-builder-el-13  el_after_av_hr  el_before_av_hr  avia-bg-style-scroll av-minimum-height av-minimum-height-custom av-height-custom  container_wrap sidebar_right'  data-section-bg-repeat='repeat-x' data-av_minimum_height_px='400'><div class='container av-section-cont-open' style='height:400px'><div class='template-page content  av-content-small alpha units'><div class='post-entry post-entry-type-page post-entry-87704'><div class='entry-content-wrapper clearfix'>\n<div  class='flex_column av-av_one_fifth-2a9015ff38129c418a3f2eafba3e9512 av_one_fifth  avia-builder-el-14  el_before_av_three_fifth  avia-builder-el-first  first flex_column_div  '     ><\/div>\n<style type=\"text\/css\" data-created_by=\"avia_inline_auto\" id=\"style-css-av-av_three_fifth-c8fc129dc35fd1ae2a1e410224d39ea8\">\n.flex_column.av-av_three_fifth-c8fc129dc35fd1ae2a1e410224d39ea8{\nborder-radius:0px 0px 0px 0px;\npadding:0px 0px 0px 0px;\n}\n<\/style>\n<div  class='flex_column av-av_three_fifth-c8fc129dc35fd1ae2a1e410224d39ea8 av_three_fifth  avia-builder-el-15  el_after_av_one_fifth  el_before_av_one_fifth  flex_column_div av-zero-column-padding  '     ><p>\n<style type=\"text\/css\" data-created_by=\"avia_inline_auto\" id=\"style-css-av-av_hr-5ea7596238ed9f191e6b5e662093052f\">\n#top .hr.hr-invisible.av-av_hr-5ea7596238ed9f191e6b5e662093052f{\nheight:30px;\n}\n<\/style>\n<div  class='hr av-av_hr-5ea7596238ed9f191e6b5e662093052f hr-invisible  avia-builder-el-16  el_before_av_heading  avia-builder-el-first '><span class='hr-inner '><span class=\"hr-inner-style\"><\/span><\/span><\/div><br \/>\n\n<style type=\"text\/css\" data-created_by=\"avia_inline_auto\" id=\"style-css-av-av_heading-3c5ab5b3e892662be6ac178bdb0755b3\">\n#top .av-special-heading.av-av_heading-3c5ab5b3e892662be6ac178bdb0755b3{\npadding-bottom:0;\ncolor:#ffffff;\nfont-size:35px;\n}\nbody .av-special-heading.av-av_heading-3c5ab5b3e892662be6ac178bdb0755b3 .av-special-heading-tag .heading-char{\nfont-size:25px;\n}\n#top #wrap_all .av-special-heading.av-av_heading-3c5ab5b3e892662be6ac178bdb0755b3 .av-special-heading-tag{\nfont-size:35px;\n}\n.av-special-heading.av-av_heading-3c5ab5b3e892662be6ac178bdb0755b3 .special-heading-inner-border{\nborder-color:#ffffff;\n}\n.av-special-heading.av-av_heading-3c5ab5b3e892662be6ac178bdb0755b3 .av-subheading{\nfont-size:20px;\n}\n\n@media only screen and (min-width: 480px) and (max-width: 767px){ \n#top #wrap_all .av-special-heading.av-av_heading-3c5ab5b3e892662be6ac178bdb0755b3 .av-special-heading-tag{\nfont-size:0.8em;\n}\n}\n\n@media only screen and (max-width: 479px){ \n#top #wrap_all .av-special-heading.av-av_heading-3c5ab5b3e892662be6ac178bdb0755b3 .av-special-heading-tag{\nfont-size:0.8em;\n}\n}\n<\/style>\n<div  class='av-special-heading av-av_heading-3c5ab5b3e892662be6ac178bdb0755b3 av-special-heading-h2 custom-color-heading blockquote modern-quote modern-centered  avia-builder-el-17  el_after_av_hr  el_before_av_hr  av-inherit-size'><h2 class='av-special-heading-tag '  itemprop=\"headline\"  >F\u00d6R ATT BEGR\u00c4NSA MILJ\u00d6P\u00c5VERKAN INF\u00d6R VI FORTFARANDE F\u00d6R\u00c4NDRINGAR I PRODUKTIONEN AV VAROR OCH I V\u00c5RA VANOR.<\/h2><div class='av_custom_color av-subheading av-subheading_below'><p>F\u00f6r att underl\u00e4tta denna process har vi antagit ett globalt \u00e5tg\u00e4rdssystem f\u00f6r att skydda milj\u00f6n ISO 14001.<\/p>\n<\/div><div class=\"special-heading-border\"><div class=\"special-heading-inner-border\"><\/div><\/div><\/div><br \/>\n\n<style type=\"text\/css\" data-created_by=\"avia_inline_auto\" id=\"style-css-av-av_hr-5ea7596238ed9f191e6b5e662093052f\">\n#top .hr.hr-invisible.av-av_hr-5ea7596238ed9f191e6b5e662093052f{\nheight:30px;\n}\n<\/style>\n<div  class='hr av-av_hr-5ea7596238ed9f191e6b5e662093052f hr-invisible  avia-builder-el-18  el_after_av_heading  el_before_av_image '><span class='hr-inner '><span class=\"hr-inner-style\"><\/span><\/span><\/div><br \/>\n<div  class='avia-image-container  av-styling-    avia-builder-el-19  el_after_av_hr  el_before_av_hr  avia-align-center'  itemprop=\"image\" itemscope=\"itemscope\" itemtype=\"https:\/\/schema.org\/ImageObject\"  ><div class='avia-image-container-inner'><div class='avia-image-overlay-wrap'><img class='avia_image' src='https:\/\/www.pressglass.com\/wp-content\/uploads\/2018\/07\/iso-resources-saved-en.png' alt='' title='iso-resources-saved-sv' height=\"134\" width=\"597\"  itemprop=\"thumbnailUrl\"  \/><\/div><\/div><\/div><br \/>\n\n<style type=\"text\/css\" data-created_by=\"avia_inline_auto\" id=\"style-css-av-av_hr-5ea7596238ed9f191e6b5e662093052f\">\n#top .hr.hr-invisible.av-av_hr-5ea7596238ed9f191e6b5e662093052f{\nheight:30px;\n}\n<\/style>\n<div  class='hr av-av_hr-5ea7596238ed9f191e6b5e662093052f hr-invisible  avia-builder-el-20  el_after_av_image  el_before_av_textblock '><span class='hr-inner '><span class=\"hr-inner-style\"><\/span><\/span><\/div><br \/>\n<section  class='av_textblock_section av-av_textblock-2de302bf1aa3cf4c9157dbe6f50ac7eb '   itemscope=\"itemscope\" itemtype=\"https:\/\/schema.org\/CreativeWork\" ><div class='avia_textblock'  itemprop=\"text\" ><p><center><a class=\"avia-button mte_button_white_large\" href=\"https:\/\/www.pressglass.com\/sv\/miljoskydd\/\">L\u00c4S MER<br \/>\n<\/a><\/center><\/p>\n<\/div><\/section><br \/>\n\n<style type=\"text\/css\" data-created_by=\"avia_inline_auto\" id=\"style-css-av-av_hr-5ea7596238ed9f191e6b5e662093052f\">\n#top .hr.hr-invisible.av-av_hr-5ea7596238ed9f191e6b5e662093052f{\nheight:30px;\n}\n<\/style>\n<div  class='hr av-av_hr-5ea7596238ed9f191e6b5e662093052f hr-invisible  avia-builder-el-22  el_after_av_textblock  avia-builder-el-last '><span class='hr-inner '><span class=\"hr-inner-style\"><\/span><\/span><\/div><\/p><\/div>\n<style type=\"text\/css\" data-created_by=\"avia_inline_auto\" id=\"style-css-av-av_one_fifth-c8fc129dc35fd1ae2a1e410224d39ea8\">\n.flex_column.av-av_one_fifth-c8fc129dc35fd1ae2a1e410224d39ea8{\nborder-radius:0px 0px 0px 0px;\npadding:0px 0px 0px 0px;\n}\n<\/style>\n<div  class='flex_column av-av_one_fifth-c8fc129dc35fd1ae2a1e410224d39ea8 av_one_fifth  avia-builder-el-23  el_after_av_three_fifth  avia-builder-el-last  flex_column_div av-zero-column-padding  '     ><\/div><\/div><\/div><\/div><!-- close content main div --><\/div><\/div><div id='after_section_3'  class='main_color av_default_container_wrap container_wrap sidebar_right'  ><div class='container av-section-cont-open' ><div class='template-page content  av-content-small alpha units'><div class='post-entry post-entry-type-page post-entry-87704'><div class='entry-content-wrapper clearfix'>\n<style type=\"text\/css\" data-created_by=\"avia_inline_auto\" id=\"style-css-av-av_hr-a07f7596b1fca85f6595a75d593069df\">\n#top .hr.hr-invisible.av-av_hr-a07f7596b1fca85f6595a75d593069df{\nheight:40px;\n}\n<\/style>\n<div  class='hr av-av_hr-a07f7596b1fca85f6595a75d593069df hr-invisible  avia-builder-el-24  el_after_av_section  avia-builder-el-no-sibling '><span class='hr-inner '><span class=\"hr-inner-style\"><\/span><\/span><\/div><\/p>\n","protected":false},"excerpt":{"rendered":"","protected":false},"author":32,"featured_media":0,"parent":87715,"menu_order":0,"comment_status":"closed","ping_status":"closed","template":"","meta":{"footnotes":""},"class_list":["post-87704","page","type-page","status-publish","hentry"],"yoast_head":"<!-- This site is optimized with the Yoast SEO plugin v27.3 - https:\/\/yoast.com\/product\/yoast-seo-wordpress\/ -->\n<title>Modern logistics - PRESS GLASS SA<\/title>\n<meta name=\"description\" content=\"Modern logistics\" \/>\n<meta name=\"robots\" content=\"index, follow, max-snippet:-1, max-image-preview:large, max-video-preview:-1\" \/>\n<link rel=\"canonical\" href=\"http:\/\/www.pressglass.com\/sv\/om-oss\/modern-logistik\/\" \/>\n<meta name=\"twitter:label1\" content=\"Ber\u00e4knad l\u00e4stid\" \/>\n\t<meta name=\"twitter:data1\" content=\"5 minuter\" \/>\n<script type=\"application\/ld+json\" class=\"yoast-schema-graph\">{\"@context\":\"https:\\\/\\\/schema.org\",\"@graph\":[{\"@type\":\"WebPage\",\"@id\":\"http:\\\/\\\/www.pressglass.com\\\/sv\\\/om-oss\\\/modern-logistik\\\/\",\"url\":\"http:\\\/\\\/www.pressglass.com\\\/sv\\\/om-oss\\\/modern-logistik\\\/\",\"name\":\"Modern logistics - PRESS GLASS SA\",\"isPartOf\":{\"@id\":\"https:\\\/\\\/www.pressglass.com\\\/it\\\/#website\"},\"datePublished\":\"2015-05-20T19:43:28+00:00\",\"dateModified\":\"2018-07-11T07:24:50+00:00\",\"description\":\"Modern logistics\",\"breadcrumb\":{\"@id\":\"http:\\\/\\\/www.pressglass.com\\\/sv\\\/om-oss\\\/modern-logistik\\\/#breadcrumb\"},\"inLanguage\":\"sv-SE\",\"potentialAction\":[{\"@type\":\"ReadAction\",\"target\":[\"http:\\\/\\\/www.pressglass.com\\\/sv\\\/om-oss\\\/modern-logistik\\\/\"]}]},{\"@type\":\"BreadcrumbList\",\"@id\":\"http:\\\/\\\/www.pressglass.com\\\/sv\\\/om-oss\\\/modern-logistik\\\/#breadcrumb\",\"itemListElement\":[{\"@type\":\"ListItem\",\"position\":1,\"name\":\"Strona g\u0142\u00f3wna\",\"item\":\"https:\\\/\\\/www.pressglass.com\\\/sv\\\/\"},{\"@type\":\"ListItem\",\"position\":2,\"name\":\"Om Oss\",\"item\":\"http:\\\/\\\/www.pressglass.com\\\/sv\\\/om-oss\\\/\"},{\"@type\":\"ListItem\",\"position\":3,\"name\":\"Modern logistik\"}]},{\"@type\":\"WebSite\",\"@id\":\"https:\\\/\\\/www.pressglass.com\\\/it\\\/#website\",\"url\":\"https:\\\/\\\/www.pressglass.com\\\/it\\\/\",\"name\":\"PRESS GLASS HOLDING SA\",\"description\":\"\",\"potentialAction\":[{\"@type\":\"SearchAction\",\"target\":{\"@type\":\"EntryPoint\",\"urlTemplate\":\"https:\\\/\\\/www.pressglass.com\\\/it\\\/?s={search_term_string}\"},\"query-input\":{\"@type\":\"PropertyValueSpecification\",\"valueRequired\":true,\"valueName\":\"search_term_string\"}}],\"inLanguage\":\"sv-SE\"}]}<\/script>\n<!-- \/ Yoast SEO plugin. -->","yoast_head_json":{"title":"Modern logistics - PRESS GLASS SA","description":"Modern logistics","robots":{"index":"index","follow":"follow","max-snippet":"max-snippet:-1","max-image-preview":"max-image-preview:large","max-video-preview":"max-video-preview:-1"},"canonical":"http:\/\/www.pressglass.com\/sv\/om-oss\/modern-logistik\/","twitter_misc":{"Ber\u00e4knad l\u00e4stid":"5 minuter"},"schema":{"@context":"https:\/\/schema.org","@graph":[{"@type":"WebPage","@id":"http:\/\/www.pressglass.com\/sv\/om-oss\/modern-logistik\/","url":"http:\/\/www.pressglass.com\/sv\/om-oss\/modern-logistik\/","name":"Modern logistics - PRESS GLASS SA","isPartOf":{"@id":"https:\/\/www.pressglass.com\/it\/#website"},"datePublished":"2015-05-20T19:43:28+00:00","dateModified":"2018-07-11T07:24:50+00:00","description":"Modern logistics","breadcrumb":{"@id":"http:\/\/www.pressglass.com\/sv\/om-oss\/modern-logistik\/#breadcrumb"},"inLanguage":"sv-SE","potentialAction":[{"@type":"ReadAction","target":["http:\/\/www.pressglass.com\/sv\/om-oss\/modern-logistik\/"]}]},{"@type":"BreadcrumbList","@id":"http:\/\/www.pressglass.com\/sv\/om-oss\/modern-logistik\/#breadcrumb","itemListElement":[{"@type":"ListItem","position":1,"name":"Strona g\u0142\u00f3wna","item":"https:\/\/www.pressglass.com\/sv\/"},{"@type":"ListItem","position":2,"name":"Om Oss","item":"http:\/\/www.pressglass.com\/sv\/om-oss\/"},{"@type":"ListItem","position":3,"name":"Modern logistik"}]},{"@type":"WebSite","@id":"https:\/\/www.pressglass.com\/it\/#website","url":"https:\/\/www.pressglass.com\/it\/","name":"PRESS GLASS HOLDING SA","description":"","potentialAction":[{"@type":"SearchAction","target":{"@type":"EntryPoint","urlTemplate":"https:\/\/www.pressglass.com\/it\/?s={search_term_string}"},"query-input":{"@type":"PropertyValueSpecification","valueRequired":true,"valueName":"search_term_string"}}],"inLanguage":"sv-SE"}]}},"rttpg_featured_image_url":null,"rttpg_author":{"display_name":"Piotr Suszek","author_link":"https:\/\/www.pressglass.com\/sv\/author\/piotr-suszek\/"},"rttpg_comment":0,"rttpg_category":false,"rttpg_excerpt":null,"_links":{"self":[{"href":"https:\/\/www.pressglass.com\/sv\/wp-json\/wp\/v2\/pages\/87704","targetHints":{"allow":["GET"]}}],"collection":[{"href":"https:\/\/www.pressglass.com\/sv\/wp-json\/wp\/v2\/pages"}],"about":[{"href":"https:\/\/www.pressglass.com\/sv\/wp-json\/wp\/v2\/types\/page"}],"author":[{"embeddable":true,"href":"https:\/\/www.pressglass.com\/sv\/wp-json\/wp\/v2\/users\/32"}],"replies":[{"embeddable":true,"href":"https:\/\/www.pressglass.com\/sv\/wp-json\/wp\/v2\/comments?post=87704"}],"version-history":[{"count":4,"href":"https:\/\/www.pressglass.com\/sv\/wp-json\/wp\/v2\/pages\/87704\/revisions"}],"predecessor-version":[{"id":101085,"href":"https:\/\/www.pressglass.com\/sv\/wp-json\/wp\/v2\/pages\/87704\/revisions\/101085"}],"up":[{"embeddable":true,"href":"https:\/\/www.pressglass.com\/sv\/wp-json\/wp\/v2\/pages\/87715"}],"wp:attachment":[{"href":"https:\/\/www.pressglass.com\/sv\/wp-json\/wp\/v2\/media?parent=87704"}],"curies":[{"name":"wp","href":"https:\/\/api.w.org\/{rel}","templated":true}]}}