{"id":87698,"date":"2015-06-15T19:45:01","date_gmt":"2015-06-15T17:45:01","guid":{"rendered":"https:\/\/www.pressglass.com\/?page_id=24417"},"modified":"2022-02-08T14:15:36","modified_gmt":"2022-02-08T13:15:36","slug":"leveransrekord-system","status":"publish","type":"page","link":"https:\/\/www.pressglass.com\/sv\/leveransrekord-system\/","title":{"rendered":"LEVERANSREKORD SYSTEM"},"content":{"rendered":"\n<style type=\"text\/css\" data-created_by=\"avia_inline_auto\" id=\"style-css-av-8bjnbsi-e882374e67244f6ade4103b8168faa45\">\n.avia-section.av-8bjnbsi-e882374e67244f6ade4103b8168faa45{\nbackground-repeat:no-repeat;\nbackground-image:url(https:\/\/www.pressglass.com\/wp-content\/uploads\/2015\/06\/slider-delivery.jpg);\nbackground-position:50% 0%;\nbackground-attachment:scroll;\n}\n<\/style>\n<div id='av_section_1'  class='avia-section av-8bjnbsi-e882374e67244f6ade4103b8168faa45 main_color avia-section-default avia-no-border-styling  avia-builder-el-0  el_before_av_one_full  avia-builder-el-first  avia-full-stretch avia-bg-style-scroll av-minimum-height av-minimum-height-custom av-height-custom  container_wrap sidebar_right'  data-section-bg-repeat='stretch' data-av_minimum_height_px='285'><div class='container av-section-cont-open' style='height:285px'><main  role=\"main\" itemprop=\"mainContentOfPage\"  class='template-page content  av-content-small alpha units'><div class='post-entry post-entry-type-page post-entry-87698'><div class='entry-content-wrapper clearfix'><\/div><\/div><\/main><!-- close content main element --><\/div><\/div><div id='after_section_1'  class='main_color av_default_container_wrap container_wrap sidebar_right'  ><div class='container av-section-cont-open' ><div class='template-page content  av-content-small alpha units'><div class='post-entry post-entry-type-page post-entry-87698'><div class='entry-content-wrapper clearfix'>\n<div  class='flex_column av-868rr8y-fe92bdb05dfaeaa37d5d05e396ffb098 av_one_full  avia-builder-el-1  el_after_av_section  el_before_av_one_half  avia-builder-el-first  first flex_column_div  '     ><style type=\"text\/css\" data-created_by=\"avia_inline_auto\" id=\"style-css-av-7kit1bm-b472f83ce603c1dc709b7e432f7370b4\">\n#top .av-special-heading.av-7kit1bm-b472f83ce603c1dc709b7e432f7370b4{\npadding-bottom:10px;\n}\nbody .av-special-heading.av-7kit1bm-b472f83ce603c1dc709b7e432f7370b4 .av-special-heading-tag .heading-char{\nfont-size:25px;\n}\n.av-special-heading.av-7kit1bm-b472f83ce603c1dc709b7e432f7370b4 .av-subheading{\nfont-size:15px;\n}\n<\/style>\n<div  class='av-special-heading av-7kit1bm-b472f83ce603c1dc709b7e432f7370b4 av-special-heading-h1  avia-builder-el-2  avia-builder-el-no-sibling '><h1 class='av-special-heading-tag '  itemprop=\"headline\"  >LEVERANSREKORD SYSTEM<\/h1><div class=\"special-heading-border\"><div class=\"special-heading-inner-border\"><\/div><\/div><\/div><\/div>\n<div  class='flex_column av-6y84fjm-05b017daab88bf5edcc8079b2008a8cc av_one_half  avia-builder-el-3  el_after_av_one_full  el_before_av_one_half  first flex_column_div  column-top-margin'     ><section  class='av_textblock_section av-6l4eoya-27a982ca2f4e8ce51095c6c1ee6c027b '   itemscope=\"itemscope\" itemtype=\"https:\/\/schema.org\/CreativeWork\" ><div class='avia_textblock'  itemprop=\"text\" ><ul>\n<li>Kontrollera din order via webbsidan<\/li>\n<li>Kontrollera fakturor strax efter att de utf\u00e4rdats<\/li>\n<li>Ladda ner stativspecifikationer och var beredd att ta emot leveransen<\/li>\n<\/ul>\n<p style=\"line-height: 1.5;\">Leveransrekordsystem (SED) \u00e4r en online-plattform f\u00f6r snabb kontroll av status f\u00f6r best\u00e4llningar som \u00e4r placerade f\u00f6r utf\u00f6rande p\u00e5 PRESS GLASS och nedladdning av leveransdokument och fakturor via en webbl\u00e4sare. SED \u00e4r endast avsedd f\u00f6r PRESS GLASS kunder.<\/p>\n<\/div><\/section><br \/>\n\n<style type=\"text\/css\" data-created_by=\"avia_inline_auto\" id=\"style-css-av-65x0rde-e2d1baae7a0c3f283d550c411a493a53\">\n#top .hr.av-65x0rde-e2d1baae7a0c3f283d550c411a493a53{\nmargin-top:0px;\nmargin-bottom:0px;\n}\n.hr.av-65x0rde-e2d1baae7a0c3f283d550c411a493a53 .hr-inner{\nwidth:0px;\n}\n<\/style>\n<div  class='hr av-65x0rde-e2d1baae7a0c3f283d550c411a493a53 hr-custom  avia-builder-el-5  el_after_av_textblock  el_before_av_image  hr-center hr-icon-no'><span class='hr-inner inner-border-av-border-none'><span class=\"hr-inner-style\"><\/span><\/span><\/div><br \/>\n<div  class='avia-image-container  av-styling-    avia-builder-el-6  el_after_av_hr  el_before_av_hr  avia-align-center'  itemprop=\"image\" itemscope=\"itemscope\" itemtype=\"https:\/\/schema.org\/ImageObject\"  ><div class='avia-image-container-inner'><div class='avia-image-overlay-wrap'><a href='https:\/\/www.pressglass.com\/wp-content\/uploads\/2015\/06\/EN-screen1_d-1030x648.jpg' class='avia_image'  ><img class='avia_image ' src='https:\/\/www.pressglass.com\/wp-content\/uploads\/2015\/06\/EN-screen1_d-300x189.jpg' alt='' title='Delivery Check System'  itemprop=\"thumbnailUrl\"  \/><\/a><\/div><\/div><\/div><br \/>\n\n<style type=\"text\/css\" data-created_by=\"avia_inline_auto\" id=\"style-css-av-iuhbhu-edd63f303df9d617fe4eb1efccf9b841\">\n#top .hr.av-iuhbhu-edd63f303df9d617fe4eb1efccf9b841{\nmargin-top:0px;\nmargin-bottom:0px;\n}\n.hr.av-iuhbhu-edd63f303df9d617fe4eb1efccf9b841 .hr-inner{\nwidth:0px;\n}\n<\/style>\n<div  class='hr av-iuhbhu-edd63f303df9d617fe4eb1efccf9b841 hr-custom  avia-builder-el-7  el_after_av_image  el_before_av_textblock  hr-center hr-icon-no'><span class='hr-inner inner-border-av-border-none'><span class=\"hr-inner-style\"><\/span><\/span><\/div><br \/>\n<section  class='av_textblock_section av-4wtdjjm-a4c371d8174cbacda903389862c13c13 '   itemscope=\"itemscope\" itemtype=\"https:\/\/schema.org\/CreativeWork\" ><div class='avia_textblock'  itemprop=\"text\" ><p>Du kan se produktionsstatus och ladda ner dokument med information om detaljerna f\u00f6r planerade leveranser (\u00e4ven f\u00f6re ankomst). Tack vare detta kan du planera avlastningsmetoden. Glasstativ kan st\u00e4llas in under avlastningen i ordningen, som \u00f6verensst\u00e4mmer med den ordning de anv\u00e4nds i produktionsprocessen.<\/p>\n<p>I produktionsplanen kan du ange numret p\u00e5 stativet, p\u00e5 vilket glas som beh\u00f6vs f\u00f6r att g\u00f6ra en viss produkt \u00e4r placerat. Denna information m\u00f6jligg\u00f6r en v\u00e4sentlig acceleration av planering och genomf\u00f6rande av produktion och undvikande av misstag vilket minskar produktionskostnaderna.<\/p>\n<p>M\u00f6jligheten att ladda ner fakturor kort tid efter att de har utf\u00e4rdats ger dig mer tid att kontrollera och planera dina betalningar. Det underl\u00e4ttar f\u00f6rvaltningen av alla betalningar.<\/p>\n<p>Om du vill kontrollera dina best\u00e4llningar bekv\u00e4mt via Internet, kontakta din f\u00f6rs\u00e4ljare eller fyll i formul\u00e4ret.<\/p>\n<\/div><\/section><br \/>\n<div  class='hr av-4cc06tu-828f13ab203b57b7b6858201160ecc9c hr-default  avia-builder-el-9  el_after_av_textblock  avia-builder-el-last '><span class='hr-inner '><span class=\"hr-inner-style\"><\/span><\/span><\/div><\/p><\/div>\n\n<style type=\"text\/css\" data-created_by=\"avia_inline_auto\" id=\"style-css-av-3u3nxjm-66ec15c031d527f0fa8e27e2a78e4cb1\">\n.flex_column.av-3u3nxjm-66ec15c031d527f0fa8e27e2a78e4cb1{\nborder-radius:0px 0px 0px 0px;\npadding:0px 0px 0px 0px;\n}\n<\/style>\n<div  class='flex_column av-3u3nxjm-66ec15c031d527f0fa8e27e2a78e4cb1 av_one_half  avia-builder-el-10  el_after_av_one_half  avia-builder-el-last  flex_column_div av-zero-column-padding  column-top-margin'     ><p><form action=\"https:\/\/www.pressglass.com\/sv\/leveransrekord-system\/\" method=\"post\" data-fields-with-error=\"Found errors in the following field(s):\" class=\"avia_ajax_form av-form-labels-visible   avia-builder-el-11  el_before_av_codeblock  avia-builder-el-first  av-custom-form-color av-dark-form \" data-avia-form-id=\"1\" data-avia-redirect='' ><h3 class=''>Skriv till oss<\/h3><fieldset><p class='  first_form  form_element form_fullwidth' id='element_avia_1_1'><label for=\"avia_1_1\">Namn och efternamn (*) * <abbr class=\"required\" title=\"required\">*<\/abbr><\/label> <input name=\"avia_1_1\" class=\"text_input is_empty\" type=\"text\" id=\"avia_1_1\" value=\"\" \/><\/p><p class='  first_form  form_element form_fullwidth' id='element_avia_2_1'><label for=\"avia_2_1\">F\u00f6retagsnamn (*)<\/label> <input name=\"avia_2_1\" class=\"text_input \" type=\"text\" id=\"avia_2_1\" value=\"\" \/><\/p><p class='  first_form  form_element form_fullwidth' id='element_avia_3_1'><label for=\"avia_3_1\">Bes\u00f6ksadress (*)<\/label> <input name=\"avia_3_1\" class=\"text_input \" type=\"text\" id=\"avia_3_1\" value=\"\" \/><\/p><p class='  first_form  form_element form_fullwidth' id='element_avia_4_1'><label for=\"avia_4_1\">Din e-postadress (*) <abbr class=\"required\" title=\"required\">*<\/abbr><\/label> <input name=\"avia_4_1\" class=\"text_input is_email\" type=\"text\" id=\"avia_4_1\" value=\"\" \/><\/p><p class='  first_form  form_element form_fullwidth' id='element_avia_5_1'><label for=\"avia_5_1\">Kontaktnummer (*)<\/label> <input name=\"avia_5_1\" class=\"text_input \" type=\"text\" id=\"avia_5_1\" value=\"\" \/><\/p><p class='  first_form  form_element form_fullwidth av-last-visible-form-element' id='element_avia_6_1'><label for=\"avia_6_1\" class=\"textare_label hidden textare_label_avia_6_1\">Meddelande <abbr class=\"required\" title=\"required\">*<\/abbr><\/label><textarea  name=\"avia_6_1\" class=\"text_area is_empty\" cols=\"40\" rows=\"7\" id=\"avia_6_1\" ><\/textarea><\/p><p class=\"hidden\"><input type=\"text\" name=\"avia_7_1\" class=\"hidden \" id=\"avia_7_1\" value=\"\" \/><\/p><p class=\"form_element \"><input type=\"hidden\" value=\"1\" name=\"avia_generated_form1\" \/><input type=\"submit\" value=\"SKICKA\" class=\"button\"  data-sending-label=\"Sending\"\/><\/p><\/fieldset><\/form><div id=\"ajaxresponse_1\" class=\"ajaxresponse ajaxresponse_1 hidden\"><\/div><br \/>\n<\/p><\/div>\n","protected":false},"excerpt":{"rendered":"","protected":false},"author":32,"featured_media":0,"parent":0,"menu_order":11,"comment_status":"closed","ping_status":"closed","template":"","meta":{"footnotes":""},"class_list":["post-87698","page","type-page","status-publish","hentry"],"yoast_head":"<!-- This site is optimized with the Yoast SEO plugin v27.3 - https:\/\/yoast.com\/product\/yoast-seo-wordpress\/ -->\n<title>LEVERANSREKORD SYSTEM - PRESS GLASS SA<\/title>\n<meta name=\"description\" content=\"LEVERANSREKORD SYSTEM (DCS) is a web platform for a fast check of the status of orders to be performed at PRESS GLASS and to download shipping documents and invoices via the www browser. DCS is designed solely for Customers of PRESS GLASS.\" \/>\n<meta name=\"robots\" content=\"index, follow, max-snippet:-1, max-image-preview:large, max-video-preview:-1\" \/>\n<link rel=\"canonical\" href=\"http:\/\/www.pressglass.com\/sv\/leveransrekord-system\/\" \/>\n<meta name=\"twitter:label1\" content=\"Ber\u00e4knad l\u00e4stid\" \/>\n\t<meta name=\"twitter:data1\" content=\"9 minuter\" \/>\n<script type=\"application\/ld+json\" class=\"yoast-schema-graph\">{\"@context\":\"https:\\\/\\\/schema.org\",\"@graph\":[{\"@type\":\"WebPage\",\"@id\":\"http:\\\/\\\/www.pressglass.com\\\/sv\\\/leveransrekord-system\\\/\",\"url\":\"http:\\\/\\\/www.pressglass.com\\\/sv\\\/leveransrekord-system\\\/\",\"name\":\"LEVERANSREKORD SYSTEM - PRESS GLASS SA\",\"isPartOf\":{\"@id\":\"https:\\\/\\\/www.pressglass.com\\\/it\\\/#website\"},\"datePublished\":\"2015-06-15T17:45:01+00:00\",\"dateModified\":\"2022-02-08T13:15:36+00:00\",\"description\":\"LEVERANSREKORD SYSTEM (DCS) is a web platform for a fast check of the status of orders to be performed at PRESS GLASS and to download shipping documents and invoices via the www browser. DCS is designed solely for Customers of PRESS GLASS.\",\"breadcrumb\":{\"@id\":\"http:\\\/\\\/www.pressglass.com\\\/sv\\\/leveransrekord-system\\\/#breadcrumb\"},\"inLanguage\":\"sv-SE\",\"potentialAction\":[{\"@type\":\"ReadAction\",\"target\":[\"http:\\\/\\\/www.pressglass.com\\\/sv\\\/leveransrekord-system\\\/\"]}]},{\"@type\":\"BreadcrumbList\",\"@id\":\"http:\\\/\\\/www.pressglass.com\\\/sv\\\/leveransrekord-system\\\/#breadcrumb\",\"itemListElement\":[{\"@type\":\"ListItem\",\"position\":1,\"name\":\"Strona g\u0142\u00f3wna\",\"item\":\"https:\\\/\\\/www.pressglass.com\\\/sv\\\/\"},{\"@type\":\"ListItem\",\"position\":2,\"name\":\"LEVERANSREKORD SYSTEM\"}]},{\"@type\":\"WebSite\",\"@id\":\"https:\\\/\\\/www.pressglass.com\\\/it\\\/#website\",\"url\":\"https:\\\/\\\/www.pressglass.com\\\/it\\\/\",\"name\":\"PRESS GLASS HOLDING SA\",\"description\":\"\",\"potentialAction\":[{\"@type\":\"SearchAction\",\"target\":{\"@type\":\"EntryPoint\",\"urlTemplate\":\"https:\\\/\\\/www.pressglass.com\\\/it\\\/?s={search_term_string}\"},\"query-input\":{\"@type\":\"PropertyValueSpecification\",\"valueRequired\":true,\"valueName\":\"search_term_string\"}}],\"inLanguage\":\"sv-SE\"}]}<\/script>\n<!-- \/ Yoast SEO plugin. -->","yoast_head_json":{"title":"LEVERANSREKORD SYSTEM - PRESS GLASS SA","description":"LEVERANSREKORD SYSTEM (DCS) is a web platform for a fast check of the status of orders to be performed at PRESS GLASS and to download shipping documents and invoices via the www browser. DCS is designed solely for Customers of PRESS GLASS.","robots":{"index":"index","follow":"follow","max-snippet":"max-snippet:-1","max-image-preview":"max-image-preview:large","max-video-preview":"max-video-preview:-1"},"canonical":"http:\/\/www.pressglass.com\/sv\/leveransrekord-system\/","twitter_misc":{"Ber\u00e4knad l\u00e4stid":"9 minuter"},"schema":{"@context":"https:\/\/schema.org","@graph":[{"@type":"WebPage","@id":"http:\/\/www.pressglass.com\/sv\/leveransrekord-system\/","url":"http:\/\/www.pressglass.com\/sv\/leveransrekord-system\/","name":"LEVERANSREKORD SYSTEM - PRESS GLASS SA","isPartOf":{"@id":"https:\/\/www.pressglass.com\/it\/#website"},"datePublished":"2015-06-15T17:45:01+00:00","dateModified":"2022-02-08T13:15:36+00:00","description":"LEVERANSREKORD SYSTEM (DCS) is a web platform for a fast check of the status of orders to be performed at PRESS GLASS and to download shipping documents and invoices via the www browser. DCS is designed solely for Customers of PRESS GLASS.","breadcrumb":{"@id":"http:\/\/www.pressglass.com\/sv\/leveransrekord-system\/#breadcrumb"},"inLanguage":"sv-SE","potentialAction":[{"@type":"ReadAction","target":["http:\/\/www.pressglass.com\/sv\/leveransrekord-system\/"]}]},{"@type":"BreadcrumbList","@id":"http:\/\/www.pressglass.com\/sv\/leveransrekord-system\/#breadcrumb","itemListElement":[{"@type":"ListItem","position":1,"name":"Strona g\u0142\u00f3wna","item":"https:\/\/www.pressglass.com\/sv\/"},{"@type":"ListItem","position":2,"name":"LEVERANSREKORD SYSTEM"}]},{"@type":"WebSite","@id":"https:\/\/www.pressglass.com\/it\/#website","url":"https:\/\/www.pressglass.com\/it\/","name":"PRESS GLASS HOLDING SA","description":"","potentialAction":[{"@type":"SearchAction","target":{"@type":"EntryPoint","urlTemplate":"https:\/\/www.pressglass.com\/it\/?s={search_term_string}"},"query-input":{"@type":"PropertyValueSpecification","valueRequired":true,"valueName":"search_term_string"}}],"inLanguage":"sv-SE"}]}},"rttpg_featured_image_url":null,"rttpg_author":{"display_name":"Piotr Suszek","author_link":"https:\/\/www.pressglass.com\/sv\/author\/piotr-suszek\/"},"rttpg_comment":0,"rttpg_category":" <a href=\"https:\/\/www.pressglass.com\/sv\/?taxonomy=translation_priority&#038;term=opcjonalne-sv\" rel=\"tag\">Opcjonalne<\/a><a href=\"https:\/\/www.pressglass.com\/sv\/?taxonomy=translation_priority&#038;term=valfritt\" rel=\"tag\">Valfritt<\/a>","rttpg_excerpt":null,"_links":{"self":[{"href":"https:\/\/www.pressglass.com\/sv\/wp-json\/wp\/v2\/pages\/87698","targetHints":{"allow":["GET"]}}],"collection":[{"href":"https:\/\/www.pressglass.com\/sv\/wp-json\/wp\/v2\/pages"}],"about":[{"href":"https:\/\/www.pressglass.com\/sv\/wp-json\/wp\/v2\/types\/page"}],"author":[{"embeddable":true,"href":"https:\/\/www.pressglass.com\/sv\/wp-json\/wp\/v2\/users\/32"}],"replies":[{"embeddable":true,"href":"https:\/\/www.pressglass.com\/sv\/wp-json\/wp\/v2\/comments?post=87698"}],"version-history":[{"count":8,"href":"https:\/\/www.pressglass.com\/sv\/wp-json\/wp\/v2\/pages\/87698\/revisions"}],"predecessor-version":[{"id":133392,"href":"https:\/\/www.pressglass.com\/sv\/wp-json\/wp\/v2\/pages\/87698\/revisions\/133392"}],"wp:attachment":[{"href":"https:\/\/www.pressglass.com\/sv\/wp-json\/wp\/v2\/media?parent=87698"}],"curies":[{"name":"wp","href":"https:\/\/api.w.org\/{rel}","templated":true}]}}