{"id":87693,"date":"2015-06-20T13:38:43","date_gmt":"2015-06-20T11:38:43","guid":{"rendered":"https:\/\/www.pressglass.com\/?page_id=24802"},"modified":"2023-01-13T15:52:22","modified_gmt":"2023-01-13T14:52:22","slug":"allmanna-forsaljningsvillkor","status":"publish","type":"page","link":"https:\/\/www.pressglass.com\/sv\/material-att-ladda-ner\/allmanna-forsaljningsvillkor\/","title":{"rendered":"Allm\u00e4nna f\u00f6rs\u00e4ljningsvillkor"},"content":{"rendered":"\n<style type=\"text\/css\" data-created_by=\"avia_inline_auto\" id=\"style-css-av-7moqoel-202f40d0417e9d4cd7f013383213006a\">\n.avia-section.av-7moqoel-202f40d0417e9d4cd7f013383213006a{\nbackground-repeat:no-repeat;\nbackground-image:url(https:\/\/www.pressglass.com\/wp-content\/uploads\/2015\/06\/slider_malyGTCS.jpg);\nbackground-position:50% 0%;\nbackground-attachment:scroll;\n}\n<\/style>\n<div id='av_section_1'  class='avia-section av-7moqoel-202f40d0417e9d4cd7f013383213006a main_color avia-section-no-padding avia-no-border-styling  avia-builder-el-0  el_before_av_one_full  avia-builder-el-first  avia-full-stretch avia-bg-style-scroll av-minimum-height av-minimum-height-custom av-height-custom  container_wrap sidebar_right'  data-section-bg-repeat='stretch' data-av_minimum_height_px='285'><div class='container av-section-cont-open' style='height:285px'><main  role=\"main\" itemprop=\"mainContentOfPage\"  class='template-page content  av-content-small alpha units'><div class='post-entry post-entry-type-page post-entry-87693'><div class='entry-content-wrapper clearfix'><\/div><\/div><\/main><!-- close content main element --><\/div><\/div><div id='after_section_1'  class='main_color av_default_container_wrap container_wrap sidebar_right'  ><div class='container av-section-cont-open' ><div class='template-page content  av-content-small alpha units'><div class='post-entry post-entry-type-page post-entry-87693'><div class='entry-content-wrapper clearfix'>\n<div  class='flex_column av-7aba5l9-521a5b07c6fb11c852c5113c42cd5dcc av_one_full  avia-builder-el-1  el_after_av_section  el_before_av_one_full  avia-builder-el-first  first flex_column_div  '     ><style type=\"text\/css\" data-created_by=\"avia_inline_auto\" id=\"style-css-av-6moul3h-4d65eb536be83be7ccda080fc7192ab6\">\n#top .av-special-heading.av-6moul3h-4d65eb536be83be7ccda080fc7192ab6{\npadding-bottom:10px;\n}\nbody .av-special-heading.av-6moul3h-4d65eb536be83be7ccda080fc7192ab6 .av-special-heading-tag .heading-char{\nfont-size:25px;\n}\n.av-special-heading.av-6moul3h-4d65eb536be83be7ccda080fc7192ab6 .av-subheading{\nfont-size:15px;\n}\n<\/style>\n<div  class='av-special-heading av-6moul3h-4d65eb536be83be7ccda080fc7192ab6 av-special-heading-h1  avia-builder-el-2  avia-builder-el-no-sibling '><h1 class='av-special-heading-tag '  itemprop=\"headline\"  >Allm\u00e4nna f\u00f6rs\u00e4ljningsvillkor<\/h1><div class=\"special-heading-border\"><div class=\"special-heading-inner-border\"><\/div><\/div><\/div><\/div>\n<div  class='flex_column av-43ibafh-14a90bcf7ad26109ad9d215f4f591d68 av_one_full  avia-builder-el-3  el_after_av_one_full  el_before_av_one_half  first flex_column_div  column-top-margin'     ><p>\n<style type=\"text\/css\" data-created_by=\"avia_inline_auto\" id=\"style-css-av-bw8txp-b9c306576a67691109afa7cd38f6396a\">\n#top .hr.av-bw8txp-b9c306576a67691109afa7cd38f6396a{\nmargin-top:0px;\nmargin-bottom:0px;\n}\n.hr.av-bw8txp-b9c306576a67691109afa7cd38f6396a .hr-inner{\nwidth:50px;\n}\n<\/style>\n<div  class='hr av-bw8txp-b9c306576a67691109afa7cd38f6396a hr-custom  avia-builder-el-4  el_before_av_promobox  avia-builder-el-first  hr-center hr-icon-no'><span class='hr-inner inner-border-av-border-none'><span class=\"hr-inner-style\"><\/span><\/span><\/div><br \/>\n\t<div  style='background:#f9f9f9;color:#002576;border-color:#ffffff;' class='av_promobox  avia-button-no  avia-builder-el-5  el_after_av_hr  el_before_av_hr '>\t\t<div class='avia-promocontent'><p>\n\n<style type=\"text\/css\" data-created_by=\"avia_inline_auto\" id=\"style-css-av-36xuctp-023a8efb125ab5c156b0a5aeebaee3a0\">\n#top .hr.hr-invisible.av-36xuctp-023a8efb125ab5c156b0a5aeebaee3a0{\nmargin-top:-45px;\nheight:1px;\n}\n<\/style>\n<div  class='hr av-36xuctp-023a8efb125ab5c156b0a5aeebaee3a0 hr-invisible  avia-builder-el-6  avia-builder-el-no-sibling '><span class='hr-inner '><span class=\"hr-inner-style\"><\/span><\/span><\/div><\/p>\n<h2><a href=\"https:\/\/www.pressglass.com\/wp-content\/uploads\/2021\/08\/Letter-for-the-Customers-OWS-changes-25.08.2021.pdf\" target=\"_blank\" rel=\"noopener\">Brev till kunderna &#8211; GTCS -\u00e4ndringar<\/a><\/h2>\n<p>\n<\/div><div class='avia-button-wrap avia-button-right'><a class='avia-button avia-icon_select-no avia-size-large avia-position-right mte-avia-large-size' href='https:\/\/www.pressglass.com\/wp-content\/uploads\/2021\/08\/Letter-for-the-Customers-OWS-changes-25.08.2021.pdf' target='_blank' rel=\"noopener\"><img width='64' src='https:\/\/www.pressglass.com\/wp-content\/themes\/pressglass\/images\/pdfEN.png'><\/a><\/div><\/div><br \/>\n\n<style type=\"text\/css\" data-created_by=\"avia_inline_auto\" id=\"style-css-av-2inpqgd-9fffdc17ed7a96c251d280d823cb29ec\">\n#top .hr.av-2inpqgd-9fffdc17ed7a96c251d280d823cb29ec{\nmargin-top:0px;\nmargin-bottom:0px;\n}\n.hr.av-2inpqgd-9fffdc17ed7a96c251d280d823cb29ec .hr-inner{\nwidth:50px;\n}\n<\/style>\n<div  class='hr av-2inpqgd-9fffdc17ed7a96c251d280d823cb29ec hr-custom  avia-builder-el-7  el_after_av_promobox  el_before_av_promobox  hr-center hr-icon-no'><span class='hr-inner inner-border-av-border-none'><span class=\"hr-inner-style\"><\/span><\/span><\/div><br \/>\n\t<div  style='background:#f9f9f9;color:#002576;border-color:#ffffff;' class='av_promobox  avia-button-no  avia-builder-el-8  el_after_av_hr  el_before_av_hr '>\t\t<div class='avia-promocontent'><p>\n\n<style type=\"text\/css\" data-created_by=\"avia_inline_auto\" id=\"style-css-av-24hu3zh-274b0af3cd8682e1cb40261dee7d45ab\">\n#top .hr.hr-invisible.av-24hu3zh-274b0af3cd8682e1cb40261dee7d45ab{\nmargin-top:-45px;\nheight:1px;\n}\n<\/style>\n<div  class='hr av-24hu3zh-274b0af3cd8682e1cb40261dee7d45ab hr-invisible  avia-builder-el-9  avia-builder-el-no-sibling '><span class='hr-inner '><span class=\"hr-inner-style\"><\/span><\/span><\/div><\/p>\n<h2><a href=\"https:\/\/www.pressglass.com\/wp-content\/uploads\/2021\/12\/2021_12_01_OWS_PRESS_GLASS_SA_ver_PL_EN.pdf\" target=\"_blank\" rel=\"noopener\">Allm\u00e4nna f\u00f6rs\u00e4ljningsvillkor &#8211; PRESS GLASS Sp zoo<\/a><br \/>\n<a href=\"https:\/\/www.pressglass.com\/wp-content\/uploads\/2021\/12\/2021_12_01_OWS_PRESS_GLASS_SA_ver_PL_EN.pdf\" target=\"_blank\" rel=\"noopener\"><img loading=\"lazy\" decoding=\"async\" class=\" wp-image-38546 alignright\" style=\"display: block;\" src=\"https:\/\/www.pressglass.com\/wp-content\/uploads\/2016\/08\/v1A-podwojna-EN-PL1.png\" alt=\"OWS\" width=\"105\" height=\"40\" \/><\/a><\/h2>\n<p>\n<\/div><\/div><br \/>\n\n<style type=\"text\/css\" data-created_by=\"avia_inline_auto\" id=\"style-css-av-1nfcmj1-b16a85002eec5ba6abd159363b69a6de\">\n#top .hr.av-1nfcmj1-b16a85002eec5ba6abd159363b69a6de{\nmargin-top:0px;\nmargin-bottom:0px;\n}\n.hr.av-1nfcmj1-b16a85002eec5ba6abd159363b69a6de .hr-inner{\nwidth:50px;\n}\n<\/style>\n<div  class='hr av-1nfcmj1-b16a85002eec5ba6abd159363b69a6de hr-custom  avia-builder-el-10  el_after_av_promobox  el_before_av_promobox  hr-center hr-icon-no'><span class='hr-inner inner-border-av-border-none'><span class=\"hr-inner-style\"><\/span><\/span><\/div><br \/>\n\t<div  style='background:#f9f9f9;color:#002576;border-color:#ffffff;' class='av_promobox  avia-button-no  avia-builder-el-11  el_after_av_hr  el_before_av_hr '>\t\t<div class='avia-promocontent'><p>\n\n<style type=\"text\/css\" data-created_by=\"avia_inline_auto\" id=\"style-css-av-48aqf7x-eede02ccfd74ad161d1eb37262a68b33\">\n#top .hr.hr-invisible.av-48aqf7x-eede02ccfd74ad161d1eb37262a68b33{\nmargin-top:-45px;\nheight:1px;\n}\n<\/style>\n<div  class='hr av-48aqf7x-eede02ccfd74ad161d1eb37262a68b33 hr-invisible  avia-builder-el-12  avia-builder-el-no-sibling '><span class='hr-inner '><span class=\"hr-inner-style\"><\/span><\/span><\/div><\/p>\n<h2><a href=\"https:\/\/www.pressglass.com\/wp-content\/uploads\/2021\/09\/2021_09_01_OWS_PRESS_GLASS_doo_ver_EN_HR.pdf\" target=\"_blank\" rel=\"noopener\">Allm\u00e4nna f\u00f6rs\u00e4ljningsvillkor &#8211; PRESS GLASS d.o.o.<\/a><br \/>\n<a href=\"https:\/\/www.pressglass.com\/wp-content\/uploads\/2021\/09\/2021_09_01_OWS_PRESS_GLASS_doo_ver_EN_HR.pdf\" target=\"_blank\" rel=\"noopener\"><img loading=\"lazy\" decoding=\"async\" class=\" wp-image-38546 alignright\" style=\"display: block;\" src=\"https:\/\/www.pressglass.com\/wp-content\/uploads\/2018\/03\/v1A-podwojna-EN-HR.png\" alt=\"OWS\" width=\"105\" height=\"40\" \/><\/a><\/h2>\n<p>\n<\/div><\/div><br \/>\n\n<style type=\"text\/css\" data-created_by=\"avia_inline_auto\" id=\"style-css-av-1nfcmj1-b16a85002eec5ba6abd159363b69a6de\">\n#top .hr.av-1nfcmj1-b16a85002eec5ba6abd159363b69a6de{\nmargin-top:0px;\nmargin-bottom:0px;\n}\n.hr.av-1nfcmj1-b16a85002eec5ba6abd159363b69a6de .hr-inner{\nwidth:50px;\n}\n<\/style>\n<div  class='hr av-1nfcmj1-b16a85002eec5ba6abd159363b69a6de hr-custom  avia-builder-el-13  el_after_av_promobox  el_before_av_promobox  hr-center hr-icon-no'><span class='hr-inner inner-border-av-border-none'><span class=\"hr-inner-style\"><\/span><\/span><\/div><br \/>\n\t<div  style='background:#f9f9f9;color:#002576;border-color:#ffffff;' class='av_promobox  avia-button-no  avia-builder-el-14  el_after_av_hr  el_before_av_hr '>\t\t<div class='avia-promocontent'><p>\n\n<style type=\"text\/css\" data-created_by=\"avia_inline_auto\" id=\"style-css-av-zhfe25-44cefbf5b3f834089f22fd2e787aca02\">\n#top .hr.hr-invisible.av-zhfe25-44cefbf5b3f834089f22fd2e787aca02{\nmargin-top:-45px;\nheight:1px;\n}\n<\/style>\n<div  class='hr av-zhfe25-44cefbf5b3f834089f22fd2e787aca02 hr-invisible  avia-builder-el-15  avia-builder-el-no-sibling '><span class='hr-inner '><span class=\"hr-inner-style\"><\/span><\/span><\/div><\/p>\n<h2><a href=\"https:\/\/www.pressglass.com\/wp-content\/uploads\/2021\/12\/2021_12_01_Prawo-odstapienia-od-umowy-PRESS_GLASS_PL_EN.pdf\" target=\"_blank\" rel=\"noopener\">\u00c5ngerr\u00e4tt fr\u00e5n kontraktet &#8211; Press Glass Sp zoo<\/a><br \/>\n<a href=\"https:\/\/www.pressglass.com\/wp-content\/uploads\/2021\/12\/2021_12_01_Prawo-odstapienia-od-umowy-PRESS_GLASS_PL_EN.pdf\" target=\"_blank\" rel=\"noopener\"><img loading=\"lazy\" decoding=\"async\" class=\" wp-image-38546 alignright\" style=\"display: block;\" src=\"https:\/\/www.pressglass.com\/wp-content\/uploads\/2016\/08\/v1A-podwojna-EN-PL1.png\" alt=\"OWS\" width=\"105\" height=\"40\" \/><\/a><\/h2>\n<p>\n<\/div><\/div><br \/>\n\n<style type=\"text\/css\" data-created_by=\"avia_inline_auto\" id=\"style-css-av-1nfcmj1-b16a85002eec5ba6abd159363b69a6de\">\n#top .hr.av-1nfcmj1-b16a85002eec5ba6abd159363b69a6de{\nmargin-top:0px;\nmargin-bottom:0px;\n}\n.hr.av-1nfcmj1-b16a85002eec5ba6abd159363b69a6de .hr-inner{\nwidth:50px;\n}\n<\/style>\n<div  class='hr av-1nfcmj1-b16a85002eec5ba6abd159363b69a6de hr-custom  avia-builder-el-16  el_after_av_promobox  el_before_av_promobox  hr-center hr-icon-no'><span class='hr-inner inner-border-av-border-none'><span class=\"hr-inner-style\"><\/span><\/span><\/div><br \/>\n\t<div  style='background:#f9f9f9;color:#002576;border-color:#ffffff;' class='av_promobox  avia-button-no  avia-builder-el-17  el_after_av_hr  el_before_av_hr '>\t\t<div class='avia-promocontent'><p>\n\n<style type=\"text\/css\" data-created_by=\"avia_inline_auto\" id=\"style-css-av-zhfe25-44cefbf5b3f834089f22fd2e787aca02\">\n#top .hr.hr-invisible.av-zhfe25-44cefbf5b3f834089f22fd2e787aca02{\nmargin-top:-45px;\nheight:1px;\n}\n<\/style>\n<div  class='hr av-zhfe25-44cefbf5b3f834089f22fd2e787aca02 hr-invisible  avia-builder-el-18  avia-builder-el-no-sibling '><span class='hr-inner '><span class=\"hr-inner-style\"><\/span><\/span><\/div><\/p>\n<h2><a href=\"https:\/\/www.pressglass.com\/wp-content\/uploads\/2023\/01\/2023_01_01_OWS_PRESS_GLASS_SA_ver_PL_EN_LITHUANIA.pdf\" target=\"_blank\" rel=\"noopener\">\u00c5ngerr\u00e4tt fr\u00e5n kontraktet &#8211; Press Glass UAB<\/a><br \/>\n<a href=\"https:\/\/www.pressglass.com\/wp-content\/uploads\/2023\/01\/2023_01_01_OWS_PRESS_GLASS_SA_ver_PL_EN_LITHUANIA.pdf\" target=\"_blank\" rel=\"noopener\"><img loading=\"lazy\" decoding=\"async\" class=\" wp-image-38546 alignright\" style=\"display: block;\" src=\"https:\/\/www.pressglass.com\/wp-content\/uploads\/2016\/08\/v1A-podwojna-EN-PL1.png\" alt=\"OWS\" width=\"105\" height=\"40\" \/><\/a><\/h2>\n<p>\n<\/div><\/div><br \/>\n\n<style type=\"text\/css\" data-created_by=\"avia_inline_auto\" id=\"style-css-av-1nfcmj1-b16a85002eec5ba6abd159363b69a6de\">\n#top .hr.av-1nfcmj1-b16a85002eec5ba6abd159363b69a6de{\nmargin-top:0px;\nmargin-bottom:0px;\n}\n.hr.av-1nfcmj1-b16a85002eec5ba6abd159363b69a6de .hr-inner{\nwidth:50px;\n}\n<\/style>\n<div  class='hr av-1nfcmj1-b16a85002eec5ba6abd159363b69a6de hr-custom  avia-builder-el-19  el_after_av_promobox  avia-builder-el-last  hr-center hr-icon-no'><span class='hr-inner inner-border-av-border-none'><span class=\"hr-inner-style\"><\/span><\/span><\/div><\/p><\/div>\n<style type=\"text\/css\" data-created_by=\"avia_inline_auto\" id=\"style-css-av-67bqw3x-ad77c1cf6887e34fb46272eaa9208193\">\n.flex_column.av-67bqw3x-ad77c1cf6887e34fb46272eaa9208193{\nborder-radius:0px 0px 0px 0px;\npadding:0px 0px 0px 0px;\n}\n<\/style>\n<div  class='flex_column av-67bqw3x-ad77c1cf6887e34fb46272eaa9208193 av_one_half  avia-builder-el-20  el_after_av_one_full  el_before_av_one_half  first flex_column_div av-zero-column-padding  column-top-margin'     ><p>\t<div  style='background:#f9f9f9;color:#002576;border-color:#ffffff;' class='av_promobox  avia-button-no  avia-builder-el-21  el_before_av_hr  avia-builder-el-first '>\t\t<div class='avia-promocontent'><p>\n\n<style type=\"text\/css\" data-created_by=\"avia_inline_auto\" id=\"style-css-av-5kpih71-20d82d2be37f9f0e3707dcc61f45829b\">\n#top .hr.hr-invisible.av-5kpih71-20d82d2be37f9f0e3707dcc61f45829b{\nmargin-top:-45px;\nheight:1px;\n}\n<\/style>\n<div  class='hr av-5kpih71-20d82d2be37f9f0e3707dcc61f45829b hr-invisible  avia-builder-el-22  avia-builder-el-no-sibling '><span class='hr-inner '><span class=\"hr-inner-style\"><\/span><\/span><\/div><\/p>\n<h2><a href=\"https:\/\/www.pressglass.com\/wp-content\/uploads\/2018\/05\/2018_06_01_OWS_PRESS_GLASS_SA_ver_PL_EN.pdf\" target=\"_blank\" rel=\"noopener\">Allm\u00e4nna f\u00f6rs\u00e4ljningsvillkor &#8211; PRESS GLASS SA<br \/>\n&#8211; giltigt till 31 augusti 2021<\/a><br \/>\n<a href=\"https:\/\/www.pressglass.com\/wp-content\/uploads\/2018\/05\/2018_06_01_OWS_PRESS_GLASS_SA_ver_PL_EN.pdf\" target=\"_blank\" rel=\"noopener\"><img loading=\"lazy\" decoding=\"async\" class=\" wp-image-38546 alignright\" style=\"display: block;\" src=\"https:\/\/www.pressglass.com\/wp-content\/uploads\/2016\/08\/v1A-podwojna-EN-PL1.png\" alt=\"OWS\" width=\"105\" height=\"40\" \/><\/a><\/h2>\n<p>\n<\/div><\/div><br \/>\n\n<style type=\"text\/css\" data-created_by=\"avia_inline_auto\" id=\"style-css-av-564kl4d-75a3d427b333fc8e20309d9f5e79d542\">\n#top .hr.av-564kl4d-75a3d427b333fc8e20309d9f5e79d542{\nmargin-top:0px;\nmargin-bottom:0px;\n}\n.hr.av-564kl4d-75a3d427b333fc8e20309d9f5e79d542 .hr-inner{\nwidth:50px;\n}\n<\/style>\n<div  class='hr av-564kl4d-75a3d427b333fc8e20309d9f5e79d542 hr-custom  avia-builder-el-23  el_after_av_promobox  avia-builder-el-last  hr-center hr-icon-no'><span class='hr-inner inner-border-av-border-none'><span class=\"hr-inner-style\"><\/span><\/span><\/div><\/p><\/div><\/p>\n\n<style type=\"text\/css\" data-created_by=\"avia_inline_auto\" id=\"style-css-av-67bqw3x-09e4b139ef4772ee5c6aac18ed38cf3b\">\n.flex_column.av-67bqw3x-09e4b139ef4772ee5c6aac18ed38cf3b{\nborder-radius:0px 0px 0px 0px;\npadding:0px 0px 0px 0px;\n}\n<\/style>\n<div  class='flex_column av-67bqw3x-09e4b139ef4772ee5c6aac18ed38cf3b av_one_half  avia-builder-el-24  el_after_av_one_half  el_before_av_hr  flex_column_div av-zero-column-padding  column-top-margin'     ><p>\t<div  style='background:#f9f9f9;color:#002576;border-color:#ffffff;' class='av_promobox  avia-button-no  avia-builder-el-25  el_before_av_hr  avia-builder-el-first '>\t\t<div class='avia-promocontent'><p>\n\n<style type=\"text\/css\" data-created_by=\"avia_inline_auto\" id=\"style-css-av-48aqf7x-eede02ccfd74ad161d1eb37262a68b33\">\n#top .hr.hr-invisible.av-48aqf7x-eede02ccfd74ad161d1eb37262a68b33{\nmargin-top:-45px;\nheight:1px;\n}\n<\/style>\n<div  class='hr av-48aqf7x-eede02ccfd74ad161d1eb37262a68b33 hr-invisible  avia-builder-el-26  avia-builder-el-no-sibling '><span class='hr-inner '><span class=\"hr-inner-style\"><\/span><\/span><\/div><\/p>\n<h2><a href=\"https:\/\/www.pressglass.com\/wp-content\/uploads\/2018\/05\/2018_06_01_OWS_PRESS_GLASS_doo_ver_EN_HR.pdf\" target=\"_blank\" rel=\"noopener\">Allm\u00e4nna f\u00f6rs\u00e4ljningsvillkor &#8211; PRESS GLASS d.o.o. &#8211; giltigt till 31 augusti 2021<\/a><br \/>\n<a href=\"https:\/\/www.pressglass.com\/wp-content\/uploads\/2018\/05\/2018_06_01_OWS_PRESS_GLASS_doo_ver_EN_HR.pdf\" target=\"_blank\" rel=\"noopener\"><img loading=\"lazy\" decoding=\"async\" class=\" wp-image-38546 alignright\" style=\"display: block;\" src=\"https:\/\/www.pressglass.com\/wp-content\/uploads\/2018\/03\/v1A-podwojna-EN-HR.png\" alt=\"OWS\" width=\"105\" height=\"40\" \/><\/a><\/h2>\n<p>\n<\/div><\/div><br \/>\n\n<style type=\"text\/css\" data-created_by=\"avia_inline_auto\" id=\"style-css-av-564kl4d-75a3d427b333fc8e20309d9f5e79d542\">\n#top .hr.av-564kl4d-75a3d427b333fc8e20309d9f5e79d542{\nmargin-top:0px;\nmargin-bottom:0px;\n}\n.hr.av-564kl4d-75a3d427b333fc8e20309d9f5e79d542 .hr-inner{\nwidth:50px;\n}\n<\/style>\n<div  class='hr av-564kl4d-75a3d427b333fc8e20309d9f5e79d542 hr-custom  avia-builder-el-27  el_after_av_promobox  avia-builder-el-last  hr-center hr-icon-no'><span class='hr-inner inner-border-av-border-none'><span class=\"hr-inner-style\"><\/span><\/span><\/div><\/p><\/div>\n\n<style type=\"text\/css\" data-created_by=\"avia_inline_auto\" id=\"style-css-av-rn1hu5-ba6a16b848da859deccb488f0c20ac5d\">\n#top .hr.av-rn1hu5-ba6a16b848da859deccb488f0c20ac5d{\nmargin-top:30px;\nmargin-bottom:0px;\n}\n.hr.av-rn1hu5-ba6a16b848da859deccb488f0c20ac5d .hr-inner{\nwidth:50px;\n}\n<\/style>\n<div  class='hr av-rn1hu5-ba6a16b848da859deccb488f0c20ac5d hr-custom  avia-builder-el-28  el_after_av_one_half  avia-builder-el-last  hr-center hr-icon-no'><span class='hr-inner inner-border-av-border-none'><span class=\"hr-inner-style\"><\/span><\/span><\/div>\n","protected":false},"excerpt":{"rendered":"","protected":false},"author":32,"featured_media":0,"parent":87695,"menu_order":0,"comment_status":"closed","ping_status":"closed","template":"","meta":{"footnotes":""},"class_list":["post-87693","page","type-page","status-publish","hentry"],"yoast_head":"<!-- This site is optimized with the Yoast SEO plugin v27.3 - https:\/\/yoast.com\/product\/yoast-seo-wordpress\/ -->\n<title>Allm\u00e4nna f\u00f6rs\u00e4ljningsvillkor (GTCS)<\/title>\n<meta name=\"description\" content=\"Allm\u00e4nna f\u00f6rs\u00e4ljningsvillkor\" \/>\n<meta name=\"robots\" content=\"index, follow, max-snippet:-1, max-image-preview:large, max-video-preview:-1\" \/>\n<link rel=\"canonical\" href=\"http:\/\/www.pressglass.com\/sv\/material-att-ladda-ner\/allmanna-forsaljningsvillkor\/\" \/>\n<meta name=\"twitter:label1\" content=\"Ber\u00e4knad l\u00e4stid\" \/>\n\t<meta name=\"twitter:data1\" content=\"4 minuter\" \/>\n<script type=\"application\/ld+json\" class=\"yoast-schema-graph\">{\"@context\":\"https:\\\/\\\/schema.org\",\"@graph\":[{\"@type\":\"WebPage\",\"@id\":\"http:\\\/\\\/www.pressglass.com\\\/sv\\\/material-att-ladda-ner\\\/allmanna-forsaljningsvillkor\\\/\",\"url\":\"http:\\\/\\\/www.pressglass.com\\\/sv\\\/material-att-ladda-ner\\\/allmanna-forsaljningsvillkor\\\/\",\"name\":\"Allm\u00e4nna f\u00f6rs\u00e4ljningsvillkor (GTCS)\",\"isPartOf\":{\"@id\":\"https:\\\/\\\/www.pressglass.com\\\/it\\\/#website\"},\"primaryImageOfPage\":{\"@id\":\"http:\\\/\\\/www.pressglass.com\\\/sv\\\/material-att-ladda-ner\\\/allmanna-forsaljningsvillkor\\\/#primaryimage\"},\"image\":{\"@id\":\"http:\\\/\\\/www.pressglass.com\\\/sv\\\/material-att-ladda-ner\\\/allmanna-forsaljningsvillkor\\\/#primaryimage\"},\"thumbnailUrl\":\"https:\\\/\\\/www.pressglass.com\\\/wp-content\\\/uploads\\\/2016\\\/08\\\/v1A-podwojna-EN-PL1.png\",\"datePublished\":\"2015-06-20T11:38:43+00:00\",\"dateModified\":\"2023-01-13T14:52:22+00:00\",\"description\":\"Allm\u00e4nna f\u00f6rs\u00e4ljningsvillkor\",\"breadcrumb\":{\"@id\":\"http:\\\/\\\/www.pressglass.com\\\/sv\\\/material-att-ladda-ner\\\/allmanna-forsaljningsvillkor\\\/#breadcrumb\"},\"inLanguage\":\"sv-SE\",\"potentialAction\":[{\"@type\":\"ReadAction\",\"target\":[\"http:\\\/\\\/www.pressglass.com\\\/sv\\\/material-att-ladda-ner\\\/allmanna-forsaljningsvillkor\\\/\"]}]},{\"@type\":\"ImageObject\",\"inLanguage\":\"sv-SE\",\"@id\":\"http:\\\/\\\/www.pressglass.com\\\/sv\\\/material-att-ladda-ner\\\/allmanna-forsaljningsvillkor\\\/#primaryimage\",\"url\":\"https:\\\/\\\/www.pressglass.com\\\/wp-content\\\/uploads\\\/2016\\\/08\\\/v1A-podwojna-EN-PL1.png\",\"contentUrl\":\"https:\\\/\\\/www.pressglass.com\\\/wp-content\\\/uploads\\\/2016\\\/08\\\/v1A-podwojna-EN-PL1.png\"},{\"@type\":\"BreadcrumbList\",\"@id\":\"http:\\\/\\\/www.pressglass.com\\\/sv\\\/material-att-ladda-ner\\\/allmanna-forsaljningsvillkor\\\/#breadcrumb\",\"itemListElement\":[{\"@type\":\"ListItem\",\"position\":1,\"name\":\"Strona g\u0142\u00f3wna\",\"item\":\"https:\\\/\\\/www.pressglass.com\\\/sv\\\/\"},{\"@type\":\"ListItem\",\"position\":2,\"name\":\"Material att ladda ner\",\"item\":\"https:\\\/\\\/www.pressglass.com\\\/sv\\\/material-att-ladda-ner\\\/\"},{\"@type\":\"ListItem\",\"position\":3,\"name\":\"Allm\u00e4nna f\u00f6rs\u00e4ljningsvillkor\"}]},{\"@type\":\"WebSite\",\"@id\":\"https:\\\/\\\/www.pressglass.com\\\/it\\\/#website\",\"url\":\"https:\\\/\\\/www.pressglass.com\\\/it\\\/\",\"name\":\"PRESS GLASS HOLDING SA\",\"description\":\"\",\"potentialAction\":[{\"@type\":\"SearchAction\",\"target\":{\"@type\":\"EntryPoint\",\"urlTemplate\":\"https:\\\/\\\/www.pressglass.com\\\/it\\\/?s={search_term_string}\"},\"query-input\":{\"@type\":\"PropertyValueSpecification\",\"valueRequired\":true,\"valueName\":\"search_term_string\"}}],\"inLanguage\":\"sv-SE\"}]}<\/script>\n<!-- \/ Yoast SEO plugin. -->","yoast_head_json":{"title":"Allm\u00e4nna f\u00f6rs\u00e4ljningsvillkor (GTCS)","description":"Allm\u00e4nna f\u00f6rs\u00e4ljningsvillkor","robots":{"index":"index","follow":"follow","max-snippet":"max-snippet:-1","max-image-preview":"max-image-preview:large","max-video-preview":"max-video-preview:-1"},"canonical":"http:\/\/www.pressglass.com\/sv\/material-att-ladda-ner\/allmanna-forsaljningsvillkor\/","twitter_misc":{"Ber\u00e4knad l\u00e4stid":"4 minuter"},"schema":{"@context":"https:\/\/schema.org","@graph":[{"@type":"WebPage","@id":"http:\/\/www.pressglass.com\/sv\/material-att-ladda-ner\/allmanna-forsaljningsvillkor\/","url":"http:\/\/www.pressglass.com\/sv\/material-att-ladda-ner\/allmanna-forsaljningsvillkor\/","name":"Allm\u00e4nna f\u00f6rs\u00e4ljningsvillkor (GTCS)","isPartOf":{"@id":"https:\/\/www.pressglass.com\/it\/#website"},"primaryImageOfPage":{"@id":"http:\/\/www.pressglass.com\/sv\/material-att-ladda-ner\/allmanna-forsaljningsvillkor\/#primaryimage"},"image":{"@id":"http:\/\/www.pressglass.com\/sv\/material-att-ladda-ner\/allmanna-forsaljningsvillkor\/#primaryimage"},"thumbnailUrl":"https:\/\/www.pressglass.com\/wp-content\/uploads\/2016\/08\/v1A-podwojna-EN-PL1.png","datePublished":"2015-06-20T11:38:43+00:00","dateModified":"2023-01-13T14:52:22+00:00","description":"Allm\u00e4nna f\u00f6rs\u00e4ljningsvillkor","breadcrumb":{"@id":"http:\/\/www.pressglass.com\/sv\/material-att-ladda-ner\/allmanna-forsaljningsvillkor\/#breadcrumb"},"inLanguage":"sv-SE","potentialAction":[{"@type":"ReadAction","target":["http:\/\/www.pressglass.com\/sv\/material-att-ladda-ner\/allmanna-forsaljningsvillkor\/"]}]},{"@type":"ImageObject","inLanguage":"sv-SE","@id":"http:\/\/www.pressglass.com\/sv\/material-att-ladda-ner\/allmanna-forsaljningsvillkor\/#primaryimage","url":"https:\/\/www.pressglass.com\/wp-content\/uploads\/2016\/08\/v1A-podwojna-EN-PL1.png","contentUrl":"https:\/\/www.pressglass.com\/wp-content\/uploads\/2016\/08\/v1A-podwojna-EN-PL1.png"},{"@type":"BreadcrumbList","@id":"http:\/\/www.pressglass.com\/sv\/material-att-ladda-ner\/allmanna-forsaljningsvillkor\/#breadcrumb","itemListElement":[{"@type":"ListItem","position":1,"name":"Strona g\u0142\u00f3wna","item":"https:\/\/www.pressglass.com\/sv\/"},{"@type":"ListItem","position":2,"name":"Material att ladda ner","item":"https:\/\/www.pressglass.com\/sv\/material-att-ladda-ner\/"},{"@type":"ListItem","position":3,"name":"Allm\u00e4nna f\u00f6rs\u00e4ljningsvillkor"}]},{"@type":"WebSite","@id":"https:\/\/www.pressglass.com\/it\/#website","url":"https:\/\/www.pressglass.com\/it\/","name":"PRESS GLASS HOLDING SA","description":"","potentialAction":[{"@type":"SearchAction","target":{"@type":"EntryPoint","urlTemplate":"https:\/\/www.pressglass.com\/it\/?s={search_term_string}"},"query-input":{"@type":"PropertyValueSpecification","valueRequired":true,"valueName":"search_term_string"}}],"inLanguage":"sv-SE"}]}},"rttpg_featured_image_url":null,"rttpg_author":{"display_name":"Piotr Suszek","author_link":"https:\/\/www.pressglass.com\/sv\/author\/piotr-suszek\/"},"rttpg_comment":0,"rttpg_category":" <a href=\"https:\/\/www.pressglass.com\/sv\/?taxonomy=translation_priority&#038;term=valfritt\" rel=\"tag\">Valfritt<\/a>","rttpg_excerpt":null,"_links":{"self":[{"href":"https:\/\/www.pressglass.com\/sv\/wp-json\/wp\/v2\/pages\/87693","targetHints":{"allow":["GET"]}}],"collection":[{"href":"https:\/\/www.pressglass.com\/sv\/wp-json\/wp\/v2\/pages"}],"about":[{"href":"https:\/\/www.pressglass.com\/sv\/wp-json\/wp\/v2\/types\/page"}],"author":[{"embeddable":true,"href":"https:\/\/www.pressglass.com\/sv\/wp-json\/wp\/v2\/users\/32"}],"replies":[{"embeddable":true,"href":"https:\/\/www.pressglass.com\/sv\/wp-json\/wp\/v2\/comments?post=87693"}],"version-history":[{"count":9,"href":"https:\/\/www.pressglass.com\/sv\/wp-json\/wp\/v2\/pages\/87693\/revisions"}],"predecessor-version":[{"id":140466,"href":"https:\/\/www.pressglass.com\/sv\/wp-json\/wp\/v2\/pages\/87693\/revisions\/140466"}],"up":[{"embeddable":true,"href":"https:\/\/www.pressglass.com\/sv\/wp-json\/wp\/v2\/pages\/87695"}],"wp:attachment":[{"href":"https:\/\/www.pressglass.com\/sv\/wp-json\/wp\/v2\/media?parent=87693"}],"curies":[{"name":"wp","href":"https:\/\/api.w.org\/{rel}","templated":true}]}}