{"id":87690,"date":"2015-06-20T14:05:55","date_gmt":"2015-06-20T12:05:55","guid":{"rendered":"https:\/\/www.pressglass.com\/?page_id=24852"},"modified":"2019-02-19T15:36:31","modified_gmt":"2019-02-19T14:36:31","slug":"artiklar","status":"publish","type":"page","link":"https:\/\/www.pressglass.com\/sv\/material-att-ladda-ner\/artiklar\/","title":{"rendered":"Artiklar"},"content":{"rendered":"\n<style type=\"text\/css\" data-created_by=\"avia_inline_auto\" id=\"style-css-av-av_section-c9dfa95ba3e2e0c4391e94590c136a11\">\n.avia-section.av-av_section-c9dfa95ba3e2e0c4391e94590c136a11{\nbackground-repeat:no-repeat;\nbackground-image:url(https:\/\/www.pressglass.com\/wp-content\/uploads\/2015\/06\/slider_malyArticles.jpg);\nbackground-position:50% 0%;\nbackground-attachment:scroll;\n}\n<\/style>\n<div id='av_section_1'  class='avia-section av-av_section-c9dfa95ba3e2e0c4391e94590c136a11 main_color avia-section-no-padding avia-no-border-styling  avia-builder-el-0  el_before_av_one_full  avia-builder-el-first  avia-full-stretch avia-bg-style-scroll av-minimum-height av-minimum-height-custom av-height-custom  container_wrap sidebar_right'  data-section-bg-repeat='stretch' data-av_minimum_height_px='285'><div class='container av-section-cont-open' style='height:285px'><main  role=\"main\" itemprop=\"mainContentOfPage\"  class='template-page content  av-content-small alpha units'><div class='post-entry post-entry-type-page post-entry-87690'><div class='entry-content-wrapper clearfix'><\/div><\/div><\/main><!-- close content main element --><\/div><\/div><div id='after_section_1'  class='main_color av_default_container_wrap container_wrap sidebar_right'  ><div class='container av-section-cont-open' ><div class='template-page content  av-content-small alpha units'><div class='post-entry post-entry-type-page post-entry-87690'><div class='entry-content-wrapper clearfix'>\n<div  class='flex_column av-av_one_full-2a9015ff38129c418a3f2eafba3e9512 av_one_full  avia-builder-el-1  el_after_av_section  el_before_av_one_full  avia-builder-el-first  first flex_column_div  '     ><style type=\"text\/css\" data-created_by=\"avia_inline_auto\" id=\"style-css-av-av_heading-d0489d4d065354cac95f23f2e1d68b80\">\n#top .av-special-heading.av-av_heading-d0489d4d065354cac95f23f2e1d68b80{\npadding-bottom:10px;\n}\nbody .av-special-heading.av-av_heading-d0489d4d065354cac95f23f2e1d68b80 .av-special-heading-tag .heading-char{\nfont-size:25px;\n}\n.av-special-heading.av-av_heading-d0489d4d065354cac95f23f2e1d68b80 .av-subheading{\nfont-size:15px;\n}\n<\/style>\n<div  class='av-special-heading av-av_heading-d0489d4d065354cac95f23f2e1d68b80 av-special-heading-h1  avia-builder-el-2  avia-builder-el-no-sibling '><h1 class='av-special-heading-tag '  itemprop=\"headline\"  >Artiklar<\/h1><div class=\"special-heading-border\"><div class=\"special-heading-inner-border\"><\/div><\/div><\/div><\/div>\n<div  class='flex_column av-av_one_full-2a9015ff38129c418a3f2eafba3e9512 av_one_full  avia-builder-el-3  el_after_av_one_full  avia-builder-el-last  first flex_column_div  column-top-margin'     ><p>\t<div  style='background:#f9f9f9;color:#002576;border-color:#ffffff;' class='av_promobox  avia-button-yes  avia-builder-el-4  el_before_av_hr  avia-builder-el-first '>\t\t<div class='avia-promocontent'><p>\n\n<style type=\"text\/css\" data-created_by=\"avia_inline_auto\" id=\"style-css-av-av_hr-dd7467f5d4887a28b63ec43778160c35\">\n#top .hr.hr-invisible.av-av_hr-dd7467f5d4887a28b63ec43778160c35{\nmargin-top:-35px;\nheight:1px;\n}\n<\/style>\n<div  class='hr av-av_hr-dd7467f5d4887a28b63ec43778160c35 hr-invisible  avia-builder-el-5  avia-builder-el-no-sibling '><span class='hr-inner '><span class=\"hr-inner-style\"><\/span><\/span><\/div><\/p>\n<h2><a href=\"https:\/\/www.pressglass.com\/\/wp-content\/uploads\/2015\/06\/Effect_of_chemical_compounds.pdf\" target=\"_blank\" rel=\"noopener\">P\u00c5VERKAN AV KEMISKA F\u00d6RENINGAR P\u00c5 KANTEN AV ISOLERGLAS<\/a><\/h2>\n<p>\n<\/div><div class='avia-button-wrap avia-button-right'><a class='avia-button avia-icon_select-no avia-size-large avia-position-right mte-avia-large-size' href='\/wp-content\/uploads\/2015\/06\/Effect_of_chemical_compounds.pdf' target='_blank' rel=\"noopener\"><img width='64' src='https:\/\/www.pressglass.com\/wp-content\/themes\/pressglass\/images\/pdfEN.png'><\/a><\/div><\/div><br \/>\n<div  class='hr av-av_hr-5640e86d7241c08d48e5cbef4676b820 hr-default  avia-builder-el-6  el_after_av_promobox  avia-builder-el-last  av-small-hide av-mini-hide'><span class='hr-inner '><span class=\"hr-inner-style\"><\/span><\/span><\/div><\/p><\/div>\n","protected":false},"excerpt":{"rendered":"","protected":false},"author":32,"featured_media":0,"parent":87695,"menu_order":0,"comment_status":"closed","ping_status":"closed","template":"","meta":{"footnotes":""},"class_list":["post-87690","page","type-page","status-publish","hentry"],"yoast_head":"<!-- This site is optimized with the Yoast SEO plugin v27.3 - https:\/\/yoast.com\/product\/yoast-seo-wordpress\/ -->\n<title>Artiklar - PRESS GLASS HOLDING SA<\/title>\n<meta name=\"description\" content=\"Artiklar\" \/>\n<meta name=\"robots\" content=\"index, follow, max-snippet:-1, max-image-preview:large, max-video-preview:-1\" \/>\n<link rel=\"canonical\" href=\"https:\/\/www.pressglass.com\/sv\/material-att-ladda-ner\/artiklar\/\" \/>\n<meta name=\"twitter:label1\" content=\"Ber\u00e4knad l\u00e4stid\" \/>\n\t<meta name=\"twitter:data1\" content=\"2 minuter\" \/>\n<script type=\"application\/ld+json\" class=\"yoast-schema-graph\">{\"@context\":\"https:\\\/\\\/schema.org\",\"@graph\":[{\"@type\":\"WebPage\",\"@id\":\"https:\\\/\\\/www.pressglass.com\\\/sv\\\/material-att-ladda-ner\\\/artiklar\\\/\",\"url\":\"https:\\\/\\\/www.pressglass.com\\\/sv\\\/material-att-ladda-ner\\\/artiklar\\\/\",\"name\":\"Artiklar - PRESS GLASS HOLDING SA\",\"isPartOf\":{\"@id\":\"https:\\\/\\\/www.pressglass.com\\\/it\\\/#website\"},\"datePublished\":\"2015-06-20T12:05:55+00:00\",\"dateModified\":\"2019-02-19T14:36:31+00:00\",\"description\":\"Artiklar\",\"breadcrumb\":{\"@id\":\"https:\\\/\\\/www.pressglass.com\\\/sv\\\/material-att-ladda-ner\\\/artiklar\\\/#breadcrumb\"},\"inLanguage\":\"sv-SE\",\"potentialAction\":[{\"@type\":\"ReadAction\",\"target\":[\"https:\\\/\\\/www.pressglass.com\\\/sv\\\/material-att-ladda-ner\\\/artiklar\\\/\"]}]},{\"@type\":\"BreadcrumbList\",\"@id\":\"https:\\\/\\\/www.pressglass.com\\\/sv\\\/material-att-ladda-ner\\\/artiklar\\\/#breadcrumb\",\"itemListElement\":[{\"@type\":\"ListItem\",\"position\":1,\"name\":\"Strona g\u0142\u00f3wna\",\"item\":\"https:\\\/\\\/www.pressglass.com\\\/sv\\\/\"},{\"@type\":\"ListItem\",\"position\":2,\"name\":\"Material att ladda ner\",\"item\":\"https:\\\/\\\/www.pressglass.com\\\/sv\\\/material-att-ladda-ner\\\/\"},{\"@type\":\"ListItem\",\"position\":3,\"name\":\"Artiklar\"}]},{\"@type\":\"WebSite\",\"@id\":\"https:\\\/\\\/www.pressglass.com\\\/it\\\/#website\",\"url\":\"https:\\\/\\\/www.pressglass.com\\\/it\\\/\",\"name\":\"PRESS GLASS HOLDING SA\",\"description\":\"\",\"potentialAction\":[{\"@type\":\"SearchAction\",\"target\":{\"@type\":\"EntryPoint\",\"urlTemplate\":\"https:\\\/\\\/www.pressglass.com\\\/it\\\/?s={search_term_string}\"},\"query-input\":{\"@type\":\"PropertyValueSpecification\",\"valueRequired\":true,\"valueName\":\"search_term_string\"}}],\"inLanguage\":\"sv-SE\"}]}<\/script>\n<!-- \/ Yoast SEO plugin. -->","yoast_head_json":{"title":"Artiklar - PRESS GLASS HOLDING SA","description":"Artiklar","robots":{"index":"index","follow":"follow","max-snippet":"max-snippet:-1","max-image-preview":"max-image-preview:large","max-video-preview":"max-video-preview:-1"},"canonical":"https:\/\/www.pressglass.com\/sv\/material-att-ladda-ner\/artiklar\/","twitter_misc":{"Ber\u00e4knad l\u00e4stid":"2 minuter"},"schema":{"@context":"https:\/\/schema.org","@graph":[{"@type":"WebPage","@id":"https:\/\/www.pressglass.com\/sv\/material-att-ladda-ner\/artiklar\/","url":"https:\/\/www.pressglass.com\/sv\/material-att-ladda-ner\/artiklar\/","name":"Artiklar - PRESS GLASS HOLDING SA","isPartOf":{"@id":"https:\/\/www.pressglass.com\/it\/#website"},"datePublished":"2015-06-20T12:05:55+00:00","dateModified":"2019-02-19T14:36:31+00:00","description":"Artiklar","breadcrumb":{"@id":"https:\/\/www.pressglass.com\/sv\/material-att-ladda-ner\/artiklar\/#breadcrumb"},"inLanguage":"sv-SE","potentialAction":[{"@type":"ReadAction","target":["https:\/\/www.pressglass.com\/sv\/material-att-ladda-ner\/artiklar\/"]}]},{"@type":"BreadcrumbList","@id":"https:\/\/www.pressglass.com\/sv\/material-att-ladda-ner\/artiklar\/#breadcrumb","itemListElement":[{"@type":"ListItem","position":1,"name":"Strona g\u0142\u00f3wna","item":"https:\/\/www.pressglass.com\/sv\/"},{"@type":"ListItem","position":2,"name":"Material att ladda ner","item":"https:\/\/www.pressglass.com\/sv\/material-att-ladda-ner\/"},{"@type":"ListItem","position":3,"name":"Artiklar"}]},{"@type":"WebSite","@id":"https:\/\/www.pressglass.com\/it\/#website","url":"https:\/\/www.pressglass.com\/it\/","name":"PRESS GLASS HOLDING SA","description":"","potentialAction":[{"@type":"SearchAction","target":{"@type":"EntryPoint","urlTemplate":"https:\/\/www.pressglass.com\/it\/?s={search_term_string}"},"query-input":{"@type":"PropertyValueSpecification","valueRequired":true,"valueName":"search_term_string"}}],"inLanguage":"sv-SE"}]}},"rttpg_featured_image_url":null,"rttpg_author":{"display_name":"Piotr Suszek","author_link":"https:\/\/www.pressglass.com\/sv\/author\/piotr-suszek\/"},"rttpg_comment":0,"rttpg_category":false,"rttpg_excerpt":null,"_links":{"self":[{"href":"https:\/\/www.pressglass.com\/sv\/wp-json\/wp\/v2\/pages\/87690","targetHints":{"allow":["GET"]}}],"collection":[{"href":"https:\/\/www.pressglass.com\/sv\/wp-json\/wp\/v2\/pages"}],"about":[{"href":"https:\/\/www.pressglass.com\/sv\/wp-json\/wp\/v2\/types\/page"}],"author":[{"embeddable":true,"href":"https:\/\/www.pressglass.com\/sv\/wp-json\/wp\/v2\/users\/32"}],"replies":[{"embeddable":true,"href":"https:\/\/www.pressglass.com\/sv\/wp-json\/wp\/v2\/comments?post=87690"}],"version-history":[{"count":3,"href":"https:\/\/www.pressglass.com\/sv\/wp-json\/wp\/v2\/pages\/87690\/revisions"}],"predecessor-version":[{"id":109894,"href":"https:\/\/www.pressglass.com\/sv\/wp-json\/wp\/v2\/pages\/87690\/revisions\/109894"}],"up":[{"embeddable":true,"href":"https:\/\/www.pressglass.com\/sv\/wp-json\/wp\/v2\/pages\/87695"}],"wp:attachment":[{"href":"https:\/\/www.pressglass.com\/sv\/wp-json\/wp\/v2\/media?parent=87690"}],"curies":[{"name":"wp","href":"https:\/\/api.w.org\/{rel}","templated":true}]}}