{"id":87682,"date":"2016-04-29T11:13:32","date_gmt":"2016-04-29T09:13:32","guid":{"rendered":"https:\/\/www.pressglass.com\/?page_id=30206"},"modified":"2024-03-21T16:15:33","modified_gmt":"2024-03-21T15:15:33","slug":"fonster-och-dorrsnickeri","status":"publish","type":"page","link":"https:\/\/www.pressglass.com\/sv\/om-oss\/brett-utbud\/fonster-och-dorrsnickeri\/","title":{"rendered":"F\u00f6nster och d\u00f6rrsnickeri"},"content":{"rendered":"\n<style type=\"text\/css\" data-created_by=\"avia_inline_auto\" id=\"style-css-av-av_section-d43ca918e8cce417ed3543c7954fc212\">\n.avia-section.av-av_section-d43ca918e8cce417ed3543c7954fc212{\nbackground-repeat:no-repeat;\nbackground-image:url(https:\/\/www.pressglass.com\/wp-content\/uploads\/2016\/04\/slider_maly-dom.jpg);\nbackground-position:50% 0%;\nbackground-attachment:scroll;\n}\n<\/style>\n<div id='av_section_1'  class='avia-section av-av_section-d43ca918e8cce417ed3543c7954fc212 main_color avia-section-default avia-no-border-styling  avia-builder-el-0  el_before_av_one_full  avia-builder-el-first  avia-full-stretch avia-bg-style-scroll av-minimum-height av-minimum-height-custom av-height-custom  container_wrap sidebar_right'  data-section-bg-repeat='stretch' data-av_minimum_height_px='285'><div class='container av-section-cont-open' style='height:285px'><main  role=\"main\" itemprop=\"mainContentOfPage\"  class='template-page content  av-content-small alpha units'><div class='post-entry post-entry-type-page post-entry-87682'><div class='entry-content-wrapper clearfix'><\/div><\/div><\/main><!-- close content main element --><\/div><\/div><div id='after_section_1'  class='main_color av_default_container_wrap container_wrap sidebar_right'  ><div class='container av-section-cont-open' ><div class='template-page content  av-content-small alpha units'><div class='post-entry post-entry-type-page post-entry-87682'><div class='entry-content-wrapper clearfix'>\n<div  class='flex_column av-av_one_full-2a9015ff38129c418a3f2eafba3e9512 av_one_full  avia-builder-el-1  el_after_av_section  el_before_av_hr  avia-builder-el-first  first flex_column_div  '     ><style type=\"text\/css\" data-created_by=\"avia_inline_auto\" id=\"style-css-av-av_heading-6856cb1ce76a3ed5ce770c3735c21ae3\">\n#top .av-special-heading.av-av_heading-6856cb1ce76a3ed5ce770c3735c21ae3{\npadding-bottom:0;\n}\nbody .av-special-heading.av-av_heading-6856cb1ce76a3ed5ce770c3735c21ae3 .av-special-heading-tag .heading-char{\nfont-size:25px;\n}\n.av-special-heading.av-av_heading-6856cb1ce76a3ed5ce770c3735c21ae3 .av-subheading{\nfont-size:15px;\n}\n<\/style>\n<div  class='av-special-heading av-av_heading-6856cb1ce76a3ed5ce770c3735c21ae3 av-special-heading-h1 blockquote modern-quote modern-centered  avia-builder-el-2  avia-builder-el-no-sibling '><h1 class='av-special-heading-tag '  itemprop=\"headline\"  >F\u00f6nster och d\u00f6rrsnickeri <\/h1><div class=\"special-heading-border\"><div class=\"special-heading-inner-border\"><\/div><\/div><\/div><\/div>\n\n<style type=\"text\/css\" data-created_by=\"avia_inline_auto\" id=\"style-css-av-av_hr-a07f7596b1fca85f6595a75d593069df\">\n#top .hr.hr-invisible.av-av_hr-a07f7596b1fca85f6595a75d593069df{\nheight:40px;\n}\n<\/style>\n<div  class='hr av-av_hr-a07f7596b1fca85f6595a75d593069df hr-invisible  avia-builder-el-3  el_after_av_one_full  el_before_av_one_full '><span class='hr-inner '><span class=\"hr-inner-style\"><\/span><\/span><\/div>\n<div  class='flex_column av-av_one_full-2a9015ff38129c418a3f2eafba3e9512 av_one_full  avia-builder-el-4  el_after_av_hr  avia-builder-el-last  first flex_column_div  '     ><div id='idmasonry' class='av-masonry av-lu1djjve-060ec72f7ef5ecd3b2e44ac8dcdcc575 noHover av-fixed-size av-1px-gap av-hover-overlay- av-masonry-animation-active av-masonry-col-3 av-caption-always av-caption-style- av-masonry-gallery ' data-post_id=\"87682\"><div class=\"av-masonry-container isotope av-js-disabled\"><div class='av-masonry-entry isotope-item av-masonry-item-no-image '><\/div><a href=\"https:\/\/www.pressglass.com\/sv\/erbjudande\/isolerglas\/varmeisoleringsglas\/\"  aria-label=\"image Low emission glass\"  id='av-masonry-1-item-91303' data-av-masonry-item='91303' class='av-masonry-entry isotope-item post-91303 attachment type-attachment status-inherit hentry  av-masonry-item-with-image' title=\"Low emission glass\" alt=\"\"  data-av-masonry-custom-link=\"https:\/\/www.pressglass.com\/sv\/erbjudande\/isolerglas\/varmeisoleringsglas\/\"  itemprop=\"thumbnailUrl\" ><div class='av-inner-masonry-sizer'><\/div><figure class='av-inner-masonry main_color'><div class=\"av-masonry-outerimage-container\"><div class='av-masonry-image-container' style=\"background-image: url(https:\/\/www.pressglass.com\/wp-content\/uploads\/2014\/11\/low-emission-465x407.jpg);\"  title=\"Low emission glass\" ><\/div><\/div><figcaption class='av-inner-masonry-content site-background'><div class='av-inner-masonry-content-pos'><div class='av-inner-masonry-content-pos-content'><div class='avia-arrow'><\/div><div class='av-masonry-entry-content entry-content'  itemprop=\"text\" >V\u00e4rmeisoleringsglas<\/div><\/div><\/div><\/figcaption><\/figure><\/a><!--end av-masonry entry--><a href=\"https:\/\/www.pressglass.com\/sv\/erbjudande\/isolerglas\/glas-med-den-varma-distansrammen\/\"  aria-label=\"image Glazed units with warm edge\"  id='av-masonry-1-item-91318' data-av-masonry-item='91318' class='av-masonry-entry isotope-item post-91318 attachment type-attachment status-inherit hentry  av-masonry-item-with-image' title=\"Glazed units with warm edge\" alt=\"\"  data-av-masonry-custom-link=\"https:\/\/www.pressglass.com\/sv\/erbjudande\/isolerglas\/glas-med-den-varma-distansrammen\/\"  itemprop=\"thumbnailUrl\" ><div class='av-inner-masonry-sizer'><\/div><figure class='av-inner-masonry main_color'><div class=\"av-masonry-outerimage-container\"><div class='av-masonry-image-container' style=\"background-image: url(https:\/\/www.pressglass.com\/wp-content\/uploads\/2016\/04\/Glazed-unitswith-Warm-Edge2-465x407.png);\"  title=\"Glazed units with warm edge\" ><\/div><\/div><figcaption class='av-inner-masonry-content site-background'><div class='av-inner-masonry-content-pos'><div class='av-inner-masonry-content-pos-content'><div class='avia-arrow'><\/div><div class='av-masonry-entry-content entry-content'  itemprop=\"text\" >Glas med den varma distansrammen<\/div><\/div><\/div><\/figcaption><\/figure><\/a><!--end av-masonry entry--><a href=\"https:\/\/www.pressglass.com\/sv\/erbjudande\/isolerglas\/solskyddsglas\/\"  aria-label=\"image Solar control glass\"  id='av-masonry-1-item-91273' data-av-masonry-item='91273' class='av-masonry-entry isotope-item post-91273 attachment type-attachment status-inherit hentry  av-masonry-item-with-image' title=\"Solar control glass\" alt=\"\"  data-av-masonry-custom-link=\"https:\/\/www.pressglass.com\/sv\/erbjudande\/isolerglas\/solskyddsglas\/\"  itemprop=\"thumbnailUrl\" ><div class='av-inner-masonry-sizer'><\/div><figure class='av-inner-masonry main_color'><div class=\"av-masonry-outerimage-container\"><div class='av-masonry-image-container' style=\"background-image: url(https:\/\/www.pressglass.com\/wp-content\/uploads\/2014\/11\/solar-control-glass-4a.jpg);\"  title=\"Solar control glass\" ><\/div><\/div><figcaption class='av-inner-masonry-content site-background'><div class='av-inner-masonry-content-pos'><div class='av-inner-masonry-content-pos-content'><div class='avia-arrow'><\/div><div class='av-masonry-entry-content entry-content'  itemprop=\"text\" >Solar control glass<\/div><\/div><\/div><\/figcaption><\/figure><\/a><!--end av-masonry entry--><a href=\"https:\/\/www.pressglass.com\/sv\/erbjudande\/isolerglas\/skyddsglas-och-sakerhetsglas\/\"  aria-label=\"image Safety and security glass\"  id='av-masonry-1-item-90522' data-av-masonry-item='90522' class='av-masonry-entry isotope-item post-90522 attachment type-attachment status-inherit hentry  av-masonry-item-with-image' title=\"Safety and security glass\" alt=\"\"  data-av-masonry-custom-link=\"https:\/\/www.pressglass.com\/sv\/erbjudande\/isolerglas\/skyddsglas-och-sakerhetsglas\/\"  itemprop=\"thumbnailUrl\" ><div class='av-inner-masonry-sizer'><\/div><figure class='av-inner-masonry main_color'><div class=\"av-masonry-outerimage-container\"><div class='av-masonry-image-container' style=\"background-image: url(https:\/\/www.pressglass.com\/wp-content\/uploads\/2015\/11\/SafeANDsecurity-465x407.jpg);\"  title=\"Safety and security glass\" ><\/div><\/div><figcaption class='av-inner-masonry-content site-background'><div class='av-inner-masonry-content-pos'><div class='av-inner-masonry-content-pos-content'><div class='avia-arrow'><\/div><div class='av-masonry-entry-content entry-content'  itemprop=\"text\" >Skyddsglas och s\u00e4kerhetsglas<\/div><\/div><\/div><\/figcaption><\/figure><\/a><!--end av-masonry entry--><a href=\"https:\/\/www.pressglass.com\/sv\/erbjudande\/specialglas\/laminerat-glas\/\"  aria-label=\"image Laminated glass\"  id='av-masonry-1-item-91218' data-av-masonry-item='91218' class='av-masonry-entry isotope-item post-91218 attachment type-attachment status-inherit hentry  av-masonry-item-with-image' title=\"Laminated glass\" alt=\"\"  data-av-masonry-custom-link=\"https:\/\/www.pressglass.com\/sv\/erbjudande\/specialglas\/laminerat-glas\/\"  itemprop=\"thumbnailUrl\" ><div class='av-inner-masonry-sizer'><\/div><figure class='av-inner-masonry main_color'><div class=\"av-masonry-outerimage-container\"><div class='av-masonry-image-container' style=\"background-image: url(https:\/\/www.pressglass.com\/wp-content\/uploads\/2014\/11\/laminated-465x407.jpg);\"  title=\"Laminated glass\" ><\/div><\/div><figcaption class='av-inner-masonry-content site-background'><div class='av-inner-masonry-content-pos'><div class='av-inner-masonry-content-pos-content'><div class='avia-arrow'><\/div><div class='av-masonry-entry-content entry-content'  itemprop=\"text\" >LAMINERAT GLAS<\/div><\/div><\/div><\/figcaption><\/figure><\/a><!--end av-masonry entry--><a href=\"https:\/\/www.pressglass.com\/sv\/erbjudande\/isolerglas\/ljudreducerande-glas\/\"  aria-label=\"image Acoustic glazed units\"  id='av-masonry-1-item-90580' data-av-masonry-item='90580' class='av-masonry-entry isotope-item post-90580 attachment type-attachment status-inherit hentry  av-masonry-item-with-image' title=\"Acoustic glazed units\" alt=\"\"  data-av-masonry-custom-link=\"https:\/\/www.pressglass.com\/sv\/erbjudande\/isolerglas\/ljudreducerande-glas\/\"  itemprop=\"thumbnailUrl\" ><div class='av-inner-masonry-sizer'><\/div><figure class='av-inner-masonry main_color'><div class=\"av-masonry-outerimage-container\"><div class='av-masonry-image-container' style=\"background-image: url(https:\/\/www.pressglass.com\/wp-content\/uploads\/2016\/04\/acoustic-465x407.jpg);\"  title=\"Acoustic glazed units\" ><\/div><\/div><figcaption class='av-inner-masonry-content site-background'><div class='av-inner-masonry-content-pos'><div class='av-inner-masonry-content-pos-content'><div class='avia-arrow'><\/div><div class='av-masonry-entry-content entry-content'  itemprop=\"text\" >Ljudreducerande glas<\/div><\/div><\/div><\/figcaption><\/figure><\/a><!--end av-masonry entry--><a href=\"https:\/\/www.pressglass.com\/sv\/erbjudande\/isolerglas\/brandskyddsglas\/\"  aria-label=\"image Fire-resistant glass\"  id='av-masonry-1-item-90525' data-av-masonry-item='90525' class='av-masonry-entry isotope-item post-90525 attachment type-attachment status-inherit hentry  av-masonry-item-with-image' title=\"Fire-resistant glass\" alt=\"\"  data-av-masonry-custom-link=\"https:\/\/www.pressglass.com\/sv\/erbjudande\/isolerglas\/brandskyddsglas\/\"  itemprop=\"thumbnailUrl\" ><div class='av-inner-masonry-sizer'><\/div><figure class='av-inner-masonry main_color'><div class=\"av-masonry-outerimage-container\"><div class='av-masonry-image-container' style=\"background-image: url(https:\/\/www.pressglass.com\/wp-content\/uploads\/2015\/11\/Fire-resistant-glass1-465x407.jpg);\"  title=\"Fire-resistant glass\" ><\/div><\/div><figcaption class='av-inner-masonry-content site-background'><div class='av-inner-masonry-content-pos'><div class='av-inner-masonry-content-pos-content'><div class='avia-arrow'><\/div><div class='av-masonry-entry-content entry-content'  itemprop=\"text\" >Brandskyddsglas<\/div><\/div><\/div><\/figcaption><\/figure><\/a><!--end av-masonry entry--><a href=\"https:\/\/www.pressglass.com\/sv\/erbjudande\/isolerglas\/glas-med-ornamentglas\/\"  aria-label=\"image Ornamental glass\"  id='av-masonry-1-item-90527' data-av-masonry-item='90527' class='av-masonry-entry isotope-item post-90527 attachment type-attachment status-inherit hentry  av-masonry-item-with-image' title=\"Ornamental glass\" alt=\"\"  data-av-masonry-custom-link=\"https:\/\/www.pressglass.com\/sv\/erbjudande\/isolerglas\/glas-med-ornamentglas\/\"  itemprop=\"thumbnailUrl\" ><div class='av-inner-masonry-sizer'><\/div><figure class='av-inner-masonry main_color'><div class=\"av-masonry-outerimage-container\"><div class='av-masonry-image-container' style=\"background-image: url(https:\/\/www.pressglass.com\/wp-content\/uploads\/2015\/11\/ornamental-465x407.jpg);\"  title=\"Ornamental glass\" ><\/div><\/div><figcaption class='av-inner-masonry-content site-background'><div class='av-inner-masonry-content-pos'><div class='av-inner-masonry-content-pos-content'><div class='avia-arrow'><\/div><div class='av-masonry-entry-content entry-content'  itemprop=\"text\" >Glas med ornamentglas<\/div><\/div><\/div><\/figcaption><\/figure><\/a><!--end av-masonry entry--><a href=\"https:\/\/www.pressglass.com\/sv\/erbjudande\/isolerglas\/glas-med-interna-sprojsar\/\"  aria-label=\"image Glazed units with windows dividers\"  id='av-masonry-1-item-90526' data-av-masonry-item='90526' class='av-masonry-entry isotope-item post-90526 attachment type-attachment status-inherit hentry  av-masonry-item-with-image' title=\"Glazed units with windows dividers\" alt=\"\"  data-av-masonry-custom-link=\"https:\/\/www.pressglass.com\/sv\/erbjudande\/isolerglas\/glas-med-interna-sprojsar\/\"  itemprop=\"thumbnailUrl\" ><div class='av-inner-masonry-sizer'><\/div><figure class='av-inner-masonry main_color'><div class=\"av-masonry-outerimage-container\"><div class='av-masonry-image-container' style=\"background-image: url(https:\/\/www.pressglass.com\/wp-content\/uploads\/2015\/11\/With-dividers-465x407.jpg);\"  title=\"Glazed units with windows dividers\" ><\/div><\/div><figcaption class='av-inner-masonry-content site-background'><div class='av-inner-masonry-content-pos'><div class='av-inner-masonry-content-pos-content'><div class='avia-arrow'><\/div><div class='av-masonry-entry-content entry-content'  itemprop=\"text\" >Glas med interna spr\u00f6jsar<\/div><\/div><\/div><\/figcaption><\/figure><\/a><!--end av-masonry entry--><\/div><\/div><\/div>\n","protected":false},"excerpt":{"rendered":"","protected":false},"author":32,"featured_media":0,"parent":87702,"menu_order":1,"comment_status":"open","ping_status":"closed","template":"","meta":{"footnotes":""},"class_list":["post-87682","page","type-page","status-publish","hentry"],"yoast_head":"<!-- This site is optimized with the Yoast SEO plugin v27.3 - https:\/\/yoast.com\/product\/yoast-seo-wordpress\/ -->\n<title>F\u00f6nster och d\u00f6rrsnickeri - PRESS GLASS HOLDING SA<\/title>\n<meta name=\"description\" content=\"F\u00f6nster och d\u00f6rrsnickeri\" \/>\n<meta name=\"robots\" content=\"index, follow, max-snippet:-1, max-image-preview:large, max-video-preview:-1\" \/>\n<link rel=\"canonical\" href=\"https:\/\/www.pressglass.com\/sv\/om-oss\/brett-utbud\/fonster-och-dorrsnickeri\/\" \/>\n<meta name=\"twitter:label1\" content=\"Ber\u00e4knad l\u00e4stid\" \/>\n\t<meta name=\"twitter:data1\" content=\"1 minut\" \/>\n<script type=\"application\/ld+json\" class=\"yoast-schema-graph\">{\"@context\":\"https:\\\/\\\/schema.org\",\"@graph\":[{\"@type\":\"WebPage\",\"@id\":\"https:\\\/\\\/www.pressglass.com\\\/sv\\\/om-oss\\\/brett-utbud\\\/fonster-och-dorrsnickeri\\\/\",\"url\":\"https:\\\/\\\/www.pressglass.com\\\/sv\\\/om-oss\\\/brett-utbud\\\/fonster-och-dorrsnickeri\\\/\",\"name\":\"F\u00f6nster och d\u00f6rrsnickeri - PRESS GLASS HOLDING SA\",\"isPartOf\":{\"@id\":\"https:\\\/\\\/www.pressglass.com\\\/it\\\/#website\"},\"datePublished\":\"2016-04-29T09:13:32+00:00\",\"dateModified\":\"2024-03-21T15:15:33+00:00\",\"description\":\"F\u00f6nster och d\u00f6rrsnickeri\",\"breadcrumb\":{\"@id\":\"https:\\\/\\\/www.pressglass.com\\\/sv\\\/om-oss\\\/brett-utbud\\\/fonster-och-dorrsnickeri\\\/#breadcrumb\"},\"inLanguage\":\"sv-SE\",\"potentialAction\":[{\"@type\":\"ReadAction\",\"target\":[\"https:\\\/\\\/www.pressglass.com\\\/sv\\\/om-oss\\\/brett-utbud\\\/fonster-och-dorrsnickeri\\\/\"]}]},{\"@type\":\"BreadcrumbList\",\"@id\":\"https:\\\/\\\/www.pressglass.com\\\/sv\\\/om-oss\\\/brett-utbud\\\/fonster-och-dorrsnickeri\\\/#breadcrumb\",\"itemListElement\":[{\"@type\":\"ListItem\",\"position\":1,\"name\":\"Strona g\u0142\u00f3wna\",\"item\":\"https:\\\/\\\/www.pressglass.com\\\/sv\\\/\"},{\"@type\":\"ListItem\",\"position\":2,\"name\":\"Om Oss\",\"item\":\"http:\\\/\\\/www.pressglass.com\\\/sv\\\/om-oss\\\/\"},{\"@type\":\"ListItem\",\"position\":3,\"name\":\"BRETT UTBUD\",\"item\":\"https:\\\/\\\/www.pressglass.com\\\/sv\\\/om-oss\\\/brett-utbud\\\/\"},{\"@type\":\"ListItem\",\"position\":4,\"name\":\"F\u00f6nster och d\u00f6rrsnickeri\"}]},{\"@type\":\"WebSite\",\"@id\":\"https:\\\/\\\/www.pressglass.com\\\/it\\\/#website\",\"url\":\"https:\\\/\\\/www.pressglass.com\\\/it\\\/\",\"name\":\"PRESS GLASS HOLDING SA\",\"description\":\"\",\"potentialAction\":[{\"@type\":\"SearchAction\",\"target\":{\"@type\":\"EntryPoint\",\"urlTemplate\":\"https:\\\/\\\/www.pressglass.com\\\/it\\\/?s={search_term_string}\"},\"query-input\":{\"@type\":\"PropertyValueSpecification\",\"valueRequired\":true,\"valueName\":\"search_term_string\"}}],\"inLanguage\":\"sv-SE\"}]}<\/script>\n<!-- \/ Yoast SEO plugin. -->","yoast_head_json":{"title":"F\u00f6nster och d\u00f6rrsnickeri - PRESS GLASS HOLDING SA","description":"F\u00f6nster och d\u00f6rrsnickeri","robots":{"index":"index","follow":"follow","max-snippet":"max-snippet:-1","max-image-preview":"max-image-preview:large","max-video-preview":"max-video-preview:-1"},"canonical":"https:\/\/www.pressglass.com\/sv\/om-oss\/brett-utbud\/fonster-och-dorrsnickeri\/","twitter_misc":{"Ber\u00e4knad l\u00e4stid":"1 minut"},"schema":{"@context":"https:\/\/schema.org","@graph":[{"@type":"WebPage","@id":"https:\/\/www.pressglass.com\/sv\/om-oss\/brett-utbud\/fonster-och-dorrsnickeri\/","url":"https:\/\/www.pressglass.com\/sv\/om-oss\/brett-utbud\/fonster-och-dorrsnickeri\/","name":"F\u00f6nster och d\u00f6rrsnickeri - PRESS GLASS HOLDING SA","isPartOf":{"@id":"https:\/\/www.pressglass.com\/it\/#website"},"datePublished":"2016-04-29T09:13:32+00:00","dateModified":"2024-03-21T15:15:33+00:00","description":"F\u00f6nster och d\u00f6rrsnickeri","breadcrumb":{"@id":"https:\/\/www.pressglass.com\/sv\/om-oss\/brett-utbud\/fonster-och-dorrsnickeri\/#breadcrumb"},"inLanguage":"sv-SE","potentialAction":[{"@type":"ReadAction","target":["https:\/\/www.pressglass.com\/sv\/om-oss\/brett-utbud\/fonster-och-dorrsnickeri\/"]}]},{"@type":"BreadcrumbList","@id":"https:\/\/www.pressglass.com\/sv\/om-oss\/brett-utbud\/fonster-och-dorrsnickeri\/#breadcrumb","itemListElement":[{"@type":"ListItem","position":1,"name":"Strona g\u0142\u00f3wna","item":"https:\/\/www.pressglass.com\/sv\/"},{"@type":"ListItem","position":2,"name":"Om Oss","item":"http:\/\/www.pressglass.com\/sv\/om-oss\/"},{"@type":"ListItem","position":3,"name":"BRETT UTBUD","item":"https:\/\/www.pressglass.com\/sv\/om-oss\/brett-utbud\/"},{"@type":"ListItem","position":4,"name":"F\u00f6nster och d\u00f6rrsnickeri"}]},{"@type":"WebSite","@id":"https:\/\/www.pressglass.com\/it\/#website","url":"https:\/\/www.pressglass.com\/it\/","name":"PRESS GLASS HOLDING SA","description":"","potentialAction":[{"@type":"SearchAction","target":{"@type":"EntryPoint","urlTemplate":"https:\/\/www.pressglass.com\/it\/?s={search_term_string}"},"query-input":{"@type":"PropertyValueSpecification","valueRequired":true,"valueName":"search_term_string"}}],"inLanguage":"sv-SE"}]}},"rttpg_featured_image_url":null,"rttpg_author":{"display_name":"Piotr Suszek","author_link":"https:\/\/www.pressglass.com\/sv\/author\/piotr-suszek\/"},"rttpg_comment":0,"rttpg_category":" <a href=\"https:\/\/www.pressglass.com\/sv\/?taxonomy=translation_priority&#038;term=opcjonalne-sv\" rel=\"tag\">Opcjonalne<\/a>","rttpg_excerpt":null,"_links":{"self":[{"href":"https:\/\/www.pressglass.com\/sv\/wp-json\/wp\/v2\/pages\/87682","targetHints":{"allow":["GET"]}}],"collection":[{"href":"https:\/\/www.pressglass.com\/sv\/wp-json\/wp\/v2\/pages"}],"about":[{"href":"https:\/\/www.pressglass.com\/sv\/wp-json\/wp\/v2\/types\/page"}],"author":[{"embeddable":true,"href":"https:\/\/www.pressglass.com\/sv\/wp-json\/wp\/v2\/users\/32"}],"replies":[{"embeddable":true,"href":"https:\/\/www.pressglass.com\/sv\/wp-json\/wp\/v2\/comments?post=87682"}],"version-history":[{"count":6,"href":"https:\/\/www.pressglass.com\/sv\/wp-json\/wp\/v2\/pages\/87682\/revisions"}],"predecessor-version":[{"id":156295,"href":"https:\/\/www.pressglass.com\/sv\/wp-json\/wp\/v2\/pages\/87682\/revisions\/156295"}],"up":[{"embeddable":true,"href":"https:\/\/www.pressglass.com\/sv\/wp-json\/wp\/v2\/pages\/87702"}],"wp:attachment":[{"href":"https:\/\/www.pressglass.com\/sv\/wp-json\/wp\/v2\/media?parent=87682"}],"curies":[{"name":"wp","href":"https:\/\/api.w.org\/{rel}","templated":true}]}}