{"id":95847,"date":"2018-04-11T10:43:07","date_gmt":"2018-04-11T08:43:07","guid":{"rendered":"https:\/\/www.pressglass.com\/?page_id=95847"},"modified":"2022-02-08T14:06:17","modified_gmt":"2022-02-08T13:06:17","slug":"pdf-do-pobrania","status":"publish","type":"page","link":"https:\/\/www.pressglass.com\/pl\/pdf-do-pobrania\/","title":{"rendered":"PDF do pobrania"},"content":{"rendered":"\n<style type=\"text\/css\" data-created_by=\"avia_inline_auto\" id=\"style-css-av-13447mv-85b7296d7c91583f3fa12e0e192675bd\">\n.avia-section.av-13447mv-85b7296d7c91583f3fa12e0e192675bd{\nbackground-repeat:no-repeat;\nbackground-image:url(https:\/\/www.pressglass.com\/wp-content\/uploads\/2015\/06\/slider_declaration.jpg);\nbackground-position:50% 0%;\nbackground-attachment:scroll;\n}\n<\/style>\n<div id='av_section_1'  class='avia-section av-13447mv-85b7296d7c91583f3fa12e0e192675bd main_color avia-section-no-padding avia-no-border-styling  avia-builder-el-0  el_before_av_one_full  avia-builder-el-first  avia-full-stretch avia-bg-style-scroll av-minimum-height av-minimum-height-custom av-height-custom  container_wrap sidebar_right'  data-section-bg-repeat='stretch' data-av_minimum_height_px='285'><div class='container av-section-cont-open' style='height:285px'><main  role=\"main\" itemprop=\"mainContentOfPage\"  class='template-page content  av-content-small alpha units'><div class='post-entry post-entry-type-page post-entry-95847'><div class='entry-content-wrapper clearfix'><\/div><\/div><\/main><!-- close content main element --><\/div><\/div><div id='after_section_1'  class='main_color av_default_container_wrap container_wrap sidebar_right'  ><div class='container av-section-cont-open' ><div class='template-page content  av-content-small alpha units'><div class='post-entry post-entry-type-page post-entry-95847'><div class='entry-content-wrapper clearfix'>\n<div  class='flex_column av-agcmokn-5960fbd0bcec1a159ff8afcaae2ff81c av_one_full  avia-builder-el-1  el_after_av_section  el_before_av_section  avia-builder-el-no-sibling  first flex_column_div  '     ><style type=\"text\/css\" data-created_by=\"avia_inline_auto\" id=\"style-css-av-a2mgwh3-8037f5336809c4fc49b4492cc9b5e986\">\n#top .av-special-heading.av-a2mgwh3-8037f5336809c4fc49b4492cc9b5e986{\npadding-bottom:10px;\n}\nbody .av-special-heading.av-a2mgwh3-8037f5336809c4fc49b4492cc9b5e986 .av-special-heading-tag .heading-char{\nfont-size:25px;\n}\n.av-special-heading.av-a2mgwh3-8037f5336809c4fc49b4492cc9b5e986 .av-subheading{\nfont-size:15px;\n}\n<\/style>\n<div  class='av-special-heading av-a2mgwh3-8037f5336809c4fc49b4492cc9b5e986 av-special-heading-h1  avia-builder-el-2  avia-builder-el-no-sibling '><h1 class='av-special-heading-tag '  itemprop=\"headline\"  >Materia\u0142y i broszury informacyjne<\/h1><div class=\"special-heading-border\"><div class=\"special-heading-inner-border\"><\/div><\/div><\/div><\/div>\n<\/div><\/div><\/div><!-- close content main div --><\/div><\/div><div id='mte-href-materialy-broszury-main'  class='avia-section av-9lcjhyf-46418e8ee9f3ac8cd9eec257cea69d8a main_color avia-section-default avia-no-shadow  avia-builder-el-3  el_after_av_one_full  el_before_av_section  avia-bg-style-scroll container_wrap sidebar_right'  ><div class='container av-section-cont-open' ><div class='template-page content  av-content-small alpha units'><div class='post-entry post-entry-type-page post-entry-95847'><div class='entry-content-wrapper clearfix'>\n\n<style type=\"text\/css\" data-created_by=\"avia_inline_auto\" id=\"style-css-av-8xql2qv-cf5dc1150d01c81abd86728aa8c4dd3c\">\n.flex_column.av-8xql2qv-cf5dc1150d01c81abd86728aa8c4dd3c{\nborder-radius:0px 0px 0px 0px;\npadding:0px 0px 0px 0px;\n}\n<\/style>\n<div  class='flex_column av-8xql2qv-cf5dc1150d01c81abd86728aa8c4dd3c av_one_fifth  avia-builder-el-4  el_before_av_two_fifth  avia-builder-el-first  first flex_column_div av-zero-column-padding  '     ><\/div>\n<style type=\"text\/css\" data-created_by=\"avia_inline_auto\" id=\"style-css-av-8dm4tuv-cb4eef1aa4e4a85b6760f94c61a811f4\">\n.flex_column.av-8dm4tuv-cb4eef1aa4e4a85b6760f94c61a811f4{\nborder-radius:0px 0px 0px 0px;\npadding:0px 0px 0px 0px;\n}\n<\/style>\n<div  class='flex_column av-8dm4tuv-cb4eef1aa4e4a85b6760f94c61a811f4 av_two_fifth  avia-builder-el-5  el_after_av_one_fifth  el_before_av_two_fifth  flex_column_div av-zero-column-padding  '     ><div  class='avia-image-container  av-styling-    avia-builder-el-6  avia-builder-el-no-sibling  avia-align-left'  itemprop=\"image\" itemscope=\"itemscope\" itemtype=\"https:\/\/schema.org\/ImageObject\"  ><div class='avia-image-container-inner'><div class='avia-image-overlay-wrap'><a href='https:\/\/cdn.pressglass.com\/wp-content\/uploads\/2017\/08\/PRESSGLASS_szyby_i_procesy_specjalne_pl.pdf' class='avia_image' target=\"_blank\" rel=\"noopener\"><img class='avia_image ' src='https:\/\/www.pressglass.com\/wp-content\/uploads\/2018\/04\/LP_Makieta_01.jpg' alt='' title='LP_Makieta_01'  itemprop=\"thumbnailUrl\"  \/><\/a><\/div><\/div><\/div><\/div>\n<style type=\"text\/css\" data-created_by=\"avia_inline_auto\" id=\"style-css-av-7h2obzb-0a4377209cad8d3b656f79104a40971e\">\n.flex_column.av-7h2obzb-0a4377209cad8d3b656f79104a40971e{\nborder-radius:0px 0px 0px 0px;\npadding:0px 0px 0px 0px;\n}\n<\/style>\n<div  class='flex_column av-7h2obzb-0a4377209cad8d3b656f79104a40971e av_two_fifth  avia-builder-el-7  el_after_av_two_fifth  avia-builder-el-last  flex_column_div av-zero-column-padding  '     ><p>\n<style type=\"text\/css\" data-created_by=\"avia_inline_auto\" id=\"style-css-av-708iwzr-6660c0869a7d38dbdc782f222804b81d\">\n#top .hr.hr-invisible.av-708iwzr-6660c0869a7d38dbdc782f222804b81d{\nheight:40px;\n}\n<\/style>\n<div  class='hr av-708iwzr-6660c0869a7d38dbdc782f222804b81d hr-invisible  avia-builder-el-8  el_before_av_textblock  avia-builder-el-first '><span class='hr-inner '><span class=\"hr-inner-style\"><\/span><\/span><\/div><br \/>\n<section  class='av_textblock_section av-nn577r-9f687c5196ed2b6b084f53f8f8235300 '   itemscope=\"itemscope\" itemtype=\"https:\/\/schema.org\/CreativeWork\" ><div class='avia_textblock'  itemprop=\"text\" ><h2>Sprawd\u017a jakie szyby mo\u017cemy dla Ciebie wyprodukowa\u0107<\/h2>\n<\/div><\/section><br \/>\n\n<style type=\"text\/css\" data-created_by=\"avia_inline_auto\" id=\"style-css-av-67aohif-3f1201264f8ed1932242d89b7c24cbe3\">\n#top .hr.hr-invisible.av-67aohif-3f1201264f8ed1932242d89b7c24cbe3{\nheight:30px;\n}\n<\/style>\n<div  class='hr av-67aohif-3f1201264f8ed1932242d89b7c24cbe3 hr-invisible  avia-builder-el-10  el_after_av_textblock  el_before_av_textblock '><span class='hr-inner '><span class=\"hr-inner-style\"><\/span><\/span><\/div><br \/>\n<section  class='av_textblock_section av-5oteq5j-a709d7a5da669fea117e2d6fa780cddf '   itemscope=\"itemscope\" itemtype=\"https:\/\/schema.org\/CreativeWork\" ><div class='avia_textblock'  itemprop=\"text\" ><h4>Pobierz ulotk\u0119 informacyjn\u0105 z mo\u017cliwo\u015bciami produkcyjnymi PRESS GLASS.<\/h4>\n<\/div><\/section><br \/>\n\n<style type=\"text\/css\" data-created_by=\"avia_inline_auto\" id=\"style-css-av-57ewa9z-ac6e64e0a1364a454d66a6c61f95a646\">\n#top .hr.hr-invisible.av-57ewa9z-ac6e64e0a1364a454d66a6c61f95a646{\nheight:30px;\n}\n<\/style>\n<div  class='hr av-57ewa9z-ac6e64e0a1364a454d66a6c61f95a646 hr-invisible  avia-builder-el-12  el_after_av_textblock  el_before_av_promobox '><span class='hr-inner '><span class=\"hr-inner-style\"><\/span><\/span><\/div><br \/>\n\t<div  style='background:#f8f8f8;color:#ffffff;border-color:#f8f8f8;' class='av_promobox  avia-button-no  avia-builder-el-13  el_after_av_hr  avia-builder-el-last '>\t\t<div class='avia-promocontent'><p>\n\n<style type=\"text\/css\" data-created_by=\"avia_inline_auto\" id=\"style-css-av-47vwwjr-164f9388c7f9725e28cf50599c879944\">\n#top .hr.hr-invisible.av-47vwwjr-164f9388c7f9725e28cf50599c879944{\nmargin-top:-45px;\nheight:1px;\n}\n<\/style>\n<div  class='hr av-47vwwjr-164f9388c7f9725e28cf50599c879944 hr-invisible  avia-builder-el-14  avia-builder-el-no-sibling '><span class='hr-inner '><span class=\"hr-inner-style\"><\/span><\/span><\/div><\/p>\n<h2 style=\"text-align: left;\"><a href=\"https:\/\/www.pressglass.com\/wp-content\/uploads\/2017\/08\/PRESSGLASS_szyby_i_procesy_specjalne_pl.pdf\" target=\"_blank\" rel=\"noopener\">Ulotka nt. Szyb i proces\u00f3w specjalnych<\/a><a id=\"mte-href-materialy-broszury\" href=\"https:\/\/www.pressglass.com\/wp-content\/uploads\/2017\/08\/PRESSGLASS_szyby_i_procesy_specjalne_pl.pdf\" target=\"_blank\" rel=\"noopener\"><img loading=\"lazy\" decoding=\"async\" class=\"alignright wp-image-38546\" style=\"display: block;\" src=\"https:\/\/www.pressglass.com\/wp-content\/uploads\/2016\/08\/v1A-PL43.png\" alt=\"Szyby i procesy specjalne\" width=\"64\" height=\"40\" \/><\/a><\/h2>\n<p>\n<\/div><\/div><\/p><\/div>\n\n<\/div><\/div><\/div><!-- close content main div --><\/div><\/div><div id='av_section_3'  class='avia-section av-3ykauuf-7efd3dfb0a877d23ef1459e3ec752e83 main_color avia-section-no-padding avia-no-shadow  avia-builder-el-15  el_after_av_section  el_before_av_one_full  avia-bg-style-scroll container_wrap sidebar_right'  ><div class='container av-section-cont-open' ><div class='template-page content  av-content-small alpha units'><div class='post-entry post-entry-type-page post-entry-95847'><div class='entry-content-wrapper clearfix'>\n\n<style type=\"text\/css\" data-created_by=\"avia_inline_auto\" id=\"style-css-av-39pvcqv-663e9817c7ed6f294f8aebc50c8b2e70\">\n.flex_column.av-39pvcqv-663e9817c7ed6f294f8aebc50c8b2e70{\nborder-radius:0px 0px 0px 0px;\npadding:0px 0px 0px 0px;\n}\n<\/style>\n<div  class='flex_column av-39pvcqv-663e9817c7ed6f294f8aebc50c8b2e70 av_one_fifth  avia-builder-el-16  el_before_av_three_fifth  avia-builder-el-first  first flex_column_div av-zero-column-padding  '     ><\/div>\n<style type=\"text\/css\" data-created_by=\"avia_inline_auto\" id=\"style-css-av-2xbp407-d9ef79c96444f4acff05b8cb49e43138\">\n.flex_column.av-2xbp407-d9ef79c96444f4acff05b8cb49e43138{\nborder-radius:0px 0px 0px 0px;\npadding:0px 0px 0px 0px;\n}\n<\/style>\n<div  class='flex_column av-2xbp407-d9ef79c96444f4acff05b8cb49e43138 av_three_fifth  avia-builder-el-17  el_after_av_one_fifth  avia-builder-el-last  flex_column_div av-zero-column-padding  '     ><section  class='av_textblock_section av-92qll3-10b54852dc53a365bdef2d3a6e94b660 '   itemscope=\"itemscope\" itemtype=\"https:\/\/schema.org\/CreativeWork\" ><div class='avia_textblock'  itemprop=\"text\" ><h2 style=\"font-weight: 400;\">Chcesz dowiedzie\u0107 si\u0119 o nas wi\u0119cej?<\/h2>\n<h4 style=\"font-weight: 400;\">Odwied\u017a nasz\u0105 stron\u0119 internetow\u0105\u00a0<a href=\"http:\/\/www.pressglass.com\/\">www.pressglass.com<\/a>.<\/h4>\n<\/div><\/section><br \/>\n\n<style type=\"text\/css\" data-created_by=\"avia_inline_auto\" id=\"style-css-av-25yako7-d7b12f26a1f1933b28070068e8f614d7\">\n#top .hr.hr-invisible.av-25yako7-d7b12f26a1f1933b28070068e8f614d7{\nheight:50px;\n}\n<\/style>\n<div  class='hr av-25yako7-d7b12f26a1f1933b28070068e8f614d7 hr-invisible  avia-builder-el-19  el_after_av_textblock  el_before_av_textblock '><span class='hr-inner '><span class=\"hr-inner-style\"><\/span><\/span><\/div><br \/>\n<section  class='av_textblock_section av-1m5zkiv-bd92778f6a0039b9d78ef670fa233430 '   itemscope=\"itemscope\" itemtype=\"https:\/\/schema.org\/CreativeWork\" ><div class='avia_textblock'  itemprop=\"text\" ><h2 style=\"font-weight: 400;\">Masz pytania?<\/h2>\n<h4 style=\"font-weight: 400;\">Wy\u015blij zapytanie za po\u015brednictwem formularza.<\/h4>\n\n<div class=\"wpcf7 no-js\" id=\"wpcf7-f96767-o1\" lang=\"pl-PL\" dir=\"ltr\" data-wpcf7-id=\"96767\">\n<div class=\"screen-reader-response\"><p role=\"status\" aria-live=\"polite\" aria-atomic=\"true\"><\/p> <ul><\/ul><\/div>\n<form action=\"\/pl\/wp-json\/wp\/v2\/pages\/95847#wpcf7-f96767-o1\" method=\"post\" class=\"wpcf7-form init\" aria-label=\"Formularz kontaktowy\" novalidate=\"novalidate\" data-status=\"init\">\n<fieldset class=\"hidden-fields-container\"><input type=\"hidden\" name=\"_wpcf7\" value=\"96767\" \/><input type=\"hidden\" name=\"_wpcf7_version\" value=\"6.1.5\" \/><input type=\"hidden\" name=\"_wpcf7_locale\" value=\"pl_PL\" \/><input type=\"hidden\" name=\"_wpcf7_unit_tag\" value=\"wpcf7-f96767-o1\" \/><input type=\"hidden\" name=\"_wpcf7_container_post\" value=\"0\" \/><input type=\"hidden\" name=\"_wpcf7_posted_data_hash\" value=\"\" \/><input type=\"hidden\" name=\"_wpcf7_recaptcha_response\" value=\"\" \/>\n<\/fieldset>\n<div class=\"broszura\">\n\t<p><label> Imi\u0119 i nazwisko<br \/>\n<span class=\"wpcf7-form-control-wrap\" data-name=\"your-name\"><input size=\"40\" maxlength=\"400\" class=\"wpcf7-form-control wpcf7-text wpcf7-validates-as-required\" aria-required=\"true\" aria-invalid=\"false\" value=\"\" type=\"text\" name=\"your-name\" \/><\/span> <\/label>\n\t<\/p>\n\t<p><label> Adres email<br \/>\n<span class=\"wpcf7-form-control-wrap\" data-name=\"your-email\"><input size=\"40\" maxlength=\"400\" class=\"wpcf7-form-control wpcf7-email wpcf7-validates-as-required wpcf7-text wpcf7-validates-as-email\" aria-required=\"true\" aria-invalid=\"false\" value=\"\" type=\"email\" name=\"your-email\" \/><\/span> <\/label>\n\t<\/p>\n\t<p><label> Firma<br \/>\n<span class=\"wpcf7-form-control-wrap\" data-name=\"your-firm\"><input size=\"40\" maxlength=\"400\" class=\"wpcf7-form-control wpcf7-text\" aria-invalid=\"false\" value=\"\" type=\"text\" name=\"your-firm\" \/><\/span> <\/label>\n\t<\/p>\n\t<p><label> Tre\u015b\u0107 wiadomo\u015bci<br \/>\n<span class=\"wpcf7-form-control-wrap\" data-name=\"your-message\"><textarea cols=\"40\" rows=\"10\" maxlength=\"2000\" class=\"wpcf7-form-control wpcf7-textarea wpcf7-validates-as-required\" aria-required=\"true\" aria-invalid=\"false\" name=\"your-message\"><\/textarea><\/span> <\/label>\n\t<\/p>\n\t<p><input class=\"wpcf7-form-control wpcf7-submit has-spinner\" type=\"submit\" value=\"Wy\u015blij\" \/>\n\t<\/p>\n<\/div><div class=\"wpcf7-response-output\" aria-hidden=\"true\"><\/div>\n<\/form>\n<\/div>\n\n<\/div><\/section><br \/>\n<\/p><\/div><\/div><\/div><\/div><!-- close content main div --><\/div><\/div><div id='after_section_3'  class='main_color av_default_container_wrap container_wrap sidebar_right'  ><div class='container av-section-cont-open' ><div class='template-page content  av-content-small alpha units'><div class='post-entry post-entry-type-page post-entry-95847'><div class='entry-content-wrapper clearfix'>\n<style type=\"text\/css\" data-created_by=\"avia_inline_auto\" id=\"style-css-av-122jrd3-ca47de3568e4f00b5d35a09ad2c1cf19\">\n.flex_column.av-122jrd3-ca47de3568e4f00b5d35a09ad2c1cf19{\nborder-radius:0px 0px 0px 0px;\npadding:0px 0px 0px 0px;\n}\n<\/style>\n<div  class='flex_column av-122jrd3-ca47de3568e4f00b5d35a09ad2c1cf19 av_one_full  avia-builder-el-22  el_after_av_section  avia-builder-el-no-sibling  first flex_column_div av-zero-column-padding  '     ><style type=\"text\/css\" data-created_by=\"avia_inline_auto\" id=\"style-css-av-r12rwn-d6c22237441b01e7f117319e00a8397d\">\n#top .hr.hr-invisible.av-r12rwn-d6c22237441b01e7f117319e00a8397d{\nheight:10px;\n}\n<\/style>\n<div  class='hr av-r12rwn-d6c22237441b01e7f117319e00a8397d hr-invisible  avia-builder-el-23  avia-builder-el-no-sibling '><span class='hr-inner '><span class=\"hr-inner-style\"><\/span><\/span><\/div><\/div><\/p>\n","protected":false},"excerpt":{"rendered":"","protected":false},"author":20,"featured_media":0,"parent":0,"menu_order":12,"comment_status":"closed","ping_status":"closed","template":"","meta":{"footnotes":""},"class_list":["post-95847","page","type-page","status-publish","hentry"],"yoast_head":"<!-- This site is optimized with the Yoast SEO plugin v27.3 - https:\/\/yoast.com\/product\/yoast-seo-wordpress\/ -->\n<title>PDF do pobrania - PRESS GLASS Holding SA<\/title>\n<meta name=\"description\" content=\"Materia\u0142y i broszury informacyjne do pobrania: katalog wizerunkowy, materia\u0142y dotycz\u0105ce poszczeg\u00f3lnych rodzaj\u00f3w szyb, katalog obiekt\u00f3w referencyjnych.\" \/>\n<meta name=\"robots\" content=\"index, follow, max-snippet:-1, max-image-preview:large, max-video-preview:-1\" \/>\n<link rel=\"canonical\" href=\"https:\/\/www.pressglass.com\/pl\/pdf-do-pobrania\/\" \/>\n<meta name=\"twitter:label1\" content=\"Szacowany czas czytania\" \/>\n\t<meta name=\"twitter:data1\" content=\"12 minut\" \/>\n<script type=\"application\/ld+json\" class=\"yoast-schema-graph\">{\"@context\":\"https:\\\/\\\/schema.org\",\"@graph\":[{\"@type\":\"WebPage\",\"@id\":\"https:\\\/\\\/www.pressglass.com\\\/pl\\\/pdf-do-pobrania\\\/\",\"url\":\"https:\\\/\\\/www.pressglass.com\\\/pl\\\/pdf-do-pobrania\\\/\",\"name\":\"PDF do pobrania - PRESS GLASS Holding SA\",\"isPartOf\":{\"@id\":\"https:\\\/\\\/www.pressglass.com\\\/it\\\/#website\"},\"primaryImageOfPage\":{\"@id\":\"https:\\\/\\\/www.pressglass.com\\\/pl\\\/pdf-do-pobrania\\\/#primaryimage\"},\"image\":{\"@id\":\"https:\\\/\\\/www.pressglass.com\\\/pl\\\/pdf-do-pobrania\\\/#primaryimage\"},\"thumbnailUrl\":\"https:\\\/\\\/www.pressglass.com\\\/wp-content\\\/uploads\\\/2016\\\/08\\\/v1A-PL43.png\",\"datePublished\":\"2018-04-11T08:43:07+00:00\",\"dateModified\":\"2022-02-08T13:06:17+00:00\",\"description\":\"Materia\u0142y i broszury informacyjne do pobrania: katalog wizerunkowy, materia\u0142y dotycz\u0105ce poszczeg\u00f3lnych rodzaj\u00f3w szyb, katalog obiekt\u00f3w referencyjnych.\",\"breadcrumb\":{\"@id\":\"https:\\\/\\\/www.pressglass.com\\\/pl\\\/pdf-do-pobrania\\\/#breadcrumb\"},\"inLanguage\":\"pl-PL\",\"potentialAction\":[{\"@type\":\"ReadAction\",\"target\":[\"https:\\\/\\\/www.pressglass.com\\\/pl\\\/pdf-do-pobrania\\\/\"]}]},{\"@type\":\"ImageObject\",\"inLanguage\":\"pl-PL\",\"@id\":\"https:\\\/\\\/www.pressglass.com\\\/pl\\\/pdf-do-pobrania\\\/#primaryimage\",\"url\":\"https:\\\/\\\/www.pressglass.com\\\/wp-content\\\/uploads\\\/2016\\\/08\\\/v1A-PL43.png\",\"contentUrl\":\"https:\\\/\\\/www.pressglass.com\\\/wp-content\\\/uploads\\\/2016\\\/08\\\/v1A-PL43.png\"},{\"@type\":\"BreadcrumbList\",\"@id\":\"https:\\\/\\\/www.pressglass.com\\\/pl\\\/pdf-do-pobrania\\\/#breadcrumb\",\"itemListElement\":[{\"@type\":\"ListItem\",\"position\":1,\"name\":\"Strona g\u0142\u00f3wna\",\"item\":\"https:\\\/\\\/www.pressglass.com\\\/pl\\\/\"},{\"@type\":\"ListItem\",\"position\":2,\"name\":\"PDF do pobrania\"}]},{\"@type\":\"WebSite\",\"@id\":\"https:\\\/\\\/www.pressglass.com\\\/it\\\/#website\",\"url\":\"https:\\\/\\\/www.pressglass.com\\\/it\\\/\",\"name\":\"PRESS GLASS Holding SA\",\"description\":\"\",\"potentialAction\":[{\"@type\":\"SearchAction\",\"target\":{\"@type\":\"EntryPoint\",\"urlTemplate\":\"https:\\\/\\\/www.pressglass.com\\\/it\\\/?s={search_term_string}\"},\"query-input\":{\"@type\":\"PropertyValueSpecification\",\"valueRequired\":true,\"valueName\":\"search_term_string\"}}],\"inLanguage\":\"pl-PL\"}]}<\/script>\n<!-- \/ Yoast SEO plugin. -->","yoast_head_json":{"title":"PDF do pobrania - PRESS GLASS Holding SA","description":"Materia\u0142y i broszury informacyjne do pobrania: katalog wizerunkowy, materia\u0142y dotycz\u0105ce poszczeg\u00f3lnych rodzaj\u00f3w szyb, katalog obiekt\u00f3w referencyjnych.","robots":{"index":"index","follow":"follow","max-snippet":"max-snippet:-1","max-image-preview":"max-image-preview:large","max-video-preview":"max-video-preview:-1"},"canonical":"https:\/\/www.pressglass.com\/pl\/pdf-do-pobrania\/","twitter_misc":{"Szacowany czas czytania":"12 minut"},"schema":{"@context":"https:\/\/schema.org","@graph":[{"@type":"WebPage","@id":"https:\/\/www.pressglass.com\/pl\/pdf-do-pobrania\/","url":"https:\/\/www.pressglass.com\/pl\/pdf-do-pobrania\/","name":"PDF do pobrania - PRESS GLASS Holding SA","isPartOf":{"@id":"https:\/\/www.pressglass.com\/it\/#website"},"primaryImageOfPage":{"@id":"https:\/\/www.pressglass.com\/pl\/pdf-do-pobrania\/#primaryimage"},"image":{"@id":"https:\/\/www.pressglass.com\/pl\/pdf-do-pobrania\/#primaryimage"},"thumbnailUrl":"https:\/\/www.pressglass.com\/wp-content\/uploads\/2016\/08\/v1A-PL43.png","datePublished":"2018-04-11T08:43:07+00:00","dateModified":"2022-02-08T13:06:17+00:00","description":"Materia\u0142y i broszury informacyjne do pobrania: katalog wizerunkowy, materia\u0142y dotycz\u0105ce poszczeg\u00f3lnych rodzaj\u00f3w szyb, katalog obiekt\u00f3w referencyjnych.","breadcrumb":{"@id":"https:\/\/www.pressglass.com\/pl\/pdf-do-pobrania\/#breadcrumb"},"inLanguage":"pl-PL","potentialAction":[{"@type":"ReadAction","target":["https:\/\/www.pressglass.com\/pl\/pdf-do-pobrania\/"]}]},{"@type":"ImageObject","inLanguage":"pl-PL","@id":"https:\/\/www.pressglass.com\/pl\/pdf-do-pobrania\/#primaryimage","url":"https:\/\/www.pressglass.com\/wp-content\/uploads\/2016\/08\/v1A-PL43.png","contentUrl":"https:\/\/www.pressglass.com\/wp-content\/uploads\/2016\/08\/v1A-PL43.png"},{"@type":"BreadcrumbList","@id":"https:\/\/www.pressglass.com\/pl\/pdf-do-pobrania\/#breadcrumb","itemListElement":[{"@type":"ListItem","position":1,"name":"Strona g\u0142\u00f3wna","item":"https:\/\/www.pressglass.com\/pl\/"},{"@type":"ListItem","position":2,"name":"PDF do pobrania"}]},{"@type":"WebSite","@id":"https:\/\/www.pressglass.com\/it\/#website","url":"https:\/\/www.pressglass.com\/it\/","name":"PRESS GLASS Holding SA","description":"","potentialAction":[{"@type":"SearchAction","target":{"@type":"EntryPoint","urlTemplate":"https:\/\/www.pressglass.com\/it\/?s={search_term_string}"},"query-input":{"@type":"PropertyValueSpecification","valueRequired":true,"valueName":"search_term_string"}}],"inLanguage":"pl-PL"}]}},"rttpg_featured_image_url":null,"rttpg_author":{"display_name":"Kamil","author_link":"https:\/\/www.pressglass.com\/pl\/author\/kamil-janikiewicz\/"},"rttpg_comment":0,"rttpg_category":" <a href=\"https:\/\/www.pressglass.com\/pl\/?taxonomy=translation_priority&#038;term=opcjonalne-pl\" rel=\"tag\">Opcjonalne<\/a>","rttpg_excerpt":null,"_links":{"self":[{"href":"https:\/\/www.pressglass.com\/pl\/wp-json\/wp\/v2\/pages\/95847","targetHints":{"allow":["GET"]}}],"collection":[{"href":"https:\/\/www.pressglass.com\/pl\/wp-json\/wp\/v2\/pages"}],"about":[{"href":"https:\/\/www.pressglass.com\/pl\/wp-json\/wp\/v2\/types\/page"}],"author":[{"embeddable":true,"href":"https:\/\/www.pressglass.com\/pl\/wp-json\/wp\/v2\/users\/20"}],"replies":[{"embeddable":true,"href":"https:\/\/www.pressglass.com\/pl\/wp-json\/wp\/v2\/comments?post=95847"}],"version-history":[{"count":22,"href":"https:\/\/www.pressglass.com\/pl\/wp-json\/wp\/v2\/pages\/95847\/revisions"}],"predecessor-version":[{"id":162686,"href":"https:\/\/www.pressglass.com\/pl\/wp-json\/wp\/v2\/pages\/95847\/revisions\/162686"}],"wp:attachment":[{"href":"https:\/\/www.pressglass.com\/pl\/wp-json\/wp\/v2\/media?parent=95847"}],"curies":[{"name":"wp","href":"https:\/\/api.w.org\/{rel}","templated":true}]}}