{"id":64671,"date":"2017-04-20T23:03:30","date_gmt":"2017-04-20T21:03:30","guid":{"rendered":"https:\/\/www.pressglass.com\/?page_id=64671\/"},"modified":"2022-02-08T14:06:01","modified_gmt":"2022-02-08T13:06:01","slug":"o-firmie-lp","status":"publish","type":"page","link":"https:\/\/www.pressglass.com\/pl\/o-firmie-lp\/","title":{"rendered":"O firmie LP"},"content":{"rendered":"\n<style type=\"text\/css\" data-created_by=\"avia_inline_auto\" id=\"style-css-av-av_section-9b8c23e98d317c0bd7870a5e09f715b2\">\n.avia-section.av-av_section-9b8c23e98d317c0bd7870a5e09f715b2{\nbackground-repeat:no-repeat;\nbackground-image:url(https:\/\/www.pressglass.com\/wp-content\/uploads\/2014\/11\/Slider-our-vision.jpg);\nbackground-position:50% 0%;\nbackground-attachment:scroll;\n}\n<\/style>\n<div id='av_section_1'  class='avia-section av-av_section-9b8c23e98d317c0bd7870a5e09f715b2 main_color avia-section-default avia-no-border-styling  avia-builder-el-0  el_before_av_one_full  avia-builder-el-first  avia-full-stretch avia-bg-style-scroll av-minimum-height av-minimum-height-custom av-height-custom  container_wrap sidebar_right'  data-section-bg-repeat='stretch' data-av_minimum_height_px='285'><div class='container av-section-cont-open' style='height:285px'><main  role=\"main\" itemprop=\"mainContentOfPage\"  class='template-page content  av-content-small alpha units'><div class='post-entry post-entry-type-page post-entry-64671'><div class='entry-content-wrapper clearfix'><\/div><\/div><\/main><!-- close content main element --><\/div><\/div><div id='after_section_1'  class='main_color av_default_container_wrap container_wrap sidebar_right'  ><div class='container av-section-cont-open' ><div class='template-page content  av-content-small alpha units'><div class='post-entry post-entry-type-page post-entry-64671'><div class='entry-content-wrapper clearfix'>\n<div  class='flex_column av-av_one_full-2a9015ff38129c418a3f2eafba3e9512 av_one_full  avia-builder-el-1  el_after_av_section  el_before_av_one_half  avia-builder-el-first  first flex_column_div  '     ><style type=\"text\/css\" data-created_by=\"avia_inline_auto\" id=\"style-css-av-av_heading-1c3da6bef08f136092e716d5fe42c9c3\">\n#top .av-special-heading.av-av_heading-1c3da6bef08f136092e716d5fe42c9c3{\npadding-bottom:10px;\n}\nbody .av-special-heading.av-av_heading-1c3da6bef08f136092e716d5fe42c9c3 .av-special-heading-tag .heading-char{\nfont-size:25px;\n}\n.av-special-heading.av-av_heading-1c3da6bef08f136092e716d5fe42c9c3 .av-subheading{\nfont-size:15px;\n}\n<\/style>\n<div  class='av-special-heading av-av_heading-1c3da6bef08f136092e716d5fe42c9c3 av-special-heading-h1  avia-builder-el-2  avia-builder-el-no-sibling '><h1 class='av-special-heading-tag '  itemprop=\"headline\"  >O firmie<\/h1><div class=\"special-heading-border\"><div class=\"special-heading-inner-border\"><\/div><\/div><\/div><\/div>\n<div  class='flex_column av-av_one_half-2a9015ff38129c418a3f2eafba3e9512 av_one_half  avia-builder-el-3  el_after_av_one_full  el_before_av_one_half  first flex_column_div  column-top-margin'     ><section  class='av_textblock_section av-av_textblock-0366cc7376be6c9e82a3e9cc8987b64f '   itemscope=\"itemscope\" itemtype=\"https:\/\/schema.org\/CreativeWork\" ><div class='avia_textblock'  itemprop=\"text\" ><p>Od pocz\u0105tku naszej dzia\u0142alno\u015bci mamy jasn\u0105 wizj\u0119. Budujemy nowoczesn\u0105, dynamiczn\u0105 i <strong>aktywn\u0105 globalnie firm\u0119<\/strong>, kt\u00f3ra przyczynia si\u0119 do rozwoju swoich Partner\u00f3w Biznesowych. Nasz\u0105 misj\u0105 jest zaspokajanie wymaga\u0144 Klient\u00f3w i tym samym\u00a0<strong>wzmacnianie ich konkurencyjno\u015bci<\/strong>.<\/p>\n<\/div><\/section><\/div>\n\n<style type=\"text\/css\" data-created_by=\"avia_inline_auto\" id=\"style-css-av-av_one_half-c8fc129dc35fd1ae2a1e410224d39ea8\">\n.flex_column.av-av_one_half-c8fc129dc35fd1ae2a1e410224d39ea8{\nborder-radius:0px 0px 0px 0px;\npadding:0px 0px 0px 0px;\n}\n<\/style>\n<div  class='flex_column av-av_one_half-c8fc129dc35fd1ae2a1e410224d39ea8 av_one_half  avia-builder-el-5  el_after_av_one_half  el_before_av_one_fifth  flex_column_div av-zero-column-padding  column-top-margin'     ><section  class='av_textblock_section av-av_textblock-0366cc7376be6c9e82a3e9cc8987b64f '   itemscope=\"itemscope\" itemtype=\"https:\/\/schema.org\/CreativeWork\" ><div class='avia_textblock'  itemprop=\"text\" ><p>Naszym Partnerom Biznesowym oferujemy warto\u015b\u0107 dodan\u0105, kt\u00f3r\u0105 rozumiemy jako wzbogacanie naszych produkt\u00f3w, us\u0142ug i rozwi\u0105za\u0144 o nowe, lepsze cechy i warto\u015bci.<\/p>\n<p>Dzi\u0119ki zaufaniu, jakim Klienci obdarzyli nas i reprezentowane przez nas warto\u015bci, stali\u015bmy si\u0119 <strong>wiod\u0105cym europejskim dostawc\u0105<\/strong> p\u0142askiego szk\u0142a przetworzonego dla budownictwa.<\/p>\n<\/div><\/section><\/div>\n<div  class='flex_column av-av_one_fifth-2a9015ff38129c418a3f2eafba3e9512 av_one_fifth  avia-builder-el-7  el_after_av_one_half  el_before_av_three_fifth  first flex_column_div  column-top-margin'     ><\/div>\n\n<style type=\"text\/css\" data-created_by=\"avia_inline_auto\" id=\"style-css-av-av_three_fifth-c8fc129dc35fd1ae2a1e410224d39ea8\">\n.flex_column.av-av_three_fifth-c8fc129dc35fd1ae2a1e410224d39ea8{\nborder-radius:0px 0px 0px 0px;\npadding:0px 0px 0px 0px;\n}\n<\/style>\n<div  class='flex_column av-av_three_fifth-c8fc129dc35fd1ae2a1e410224d39ea8 av_three_fifth  avia-builder-el-8  el_after_av_one_fifth  el_before_av_one_fifth  flex_column_div av-zero-column-padding  column-top-margin'     ><div  class='avia-video av-av_video-0d8b8f40b3c8911ff7b78bc89333f187 avia-video-16-9 av-no-preview-image avia-video-load-always av-lazyload-immediate av-lazyload-video-embed'  itemprop=\"video\" itemtype=\"https:\/\/schema.org\/VideoObject\"  data-original_url='https:\/\/youtu.be\/viygUp-ywgo'><script type='text\/html' class='av-video-tmpl'><div class='avia-iframe-wrap'><iframe loading=\"lazy\" width=\"1500\" height=\"844\" src=\"https:\/\/www.youtube.com\/embed\/viygUp-ywgo?feature=oembed&autoplay=0&loop=0&controls=1&mute=0\" frameborder=\"0\" allowfullscreen><\/iframe><\/div><\/script><div class='av-click-to-play-overlay'><div class=\"avia_playpause_icon\"><\/div><\/div><\/div><\/div>\n\n<style type=\"text\/css\" data-created_by=\"avia_inline_auto\" id=\"style-css-av-av_one_fifth-c8fc129dc35fd1ae2a1e410224d39ea8\">\n.flex_column.av-av_one_fifth-c8fc129dc35fd1ae2a1e410224d39ea8{\nborder-radius:0px 0px 0px 0px;\npadding:0px 0px 0px 0px;\n}\n<\/style>\n<div  class='flex_column av-av_one_fifth-c8fc129dc35fd1ae2a1e410224d39ea8 av_one_fifth  avia-builder-el-10  el_after_av_three_fifth  el_before_av_one_fifth  flex_column_div av-zero-column-padding  column-top-margin'     ><\/div>\n<div  class='flex_column av-av_one_fifth-2a9015ff38129c418a3f2eafba3e9512 av_one_fifth  avia-builder-el-11  el_after_av_one_fifth  el_before_av_three_fifth  first flex_column_div  column-top-margin'     ><\/div>\n\n<style type=\"text\/css\" data-created_by=\"avia_inline_auto\" id=\"style-css-av-av_three_fifth-c8fc129dc35fd1ae2a1e410224d39ea8\">\n.flex_column.av-av_three_fifth-c8fc129dc35fd1ae2a1e410224d39ea8{\nborder-radius:0px 0px 0px 0px;\npadding:0px 0px 0px 0px;\n}\n<\/style>\n<div  class='flex_column av-av_three_fifth-c8fc129dc35fd1ae2a1e410224d39ea8 av_three_fifth  avia-builder-el-12  el_after_av_one_fifth  el_before_av_one_fifth  flex_column_div av-zero-column-padding  column-top-margin'     ><p><form action=\"https:\/\/www.pressglass.com\/pl\/o-firmie-lp\/\" method=\"post\" data-fields-with-error=\"Found errors in the following field(s):\" class=\"avia_ajax_form av-form-labels-visible   avia-builder-el-13  el_before_av_codeblock  avia-builder-el-first   \" data-avia-form-id=\"1\" data-avia-redirect='' ><h3 class=''>Skontaktuj si\u0119 z nami:<\/h3><fieldset><p class='  first_form  form_element form_fullwidth' id='element_avia_1_1'><label for=\"avia_1_1\">Imi\u0119 <abbr class=\"required\" title=\"required\">*<\/abbr><\/label> <input name=\"avia_1_1\" class=\"text_input is_empty\" type=\"text\" id=\"avia_1_1\" value=\"\" \/><\/p><p class='  first_form  form_element form_fullwidth' id='element_avia_2_1'><label for=\"avia_2_1\">E-Mail <abbr class=\"required\" title=\"required\">*<\/abbr><\/label> <input name=\"avia_2_1\" class=\"text_input is_email\" type=\"text\" id=\"avia_2_1\" value=\"\" \/><\/p><p class='  first_form  form_element form_fullwidth' id='element_avia_3_1'><label for=\"avia_3_1\">Temat <abbr class=\"required\" title=\"required\">*<\/abbr><\/label> <input name=\"avia_3_1\" class=\"text_input is_empty\" type=\"text\" id=\"avia_3_1\" value=\"\" \/><\/p><p class='  first_form  form_element form_fullwidth av-last-visible-form-element' id='element_avia_4_1'><label for=\"avia_4_1\" class=\"textare_label hidden textare_label_avia_4_1\">Wiadomo\u015b\u0107 <abbr class=\"required\" title=\"required\">*<\/abbr><\/label><textarea  name=\"avia_4_1\" class=\"text_area is_empty\" cols=\"40\" rows=\"7\" id=\"avia_4_1\" ><\/textarea><\/p><p class=\"hidden\"><input type=\"text\" name=\"avia_5_1\" class=\"hidden \" id=\"avia_5_1\" value=\"\" \/><\/p><p class=\"form_element \"><input type=\"hidden\" value=\"1\" name=\"avia_generated_form1\" \/><input type=\"submit\" value=\"Wy\u015blij\" class=\"button\"  data-sending-label=\"Trwa wysy\u0142anie...\"\/><\/p><\/fieldset><\/form><div id=\"ajaxresponse_1\" class=\"ajaxresponse ajaxresponse_1 hidden\"><\/div><br \/>\n<\/p><\/div>\n<style type=\"text\/css\" data-created_by=\"avia_inline_auto\" id=\"style-css-av-av_one_fifth-c8fc129dc35fd1ae2a1e410224d39ea8\">\n.flex_column.av-av_one_fifth-c8fc129dc35fd1ae2a1e410224d39ea8{\nborder-radius:0px 0px 0px 0px;\npadding:0px 0px 0px 0px;\n}\n<\/style>\n<div  class='flex_column av-av_one_fifth-c8fc129dc35fd1ae2a1e410224d39ea8 av_one_fifth  avia-builder-el-15  el_after_av_three_fifth  avia-builder-el-last  flex_column_div av-zero-column-padding  column-top-margin'     ><\/div><\/p>\n","protected":false},"excerpt":{"rendered":"","protected":false},"author":32,"featured_media":0,"parent":0,"menu_order":2,"comment_status":"open","ping_status":"closed","template":"","meta":{"footnotes":""},"class_list":["post-64671","page","type-page","status-publish","hentry"],"yoast_head":"<!-- This site is optimized with the Yoast SEO plugin v27.3 - https:\/\/yoast.com\/product\/yoast-seo-wordpress\/ -->\n<title>O firmie LP - PRESS GLASS Holding SA<\/title>\n<meta name=\"description\" content=\"Od pocz\u0105tku naszej dzia\u0142alno\u015bci mamy jasn\u0105 wizj\u0119 rozwoju. Budujemy nowoczesn\u0105 i dynamiczn\u0105 firm\u0119 o zasi\u0119gu globalnym, kt\u00f3ra przyczynia si\u0119 do rozwoju swoich Partner\u00f3w Biznesowych.\" \/>\n<meta name=\"robots\" content=\"index, follow, max-snippet:-1, max-image-preview:large, max-video-preview:-1\" \/>\n<link rel=\"canonical\" href=\"https:\/\/www.pressglass.com\/pl\/o-firmie-lp\/\" \/>\n<meta name=\"twitter:label1\" content=\"Szacowany czas czytania\" \/>\n\t<meta name=\"twitter:data1\" content=\"8 minut\" \/>\n<script type=\"application\/ld+json\" class=\"yoast-schema-graph\">{\"@context\":\"https:\\\/\\\/schema.org\",\"@graph\":[{\"@type\":\"WebPage\",\"@id\":\"https:\\\/\\\/www.pressglass.com\\\/pl\\\/o-firmie-lp\\\/\",\"url\":\"https:\\\/\\\/www.pressglass.com\\\/pl\\\/o-firmie-lp\\\/\",\"name\":\"O firmie LP - PRESS GLASS Holding SA\",\"isPartOf\":{\"@id\":\"https:\\\/\\\/www.pressglass.com\\\/it\\\/#website\"},\"datePublished\":\"2017-04-20T21:03:30+00:00\",\"dateModified\":\"2022-02-08T13:06:01+00:00\",\"description\":\"Od pocz\u0105tku naszej dzia\u0142alno\u015bci mamy jasn\u0105 wizj\u0119 rozwoju. Budujemy nowoczesn\u0105 i dynamiczn\u0105 firm\u0119 o zasi\u0119gu globalnym, kt\u00f3ra przyczynia si\u0119 do rozwoju swoich Partner\u00f3w Biznesowych.\",\"breadcrumb\":{\"@id\":\"https:\\\/\\\/www.pressglass.com\\\/pl\\\/o-firmie-lp\\\/#breadcrumb\"},\"inLanguage\":\"pl-PL\",\"potentialAction\":[{\"@type\":\"ReadAction\",\"target\":[\"https:\\\/\\\/www.pressglass.com\\\/pl\\\/o-firmie-lp\\\/\"]}]},{\"@type\":\"BreadcrumbList\",\"@id\":\"https:\\\/\\\/www.pressglass.com\\\/pl\\\/o-firmie-lp\\\/#breadcrumb\",\"itemListElement\":[{\"@type\":\"ListItem\",\"position\":1,\"name\":\"Strona g\u0142\u00f3wna\",\"item\":\"https:\\\/\\\/www.pressglass.com\\\/pl\\\/\"},{\"@type\":\"ListItem\",\"position\":2,\"name\":\"O firmie LP\"}]},{\"@type\":\"WebSite\",\"@id\":\"https:\\\/\\\/www.pressglass.com\\\/it\\\/#website\",\"url\":\"https:\\\/\\\/www.pressglass.com\\\/it\\\/\",\"name\":\"PRESS GLASS Holding SA\",\"description\":\"\",\"potentialAction\":[{\"@type\":\"SearchAction\",\"target\":{\"@type\":\"EntryPoint\",\"urlTemplate\":\"https:\\\/\\\/www.pressglass.com\\\/it\\\/?s={search_term_string}\"},\"query-input\":{\"@type\":\"PropertyValueSpecification\",\"valueRequired\":true,\"valueName\":\"search_term_string\"}}],\"inLanguage\":\"pl-PL\"}]}<\/script>\n<!-- \/ Yoast SEO plugin. -->","yoast_head_json":{"title":"O firmie LP - PRESS GLASS Holding SA","description":"Od pocz\u0105tku naszej dzia\u0142alno\u015bci mamy jasn\u0105 wizj\u0119 rozwoju. Budujemy nowoczesn\u0105 i dynamiczn\u0105 firm\u0119 o zasi\u0119gu globalnym, kt\u00f3ra przyczynia si\u0119 do rozwoju swoich Partner\u00f3w Biznesowych.","robots":{"index":"index","follow":"follow","max-snippet":"max-snippet:-1","max-image-preview":"max-image-preview:large","max-video-preview":"max-video-preview:-1"},"canonical":"https:\/\/www.pressglass.com\/pl\/o-firmie-lp\/","twitter_misc":{"Szacowany czas czytania":"8 minut"},"schema":{"@context":"https:\/\/schema.org","@graph":[{"@type":"WebPage","@id":"https:\/\/www.pressglass.com\/pl\/o-firmie-lp\/","url":"https:\/\/www.pressglass.com\/pl\/o-firmie-lp\/","name":"O firmie LP - PRESS GLASS Holding SA","isPartOf":{"@id":"https:\/\/www.pressglass.com\/it\/#website"},"datePublished":"2017-04-20T21:03:30+00:00","dateModified":"2022-02-08T13:06:01+00:00","description":"Od pocz\u0105tku naszej dzia\u0142alno\u015bci mamy jasn\u0105 wizj\u0119 rozwoju. Budujemy nowoczesn\u0105 i dynamiczn\u0105 firm\u0119 o zasi\u0119gu globalnym, kt\u00f3ra przyczynia si\u0119 do rozwoju swoich Partner\u00f3w Biznesowych.","breadcrumb":{"@id":"https:\/\/www.pressglass.com\/pl\/o-firmie-lp\/#breadcrumb"},"inLanguage":"pl-PL","potentialAction":[{"@type":"ReadAction","target":["https:\/\/www.pressglass.com\/pl\/o-firmie-lp\/"]}]},{"@type":"BreadcrumbList","@id":"https:\/\/www.pressglass.com\/pl\/o-firmie-lp\/#breadcrumb","itemListElement":[{"@type":"ListItem","position":1,"name":"Strona g\u0142\u00f3wna","item":"https:\/\/www.pressglass.com\/pl\/"},{"@type":"ListItem","position":2,"name":"O firmie LP"}]},{"@type":"WebSite","@id":"https:\/\/www.pressglass.com\/it\/#website","url":"https:\/\/www.pressglass.com\/it\/","name":"PRESS GLASS Holding SA","description":"","potentialAction":[{"@type":"SearchAction","target":{"@type":"EntryPoint","urlTemplate":"https:\/\/www.pressglass.com\/it\/?s={search_term_string}"},"query-input":{"@type":"PropertyValueSpecification","valueRequired":true,"valueName":"search_term_string"}}],"inLanguage":"pl-PL"}]}},"rttpg_featured_image_url":null,"rttpg_author":{"display_name":"Piotr Suszek","author_link":"https:\/\/www.pressglass.com\/pl\/author\/piotr-suszek\/"},"rttpg_comment":0,"rttpg_category":" <a href=\"https:\/\/www.pressglass.com\/pl\/?taxonomy=translation_priority&#038;term=opcjonalne-pl\" rel=\"tag\">Opcjonalne<\/a>","rttpg_excerpt":null,"_links":{"self":[{"href":"https:\/\/www.pressglass.com\/pl\/wp-json\/wp\/v2\/pages\/64671","targetHints":{"allow":["GET"]}}],"collection":[{"href":"https:\/\/www.pressglass.com\/pl\/wp-json\/wp\/v2\/pages"}],"about":[{"href":"https:\/\/www.pressglass.com\/pl\/wp-json\/wp\/v2\/types\/page"}],"author":[{"embeddable":true,"href":"https:\/\/www.pressglass.com\/pl\/wp-json\/wp\/v2\/users\/32"}],"replies":[{"embeddable":true,"href":"https:\/\/www.pressglass.com\/pl\/wp-json\/wp\/v2\/comments?post=64671"}],"version-history":[{"count":11,"href":"https:\/\/www.pressglass.com\/pl\/wp-json\/wp\/v2\/pages\/64671\/revisions"}],"predecessor-version":[{"id":133398,"href":"https:\/\/www.pressglass.com\/pl\/wp-json\/wp\/v2\/pages\/64671\/revisions\/133398"}],"wp:attachment":[{"href":"https:\/\/www.pressglass.com\/pl\/wp-json\/wp\/v2\/media?parent=64671"}],"curies":[{"name":"wp","href":"https:\/\/api.w.org\/{rel}","templated":true}]}}