{"id":44029,"date":"2016-10-06T11:45:22","date_gmt":"2016-10-06T09:45:22","guid":{"rendered":"https:\/\/www.pressglass.com\/?page_id=44029"},"modified":"2022-12-06T15:00:19","modified_gmt":"2022-12-06T14:00:19","slug":"deklaracje-wlasciwosci","status":"publish","type":"page","link":"https:\/\/www.pressglass.com\/pl\/deklaracje-wlasciwosci\/deklaracje-wlasciwosci\/","title":{"rendered":"Deklaracje w\u0142a\u015bciwo\u015bci"},"content":{"rendered":"\n<style type=\"text\/css\" data-created_by=\"avia_inline_auto\" id=\"style-css-av-7kyqin1-1f56fbd0f666921b4f3110b40f059778\">\n.avia-section.av-7kyqin1-1f56fbd0f666921b4f3110b40f059778{\nbackground-repeat:no-repeat;\nbackground-image:url(https:\/\/www.pressglass.com\/wp-content\/uploads\/2015\/06\/slider-ce.jpg);\nbackground-position:50% 0%;\nbackground-attachment:scroll;\n}\n<\/style>\n<div id='av_section_1'  class='avia-section av-7kyqin1-1f56fbd0f666921b4f3110b40f059778 main_color avia-section-no-padding avia-no-border-styling  avia-builder-el-0  el_before_av_one_full  avia-builder-el-first  avia-full-stretch avia-bg-style-scroll av-minimum-height av-minimum-height-custom av-height-custom  container_wrap sidebar_right'  data-section-bg-repeat='stretch' data-av_minimum_height_px='285'><div class='container av-section-cont-open' style='height:285px'><main  role=\"main\" itemprop=\"mainContentOfPage\"  class='template-page content  av-content-small alpha units'><div class='post-entry post-entry-type-page post-entry-44029'><div class='entry-content-wrapper clearfix'><\/div><\/div><\/main><!-- close content main element --><\/div><\/div><div id='after_section_1'  class='main_color av_default_container_wrap container_wrap sidebar_right'  ><div class='container av-section-cont-open' ><div class='template-page content  av-content-small alpha units'><div class='post-entry post-entry-type-page post-entry-44029'><div class='entry-content-wrapper clearfix'>\n<div  class='flex_column av-704v27x-2742528feca6e2163fff043137ef01f5 av_one_full  avia-builder-el-1  el_after_av_section  el_before_av_one_half  avia-builder-el-first  first flex_column_div  '     ><style type=\"text\/css\" data-created_by=\"avia_inline_auto\" id=\"style-css-av-6qw1r25-1cc824b402398e4bd580765aaac88ea1\">\n#top .av-special-heading.av-6qw1r25-1cc824b402398e4bd580765aaac88ea1{\npadding-bottom:10px;\n}\nbody .av-special-heading.av-6qw1r25-1cc824b402398e4bd580765aaac88ea1 .av-special-heading-tag .heading-char{\nfont-size:25px;\n}\n.av-special-heading.av-6qw1r25-1cc824b402398e4bd580765aaac88ea1 .av-subheading{\nfont-size:15px;\n}\n<\/style>\n<div  class='av-special-heading av-6qw1r25-1cc824b402398e4bd580765aaac88ea1 av-special-heading-h1  avia-builder-el-2  avia-builder-el-no-sibling '><h1 class='av-special-heading-tag '  itemprop=\"headline\"  >Deklaracje w\u0142a\u015bciwo\u015bci<\/h1><div class=\"special-heading-border\"><div class=\"special-heading-inner-border\"><\/div><\/div><\/div><\/div>\n<div  class='flex_column av-6abd4l9-d72c17a7cdb4152d7831a6577f5f710d av_one_half  avia-builder-el-3  el_after_av_one_full  el_before_av_one_half  first flex_column_div  column-top-margin'     ><section  class='av_textblock_section av-5yyrc4d-eed106ace08f865e0cd0322f1104660c '   itemscope=\"itemscope\" itemtype=\"https:\/\/schema.org\/CreativeWork\" ><div class='avia_textblock'  itemprop=\"text\" ><p>Oznakowanie CE zosta\u0142o przyj\u0119te w celu ujednolicenia wymaga\u0144 stawianych wobec produkt\u00f3w w krajach Unii Europejskiej, kt\u00f3re przyj\u0119\u0142y tzw. normy zharmonizowane (hEN). Normy te to dokumenty zatwierdzone przez Comit\u00e9 Europ\u00e9en de Normalisation (CEN), reprezentuj\u0105cy &#8211; zgodnie z mandatem Komisji Europejskiej &#8211; krajowe jednostki normalizacyjne.<\/p>\n<\/div><\/section><\/div>\n\n<style type=\"text\/css\" data-created_by=\"avia_inline_auto\" id=\"style-css-av-5fnpwil-e7c5a15d0d333a4af0897d1225a3d37f\">\n.flex_column.av-5fnpwil-e7c5a15d0d333a4af0897d1225a3d37f{\nborder-radius:0px 0px 0px 0px;\npadding:0px 0px 0px 0px;\n}\n<\/style>\n<div  class='flex_column av-5fnpwil-e7c5a15d0d333a4af0897d1225a3d37f av_one_half  avia-builder-el-5  el_after_av_one_half  el_before_av_hr  flex_column_div av-zero-column-padding  column-top-margin'     ><section  class='av_textblock_section av-4x5hul9-8e91eb04b33a1033bc5ab1542d9b8e07 '   itemscope=\"itemscope\" itemtype=\"https:\/\/schema.org\/CreativeWork\" ><div class='avia_textblock'  itemprop=\"text\" ><p>Wystawiane dla wyprodukowanych zam\u00f3wie\u0144 deklaracje zgodno\u015bci zosta\u0142y 1 lipca 2013 r. zast\u0105pione deklaracjami w\u0142a\u015bciwo\u015bci. Deklaracje mo\u017cna pobra\u0107, korzystaj\u0105c z wyszukiwarki.<\/p>\n<p>Do pobrania dokumentu potrzebne s\u0105 informacje identyfikuj\u0105ce zam\u00f3wienie:<\/p>\n<ul class=\"bullet-arrow\">\n<li>zak\u0142ad, w kt\u00f3rym zam\u00f3wienie zosta\u0142o z\u0142o\u017cone;<\/li>\n<li>rok produkcji;<\/li>\n<li>numer zam\u00f3wienia nadany przez PRESS GLASS;<\/li>\n<li>pozycja w zam\u00f3wieniu PRESS GLASS.<\/li>\n<\/ul>\n<p>Informacje podane s\u0105 na etykiecie produktu oraz w specyfikacji dostawy.<\/p>\n<\/div><\/section><\/div>\n\n<style type=\"text\/css\" data-created_by=\"avia_inline_auto\" id=\"style-css-av-47htyot-443980f89c968f198cb62e8f947cf36b\">\n#top .hr.hr-invisible.av-47htyot-443980f89c968f198cb62e8f947cf36b{\nheight:40px;\n}\n<\/style>\n<div  class='hr av-47htyot-443980f89c968f198cb62e8f947cf36b hr-invisible  avia-builder-el-7  el_after_av_one_half  el_before_av_promobox '><span class='hr-inner '><span class=\"hr-inner-style\"><\/span><\/span><\/div>\n\t<div  style='background:#f9f9f9;color:#002756;border-color:#ffffff;' class='av_promobox  avia-button-yes  avia-builder-el-8  el_after_av_hr  el_before_av_section  avia-builder-el-last '>\t\t<div class='avia-promocontent'><p>\n\n<style type=\"text\/css\" data-created_by=\"avia_inline_auto\" id=\"style-css-av-emkpdp-21b809d15ef143d9e6e62037639b37e8\">\n#top .hr.hr-invisible.av-emkpdp-21b809d15ef143d9e6e62037639b37e8{\nmargin-top:-45px;\nheight:1px;\n}\n<\/style>\n<div  class='hr av-emkpdp-21b809d15ef143d9e6e62037639b37e8 hr-invisible  avia-builder-el-9  avia-builder-el-no-sibling '><span class='hr-inner '><span class=\"hr-inner-style\"><\/span><\/span><\/div><\/p>\n<h2>Wyszukiwarka deklaracji<\/h2>\n<p>\n<\/div><div  class='avia-button-wrap av-av_button-cb65232461852dd6d317609752c2e942-wrap avia-button-right '><a href='https:\/\/www.pressglass.com\/pl\/deklaracje-wlasciwosci\/'  class='avia-button av-av_button-cb65232461852dd6d317609752c2e942 av-link-btn avia-icon_select-no avia-size-large avia-position-right avia-color-theme-color'  target=\"_blank\"  rel=\"noopener noreferrer\"  aria-label=\"Zobacz\"><span class='avia_iconbox_title' >Zobacz<\/span><\/a><\/div><\/div>\n<\/div><\/div><\/div><!-- close content main div --><\/div><\/div>\n<style type=\"text\/css\" data-created_by=\"avia_inline_auto\" id=\"style-css-av-3nvd09p-d38a7b0582412ab29e4917f72b5b9e7f\">\n.avia-section.av-3nvd09p-d38a7b0582412ab29e4917f72b5b9e7f{\nbackground-repeat:no-repeat;\nbackground-image:url(https:\/\/www.pressglass.com\/wp-content\/uploads\/2015\/11\/1980x510bezlogo2.png);\nbackground-position:50% 50%;\nbackground-attachment:scroll;\n}\n<\/style>\n<div id='av_section_2'  class='avia-section av-3nvd09p-d38a7b0582412ab29e4917f72b5b9e7f main_color avia-section-default avia-no-shadow  avia-builder-el-10  el_after_av_promobox  el_before_av_promobox  avia-bg-style-scroll av-minimum-height av-minimum-height-custom av-height-custom  container_wrap sidebar_right'  data-section-bg-repeat='no-repeat' data-av_minimum_height_px='400'><div class='container av-section-cont-open' style='height:400px'><div class='template-page content  av-content-small alpha units'><div class='post-entry post-entry-type-page post-entry-44029'><div class='entry-content-wrapper clearfix'>\n\n<style type=\"text\/css\" data-created_by=\"avia_inline_auto\" id=\"style-css-av-2x9xud9-8f2ca2f803141feffb5f770ccc17d968\">\n#top .av-special-heading.av-2x9xud9-8f2ca2f803141feffb5f770ccc17d968{\npadding-bottom:10px;\n}\nbody .av-special-heading.av-2x9xud9-8f2ca2f803141feffb5f770ccc17d968 .av-special-heading-tag .heading-char{\nfont-size:25px;\n}\n.av-special-heading.av-2x9xud9-8f2ca2f803141feffb5f770ccc17d968 .av-subheading{\nfont-size:15px;\n}\n<\/style>\n<div  class='av-special-heading av-2x9xud9-8f2ca2f803141feffb5f770ccc17d968 av-special-heading-h1 blockquote modern-quote modern-centered  avia-builder-el-11  el_before_av_hr  avia-builder-el-first '><h1 class='av-special-heading-tag '  itemprop=\"headline\"  >Wyszukiwarka deklaracji dost\u0119pna jest tak\u017ce w aplikacji mobilnej<\/h1><div class=\"special-heading-border\"><div class=\"special-heading-inner-border\"><\/div><\/div><\/div>\n\n<style type=\"text\/css\" data-created_by=\"avia_inline_auto\" id=\"style-css-av-2frwy0t-125f9612250a9ea566f0234e87354e54\">\n#top .hr.hr-invisible.av-2frwy0t-125f9612250a9ea566f0234e87354e54{\nheight:80px;\n}\n<\/style>\n<div  class='hr av-2frwy0t-125f9612250a9ea566f0234e87354e54 hr-invisible  avia-builder-el-12  el_after_av_heading  el_before_av_button '><span class='hr-inner '><span class=\"hr-inner-style\"><\/span><\/span><\/div>\n<div  class='avia-button-wrap av-26glm4d-015273cf20d1e2e06b86326d54242007-wrap avia-button-center  avia-builder-el-13  el_after_av_hr  avia-builder-el-last '><a href='https:\/\/www.pressglass.com\/press-glass-mobile-pl\/?lang=pl'  class='avia-button av-26glm4d-015273cf20d1e2e06b86326d54242007 av-link-btn avia-icon_select-no avia-size-large avia-position-center avia-color-theme-color'   aria-label=\"Pobierz\"><span class='avia_iconbox_title' >Pobierz<\/span><\/a><\/div>\n<\/div><\/div><\/div><!-- close content main div --><\/div><\/div><div id='after_section_2'  class='main_color av_default_container_wrap container_wrap sidebar_right'  ><div class='container av-section-cont-open' ><div class='template-page content  av-content-small alpha units'><div class='post-entry post-entry-type-page post-entry-44029'><div class='entry-content-wrapper clearfix'>\n\t<div  style='background:#f9f9f9;color:#002756;border-color:#ffffff;' class='av_promobox  avia-button-yes  avia-builder-el-14  el_after_av_section  el_before_av_hr  avia-builder-el-first '>\t\t<div class='avia-promocontent'><p>\n\n<style type=\"text\/css\" data-created_by=\"avia_inline_auto\" id=\"style-css-av-19v6dy5-e9918d5cb6159c5391cdba26d2123f24\">\n#top .hr.hr-invisible.av-19v6dy5-e9918d5cb6159c5391cdba26d2123f24{\nmargin-top:-45px;\nheight:1px;\n}\n<\/style>\n<div  class='hr av-19v6dy5-e9918d5cb6159c5391cdba26d2123f24 hr-invisible  avia-builder-el-15  avia-builder-el-no-sibling '><span class='hr-inner '><span class=\"hr-inner-style\"><\/span><\/span><\/div><\/p>\n<h2>Zestawienie \u015bwiadectw i certyfikat\u00f3w<\/h2>\n<p>\n<\/div><div  class='avia-button-wrap av-av_button-6a8765f5ced73dbe05fa8637b4a8ee49-wrap avia-button-right '><a href='https:\/\/www.pressglass.com\/materialy-do-pobrania\/zestawienie-swiadectw-i-certyfikatow\/?lang=pl' class='avia-button av-av_button-6a8765f5ced73dbe05fa8637b4a8ee49 av-link-btn avia-icon_select-no avia-size-large avia-position-right avia-color-theme-color' target=\"_blank\" rel=\"noopener noreferrer\" aria-label=\"Zobacz\"><span class='avia_iconbox_title' >Zobacz<\/span><\/a><\/div><\/div>\n\n<style type=\"text\/css\" data-created_by=\"avia_inline_auto\" id=\"style-css-av-sri1a5-640abd46aa496b6326285149a6c92e47\">\n#top .hr.hr-invisible.av-sri1a5-640abd46aa496b6326285149a6c92e47{\nheight:40px;\n}\n<\/style>\n<div  class='hr av-sri1a5-640abd46aa496b6326285149a6c92e47 hr-invisible  avia-builder-el-16  el_after_av_promobox  avia-builder-el-last '><span class='hr-inner '><span class=\"hr-inner-style\"><\/span><\/span><\/div>\n","protected":false},"excerpt":{"rendered":"","protected":false},"author":32,"featured_media":0,"parent":43493,"menu_order":0,"comment_status":"closed","ping_status":"closed","template":"","meta":{"footnotes":""},"class_list":["post-44029","page","type-page","status-publish","hentry"],"yoast_head":"<!-- This site is optimized with the Yoast SEO plugin v27.3 - https:\/\/yoast.com\/product\/yoast-seo-wordpress\/ -->\n<title>Deklaracje w\u0142a\u015bciwo\u015bci - PRESS GLASS Holding SA<\/title>\n<meta name=\"description\" content=\"Deklaracje w\u0142a\u015bciwo\u015bci s\u0105 wystawiane dla wyprodukowanych zam\u00f3wie\u0144. Oznakowanie CE zosta\u0142o przyj\u0119te, aby ujednolici\u0107 wymagania stawiane wobec produkt\u00f3w w krajach UE.\" \/>\n<meta name=\"robots\" content=\"index, follow, max-snippet:-1, max-image-preview:large, max-video-preview:-1\" \/>\n<link rel=\"canonical\" href=\"https:\/\/www.pressglass.com\/pl\/deklaracje-wlasciwosci\/deklaracje-wlasciwosci\/\" \/>\n<meta name=\"twitter:label1\" content=\"Szacowany czas czytania\" \/>\n\t<meta name=\"twitter:data1\" content=\"2 minuty\" \/>\n<script type=\"application\/ld+json\" class=\"yoast-schema-graph\">{\"@context\":\"https:\\\/\\\/schema.org\",\"@graph\":[{\"@type\":\"WebPage\",\"@id\":\"https:\\\/\\\/www.pressglass.com\\\/pl\\\/deklaracje-wlasciwosci\\\/deklaracje-wlasciwosci\\\/\",\"url\":\"https:\\\/\\\/www.pressglass.com\\\/pl\\\/deklaracje-wlasciwosci\\\/deklaracje-wlasciwosci\\\/\",\"name\":\"Deklaracje w\u0142a\u015bciwo\u015bci - PRESS GLASS Holding SA\",\"isPartOf\":{\"@id\":\"https:\\\/\\\/www.pressglass.com\\\/it\\\/#website\"},\"datePublished\":\"2016-10-06T09:45:22+00:00\",\"dateModified\":\"2022-12-06T14:00:19+00:00\",\"description\":\"Deklaracje w\u0142a\u015bciwo\u015bci s\u0105 wystawiane dla wyprodukowanych zam\u00f3wie\u0144. Oznakowanie CE zosta\u0142o przyj\u0119te, aby ujednolici\u0107 wymagania stawiane wobec produkt\u00f3w w krajach UE.\",\"breadcrumb\":{\"@id\":\"https:\\\/\\\/www.pressglass.com\\\/pl\\\/deklaracje-wlasciwosci\\\/deklaracje-wlasciwosci\\\/#breadcrumb\"},\"inLanguage\":\"pl-PL\",\"potentialAction\":[{\"@type\":\"ReadAction\",\"target\":[\"https:\\\/\\\/www.pressglass.com\\\/pl\\\/deklaracje-wlasciwosci\\\/deklaracje-wlasciwosci\\\/\"]}]},{\"@type\":\"BreadcrumbList\",\"@id\":\"https:\\\/\\\/www.pressglass.com\\\/pl\\\/deklaracje-wlasciwosci\\\/deklaracje-wlasciwosci\\\/#breadcrumb\",\"itemListElement\":[{\"@type\":\"ListItem\",\"position\":1,\"name\":\"Strona g\u0142\u00f3wna\",\"item\":\"https:\\\/\\\/www.pressglass.com\\\/pl\\\/\"},{\"@type\":\"ListItem\",\"position\":2,\"name\":\"Deklaracje w\u0142a\u015bciwo\u015bci\",\"item\":\"https:\\\/\\\/www.pressglass.com\\\/pl\\\/deklaracje-wlasciwosci\\\/\"},{\"@type\":\"ListItem\",\"position\":3,\"name\":\"Deklaracje w\u0142a\u015bciwo\u015bci\"}]},{\"@type\":\"WebSite\",\"@id\":\"https:\\\/\\\/www.pressglass.com\\\/it\\\/#website\",\"url\":\"https:\\\/\\\/www.pressglass.com\\\/it\\\/\",\"name\":\"PRESS GLASS Holding SA\",\"description\":\"\",\"potentialAction\":[{\"@type\":\"SearchAction\",\"target\":{\"@type\":\"EntryPoint\",\"urlTemplate\":\"https:\\\/\\\/www.pressglass.com\\\/it\\\/?s={search_term_string}\"},\"query-input\":{\"@type\":\"PropertyValueSpecification\",\"valueRequired\":true,\"valueName\":\"search_term_string\"}}],\"inLanguage\":\"pl-PL\"}]}<\/script>\n<!-- \/ Yoast SEO plugin. -->","yoast_head_json":{"title":"Deklaracje w\u0142a\u015bciwo\u015bci - PRESS GLASS Holding SA","description":"Deklaracje w\u0142a\u015bciwo\u015bci s\u0105 wystawiane dla wyprodukowanych zam\u00f3wie\u0144. Oznakowanie CE zosta\u0142o przyj\u0119te, aby ujednolici\u0107 wymagania stawiane wobec produkt\u00f3w w krajach UE.","robots":{"index":"index","follow":"follow","max-snippet":"max-snippet:-1","max-image-preview":"max-image-preview:large","max-video-preview":"max-video-preview:-1"},"canonical":"https:\/\/www.pressglass.com\/pl\/deklaracje-wlasciwosci\/deklaracje-wlasciwosci\/","twitter_misc":{"Szacowany czas czytania":"2 minuty"},"schema":{"@context":"https:\/\/schema.org","@graph":[{"@type":"WebPage","@id":"https:\/\/www.pressglass.com\/pl\/deklaracje-wlasciwosci\/deklaracje-wlasciwosci\/","url":"https:\/\/www.pressglass.com\/pl\/deklaracje-wlasciwosci\/deklaracje-wlasciwosci\/","name":"Deklaracje w\u0142a\u015bciwo\u015bci - PRESS GLASS Holding SA","isPartOf":{"@id":"https:\/\/www.pressglass.com\/it\/#website"},"datePublished":"2016-10-06T09:45:22+00:00","dateModified":"2022-12-06T14:00:19+00:00","description":"Deklaracje w\u0142a\u015bciwo\u015bci s\u0105 wystawiane dla wyprodukowanych zam\u00f3wie\u0144. Oznakowanie CE zosta\u0142o przyj\u0119te, aby ujednolici\u0107 wymagania stawiane wobec produkt\u00f3w w krajach UE.","breadcrumb":{"@id":"https:\/\/www.pressglass.com\/pl\/deklaracje-wlasciwosci\/deklaracje-wlasciwosci\/#breadcrumb"},"inLanguage":"pl-PL","potentialAction":[{"@type":"ReadAction","target":["https:\/\/www.pressglass.com\/pl\/deklaracje-wlasciwosci\/deklaracje-wlasciwosci\/"]}]},{"@type":"BreadcrumbList","@id":"https:\/\/www.pressglass.com\/pl\/deklaracje-wlasciwosci\/deklaracje-wlasciwosci\/#breadcrumb","itemListElement":[{"@type":"ListItem","position":1,"name":"Strona g\u0142\u00f3wna","item":"https:\/\/www.pressglass.com\/pl\/"},{"@type":"ListItem","position":2,"name":"Deklaracje w\u0142a\u015bciwo\u015bci","item":"https:\/\/www.pressglass.com\/pl\/deklaracje-wlasciwosci\/"},{"@type":"ListItem","position":3,"name":"Deklaracje w\u0142a\u015bciwo\u015bci"}]},{"@type":"WebSite","@id":"https:\/\/www.pressglass.com\/it\/#website","url":"https:\/\/www.pressglass.com\/it\/","name":"PRESS GLASS Holding SA","description":"","potentialAction":[{"@type":"SearchAction","target":{"@type":"EntryPoint","urlTemplate":"https:\/\/www.pressglass.com\/it\/?s={search_term_string}"},"query-input":{"@type":"PropertyValueSpecification","valueRequired":true,"valueName":"search_term_string"}}],"inLanguage":"pl-PL"}]}},"rttpg_featured_image_url":null,"rttpg_author":{"display_name":"Piotr Suszek","author_link":"https:\/\/www.pressglass.com\/pl\/author\/piotr-suszek\/"},"rttpg_comment":0,"rttpg_category":false,"rttpg_excerpt":null,"_links":{"self":[{"href":"https:\/\/www.pressglass.com\/pl\/wp-json\/wp\/v2\/pages\/44029","targetHints":{"allow":["GET"]}}],"collection":[{"href":"https:\/\/www.pressglass.com\/pl\/wp-json\/wp\/v2\/pages"}],"about":[{"href":"https:\/\/www.pressglass.com\/pl\/wp-json\/wp\/v2\/types\/page"}],"author":[{"embeddable":true,"href":"https:\/\/www.pressglass.com\/pl\/wp-json\/wp\/v2\/users\/32"}],"replies":[{"embeddable":true,"href":"https:\/\/www.pressglass.com\/pl\/wp-json\/wp\/v2\/comments?post=44029"}],"version-history":[{"count":23,"href":"https:\/\/www.pressglass.com\/pl\/wp-json\/wp\/v2\/pages\/44029\/revisions"}],"predecessor-version":[{"id":155140,"href":"https:\/\/www.pressglass.com\/pl\/wp-json\/wp\/v2\/pages\/44029\/revisions\/155140"}],"up":[{"embeddable":true,"href":"https:\/\/www.pressglass.com\/pl\/wp-json\/wp\/v2\/pages\/43493"}],"wp:attachment":[{"href":"https:\/\/www.pressglass.com\/pl\/wp-json\/wp\/v2\/media?parent=44029"}],"curies":[{"name":"wp","href":"https:\/\/api.w.org\/{rel}","templated":true}]}}