{"id":43497,"date":"2015-06-15T19:45:01","date_gmt":"2015-06-15T17:45:01","guid":{"rendered":"https:\/\/www.pressglass.com\/delivery-check-system-2\/"},"modified":"2025-12-04T08:51:45","modified_gmt":"2025-12-04T07:51:45","slug":"system-ewidencji-dostaw","status":"publish","type":"page","link":"https:\/\/www.pressglass.com\/pl\/system-ewidencji-dostaw\/","title":{"rendered":"System Ewidencji Dostaw"},"content":{"rendered":"\n<style type=\"text\/css\" data-created_by=\"avia_inline_auto\" id=\"style-css-av-8ohmcvd-5817b26ee68e1f30121a8bffa7368df9\">\n.avia-section.av-8ohmcvd-5817b26ee68e1f30121a8bffa7368df9{\nbackground-repeat:no-repeat;\nbackground-image:url(https:\/\/www.pressglass.com\/wp-content\/uploads\/2015\/06\/slider-delivery.jpg);\nbackground-position:50% 0%;\nbackground-attachment:scroll;\n}\n<\/style>\n<div id='av_section_1'  class='avia-section av-8ohmcvd-5817b26ee68e1f30121a8bffa7368df9 main_color avia-section-default avia-no-border-styling  avia-builder-el-0  el_before_av_one_full  avia-builder-el-first  avia-full-stretch avia-bg-style-scroll av-minimum-height av-minimum-height-custom av-height-custom  container_wrap sidebar_right'  data-section-bg-repeat='stretch' data-av_minimum_height_px='285'><div class='container av-section-cont-open' style='height:285px'><main  role=\"main\" itemprop=\"mainContentOfPage\"  class='template-page content  av-content-small alpha units'><div class='post-entry post-entry-type-page post-entry-43497'><div class='entry-content-wrapper clearfix'><\/div><\/div><\/main><!-- close content main element --><\/div><\/div><div id='after_section_1'  class='main_color av_default_container_wrap container_wrap sidebar_right'  ><div class='container av-section-cont-open' ><div class='template-page content  av-content-small alpha units'><div class='post-entry post-entry-type-page post-entry-43497'><div class='entry-content-wrapper clearfix'>\n<div  class='flex_column av-7wag5ah-011d44ca16d848e978b154aaaec5e67d av_one_full  avia-builder-el-1  el_after_av_section  el_before_av_one_half  avia-builder-el-first  first flex_column_div  '     ><style type=\"text\/css\" data-created_by=\"avia_inline_auto\" id=\"style-css-av-7qtqj0p-6182fa6d268fb01bdae632733ffd355a\">\n#top .av-special-heading.av-7qtqj0p-6182fa6d268fb01bdae632733ffd355a{\npadding-bottom:10px;\n}\nbody .av-special-heading.av-7qtqj0p-6182fa6d268fb01bdae632733ffd355a .av-special-heading-tag .heading-char{\nfont-size:25px;\n}\n.av-special-heading.av-7qtqj0p-6182fa6d268fb01bdae632733ffd355a .av-subheading{\nfont-size:15px;\n}\n<\/style>\n<div  class='av-special-heading av-7qtqj0p-6182fa6d268fb01bdae632733ffd355a av-special-heading-h1  avia-builder-el-2  avia-builder-el-no-sibling '><h1 class='av-special-heading-tag '  itemprop=\"headline\"  >System Ewidencji Dostaw<\/h1><div class=\"special-heading-border\"><div class=\"special-heading-inner-border\"><\/div><\/div><\/div><\/div>\n<div  class='flex_column av-70jmlm1-68489bdbbb2e228f78b9c32a74cd1d1c av_one_half  avia-builder-el-3  el_after_av_one_full  el_before_av_one_half  first flex_column_div  column-top-margin'     ><section  class='av_textblock_section av-6jh9eh5-c70478cbb08c4f908172f0bb1cc4d6b0 '   itemscope=\"itemscope\" itemtype=\"https:\/\/schema.org\/CreativeWork\" ><div class='avia_textblock'  itemprop=\"text\" ><ul>\n<li>Kontroluj swoje zlecenie przez stron\u0119 WWW<\/li>\n<li>Sprawdzaj faktury chwil\u0119 po ich wystawieniu<\/li>\n<li>Pobieraj specyfikacje stojakowe i przygotuj si\u0119 na odbi\u00f3r dostawy<\/li>\n<\/ul>\n<p>System Ewidencji Dostaw (SED) to internetowa platforma s\u0142u\u017c\u0105ca do szybkiego sprawdzania stanu zam\u00f3wie\u0144 z\u0142o\u017conych do realizacji w firmie PRESS GLASS i pobierania dokument\u00f3w dostaw oraz faktur przez przegl\u0105dark\u0119 www. SED przeznaczony jest wy\u0142\u0105cznie dla Klient\u00f3w firmy PRESS GLASS.<\/p>\n<\/div><\/section><br \/>\n\n<style type=\"text\/css\" data-created_by=\"avia_inline_auto\" id=\"style-css-av-6edeqvd-de32a619c7df93e36b6c7d99c4082db9\">\n#top .hr.av-6edeqvd-de32a619c7df93e36b6c7d99c4082db9{\nmargin-top:0px;\nmargin-bottom:0px;\n}\n.hr.av-6edeqvd-de32a619c7df93e36b6c7d99c4082db9 .hr-inner{\nwidth:0px;\n}\n<\/style>\n<div  class='hr av-6edeqvd-de32a619c7df93e36b6c7d99c4082db9 hr-custom  avia-builder-el-5  el_after_av_textblock  el_before_av_image  hr-center hr-icon-no'><span class='hr-inner inner-border-av-border-none'><span class=\"hr-inner-style\"><\/span><\/span><\/div><br \/>\n<div  class='avia-image-container  av-styling-    avia-builder-el-6  el_after_av_hr  el_before_av_hr  avia-align-center'  itemprop=\"image\" itemscope=\"itemscope\" itemtype=\"https:\/\/schema.org\/ImageObject\"  ><div class='avia-image-container-inner'><div class='avia-image-overlay-wrap'><a href='https:\/\/www.pressglass.com\/wp-content\/uploads\/2015\/06\/EN-screen1_d-1030x648.jpg' class='avia_image'  ><img class='avia_image ' src='https:\/\/www.pressglass.com\/wp-content\/uploads\/2015\/06\/EN-screen1_d-300x189.jpg' alt='' title='EN-screen1_d'  itemprop=\"thumbnailUrl\"  \/><\/a><\/div><\/div><\/div><br \/>\n\n<style type=\"text\/css\" data-created_by=\"avia_inline_auto\" id=\"style-css-av-5h3tbjd-72196a2de8fa2e2a672d4aebaf645f87\">\n#top .hr.av-5h3tbjd-72196a2de8fa2e2a672d4aebaf645f87{\nmargin-top:0px;\nmargin-bottom:0px;\n}\n.hr.av-5h3tbjd-72196a2de8fa2e2a672d4aebaf645f87 .hr-inner{\nwidth:0px;\n}\n<\/style>\n<div  class='hr av-5h3tbjd-72196a2de8fa2e2a672d4aebaf645f87 hr-custom  avia-builder-el-7  el_after_av_image  el_before_av_textblock  hr-center hr-icon-no'><span class='hr-inner inner-border-av-border-none'><span class=\"hr-inner-style\"><\/span><\/span><\/div><br \/>\n<section  class='av_textblock_section av-4ykktvt-22c2adac9165789393d0b0d8d83c8b54 '   itemscope=\"itemscope\" itemtype=\"https:\/\/schema.org\/CreativeWork\" ><div class='avia_textblock'  itemprop=\"text\" ><div class=\"one-half\">\n<p>Mo\u017cliwy jest podgl\u0105d stanu produkcji i pobranie dokument\u00f3w z informacjami o szczeg\u00f3\u0142ach zaplanowanych dostaw (tak\u017ce przed ich przyjazdem). Dzi\u0119ki temu mo\u017cna zaplanowa\u0107 spos\u00f3b roz\u0142adunku. Stojaki ze szk\u0142em mog\u0105 by\u0107 w trakcie roz\u0142adunku ustawiane w kolejno\u015bci zgodnej z kolejno\u015bci\u0105 u\u017cycia w procesie produkcyjnym.<\/p>\n<p>Do planu produkcji mo\u017cna wpisa\u0107 numer stojaka, na kt\u00f3rym znajduje si\u0119 szyba potrzebna do wykonania konkretnego produktu. Informacje te pozwalaj\u0105 na znaczne przyspieszenie planowania i realizacji produkcji oraz unikni\u0119cie pomy\u0142ek. W efekcie zmniejszeniu ulegaj\u0105 te\u017c koszty produkcji.<\/p>\n<p>Mo\u017cliwo\u015b\u0107 pobrania faktur w chwil\u0119 po ich wystawieniu daje wi\u0119cej czasu na ich sprawdzenie i zaplanowanie p\u0142atno\u015bci. U\u0142atwia zarz\u0105dzanie wszystkimi p\u0142atno\u015bciami.<\/p>\n<p>Je\u015bli chcesz wygodnie sprawdza\u0107 swoje zam\u00f3wienia przez internet, skontaktuj si\u0119 ze swoim opiekunem handlowym lub wype\u0142nij formularz.<\/p>\n<\/div>\n<\/div><\/section><br \/>\n<div  class='hr av-4iyjmtl-0a475f51d3b0e30b338e3de424618d8b hr-default  avia-builder-el-9  el_after_av_textblock  avia-builder-el-last '><span class='hr-inner '><span class=\"hr-inner-style\"><\/span><\/span><\/div><\/p><\/div>\n\n<style type=\"text\/css\" data-created_by=\"avia_inline_auto\" id=\"style-css-av-3xvk8uh-3d3c65b95d5a673ef8dc97015343c9d3\">\n.flex_column.av-3xvk8uh-3d3c65b95d5a673ef8dc97015343c9d3{\nborder-radius:0px 0px 0px 0px;\npadding:0px 0px 0px 0px;\n}\n<\/style>\n<div  class='flex_column av-3xvk8uh-3d3c65b95d5a673ef8dc97015343c9d3 av_one_half  avia-builder-el-10  el_after_av_one_half  avia-builder-el-last  flex_column_div av-zero-column-padding  column-top-margin'     ><p><form action=\"https:\/\/www.pressglass.com\/pl\/system-ewidencji-dostaw\/\" method=\"post\" data-fields-with-error=\"Found errors in the following field(s):\" class=\"avia_ajax_form av-form-labels-visible   avia-builder-el-11  el_before_av_codeblock  avia-builder-el-first  av-custom-form-color av-dark-form \" data-avia-form-id=\"1\" data-avia-redirect=''  aria-label='Formularz kontaktowy' ><h3 class=''>Napisz do nas<\/h3><fieldset><p class='  first_form  form_element form_fullwidth' id='element_avia_1_1'><label for=\"avia_1_1\">Imi\u0119 i nazwisko (*) <abbr class=\"required\" title=\"required\">*<\/abbr><\/label> <input name=\"avia_1_1\" class=\"text_input is_empty\" type=\"text\" id=\"avia_1_1\" value=\"\" \/><\/p><p class='  first_form  form_element form_fullwidth' id='element_avia_2_1'><label for=\"avia_2_1\">Nazwa firmy (*)<\/label> <input name=\"avia_2_1\" class=\"text_input \" type=\"text\" id=\"avia_2_1\" value=\"\" \/><\/p><p class='  first_form  form_element form_fullwidth' id='element_avia_3_1'><label for=\"avia_3_1\">Adres firmy (*)<\/label> <input name=\"avia_3_1\" class=\"text_input \" type=\"text\" id=\"avia_3_1\" value=\"\" \/><\/p><p class='  first_form  form_element form_fullwidth' id='element_avia_4_1'><label for=\"avia_4_1\">Tw\u00f3j adres e-mail (*) <abbr class=\"required\" title=\"required\">*<\/abbr><\/label> <input name=\"avia_4_1\" class=\"text_input is_email\" type=\"text\" id=\"avia_4_1\" value=\"\" \/><\/p><p class='  first_form  form_element form_fullwidth' id='element_avia_5_1'><label for=\"avia_5_1\">Numer kontaktowy (*)<\/label> <input name=\"avia_5_1\" class=\"text_input \" type=\"text\" id=\"avia_5_1\" value=\"\" \/><\/p><p class='  first_form  form_element form_fullwidth' id='element_avia_6_1'><label for=\"avia_6_1\" class=\"textare_label hidden textare_label_avia_6_1\">Wiadomo\u015b\u0107 <abbr class=\"required\" title=\"required\">*<\/abbr><\/label><textarea  name=\"avia_6_1\" class=\"text_area is_empty\" cols=\"40\" rows=\"7\" id=\"avia_6_1\" ><\/textarea><\/p><p class=\"hidden\"><input type=\"text\" name=\"avia_7_1\" class=\"hidden \" id=\"avia_7_1\" value=\"\" \/><\/p><p class='   form_element form_fullwidth' id='element_avia_8_1'><span class='value_verifier_label'>5 + 0 = ?<\/span><input name=\"avia_8_1_verifier\" type=\"hidden\" id=\"avia_8_1_verifier\" value=\"214555663\"\/><label for=\"avia_8_1\">Please prove that you are human by solving the equation <abbr class=\"required\" title=\"required\">*<\/abbr><\/label><input name=\"avia_8_1\" class=\"text_input captcha\" type=\"text\" id=\"avia_8_1\" value=\"\"\/><\/p><p class=\"form_element \"><input type=\"hidden\" value=\"1\" name=\"avia_generated_form1\" \/><input type=\"submit\" value=\"Wy\u015blij\" class=\"button\"  data-sending-label=\"Trwa wysy\u0142anie...\"\/><\/p><\/fieldset><\/form><div id=\"ajaxresponse_1\" class=\"ajaxresponse ajaxresponse_1 hidden\"><\/div><br \/>\n<\/p><\/div>\n","protected":false},"excerpt":{"rendered":"","protected":false},"author":32,"featured_media":0,"parent":0,"menu_order":11,"comment_status":"closed","ping_status":"closed","template":"","meta":{"footnotes":""},"class_list":["post-43497","page","type-page","status-publish","hentry"],"yoast_head":"<!-- This site is optimized with the Yoast SEO plugin v27.3 - https:\/\/yoast.com\/product\/yoast-seo-wordpress\/ -->\n<title>Delivery Check System - PRESS GLASS SA<\/title>\n<meta name=\"description\" content=\"Delivery Check System (DCS) is a web platform for a fast check of the status of orders to be performed at PRESS GLASS and to download shipping documents and invoices via the www browser. DCS is designed solely for Customers of PRESS GLASS.\" \/>\n<meta name=\"robots\" content=\"index, follow, max-snippet:-1, max-image-preview:large, max-video-preview:-1\" \/>\n<link rel=\"canonical\" href=\"https:\/\/www.pressglass.com\/pl\/system-ewidencji-dostaw\/\" \/>\n<meta name=\"twitter:label1\" content=\"Szacowany czas czytania\" \/>\n\t<meta name=\"twitter:data1\" content=\"2 minuty\" \/>\n<script type=\"application\/ld+json\" class=\"yoast-schema-graph\">{\"@context\":\"https:\\\/\\\/schema.org\",\"@graph\":[{\"@type\":\"WebPage\",\"@id\":\"https:\\\/\\\/www.pressglass.com\\\/pl\\\/system-ewidencji-dostaw\\\/\",\"url\":\"https:\\\/\\\/www.pressglass.com\\\/pl\\\/system-ewidencji-dostaw\\\/\",\"name\":\"Delivery Check System - PRESS GLASS SA\",\"isPartOf\":{\"@id\":\"https:\\\/\\\/www.pressglass.com\\\/it\\\/#website\"},\"datePublished\":\"2015-06-15T17:45:01+00:00\",\"dateModified\":\"2025-12-04T07:51:45+00:00\",\"description\":\"Delivery Check System (DCS) is a web platform for a fast check of the status of orders to be performed at PRESS GLASS and to download shipping documents and invoices via the www browser. DCS is designed solely for Customers of PRESS GLASS.\",\"breadcrumb\":{\"@id\":\"https:\\\/\\\/www.pressglass.com\\\/pl\\\/system-ewidencji-dostaw\\\/#breadcrumb\"},\"inLanguage\":\"pl-PL\",\"potentialAction\":[{\"@type\":\"ReadAction\",\"target\":[\"https:\\\/\\\/www.pressglass.com\\\/pl\\\/system-ewidencji-dostaw\\\/\"]}]},{\"@type\":\"BreadcrumbList\",\"@id\":\"https:\\\/\\\/www.pressglass.com\\\/pl\\\/system-ewidencji-dostaw\\\/#breadcrumb\",\"itemListElement\":[{\"@type\":\"ListItem\",\"position\":1,\"name\":\"Strona g\u0142\u00f3wna\",\"item\":\"https:\\\/\\\/www.pressglass.com\\\/pl\\\/\"},{\"@type\":\"ListItem\",\"position\":2,\"name\":\"System Ewidencji Dostaw\"}]},{\"@type\":\"WebSite\",\"@id\":\"https:\\\/\\\/www.pressglass.com\\\/it\\\/#website\",\"url\":\"https:\\\/\\\/www.pressglass.com\\\/it\\\/\",\"name\":\"PRESS GLASS Holding SA\",\"description\":\"\",\"potentialAction\":[{\"@type\":\"SearchAction\",\"target\":{\"@type\":\"EntryPoint\",\"urlTemplate\":\"https:\\\/\\\/www.pressglass.com\\\/it\\\/?s={search_term_string}\"},\"query-input\":{\"@type\":\"PropertyValueSpecification\",\"valueRequired\":true,\"valueName\":\"search_term_string\"}}],\"inLanguage\":\"pl-PL\"}]}<\/script>\n<!-- \/ Yoast SEO plugin. -->","yoast_head_json":{"title":"Delivery Check System - PRESS GLASS SA","description":"Delivery Check System (DCS) is a web platform for a fast check of the status of orders to be performed at PRESS GLASS and to download shipping documents and invoices via the www browser. DCS is designed solely for Customers of PRESS GLASS.","robots":{"index":"index","follow":"follow","max-snippet":"max-snippet:-1","max-image-preview":"max-image-preview:large","max-video-preview":"max-video-preview:-1"},"canonical":"https:\/\/www.pressglass.com\/pl\/system-ewidencji-dostaw\/","twitter_misc":{"Szacowany czas czytania":"2 minuty"},"schema":{"@context":"https:\/\/schema.org","@graph":[{"@type":"WebPage","@id":"https:\/\/www.pressglass.com\/pl\/system-ewidencji-dostaw\/","url":"https:\/\/www.pressglass.com\/pl\/system-ewidencji-dostaw\/","name":"Delivery Check System - PRESS GLASS SA","isPartOf":{"@id":"https:\/\/www.pressglass.com\/it\/#website"},"datePublished":"2015-06-15T17:45:01+00:00","dateModified":"2025-12-04T07:51:45+00:00","description":"Delivery Check System (DCS) is a web platform for a fast check of the status of orders to be performed at PRESS GLASS and to download shipping documents and invoices via the www browser. DCS is designed solely for Customers of PRESS GLASS.","breadcrumb":{"@id":"https:\/\/www.pressglass.com\/pl\/system-ewidencji-dostaw\/#breadcrumb"},"inLanguage":"pl-PL","potentialAction":[{"@type":"ReadAction","target":["https:\/\/www.pressglass.com\/pl\/system-ewidencji-dostaw\/"]}]},{"@type":"BreadcrumbList","@id":"https:\/\/www.pressglass.com\/pl\/system-ewidencji-dostaw\/#breadcrumb","itemListElement":[{"@type":"ListItem","position":1,"name":"Strona g\u0142\u00f3wna","item":"https:\/\/www.pressglass.com\/pl\/"},{"@type":"ListItem","position":2,"name":"System Ewidencji Dostaw"}]},{"@type":"WebSite","@id":"https:\/\/www.pressglass.com\/it\/#website","url":"https:\/\/www.pressglass.com\/it\/","name":"PRESS GLASS Holding SA","description":"","potentialAction":[{"@type":"SearchAction","target":{"@type":"EntryPoint","urlTemplate":"https:\/\/www.pressglass.com\/it\/?s={search_term_string}"},"query-input":{"@type":"PropertyValueSpecification","valueRequired":true,"valueName":"search_term_string"}}],"inLanguage":"pl-PL"}]}},"rttpg_featured_image_url":null,"rttpg_author":{"display_name":"Piotr Suszek","author_link":"https:\/\/www.pressglass.com\/pl\/author\/piotr-suszek\/"},"rttpg_comment":0,"rttpg_category":" <a href=\"https:\/\/www.pressglass.com\/pl\/?taxonomy=translation_priority&#038;term=opcjonalne-pl\" rel=\"tag\">Opcjonalne<\/a><a href=\"https:\/\/www.pressglass.com\/pl\/?taxonomy=translation_priority&#038;term=opcjonalne-pl-2\" rel=\"tag\">Opcjonalne<\/a>","rttpg_excerpt":null,"_links":{"self":[{"href":"https:\/\/www.pressglass.com\/pl\/wp-json\/wp\/v2\/pages\/43497","targetHints":{"allow":["GET"]}}],"collection":[{"href":"https:\/\/www.pressglass.com\/pl\/wp-json\/wp\/v2\/pages"}],"about":[{"href":"https:\/\/www.pressglass.com\/pl\/wp-json\/wp\/v2\/types\/page"}],"author":[{"embeddable":true,"href":"https:\/\/www.pressglass.com\/pl\/wp-json\/wp\/v2\/users\/32"}],"replies":[{"embeddable":true,"href":"https:\/\/www.pressglass.com\/pl\/wp-json\/wp\/v2\/comments?post=43497"}],"version-history":[{"count":28,"href":"https:\/\/www.pressglass.com\/pl\/wp-json\/wp\/v2\/pages\/43497\/revisions"}],"predecessor-version":[{"id":166039,"href":"https:\/\/www.pressglass.com\/pl\/wp-json\/wp\/v2\/pages\/43497\/revisions\/166039"}],"wp:attachment":[{"href":"https:\/\/www.pressglass.com\/pl\/wp-json\/wp\/v2\/media?parent=43497"}],"curies":[{"name":"wp","href":"https:\/\/api.w.org\/{rel}","templated":true}]}}