{"id":161091,"date":"2025-01-23T00:18:02","date_gmt":"2025-01-22T23:18:02","guid":{"rendered":"https:\/\/www.pressglass.com\/?page_id=161091"},"modified":"2025-09-25T12:25:44","modified_gmt":"2025-09-25T10:25:44","slug":"tychy","status":"publish","type":"page","link":"https:\/\/www.pressglass.com\/pl\/informacje-bhp-i-esg\/zaklad\/tychy\/","title":{"rendered":"Zak\u0142ad Tychy | Wybierz modu\u0142"},"content":{"rendered":"\n<style type=\"text\/css\" data-created_by=\"avia_inline_auto\" id=\"style-css-av-wudrfdm-cdb6872e27de71fa344a0ac5fc0b3f09\">\n.avia-section.av-wudrfdm-cdb6872e27de71fa344a0ac5fc0b3f09{\nbackground-color:#14304f;\nbackground-image:url(https:\/\/www.pressglass.com\/wp-content\/uploads\/2015\/05\/tychy-zaklad.png);\nbackground-repeat:no-repeat;\nbackground-position:50% 0%;\nbackground-attachment:scroll;\n}\n.avia-section.av-wudrfdm-cdb6872e27de71fa344a0ac5fc0b3f09 .av-section-color-overlay{\nopacity:0.7;\nbackground-color:#002a56;\n}\n<\/style>\n<div id='full-width-header-30'  class='avia-section av-wudrfdm-cdb6872e27de71fa344a0ac5fc0b3f09 main_color avia-section-default avia-no-border-styling  avia-builder-el-0  el_before_av_layout_row  avia-builder-el-first  avia-full-stretch avia-bg-style-scroll av-section-color-overlay-active av-minimum-height av-minimum-height-25 av-height-25  container_wrap sidebar_right'  data-section-bg-repeat='stretch' data-av_minimum_height_pc='25' data-av_min_height_opt='25'><div class=\"av-section-color-overlay-wrap\"><div class=\"av-section-color-overlay\"><\/div><div class='container av-section-cont-open' ><main  role=\"main\" itemprop=\"mainContentOfPage\"  class='template-page content  av-content-small alpha units'><div class='post-entry post-entry-type-page post-entry-161091'><div class='entry-content-wrapper clearfix'>\n\n<style type=\"text\/css\" data-created_by=\"avia_inline_auto\" id=\"style-css-av-elv6y56-ea734637f1861b3d88b9e78c4ce077a1\">\n.flex_column.av-elv6y56-ea734637f1861b3d88b9e78c4ce077a1{\nborder-radius:0px 0px 0px 0px;\npadding:0px 0px 0px 0px;\n}\n<\/style>\n<div  class='flex_column av-elv6y56-ea734637f1861b3d88b9e78c4ce077a1 av_one_full  avia-builder-el-1  avia-builder-el-no-sibling  first flex_column_div av-zero-column-padding  '     ><p>\n<style type=\"text\/css\" data-created_by=\"avia_inline_auto\" id=\"style-css-av-lp03rgo8-956f33056c0dfa2d5010a9f9edf1d4f5\">\n#top .av-special-heading.av-lp03rgo8-956f33056c0dfa2d5010a9f9edf1d4f5{\npadding-bottom:10px;\ncolor:#ffffff;\nfont-size:48px;\n}\nbody .av-special-heading.av-lp03rgo8-956f33056c0dfa2d5010a9f9edf1d4f5 .av-special-heading-tag .heading-char{\nfont-size:25px;\n}\n#top #wrap_all .av-special-heading.av-lp03rgo8-956f33056c0dfa2d5010a9f9edf1d4f5 .av-special-heading-tag{\nfont-size:48px;\n}\n.av-special-heading.av-lp03rgo8-956f33056c0dfa2d5010a9f9edf1d4f5 .special-heading-inner-border{\nborder-color:#ffffff;\n}\n.av-special-heading.av-lp03rgo8-956f33056c0dfa2d5010a9f9edf1d4f5 .av-subheading{\nfont-size:15px;\n}\n\n@media only screen and (min-width: 480px) and (max-width: 767px){ \n#top #wrap_all .av-special-heading.av-lp03rgo8-956f33056c0dfa2d5010a9f9edf1d4f5 .av-special-heading-tag{\nfont-size:32px;\n}\n}\n\n@media only screen and (max-width: 479px){ \n#top #wrap_all .av-special-heading.av-lp03rgo8-956f33056c0dfa2d5010a9f9edf1d4f5 .av-special-heading-tag{\nfont-size:32px;\n}\n}\n<\/style>\n<div  class='av-special-heading av-lp03rgo8-956f33056c0dfa2d5010a9f9edf1d4f5 av-special-heading-h1 custom-color-heading blockquote modern-quote modern-centered  avia-builder-el-2  el_before_av_heading  avia-builder-el-first  heading-semi-cons av-inherit-size'><h1 class='av-special-heading-tag '  itemprop=\"headline\"  >Witaj w oddziale Press Glass w Tychach!<\/h1><div class=\"special-heading-border\"><div class=\"special-heading-inner-border\"><\/div><\/div><\/div><br \/>\n\n<style type=\"text\/css\" data-created_by=\"avia_inline_auto\" id=\"style-css-av-m38kl6il-03b81b1285b2c62fb5a1ebd0e3bccfa5\">\n#top .av-special-heading.av-m38kl6il-03b81b1285b2c62fb5a1ebd0e3bccfa5{\npadding-bottom:10px;\ncolor:#ffffff;\nfont-size:48px;\n}\nbody .av-special-heading.av-m38kl6il-03b81b1285b2c62fb5a1ebd0e3bccfa5 .av-special-heading-tag .heading-char{\nfont-size:25px;\n}\n#top #wrap_all .av-special-heading.av-m38kl6il-03b81b1285b2c62fb5a1ebd0e3bccfa5 .av-special-heading-tag{\nfont-size:48px;\n}\n.av-special-heading.av-m38kl6il-03b81b1285b2c62fb5a1ebd0e3bccfa5 .special-heading-inner-border{\nborder-color:#ffffff;\n}\n.av-special-heading.av-m38kl6il-03b81b1285b2c62fb5a1ebd0e3bccfa5 .av-subheading{\nfont-size:15px;\n}\n\n@media only screen and (min-width: 480px) and (max-width: 767px){ \n#top #wrap_all .av-special-heading.av-m38kl6il-03b81b1285b2c62fb5a1ebd0e3bccfa5 .av-special-heading-tag{\nfont-size:32px;\n}\n}\n\n@media only screen and (max-width: 479px){ \n#top #wrap_all .av-special-heading.av-m38kl6il-03b81b1285b2c62fb5a1ebd0e3bccfa5 .av-special-heading-tag{\nfont-size:32px;\n}\n}\n<\/style>\n<div  class='av-special-heading av-m38kl6il-03b81b1285b2c62fb5a1ebd0e3bccfa5 av-special-heading-h1 custom-color-heading blockquote modern-quote modern-centered  avia-builder-el-3  el_after_av_heading  avia-builder-el-last  heading-semi-cons av-inherit-size'><h1 class='av-special-heading-tag '  itemprop=\"headline\"  >Wybierz modu\u0142 informacyjny<\/h1><div class=\"special-heading-border\"><div class=\"special-heading-inner-border\"><\/div><\/div><\/div><\/p><\/div>\n\n<\/div><\/div><\/main><!-- close content main element --><\/div><\/div><\/div><div id='row-gird-30'  class='av-layout-grid-container av-17a88zzx-4f3d9b2396484eba439720088cf7d2be entry-content-wrapper main_color av-flex-cells av-break-at-tablet  avia-builder-el-4  el_after_av_section  el_before_av_section  grid-row-not-first  container_wrap sidebar_right'  >\n\n<style type=\"text\/css\" data-created_by=\"avia_inline_auto\" id=\"style-css-av-133efqyl-1e16513f433d910981b813618b7cfed1\">\n.flex_cell.av-133efqyl-1e16513f433d910981b813618b7cfed1{\nvertical-align:middle;\n}\n.responsive #top #wrap_all .flex_cell.av-133efqyl-1e16513f433d910981b813618b7cfed1{\npadding:30px 30px 30px 30px !important;\n}\n<\/style>\n<div class='flex_cell av-133efqyl-1e16513f433d910981b813618b7cfed1 av-gridrow-cell av_one_third no_margin  avia-builder-el-5  el_before_av_cell_one_third  avia-builder-el-first '  ><div class='flex_cell_inner'><p>\n<style type=\"text\/css\" data-created_by=\"avia_inline_auto\" id=\"style-css-av-xdco519-2ae86d88e3ac12a4ab580080f60bd0ff\">\n#top .av-special-heading.av-xdco519-2ae86d88e3ac12a4ab580080f60bd0ff{\nmargin:0 0 0 0;\npadding-bottom:0;\ncolor:#293b74;\nfont-size:30px;\n}\nbody .av-special-heading.av-xdco519-2ae86d88e3ac12a4ab580080f60bd0ff .av-special-heading-tag .heading-char{\nfont-size:25px;\n}\n#top #wrap_all .av-special-heading.av-xdco519-2ae86d88e3ac12a4ab580080f60bd0ff .av-special-heading-tag{\nfont-size:30px;\n}\n.av-special-heading.av-xdco519-2ae86d88e3ac12a4ab580080f60bd0ff .special-heading-inner-border{\nborder-color:#293b74;\n}\n.av-special-heading.av-xdco519-2ae86d88e3ac12a4ab580080f60bd0ff .av-subheading{\nfont-size:15px;\n}\n\n@media only screen and (min-width: 480px) and (max-width: 767px){ \n#top #wrap_all .av-special-heading.av-xdco519-2ae86d88e3ac12a4ab580080f60bd0ff .av-special-heading-tag{\nfont-size:0.8em;\n}\n}\n\n@media only screen and (max-width: 479px){ \n#top #wrap_all .av-special-heading.av-xdco519-2ae86d88e3ac12a4ab580080f60bd0ff .av-special-heading-tag{\nfont-size:0.8em;\n}\n}\n<\/style>\n<div  id=\"submenu\"  class='av-special-heading av-xdco519-2ae86d88e3ac12a4ab580080f60bd0ff av-special-heading-h2 custom-color-heading blockquote modern-quote  avia-builder-el-6  el_before_av_hr  avia-builder-el-first  heading-semi-cons av-inherit-size'><h2 class='av-special-heading-tag '  itemprop=\"headline\"  >ZASADY BEZPIECZE\u0143STWA<\/h2><div class=\"special-heading-border\"><div class=\"special-heading-inner-border\"><\/div><\/div><\/div><br \/>\n\n<style type=\"text\/css\" data-created_by=\"avia_inline_auto\" id=\"style-css-av-vjn8ym5-6ea7da8a5150bbd3b4a08870e1ba35b5\">\n#top .hr.hr-invisible.av-vjn8ym5-6ea7da8a5150bbd3b4a08870e1ba35b5{\nheight:15px;\n}\n<\/style>\n<div  class='hr av-vjn8ym5-6ea7da8a5150bbd3b4a08870e1ba35b5 hr-invisible  avia-builder-el-7  el_after_av_heading  el_before_av_textblock  av-small-hide av-mini-hide'><span class='hr-inner '><span class=\"hr-inner-style\"><\/span><\/span><\/div><br \/>\n\n<style type=\"text\/css\" data-created_by=\"avia_inline_auto\" id=\"style-css-av-p3g71a5-41cade07c18441e6974b4309cbb3e576\">\n#top .av_textblock_section.av-p3g71a5-41cade07c18441e6974b4309cbb3e576 .avia_textblock{\nfont-size:22px;\n}\n<\/style>\n<section  class='av_textblock_section av-p3g71a5-41cade07c18441e6974b4309cbb3e576 '   itemscope=\"itemscope\" itemtype=\"https:\/\/schema.org\/CreativeWork\" ><div class='avia_textblock text-30years-gray av_inherit_color'  itemprop=\"text\" ><p>W celu zapewnienia bezpiecze\u0144stwa os\u00f3b przebywaj\u0105cych na terenie zak\u0142adu Press Glass w Tychach, prosimy o zapoznanie si\u0119 z obowi\u0105zuj\u0105cymi zasadami.<\/p>\n<\/div><\/section><br \/>\n<div  class='avia-button-wrap av-m38o58qc-3b9932a9da1e87462febaa2f1e409369-wrap avia-button-center  avia-builder-el-9  el_after_av_textblock  avia-builder-el-last  btn-blue'><a href='https:\/\/www.pressglass.com\/pl\/informacje-bhp-i-esg\/zaklad\/tychy\/zasady-bezpieczenstwa\/'  class='avia-button av-m38o58qc-3b9932a9da1e87462febaa2f1e409369 av-link-btn avia-icon_select-no avia-size-large avia-position-center avia-color-dark'   aria-label=\"ZOBACZ WI\u0118CEJ\"><span class='avia_iconbox_title' >ZOBACZ WI\u0118CEJ<\/span><\/a><\/div><\/p>\n<\/div><\/div>\n<style type=\"text\/css\" data-created_by=\"avia_inline_auto\" id=\"style-css-av-ljxuz7h-a764588e75ad8cf7e8961c292dd5189a\">\n.flex_cell.av-ljxuz7h-a764588e75ad8cf7e8961c292dd5189a{\nvertical-align:middle;\n}\n.responsive #top #wrap_all .flex_cell.av-ljxuz7h-a764588e75ad8cf7e8961c292dd5189a{\npadding:30px 30px 30px 30px !important;\n}\n<\/style>\n<div class='flex_cell av-ljxuz7h-a764588e75ad8cf7e8961c292dd5189a av-gridrow-cell av_one_third no_margin  avia-builder-el-10  el_after_av_cell_one_third  el_before_av_cell_one_third '  ><div class='flex_cell_inner'><p>\n<style type=\"text\/css\" data-created_by=\"avia_inline_auto\" id=\"style-css-av-g2b5071-06907939a3b7599be8a5953a6a976543\">\n#top .av-special-heading.av-g2b5071-06907939a3b7599be8a5953a6a976543{\nmargin:0 0 0 0;\npadding-bottom:0;\ncolor:#293b74;\nfont-size:30px;\n}\nbody .av-special-heading.av-g2b5071-06907939a3b7599be8a5953a6a976543 .av-special-heading-tag .heading-char{\nfont-size:25px;\n}\n#top #wrap_all .av-special-heading.av-g2b5071-06907939a3b7599be8a5953a6a976543 .av-special-heading-tag{\nfont-size:30px;\n}\n.av-special-heading.av-g2b5071-06907939a3b7599be8a5953a6a976543 .special-heading-inner-border{\nborder-color:#293b74;\n}\n.av-special-heading.av-g2b5071-06907939a3b7599be8a5953a6a976543 .av-subheading{\nfont-size:15px;\n}\n\n@media only screen and (min-width: 480px) and (max-width: 767px){ \n#top #wrap_all .av-special-heading.av-g2b5071-06907939a3b7599be8a5953a6a976543 .av-special-heading-tag{\nfont-size:0.8em;\n}\n}\n\n@media only screen and (max-width: 479px){ \n#top #wrap_all .av-special-heading.av-g2b5071-06907939a3b7599be8a5953a6a976543 .av-special-heading-tag{\nfont-size:0.8em;\n}\n}\n<\/style>\n<div  id=\"submenu\"  class='av-special-heading av-g2b5071-06907939a3b7599be8a5953a6a976543 av-special-heading-h2 custom-color-heading blockquote modern-quote  avia-builder-el-11  el_before_av_hr  avia-builder-el-first  heading-semi-cons av-inherit-size'><h2 class='av-special-heading-tag '  itemprop=\"headline\"  >ZR\u00d3WNOWA\u017bONY ROZW\u00d3J<\/h2><div class=\"special-heading-border\"><div class=\"special-heading-inner-border\"><\/div><\/div><\/div><br \/>\n\n<style type=\"text\/css\" data-created_by=\"avia_inline_auto\" id=\"style-css-av-atx8ccd-a3b768f4379089abf93c61aab6593bb4\">\n#top .hr.hr-invisible.av-atx8ccd-a3b768f4379089abf93c61aab6593bb4{\nheight:15px;\n}\n<\/style>\n<div  class='hr av-atx8ccd-a3b768f4379089abf93c61aab6593bb4 hr-invisible  avia-builder-el-12  el_after_av_heading  el_before_av_textblock  av-small-hide av-mini-hide'><span class='hr-inner '><span class=\"hr-inner-style\"><\/span><\/span><\/div><br \/>\n\n<style type=\"text\/css\" data-created_by=\"avia_inline_auto\" id=\"style-css-av-61q71q5-43bd6439307ad9572e8618d94371c60c\">\n#top .av_textblock_section.av-61q71q5-43bd6439307ad9572e8618d94371c60c .avia_textblock{\nfont-size:22px;\n}\n<\/style>\n<section  class='av_textblock_section av-61q71q5-43bd6439307ad9572e8618d94371c60c '   itemscope=\"itemscope\" itemtype=\"https:\/\/schema.org\/CreativeWork\" ><div class='avia_textblock text-30years-gray av_inherit_color'  itemprop=\"text\" ><p>Transparentno\u015b\u0107 dzia\u0142a\u0144 to jedna z naszych podstawowych warto\u015bci. Zapoznaj si\u0119 z nasz\u0105 strategi\u0105, opart\u0105 na budowaniu globalnej, nowoczesnej organizacji.<\/p>\n<\/div><\/section><br \/>\n<div  class='avia-button-wrap av-52xj0xp-7852bf2a733b95023d0e61e2322d02f4-wrap avia-button-center  avia-builder-el-14  el_after_av_textblock  avia-builder-el-last  btn-blue'><a href='https:\/\/www.pressglass.com\/pl\/informacje-bhp-i-esg\/zaklad\/tychy\/zrownowazony-rozwoj\/'  class='avia-button av-52xj0xp-7852bf2a733b95023d0e61e2322d02f4 av-link-btn avia-icon_select-no avia-size-large avia-position-center avia-color-dark'   aria-label=\"ZOBACZ WI\u0118CEJ\"><span class='avia_iconbox_title' >ZOBACZ WI\u0118CEJ<\/span><\/a><\/div><\/p>\n<\/div><\/div>\n<style type=\"text\/css\" data-created_by=\"avia_inline_auto\" id=\"style-css-av-afm8fnn-1f44e42797b904899f322fd6d780418c\">\n.flex_cell.av-afm8fnn-1f44e42797b904899f322fd6d780418c{\nvertical-align:middle;\n}\n.responsive #top #wrap_all .flex_cell.av-afm8fnn-1f44e42797b904899f322fd6d780418c{\npadding:30px 30px 30px 30px !important;\n}\n<\/style>\n<div class='flex_cell av-afm8fnn-1f44e42797b904899f322fd6d780418c av-gridrow-cell av_one_third no_margin  avia-builder-el-15  el_after_av_cell_one_third  avia-builder-el-last '  ><div class='flex_cell_inner'><p>\n<style type=\"text\/css\" data-created_by=\"avia_inline_auto\" id=\"style-css-av-mcx239hh-e81f69b697803fac5a80e97938333a74\">\n#top .av-special-heading.av-mcx239hh-e81f69b697803fac5a80e97938333a74{\nmargin:0 0 0 0;\npadding-bottom:0;\ncolor:#293b74;\nfont-size:30px;\n}\nbody .av-special-heading.av-mcx239hh-e81f69b697803fac5a80e97938333a74 .av-special-heading-tag .heading-char{\nfont-size:25px;\n}\n#top #wrap_all .av-special-heading.av-mcx239hh-e81f69b697803fac5a80e97938333a74 .av-special-heading-tag{\nfont-size:30px;\n}\n.av-special-heading.av-mcx239hh-e81f69b697803fac5a80e97938333a74 .special-heading-inner-border{\nborder-color:#293b74;\n}\n.av-special-heading.av-mcx239hh-e81f69b697803fac5a80e97938333a74 .av-subheading{\nfont-size:15px;\n}\n\n@media only screen and (min-width: 480px) and (max-width: 767px){ \n#top #wrap_all .av-special-heading.av-mcx239hh-e81f69b697803fac5a80e97938333a74 .av-special-heading-tag{\nfont-size:0.8em;\n}\n}\n\n@media only screen and (max-width: 479px){ \n#top #wrap_all .av-special-heading.av-mcx239hh-e81f69b697803fac5a80e97938333a74 .av-special-heading-tag{\nfont-size:0.8em;\n}\n}\n<\/style>\n<div  id=\"submenu\"  class='av-special-heading av-mcx239hh-e81f69b697803fac5a80e97938333a74 av-special-heading-h2 custom-color-heading blockquote modern-quote  avia-builder-el-16  el_before_av_hr  avia-builder-el-first  heading-semi-cons av-inherit-size'><h2 class='av-special-heading-tag '  itemprop=\"headline\"  >ZNAJOMO\u015a\u0106 ZASAD BHP<\/h2><div class=\"special-heading-border\"><div class=\"special-heading-inner-border\"><\/div><\/div><\/div><br \/>\n\n<style type=\"text\/css\" data-created_by=\"avia_inline_auto\" id=\"style-css-av-7xl0mdf-d3dec1778b56fc4b6f7cef491a77e1f4\">\n#top .hr.hr-invisible.av-7xl0mdf-d3dec1778b56fc4b6f7cef491a77e1f4{\nheight:15px;\n}\n<\/style>\n<div  class='hr av-7xl0mdf-d3dec1778b56fc4b6f7cef491a77e1f4 hr-invisible  avia-builder-el-17  el_after_av_heading  el_before_av_textblock  av-small-hide av-mini-hide'><span class='hr-inner '><span class=\"hr-inner-style\"><\/span><\/span><\/div><br \/>\n\n<style type=\"text\/css\" data-created_by=\"avia_inline_auto\" id=\"style-css-av-mcx23qnf-0c2a265955f6d28017980d1479882017\">\n#top .av_textblock_section.av-mcx23qnf-0c2a265955f6d28017980d1479882017 .avia_textblock{\nfont-size:22px;\n}\n<\/style>\n<section  class='av_textblock_section av-mcx23qnf-0c2a265955f6d28017980d1479882017 '   itemscope=\"itemscope\" itemtype=\"https:\/\/schema.org\/CreativeWork\" ><div class='avia_textblock text-30years-gray av_inherit_color'  itemprop=\"text\" ><p>Potwierd\u017a znajomo\u015b\u0107 zasad BHP obowi\u0105zuj\u0105cych na terenie zak\u0142adu Press Glass w Tychach.<\/p>\n<\/div><\/section><br \/>\n<div  class='avia-button-wrap av-mcx24aqu-b9660715dacae595e68535c53168b15b-wrap avia-button-center  avia-builder-el-19  el_after_av_textblock  avia-builder-el-last  btn-blue'><a href='https:\/\/forms.office.com\/Pages\/ResponsePage.aspx?id=abBjkA9x0EGviDc-_pDnkI6gzDsbt0lAj_lTR_EKps5UMTJaN1hWQjlFM0JUWlVWMUJTWjlXNDZHNi4u'  class='avia-button av-mcx24aqu-b9660715dacae595e68535c53168b15b av-link-btn avia-icon_select-no avia-size-large avia-position-center avia-color-dark'   aria-label=\"FORMULARZ\"><span class='avia_iconbox_title' >FORMULARZ<\/span><\/a><\/div><\/p>\n<\/div><\/div><\/div>\n<style type=\"text\/css\" data-created_by=\"avia_inline_auto\" id=\"style-css-av-m38l5a81-f429fd4e427ef00653dc8fff70f54142\">\n.avia-section.av-m38l5a81-f429fd4e427ef00653dc8fff70f54142{\nbackground-color:#fafafa;\nbackground-image:unset;\n}\n<\/style>\n<div id='full-width-header-30'  class='avia-section av-m38l5a81-f429fd4e427ef00653dc8fff70f54142 main_color avia-section-default avia-no-border-styling  avia-builder-el-20  el_after_av_layout_row  avia-builder-el-last  avia-bg-style-scroll container_wrap sidebar_right'  ><div class='container av-section-cont-open' ><div class='template-page content  av-content-small alpha units'><div class='post-entry post-entry-type-page post-entry-161091'><div class='entry-content-wrapper clearfix'>\n\n<style type=\"text\/css\" data-created_by=\"avia_inline_auto\" id=\"style-css-av-m38lafmv-1720aa28fcebb4655048c039db3f76f6\">\n.flex_column.av-m38lafmv-1720aa28fcebb4655048c039db3f76f6{\nborder-radius:0px 0px 0px 0px;\npadding:0px 0px 0px 0px;\nbackground-color:#fafafa;\n}\n<\/style>\n<div  class='flex_column av-m38lafmv-1720aa28fcebb4655048c039db3f76f6 av_one_full  avia-builder-el-21  avia-builder-el-no-sibling  first flex_column_div av-zero-column-padding  '     ><style type=\"text\/css\" data-created_by=\"avia_inline_auto\" id=\"style-css-av-m38l7gdc-e216d9430e2cb5de029cefc50b7df848\">\n#top .av_textblock_section.av-m38l7gdc-e216d9430e2cb5de029cefc50b7df848 .avia_textblock{\nfont-size:12px;\ntext-align:center;\n}\n<\/style>\n<section  class='av_textblock_section av-m38l7gdc-e216d9430e2cb5de029cefc50b7df848 '   itemscope=\"itemscope\" itemtype=\"https:\/\/schema.org\/CreativeWork\" ><div class='avia_textblock'  itemprop=\"text\" ><p style=\"text-align: center;\">\u00a9 Copyright PRESS GLASS Holding SA 2024<\/p>\n<\/div><\/section><\/div>\n<\/div><\/div><\/div><!-- close content main div --><\/div><\/div><div id='after_section_2'  class='main_color av_default_container_wrap container_wrap sidebar_right'  ><div class='container av-section-cont-open' ><div class='template-page content  av-content-small alpha units'><div class='post-entry post-entry-type-page post-entry-161091'><div class='entry-content-wrapper clearfix'><\/p>\n","protected":false},"excerpt":{"rendered":"","protected":false},"author":28,"featured_media":0,"parent":161047,"menu_order":200,"comment_status":"closed","ping_status":"closed","template":"","meta":{"footnotes":""},"class_list":["post-161091","page","type-page","status-publish","hentry"],"yoast_head":"<!-- This site is optimized with the Yoast SEO plugin v27.3 - https:\/\/yoast.com\/product\/yoast-seo-wordpress\/ -->\n<title>Zak\u0142ad Tychy | Wybierz modu\u0142 - PRESS GLASS Holding SA<\/title>\n<meta name=\"description\" content=\"Zak\u0142ad Tychy | Wybierz modu\u0142\" \/>\n<meta name=\"robots\" content=\"noindex, nofollow\" \/>\n<meta name=\"twitter:label1\" content=\"Szacowany czas czytania\" \/>\n\t<meta name=\"twitter:data1\" content=\"1 minuta\" \/>\n<script type=\"application\/ld+json\" class=\"yoast-schema-graph\">{\"@context\":\"https:\\\/\\\/schema.org\",\"@graph\":[{\"@type\":\"WebPage\",\"@id\":\"http:\\\/\\\/www.pressglass.com\\\/pl\\\/informacje-bhp-i-esg\\\/zaklad\\\/tychy\\\/\",\"url\":\"http:\\\/\\\/www.pressglass.com\\\/pl\\\/informacje-bhp-i-esg\\\/zaklad\\\/tychy\\\/\",\"name\":\"Zak\u0142ad Tychy | Wybierz modu\u0142 - PRESS GLASS Holding SA\",\"isPartOf\":{\"@id\":\"https:\\\/\\\/www.pressglass.com\\\/it\\\/#website\"},\"datePublished\":\"2025-01-22T23:18:02+00:00\",\"dateModified\":\"2025-09-25T10:25:44+00:00\",\"description\":\"Zak\u0142ad Tychy | Wybierz modu\u0142\",\"breadcrumb\":{\"@id\":\"http:\\\/\\\/www.pressglass.com\\\/pl\\\/informacje-bhp-i-esg\\\/zaklad\\\/tychy\\\/#breadcrumb\"},\"inLanguage\":\"pl-PL\",\"potentialAction\":[{\"@type\":\"ReadAction\",\"target\":[\"http:\\\/\\\/www.pressglass.com\\\/pl\\\/informacje-bhp-i-esg\\\/zaklad\\\/tychy\\\/\"]}]},{\"@type\":\"BreadcrumbList\",\"@id\":\"http:\\\/\\\/www.pressglass.com\\\/pl\\\/informacje-bhp-i-esg\\\/zaklad\\\/tychy\\\/#breadcrumb\",\"itemListElement\":[{\"@type\":\"ListItem\",\"position\":1,\"name\":\"Strona g\u0142\u00f3wna\",\"item\":\"https:\\\/\\\/www.pressglass.com\\\/pl\\\/\"},{\"@type\":\"ListItem\",\"position\":2,\"name\":\"Informacje BHP i ESG | Wybierz j\u0119zyk\",\"item\":\"https:\\\/\\\/www.pressglass.com\\\/pl\\\/informacje-bhp-i-esg\\\/\"},{\"@type\":\"ListItem\",\"position\":3,\"name\":\"Informacje BHP i ESG | Wybierz zak\u0142ad\",\"item\":\"https:\\\/\\\/www.pressglass.com\\\/pl\\\/informacje-bhp-i-esg\\\/zaklad\\\/\"},{\"@type\":\"ListItem\",\"position\":4,\"name\":\"Zak\u0142ad Tychy | Wybierz modu\u0142\"}]},{\"@type\":\"WebSite\",\"@id\":\"https:\\\/\\\/www.pressglass.com\\\/it\\\/#website\",\"url\":\"https:\\\/\\\/www.pressglass.com\\\/it\\\/\",\"name\":\"PRESS GLASS Holding SA\",\"description\":\"\",\"potentialAction\":[{\"@type\":\"SearchAction\",\"target\":{\"@type\":\"EntryPoint\",\"urlTemplate\":\"https:\\\/\\\/www.pressglass.com\\\/it\\\/?s={search_term_string}\"},\"query-input\":{\"@type\":\"PropertyValueSpecification\",\"valueRequired\":true,\"valueName\":\"search_term_string\"}}],\"inLanguage\":\"pl-PL\"}]}<\/script>\n<!-- \/ Yoast SEO plugin. -->","yoast_head_json":{"title":"Zak\u0142ad Tychy | Wybierz modu\u0142 - PRESS GLASS Holding SA","description":"Zak\u0142ad Tychy | Wybierz modu\u0142","robots":{"index":"noindex","follow":"nofollow"},"twitter_misc":{"Szacowany czas czytania":"1 minuta"},"schema":{"@context":"https:\/\/schema.org","@graph":[{"@type":"WebPage","@id":"http:\/\/www.pressglass.com\/pl\/informacje-bhp-i-esg\/zaklad\/tychy\/","url":"http:\/\/www.pressglass.com\/pl\/informacje-bhp-i-esg\/zaklad\/tychy\/","name":"Zak\u0142ad Tychy | Wybierz modu\u0142 - PRESS GLASS Holding SA","isPartOf":{"@id":"https:\/\/www.pressglass.com\/it\/#website"},"datePublished":"2025-01-22T23:18:02+00:00","dateModified":"2025-09-25T10:25:44+00:00","description":"Zak\u0142ad Tychy | Wybierz modu\u0142","breadcrumb":{"@id":"http:\/\/www.pressglass.com\/pl\/informacje-bhp-i-esg\/zaklad\/tychy\/#breadcrumb"},"inLanguage":"pl-PL","potentialAction":[{"@type":"ReadAction","target":["http:\/\/www.pressglass.com\/pl\/informacje-bhp-i-esg\/zaklad\/tychy\/"]}]},{"@type":"BreadcrumbList","@id":"http:\/\/www.pressglass.com\/pl\/informacje-bhp-i-esg\/zaklad\/tychy\/#breadcrumb","itemListElement":[{"@type":"ListItem","position":1,"name":"Strona g\u0142\u00f3wna","item":"https:\/\/www.pressglass.com\/pl\/"},{"@type":"ListItem","position":2,"name":"Informacje BHP i ESG | Wybierz j\u0119zyk","item":"https:\/\/www.pressglass.com\/pl\/informacje-bhp-i-esg\/"},{"@type":"ListItem","position":3,"name":"Informacje BHP i ESG | Wybierz zak\u0142ad","item":"https:\/\/www.pressglass.com\/pl\/informacje-bhp-i-esg\/zaklad\/"},{"@type":"ListItem","position":4,"name":"Zak\u0142ad Tychy | Wybierz modu\u0142"}]},{"@type":"WebSite","@id":"https:\/\/www.pressglass.com\/it\/#website","url":"https:\/\/www.pressglass.com\/it\/","name":"PRESS GLASS Holding SA","description":"","potentialAction":[{"@type":"SearchAction","target":{"@type":"EntryPoint","urlTemplate":"https:\/\/www.pressglass.com\/it\/?s={search_term_string}"},"query-input":{"@type":"PropertyValueSpecification","valueRequired":true,"valueName":"search_term_string"}}],"inLanguage":"pl-PL"}]}},"rttpg_featured_image_url":null,"rttpg_author":{"display_name":"J W","author_link":"https:\/\/www.pressglass.com\/pl\/author\/justyna-woznica\/"},"rttpg_comment":0,"rttpg_category":" <a href=\"https:\/\/www.pressglass.com\/pl\/?taxonomy=translation_priority&#038;term=opcjonalne-pl\" rel=\"tag\">Opcjonalne<\/a>","rttpg_excerpt":null,"_links":{"self":[{"href":"https:\/\/www.pressglass.com\/pl\/wp-json\/wp\/v2\/pages\/161091","targetHints":{"allow":["GET"]}}],"collection":[{"href":"https:\/\/www.pressglass.com\/pl\/wp-json\/wp\/v2\/pages"}],"about":[{"href":"https:\/\/www.pressglass.com\/pl\/wp-json\/wp\/v2\/types\/page"}],"author":[{"embeddable":true,"href":"https:\/\/www.pressglass.com\/pl\/wp-json\/wp\/v2\/users\/28"}],"replies":[{"embeddable":true,"href":"https:\/\/www.pressglass.com\/pl\/wp-json\/wp\/v2\/comments?post=161091"}],"version-history":[{"count":7,"href":"https:\/\/www.pressglass.com\/pl\/wp-json\/wp\/v2\/pages\/161091\/revisions"}],"predecessor-version":[{"id":164315,"href":"https:\/\/www.pressglass.com\/pl\/wp-json\/wp\/v2\/pages\/161091\/revisions\/164315"}],"up":[{"embeddable":true,"href":"https:\/\/www.pressglass.com\/pl\/wp-json\/wp\/v2\/pages\/161047"}],"wp:attachment":[{"href":"https:\/\/www.pressglass.com\/pl\/wp-json\/wp\/v2\/media?parent=161091"}],"curies":[{"name":"wp","href":"https:\/\/api.w.org\/{rel}","templated":true}]}}