{"id":157341,"date":"2025-07-03T13:11:20","date_gmt":"2025-07-03T11:11:20","guid":{"rendered":"https:\/\/www.pressglass.com\/?page_id=157341"},"modified":"2025-07-03T13:22:00","modified_gmt":"2025-07-03T11:22:00","slug":"informacje-o-przetwarzaniu-danych-press-glass-sp-z-o-o","status":"publish","type":"page","link":"https:\/\/www.pressglass.com\/pl\/informacje-o-przetwarzaniu-danych-press-glass-sp-z-o-o\/","title":{"rendered":"Informacje o przetwarzaniu danych osobowych &#8211; Sp. z o.o."},"content":{"rendered":"<section  class='av_textblock_section av-vuh6oqs-26331b45db8b1323eaa44cfed36c31bf '   itemscope=\"itemscope\" itemtype=\"https:\/\/schema.org\/CreativeWork\" ><div class='avia_textblock'  itemprop=\"text\" ><\/div><\/section>\n\n<style type=\"text\/css\" data-created_by=\"avia_inline_auto\" id=\"style-css-av-pw6bryc-cf2a74d48e40627e2e66993fa1dd449a\">\n.flex_column.av-pw6bryc-cf2a74d48e40627e2e66993fa1dd449a{\nborder-radius:0px 0px 0px 0px;\npadding:0px 0px 0px 0px;\n}\n<\/style>\n<div  class='flex_column av-pw6bryc-cf2a74d48e40627e2e66993fa1dd449a av_one_fifth  avia-builder-el-1  el_after_av_textblock  el_before_av_three_fifth  first flex_column_div av-zero-column-padding  column-top-margin'     ><\/div>\n\n<style type=\"text\/css\" data-created_by=\"avia_inline_auto\" id=\"style-css-av-kw6vbes-aa8f72316953c55a7b2b8a6258d903b4\">\n.flex_column.av-kw6vbes-aa8f72316953c55a7b2b8a6258d903b4{\nborder-radius:0px 0px 0px 0px;\npadding:0px 0px 0px 0px;\n}\n<\/style>\n<div  class='flex_column av-kw6vbes-aa8f72316953c55a7b2b8a6258d903b4 av_three_fifth  avia-builder-el-2  el_after_av_one_fifth  el_before_av_one_fifth  flex_column_div av-zero-column-padding  column-top-margin'     ><section  class='av_textblock_section av-foikakk-27cc1997212af7bbeb8865cfd9b8aa4e '   itemscope=\"itemscope\" itemtype=\"https:\/\/schema.org\/CreativeWork\" ><div class='avia_textblock'  itemprop=\"text\" ><h2 style=\"text-align: center;\"><strong>Informacje o przetwarzaniu danych osobowych przez PRESS GLASS sp. z o.o.<\/strong><\/h2>\n<\/div><\/section><br \/>\n\n<style type=\"text\/css\" data-created_by=\"avia_inline_auto\" id=\"style-css-av-cqk01qc-d0ba8b1c7988fa11a72db31b3261e918\">\n#top .hr.hr-invisible.av-cqk01qc-d0ba8b1c7988fa11a72db31b3261e918{\nheight:30px;\n}\n<\/style>\n<div  class='hr av-cqk01qc-d0ba8b1c7988fa11a72db31b3261e918 hr-invisible  avia-builder-el-4  el_after_av_textblock  el_before_av_textblock '><span class='hr-inner '><span class=\"hr-inner-style\"><\/span><\/span><\/div><br \/>\n<section  class='av_textblock_section av-kg9cxtun-1e08946abdf1b82cab162c910d4fd83f '   itemscope=\"itemscope\" itemtype=\"https:\/\/schema.org\/CreativeWork\" ><div class='avia_textblock'  itemprop=\"text\" ><p>Zgodnie z art. 13 ust. 1 i 2 Rozporz\u0105dzenia Parlamentu Europejskiego i Rady (UE) z dnia 27 kwietnia 2016 r. w sprawie ochrony os\u00f3b fizycznych w zwi\u0105zku z przetwarzaniem danych osobowych i w sprawie swobodnego przep\u0142ywu takich danych oraz uchylenia dyrektywy 95\/46\/WE (og\u00f3lne rozporz\u0105dzenie o ochronie danych) (dalej: RODO), uprzejmie informujemy, \u017ce:<\/p>\n<p>1. Administratorem Pani\/Pana danych osobowych jest PRESS GLASS sp\u00f3\u0142ka z ograniczon\u0105 odpowiedzialno\u015bci\u0105 z siedzib\u0105 w Konopiskach, ul. Golfowa 19, 42-274 Konopiska, wpisana do rejestru przedsi\u0119biorc\u00f3w prowadzonego przez S\u0105d Rejonowy w Cz\u0119stochowie, XVII Wydzia\u0142 Gospodarczy Krajowego Rejestru S\u0105dowego pod numerem KRS: 0000934999.<\/p>\n<p>2. Mo\u017ce Pani\/Pan skontaktowa\u0107 si\u0119 z nami:<br \/>\na. korespondencyjnie na adres: ul. Golfowa 19, 42-274 Konopiska, z dopiskiem: \u201edane osobowe\u201d lub<br \/>\nb. drog\u0105 elektroniczn\u0105 na adres: gdpr@pressglass.com.<\/p>\n<p>3. Administrator wyznaczy\u0142 inspektora danych osobowych, z kt\u00f3rym mo\u017cna si\u0119 skontaktowa\u0107 drog\u0105 elektroniczn\u0105 na adres: iod@pressglass.com.<\/p>\n<p>4. Pani\/Pana dane osobowe przetwarzane b\u0119d\u0105 w celu realizacji obowi\u0105zk\u00f3w w zakresie bezpiecze\u0144stwa i higieny pracy.<\/p>\n<p>5. Pani\/Pana dane osobowe przetwarzane s\u0105 w oparciu o art. 6 ust. 1 lit. b RODO w zwi\u0105zku z wykonaniem umowy o prac\u0119 oraz art. 6 ust. 1 lit. c RODO w zwi\u0105zku z wymogiem wype\u0142nienia obowi\u0105zk\u00f3w prawnych w zakresie prawa pracy ci\u0105\u017c\u0105cych na Administratorze.<\/p>\n<p>6. Administrator przetwarza Pani\/Pana dane osobowe w postaci: imienia, nazwiska oraz ewentualnie innych przekazanych danych osobowych.<\/p>\n<p>7. Odbiorc\u0105 Pani\/Pana danych osobowych mog\u0105 by\u0107:<br \/>\na. w szczeg\u00f3lnie uzasadnionych przypadkach nale\u017c\u0105ca do grupy PRESS GLASS \u2013 PRESS GLASS HOLDING S.A.,<br \/>\nb. podmioty dostarczaj\u0105ce i wspieraj\u0105ce systemy teleinformatyczne, podmioty \u015bwiadcz\u0105ce us\u0142ugi serwisu i obs\u0142ugi technicznej urz\u0105dze\u0144 wykorzystywanych przez Administratora,<br \/>\nc. podmioty wspieraj\u0105ce bie\u017c\u0105c\u0105 dzia\u0142alno\u015b\u0107 Administratora, w tym podmioty \u015bwiadcz\u0105ce us\u0142ugi prawne, ksi\u0119gowe i windykacyjne,<br \/>\nd. uprawnione organy publiczne,<br \/>\ne. inne podmioty wspieraj\u0105ce bie\u017c\u0105c\u0105 dzia\u0142alno\u015b\u0107 Administratora, w tym podmioty \u015bwiadcz\u0105ce us\u0142ugi prawne, ksi\u0119gowe i windykacyjne.<\/p>\n<p>8. Pani\/Pana dane osobowe b\u0119d\u0105 przechowywane do czasu zako\u0144czenia wsp\u00f3\u0142pracy, a w wyj\u0105tkowych przypadkach do czasu przedawnienia roszcze\u0144.<\/p>\n<p>9. Informujemy o przys\u0142uguj\u0105cych Pani\/Panu prawach:<br \/>\na. dost\u0119pu do swoich danych osobowych i \u017c\u0105dania ich kopii,<br \/>\nb. sprostowania swoich danych osobowych,<br \/>\nc. \u017c\u0105dania ograniczenia przetwarzania swoich danych,<br \/>\nd. przenoszenia danych,<br \/>\ne. cofni\u0119cia zgody,<br \/>\nf. usuni\u0119cia danych.<\/p>\n<p>W stosunku do danych przetwarzanych na podstawie prawnie uzasadnionych interes\u00f3w realizowanych przez Administratora przys\u0142uguje Pani\/Panu prawo z\u0142o\u017cenia sprzeciwu wobec przetwarzania danych osobowych.<\/p>\n<p>10. Ma Pani\/Pan prawo wniesienia skargi do organu nadzorczego \u2013 Urz\u0119du Ochrony Danych Osobowych, je\u017celi uzna Pani\/Pan, i\u017c przetwarzanie Pani\/Pana danych osobowych narusza RODO.<\/p>\n<\/div><\/section><\/p><\/div>\n<style type=\"text\/css\" data-created_by=\"avia_inline_auto\" id=\"style-css-av-7mnfutg-4f0f5cc27668cfea74e8de5ea8f232fc\">\n.flex_column.av-7mnfutg-4f0f5cc27668cfea74e8de5ea8f232fc{\nborder-radius:0px 0px 0px 0px;\npadding:0px 0px 0px 0px;\n}\n<\/style>\n<div  class='flex_column av-7mnfutg-4f0f5cc27668cfea74e8de5ea8f232fc av_one_fifth  avia-builder-el-6  el_after_av_three_fifth  avia-builder-el-last  flex_column_div av-zero-column-padding  column-top-margin'     ><\/div><\/p>\n","protected":false},"excerpt":{"rendered":"","protected":false},"author":28,"featured_media":0,"parent":0,"menu_order":0,"comment_status":"closed","ping_status":"closed","template":"","meta":{"footnotes":""},"class_list":["post-157341","page","type-page","status-publish","hentry"],"yoast_head":"<!-- This site is optimized with the Yoast SEO plugin v27.3 - https:\/\/yoast.com\/product\/yoast-seo-wordpress\/ -->\n<title>Informacje o przetwarzaniu danych osobowych - Sp. z o.o. - PRESS GLASS Holding SA<\/title>\n<meta name=\"description\" content=\"Informacje o przetwarzaniu danych osobowych - Sp. z o.o.\" \/>\n<meta name=\"robots\" content=\"index, follow, max-snippet:-1, max-image-preview:large, max-video-preview:-1\" \/>\n<link rel=\"canonical\" href=\"https:\/\/www.pressglass.com\/pl\/informacje-o-przetwarzaniu-danych-press-glass-sp-z-o-o\/\" \/>\n<meta name=\"twitter:label1\" content=\"Szacowany czas czytania\" \/>\n\t<meta name=\"twitter:data1\" content=\"3 minuty\" \/>\n<script type=\"application\/ld+json\" class=\"yoast-schema-graph\">{\"@context\":\"https:\\\/\\\/schema.org\",\"@graph\":[{\"@type\":\"WebPage\",\"@id\":\"https:\\\/\\\/www.pressglass.com\\\/pl\\\/informacje-o-przetwarzaniu-danych-press-glass-sp-z-o-o\\\/\",\"url\":\"https:\\\/\\\/www.pressglass.com\\\/pl\\\/informacje-o-przetwarzaniu-danych-press-glass-sp-z-o-o\\\/\",\"name\":\"Informacje o przetwarzaniu danych osobowych - Sp. z o.o. - PRESS GLASS Holding SA\",\"isPartOf\":{\"@id\":\"https:\\\/\\\/www.pressglass.com\\\/it\\\/#website\"},\"datePublished\":\"2025-07-03T11:11:20+00:00\",\"dateModified\":\"2025-07-03T11:22:00+00:00\",\"description\":\"Informacje o przetwarzaniu danych osobowych - Sp. z o.o.\",\"breadcrumb\":{\"@id\":\"https:\\\/\\\/www.pressglass.com\\\/pl\\\/informacje-o-przetwarzaniu-danych-press-glass-sp-z-o-o\\\/#breadcrumb\"},\"inLanguage\":\"pl-PL\",\"potentialAction\":[{\"@type\":\"ReadAction\",\"target\":[\"https:\\\/\\\/www.pressglass.com\\\/pl\\\/informacje-o-przetwarzaniu-danych-press-glass-sp-z-o-o\\\/\"]}]},{\"@type\":\"BreadcrumbList\",\"@id\":\"https:\\\/\\\/www.pressglass.com\\\/pl\\\/informacje-o-przetwarzaniu-danych-press-glass-sp-z-o-o\\\/#breadcrumb\",\"itemListElement\":[{\"@type\":\"ListItem\",\"position\":1,\"name\":\"Strona g\u0142\u00f3wna\",\"item\":\"https:\\\/\\\/www.pressglass.com\\\/pl\\\/\"},{\"@type\":\"ListItem\",\"position\":2,\"name\":\"Informacje o przetwarzaniu danych osobowych &#8211; Sp. z o.o.\"}]},{\"@type\":\"WebSite\",\"@id\":\"https:\\\/\\\/www.pressglass.com\\\/it\\\/#website\",\"url\":\"https:\\\/\\\/www.pressglass.com\\\/it\\\/\",\"name\":\"PRESS GLASS Holding SA\",\"description\":\"\",\"potentialAction\":[{\"@type\":\"SearchAction\",\"target\":{\"@type\":\"EntryPoint\",\"urlTemplate\":\"https:\\\/\\\/www.pressglass.com\\\/it\\\/?s={search_term_string}\"},\"query-input\":{\"@type\":\"PropertyValueSpecification\",\"valueRequired\":true,\"valueName\":\"search_term_string\"}}],\"inLanguage\":\"pl-PL\"}]}<\/script>\n<!-- \/ Yoast SEO plugin. -->","yoast_head_json":{"title":"Informacje o przetwarzaniu danych osobowych - Sp. z o.o. - PRESS GLASS Holding SA","description":"Informacje o przetwarzaniu danych osobowych - Sp. z o.o.","robots":{"index":"index","follow":"follow","max-snippet":"max-snippet:-1","max-image-preview":"max-image-preview:large","max-video-preview":"max-video-preview:-1"},"canonical":"https:\/\/www.pressglass.com\/pl\/informacje-o-przetwarzaniu-danych-press-glass-sp-z-o-o\/","twitter_misc":{"Szacowany czas czytania":"3 minuty"},"schema":{"@context":"https:\/\/schema.org","@graph":[{"@type":"WebPage","@id":"https:\/\/www.pressglass.com\/pl\/informacje-o-przetwarzaniu-danych-press-glass-sp-z-o-o\/","url":"https:\/\/www.pressglass.com\/pl\/informacje-o-przetwarzaniu-danych-press-glass-sp-z-o-o\/","name":"Informacje o przetwarzaniu danych osobowych - Sp. z o.o. - PRESS GLASS Holding SA","isPartOf":{"@id":"https:\/\/www.pressglass.com\/it\/#website"},"datePublished":"2025-07-03T11:11:20+00:00","dateModified":"2025-07-03T11:22:00+00:00","description":"Informacje o przetwarzaniu danych osobowych - Sp. z o.o.","breadcrumb":{"@id":"https:\/\/www.pressglass.com\/pl\/informacje-o-przetwarzaniu-danych-press-glass-sp-z-o-o\/#breadcrumb"},"inLanguage":"pl-PL","potentialAction":[{"@type":"ReadAction","target":["https:\/\/www.pressglass.com\/pl\/informacje-o-przetwarzaniu-danych-press-glass-sp-z-o-o\/"]}]},{"@type":"BreadcrumbList","@id":"https:\/\/www.pressglass.com\/pl\/informacje-o-przetwarzaniu-danych-press-glass-sp-z-o-o\/#breadcrumb","itemListElement":[{"@type":"ListItem","position":1,"name":"Strona g\u0142\u00f3wna","item":"https:\/\/www.pressglass.com\/pl\/"},{"@type":"ListItem","position":2,"name":"Informacje o przetwarzaniu danych osobowych &#8211; Sp. z o.o."}]},{"@type":"WebSite","@id":"https:\/\/www.pressglass.com\/it\/#website","url":"https:\/\/www.pressglass.com\/it\/","name":"PRESS GLASS Holding SA","description":"","potentialAction":[{"@type":"SearchAction","target":{"@type":"EntryPoint","urlTemplate":"https:\/\/www.pressglass.com\/it\/?s={search_term_string}"},"query-input":{"@type":"PropertyValueSpecification","valueRequired":true,"valueName":"search_term_string"}}],"inLanguage":"pl-PL"}]}},"rttpg_featured_image_url":null,"rttpg_author":{"display_name":"J W","author_link":"https:\/\/www.pressglass.com\/pl\/author\/justyna-woznica\/"},"rttpg_comment":0,"rttpg_category":" <a href=\"https:\/\/www.pressglass.com\/pl\/?taxonomy=translation_priority&#038;term=opcjonalne-pl\" rel=\"tag\">Opcjonalne<\/a>","rttpg_excerpt":null,"_links":{"self":[{"href":"https:\/\/www.pressglass.com\/pl\/wp-json\/wp\/v2\/pages\/157341","targetHints":{"allow":["GET"]}}],"collection":[{"href":"https:\/\/www.pressglass.com\/pl\/wp-json\/wp\/v2\/pages"}],"about":[{"href":"https:\/\/www.pressglass.com\/pl\/wp-json\/wp\/v2\/types\/page"}],"author":[{"embeddable":true,"href":"https:\/\/www.pressglass.com\/pl\/wp-json\/wp\/v2\/users\/28"}],"replies":[{"embeddable":true,"href":"https:\/\/www.pressglass.com\/pl\/wp-json\/wp\/v2\/comments?post=157341"}],"version-history":[{"count":3,"href":"https:\/\/www.pressglass.com\/pl\/wp-json\/wp\/v2\/pages\/157341\/revisions"}],"predecessor-version":[{"id":162862,"href":"https:\/\/www.pressglass.com\/pl\/wp-json\/wp\/v2\/pages\/157341\/revisions\/162862"}],"wp:attachment":[{"href":"https:\/\/www.pressglass.com\/pl\/wp-json\/wp\/v2\/media?parent=157341"}],"curies":[{"name":"wp","href":"https:\/\/api.w.org\/{rel}","templated":true}]}}