{"id":57833,"date":"2016-12-06T14:38:19","date_gmt":"2016-12-06T13:38:19","guid":{"rendered":"https:\/\/www.pressglass.com\/?page_id=57833"},"modified":"2022-02-08T14:12:53","modified_gmt":"2022-02-08T13:12:53","slug":"sistema-di-gestione-delle-forniture","status":"publish","type":"page","link":"https:\/\/www.pressglass.com\/it\/sistema-di-gestione-delle-forniture\/","title":{"rendered":"Sistema di Gestione delle Forniture"},"content":{"rendered":"\n<style type=\"text\/css\" data-created_by=\"avia_inline_auto\" id=\"style-css-av-8i7g37t-1ab35143a35d05c7d566b988c34cef67\">\n.avia-section.av-8i7g37t-1ab35143a35d05c7d566b988c34cef67{\nbackground-repeat:no-repeat;\nbackground-image:url(https:\/\/www.pressglass.com\/wp-content\/uploads\/2015\/06\/slider-delivery.jpg);\nbackground-position:50% 0%;\nbackground-attachment:scroll;\n}\n<\/style>\n<div id='av_section_1'  class='avia-section av-8i7g37t-1ab35143a35d05c7d566b988c34cef67 main_color avia-section-default avia-no-border-styling  avia-builder-el-0  el_before_av_one_full  avia-builder-el-first  avia-full-stretch avia-bg-style-scroll av-minimum-height av-minimum-height-custom av-height-custom  container_wrap sidebar_right'  data-section-bg-repeat='stretch' data-av_minimum_height_px='285'><div class='container av-section-cont-open' style='height:285px'><main  role=\"main\" itemprop=\"mainContentOfPage\"  class='template-page content  av-content-small alpha units'><div class='post-entry post-entry-type-page post-entry-57833'><div class='entry-content-wrapper clearfix'><\/div><\/div><\/main><!-- close content main element --><\/div><\/div><div id='after_section_1'  class='main_color av_default_container_wrap container_wrap sidebar_right'  ><div class='container av-section-cont-open' ><div class='template-page content  av-content-small alpha units'><div class='post-entry post-entry-type-page post-entry-57833'><div class='entry-content-wrapper clearfix'>\n<div  class='flex_column av-89eah9l-b8aec26b3230cede10fd231847e82815 av_one_full  avia-builder-el-1  el_after_av_section  el_before_av_one_half  avia-builder-el-first  first flex_column_div  '     ><style type=\"text\/css\" data-created_by=\"avia_inline_auto\" id=\"style-css-av-7otiyeh-22e24e8756a98e0f16c86c4eb01fdf0a\">\n#top .av-special-heading.av-7otiyeh-22e24e8756a98e0f16c86c4eb01fdf0a{\npadding-bottom:10px;\n}\nbody .av-special-heading.av-7otiyeh-22e24e8756a98e0f16c86c4eb01fdf0a .av-special-heading-tag .heading-char{\nfont-size:25px;\n}\n.av-special-heading.av-7otiyeh-22e24e8756a98e0f16c86c4eb01fdf0a .av-subheading{\nfont-size:15px;\n}\n<\/style>\n<div  class='av-special-heading av-7otiyeh-22e24e8756a98e0f16c86c4eb01fdf0a av-special-heading-h1  avia-builder-el-2  avia-builder-el-no-sibling '><h1 class='av-special-heading-tag '  itemprop=\"headline\"  >Sistema di Gestione delle Forniture<\/h1><div class=\"special-heading-border\"><div class=\"special-heading-inner-border\"><\/div><\/div><\/div><\/div>\n<div  class='flex_column av-6yrt8mh-632b202d9e1b52fde210e0bea5e25dac av_one_half  avia-builder-el-3  el_after_av_one_full  el_before_av_one_half  first flex_column_div  column-top-margin'     ><section  class='av_textblock_section av-6qr6ajt-4cc61f6840170f07504fbd1655e1178f '   itemscope=\"itemscope\" itemtype=\"https:\/\/schema.org\/CreativeWork\" ><div class='avia_textblock'  itemprop=\"text\" ><ul>\n<li>Controlla il tuo ordine tramite il sito WWW<\/li>\n<li>Controlla le fatture un attimo prima della loro emissione<\/li>\n<li>Scarica le caratteristiche da rastrelliera e preparati al ritiro della fornitura<\/li>\n<\/ul>\n<p>ll Sistema di Gestione delle Forniture (SED) \u00e8 una piattaforma online che serve per il controllo veloce dello stato degli ordini presentati da realizzare presso l\u2019azienda\u00a0 PRESS GLASS e da scaricare i documenti delle forniture e delle fatture attraverso il motore di ricerca www. Il Sistema di Gestione delle Forniture \u00e8 destinato esclusivamente per i Clienti dell\u2019azienda PRESS GLASS<\/p>\n<\/div><\/section><br \/>\n\n<style type=\"text\/css\" data-created_by=\"avia_inline_auto\" id=\"style-css-av-624wfft-62d56e1ef5afac8a4054a8c15962328d\">\n#top .hr.av-624wfft-62d56e1ef5afac8a4054a8c15962328d{\nmargin-top:0px;\nmargin-bottom:0px;\n}\n.hr.av-624wfft-62d56e1ef5afac8a4054a8c15962328d .hr-inner{\nwidth:0px;\n}\n<\/style>\n<div  class='hr av-624wfft-62d56e1ef5afac8a4054a8c15962328d hr-custom  avia-builder-el-5  el_after_av_textblock  el_before_av_image  hr-center hr-icon-no'><span class='hr-inner inner-border-av-border-none'><span class=\"hr-inner-style\"><\/span><\/span><\/div><br \/>\n<div  class='avia-image-container  av-styling-    avia-builder-el-6  el_after_av_hr  el_before_av_hr  avia-align-center'  itemprop=\"image\" itemscope=\"itemscope\" itemtype=\"https:\/\/schema.org\/ImageObject\"  ><div class='avia-image-container-inner'><div class='avia-image-overlay-wrap'><a href='https:\/\/www.pressglass.com\/wp-content\/uploads\/2015\/06\/EN-screen1_d-1030x648.jpg' class='avia_image'  ><img class='avia_image ' src='https:\/\/www.pressglass.com\/wp-content\/uploads\/2015\/06\/EN-screen1_d-300x189.jpg' alt='' title='Delivery Check System'  itemprop=\"thumbnailUrl\"  \/><\/a><\/div><\/div><\/div><br \/>\n\n<style type=\"text\/css\" data-created_by=\"avia_inline_auto\" id=\"style-css-av-iprcrt-b39913bda574e987bce93f8a6dc3226e\">\n#top .hr.av-iprcrt-b39913bda574e987bce93f8a6dc3226e{\nmargin-top:0px;\nmargin-bottom:0px;\n}\n.hr.av-iprcrt-b39913bda574e987bce93f8a6dc3226e .hr-inner{\nwidth:0px;\n}\n<\/style>\n<div  class='hr av-iprcrt-b39913bda574e987bce93f8a6dc3226e hr-custom  avia-builder-el-7  el_after_av_image  el_before_av_textblock  hr-center hr-icon-no'><span class='hr-inner inner-border-av-border-none'><span class=\"hr-inner-style\"><\/span><\/span><\/div><br \/>\n<section  class='av_textblock_section av-4z6dlop-cf65c5fbe4a82f5f9c6f831a65a4e210 '   itemscope=\"itemscope\" itemtype=\"https:\/\/schema.org\/CreativeWork\" ><div class='avia_textblock'  itemprop=\"text\" ><div class=\"one-half\">\u00c8 possibile visualizzare lo stato di produzione e lo scarico dei documenti con le informazioni concernenti i dettagli delle forniture programmate (anche prima del loro arrivo). Grazie a ci\u00f2 \u00e8 possibile programmare la modalit\u00e0 di scarico. Le rastrelliere con il vetro durante lo scarico possono essere posizionati in sequenza conforme alla sequenza di utilizzo nel processo di produzione. Nel piano di produzione \u00e8 possibile scrivere il numero della pensilina sulla quale si trova il vetro necessario per realizzare il prodotto concreto. Tali informazioni consentono di velocizzare la programmazione e la realizzazione della produzione e di evitare gli errori. In effetti diminuiscono anche i costi di produzione. La possibilit\u00e0 di prelevare le fatture subito dopo l\u2019emissione dona pi\u00f9 tempo per il controllo e per la programmazione dei pagamenti. Semplifica la gestione di tutti i pagamenti. Se desideri controllare l\u2019ordine tramite internet, contatta il tuo responsabile commerciale o compila il modulo.<\/div>\n<\/div><\/section><br \/>\n<div  class='hr av-4bppxrd-fca9c38522d83927f9a4c98ae1f85737 hr-default  avia-builder-el-9  el_after_av_textblock  avia-builder-el-last '><span class='hr-inner '><span class=\"hr-inner-style\"><\/span><\/span><\/div><\/p><\/div>\n\n<style type=\"text\/css\" data-created_by=\"avia_inline_auto\" id=\"style-css-av-3rdrmnd-f1d7e4a66023cee6da6a13561a3b6e8c\">\n.flex_column.av-3rdrmnd-f1d7e4a66023cee6da6a13561a3b6e8c{\nborder-radius:0px 0px 0px 0px;\npadding:0px 0px 0px 0px;\n}\n<\/style>\n<div  class='flex_column av-3rdrmnd-f1d7e4a66023cee6da6a13561a3b6e8c av_one_half  avia-builder-el-10  el_after_av_one_half  avia-builder-el-last  flex_column_div av-zero-column-padding  column-top-margin'     ><p><form action=\"https:\/\/www.pressglass.com\/it\/sistema-di-gestione-delle-forniture\/\" method=\"post\" data-fields-with-error=\"Sono stati riscontrati errori nei seguenti campi:\" class=\"avia_ajax_form av-form-labels-visible   avia-builder-el-11  el_before_av_codeblock  avia-builder-el-first  av-custom-form-color av-dark-form \" data-avia-form-id=\"1\" data-avia-redirect='' ><h3 class=''>Scrivici<\/h3><fieldset><p class='  first_form  form_element form_fullwidth' id='element_avia_1_1'><label for=\"avia_1_1\">Nome e cognome (*) <abbr class=\"required\" title=\"richiesto\">*<\/abbr><\/label> <input name=\"avia_1_1\" class=\"text_input is_empty\" type=\"text\" id=\"avia_1_1\" value=\"\" \/><\/p><p class='  first_form  form_element form_fullwidth' id='element_avia_2_1'><label for=\"avia_2_1\">Denominazione dell\u2019azienda (*)<\/label> <input name=\"avia_2_1\" class=\"text_input \" type=\"text\" id=\"avia_2_1\" value=\"\" \/><\/p><p class='  first_form  form_element form_fullwidth' id='element_avia_3_1'><label for=\"avia_3_1\">Indirizzo dell\u2019azienda (*)<\/label> <input name=\"avia_3_1\" class=\"text_input \" type=\"text\" id=\"avia_3_1\" value=\"\" \/><\/p><p class='  first_form  form_element form_fullwidth' id='element_avia_4_1'><label for=\"avia_4_1\">Il tuo indirizzo e-mail (*) <abbr class=\"required\" title=\"richiesto\">*<\/abbr><\/label> <input name=\"avia_4_1\" class=\"text_input is_email\" type=\"text\" id=\"avia_4_1\" value=\"\" \/><\/p><p class='  first_form  form_element form_fullwidth' id='element_avia_5_1'><label for=\"avia_5_1\">Numero di contatto (*)<\/label> <input name=\"avia_5_1\" class=\"text_input \" type=\"text\" id=\"avia_5_1\" value=\"\" \/><\/p><p class='  first_form  form_element form_fullwidth av-last-visible-form-element' id='element_avia_6_1'><label for=\"avia_6_1\" class=\"textare_label hidden textare_label_avia_6_1\">Messaggio <abbr class=\"required\" title=\"richiesto\">*<\/abbr><\/label><textarea  name=\"avia_6_1\" class=\"text_area is_empty\" cols=\"40\" rows=\"7\" id=\"avia_6_1\" ><\/textarea><\/p><p class=\"hidden\"><input type=\"text\" name=\"avia_7_1\" class=\"hidden \" id=\"avia_7_1\" value=\"\" \/><\/p><p class=\"form_element \"><input type=\"hidden\" value=\"1\" name=\"avia_generated_form1\" \/><input type=\"submit\" value=\"Conferma\" class=\"button\"  data-sending-label=\"Invio\"\/><\/p><\/fieldset><\/form><div id=\"ajaxresponse_1\" class=\"ajaxresponse ajaxresponse_1 hidden\"><\/div><br \/>\n<\/p><\/div>\n","protected":false},"excerpt":{"rendered":"","protected":false},"author":32,"featured_media":0,"parent":0,"menu_order":11,"comment_status":"closed","ping_status":"closed","template":"","meta":{"footnotes":""},"class_list":["post-57833","page","type-page","status-publish","hentry"],"yoast_head":"<!-- This site is optimized with the Yoast SEO plugin v27.3 - https:\/\/yoast.com\/product\/yoast-seo-wordpress\/ -->\n<title>Sistema di Gestione delle Forniture - PRESS GLASS HOLDING SA<\/title>\n<meta name=\"description\" content=\"Sistema di Gestione delle Forniture\" \/>\n<meta name=\"robots\" content=\"index, follow, max-snippet:-1, max-image-preview:large, max-video-preview:-1\" \/>\n<link rel=\"canonical\" href=\"http:\/\/www.pressglass.com\/it\/sistema-di-gestione-delle-forniture\/\" \/>\n<meta name=\"twitter:label1\" content=\"Tempo di lettura stimato\" \/>\n\t<meta name=\"twitter:data1\" content=\"9 minuti\" \/>\n<script type=\"application\/ld+json\" class=\"yoast-schema-graph\">{\"@context\":\"https:\\\/\\\/schema.org\",\"@graph\":[{\"@type\":\"WebPage\",\"@id\":\"http:\\\/\\\/www.pressglass.com\\\/it\\\/sistema-di-gestione-delle-forniture\\\/\",\"url\":\"http:\\\/\\\/www.pressglass.com\\\/it\\\/sistema-di-gestione-delle-forniture\\\/\",\"name\":\"Sistema di Gestione delle Forniture - PRESS GLASS HOLDING SA\",\"isPartOf\":{\"@id\":\"https:\\\/\\\/www.pressglass.com\\\/it\\\/#website\"},\"datePublished\":\"2016-12-06T13:38:19+00:00\",\"dateModified\":\"2022-02-08T13:12:53+00:00\",\"description\":\"Sistema di Gestione delle Forniture\",\"breadcrumb\":{\"@id\":\"http:\\\/\\\/www.pressglass.com\\\/it\\\/sistema-di-gestione-delle-forniture\\\/#breadcrumb\"},\"inLanguage\":\"it-IT\",\"potentialAction\":[{\"@type\":\"ReadAction\",\"target\":[\"http:\\\/\\\/www.pressglass.com\\\/it\\\/sistema-di-gestione-delle-forniture\\\/\"]}]},{\"@type\":\"BreadcrumbList\",\"@id\":\"http:\\\/\\\/www.pressglass.com\\\/it\\\/sistema-di-gestione-delle-forniture\\\/#breadcrumb\",\"itemListElement\":[{\"@type\":\"ListItem\",\"position\":1,\"name\":\"Strona g\u0142\u00f3wna\",\"item\":\"https:\\\/\\\/www.pressglass.com\\\/it\\\/\"},{\"@type\":\"ListItem\",\"position\":2,\"name\":\"Sistema di Gestione delle Forniture\"}]},{\"@type\":\"WebSite\",\"@id\":\"https:\\\/\\\/www.pressglass.com\\\/it\\\/#website\",\"url\":\"https:\\\/\\\/www.pressglass.com\\\/it\\\/\",\"name\":\"PRESS GLASS HOLDING SA\",\"description\":\"\",\"potentialAction\":[{\"@type\":\"SearchAction\",\"target\":{\"@type\":\"EntryPoint\",\"urlTemplate\":\"https:\\\/\\\/www.pressglass.com\\\/it\\\/?s={search_term_string}\"},\"query-input\":{\"@type\":\"PropertyValueSpecification\",\"valueRequired\":true,\"valueName\":\"search_term_string\"}}],\"inLanguage\":\"it-IT\"}]}<\/script>\n<!-- \/ Yoast SEO plugin. -->","yoast_head_json":{"title":"Sistema di Gestione delle Forniture - PRESS GLASS HOLDING SA","description":"Sistema di Gestione delle Forniture","robots":{"index":"index","follow":"follow","max-snippet":"max-snippet:-1","max-image-preview":"max-image-preview:large","max-video-preview":"max-video-preview:-1"},"canonical":"http:\/\/www.pressglass.com\/it\/sistema-di-gestione-delle-forniture\/","twitter_misc":{"Tempo di lettura stimato":"9 minuti"},"schema":{"@context":"https:\/\/schema.org","@graph":[{"@type":"WebPage","@id":"http:\/\/www.pressglass.com\/it\/sistema-di-gestione-delle-forniture\/","url":"http:\/\/www.pressglass.com\/it\/sistema-di-gestione-delle-forniture\/","name":"Sistema di Gestione delle Forniture - PRESS GLASS HOLDING SA","isPartOf":{"@id":"https:\/\/www.pressglass.com\/it\/#website"},"datePublished":"2016-12-06T13:38:19+00:00","dateModified":"2022-02-08T13:12:53+00:00","description":"Sistema di Gestione delle Forniture","breadcrumb":{"@id":"http:\/\/www.pressglass.com\/it\/sistema-di-gestione-delle-forniture\/#breadcrumb"},"inLanguage":"it-IT","potentialAction":[{"@type":"ReadAction","target":["http:\/\/www.pressglass.com\/it\/sistema-di-gestione-delle-forniture\/"]}]},{"@type":"BreadcrumbList","@id":"http:\/\/www.pressglass.com\/it\/sistema-di-gestione-delle-forniture\/#breadcrumb","itemListElement":[{"@type":"ListItem","position":1,"name":"Strona g\u0142\u00f3wna","item":"https:\/\/www.pressglass.com\/it\/"},{"@type":"ListItem","position":2,"name":"Sistema di Gestione delle Forniture"}]},{"@type":"WebSite","@id":"https:\/\/www.pressglass.com\/it\/#website","url":"https:\/\/www.pressglass.com\/it\/","name":"PRESS GLASS HOLDING SA","description":"","potentialAction":[{"@type":"SearchAction","target":{"@type":"EntryPoint","urlTemplate":"https:\/\/www.pressglass.com\/it\/?s={search_term_string}"},"query-input":{"@type":"PropertyValueSpecification","valueRequired":true,"valueName":"search_term_string"}}],"inLanguage":"it-IT"}]}},"rttpg_featured_image_url":null,"rttpg_author":{"display_name":"Piotr Suszek","author_link":"https:\/\/www.pressglass.com\/it\/author\/piotr-suszek\/"},"rttpg_comment":0,"rttpg_category":false,"rttpg_excerpt":null,"_links":{"self":[{"href":"https:\/\/www.pressglass.com\/it\/wp-json\/wp\/v2\/pages\/57833","targetHints":{"allow":["GET"]}}],"collection":[{"href":"https:\/\/www.pressglass.com\/it\/wp-json\/wp\/v2\/pages"}],"about":[{"href":"https:\/\/www.pressglass.com\/it\/wp-json\/wp\/v2\/types\/page"}],"author":[{"embeddable":true,"href":"https:\/\/www.pressglass.com\/it\/wp-json\/wp\/v2\/users\/32"}],"replies":[{"embeddable":true,"href":"https:\/\/www.pressglass.com\/it\/wp-json\/wp\/v2\/comments?post=57833"}],"version-history":[{"count":14,"href":"https:\/\/www.pressglass.com\/it\/wp-json\/wp\/v2\/pages\/57833\/revisions"}],"predecessor-version":[{"id":133383,"href":"https:\/\/www.pressglass.com\/it\/wp-json\/wp\/v2\/pages\/57833\/revisions\/133383"}],"wp:attachment":[{"href":"https:\/\/www.pressglass.com\/it\/wp-json\/wp\/v2\/media?parent=57833"}],"curies":[{"name":"wp","href":"https:\/\/api.w.org\/{rel}","templated":true}]}}