{"id":56700,"date":"2016-11-22T13:26:00","date_gmt":"2016-11-22T12:26:00","guid":{"rendered":"https:\/\/www.pressglass.com\/?page_id=56700"},"modified":"2017-01-16T00:29:17","modified_gmt":"2017-01-15T23:29:17","slug":"dichiarazione-delle-caratteristiche","status":"publish","type":"page","link":"https:\/\/www.pressglass.com\/it\/dichiarazione\/dichiarazione-delle-caratteristiche\/","title":{"rendered":"Dichiarazione delle caratteristiche"},"content":{"rendered":"\n<style type=\"text\/css\" data-created_by=\"avia_inline_auto\" id=\"style-css-av-av_section-a48a39afa6e6c15a3b5283bdb33b82cb\">\n.avia-section.av-av_section-a48a39afa6e6c15a3b5283bdb33b82cb{\nbackground-repeat:no-repeat;\nbackground-image:url(https:\/\/www.pressglass.com\/wp-content\/uploads\/2015\/06\/slider-ce.jpg);\nbackground-position:50% 0%;\nbackground-attachment:scroll;\n}\n<\/style>\n<div id='av_section_1'  class='avia-section av-av_section-a48a39afa6e6c15a3b5283bdb33b82cb main_color avia-section-no-padding avia-no-border-styling  avia-builder-el-0  el_before_av_one_full  avia-builder-el-first  avia-full-stretch avia-bg-style-scroll av-minimum-height av-minimum-height-custom av-height-custom  container_wrap sidebar_right'  data-section-bg-repeat='stretch' data-av_minimum_height_px='285'><div class='container av-section-cont-open' style='height:285px'><main  role=\"main\" itemprop=\"mainContentOfPage\"  class='template-page content  av-content-small alpha units'><div class='post-entry post-entry-type-page post-entry-56700'><div class='entry-content-wrapper clearfix'><\/div><\/div><\/main><!-- close content main element --><\/div><\/div><div id='after_section_1'  class='main_color av_default_container_wrap container_wrap sidebar_right'  ><div class='container av-section-cont-open' ><div class='template-page content  av-content-small alpha units'><div class='post-entry post-entry-type-page post-entry-56700'><div class='entry-content-wrapper clearfix'>\n<div  class='flex_column av-av_one_full-2a9015ff38129c418a3f2eafba3e9512 av_one_full  avia-builder-el-1  el_after_av_section  el_before_av_one_half  avia-builder-el-first  first flex_column_div  '     ><style type=\"text\/css\" data-created_by=\"avia_inline_auto\" id=\"style-css-av-av_heading-10fdc3e438aa70732ac8c0c4d97f3781\">\n#top .av-special-heading.av-av_heading-10fdc3e438aa70732ac8c0c4d97f3781{\npadding-bottom:10px;\n}\nbody .av-special-heading.av-av_heading-10fdc3e438aa70732ac8c0c4d97f3781 .av-special-heading-tag .heading-char{\nfont-size:25px;\n}\n.av-special-heading.av-av_heading-10fdc3e438aa70732ac8c0c4d97f3781 .av-subheading{\nfont-size:15px;\n}\n<\/style>\n<div  class='av-special-heading av-av_heading-10fdc3e438aa70732ac8c0c4d97f3781 av-special-heading-h1  avia-builder-el-2  avia-builder-el-no-sibling '><h1 class='av-special-heading-tag '  itemprop=\"headline\"  >Dichiarazione delle caratteristiche<\/h1><div class=\"special-heading-border\"><div class=\"special-heading-inner-border\"><\/div><\/div><\/div><\/div>\n<div  class='flex_column av-av_one_half-2a9015ff38129c418a3f2eafba3e9512 av_one_half  avia-builder-el-3  el_after_av_one_full  el_before_av_one_half  first flex_column_div  column-top-margin'     ><section  class='av_textblock_section av-av_textblock-0366cc7376be6c9e82a3e9cc8987b64f '   itemscope=\"itemscope\" itemtype=\"https:\/\/schema.org\/CreativeWork\" ><div class='avia_textblock'  itemprop=\"text\" ><p class=\"p1\">La marcatura CE \u00e8 stata adottata per uniformare i requisiti dei prodotti nei paesi dell&#8217;Unione Europea che hanno adattato le cosiddette norme armonizzate (EN). Queste norme sono dei documenti approvati dal Comit\u00e9 Europ\u00e9en de Normalisation (CEN), che rappresenta gli enti di normalizzazione nazionali, in conformit\u00e0 al mandato della Commissione Europea.<\/p>\n<\/div><\/section><\/div>\n<div  class='flex_column av-av_one_half-22dfca540829a4746d84daf3b6298314 av_one_half  avia-builder-el-5  el_after_av_one_half  el_before_av_hr  flex_column_div  column-top-margin'     ><section  class='av_textblock_section av-av_textblock-0366cc7376be6c9e82a3e9cc8987b64f '   itemscope=\"itemscope\" itemtype=\"https:\/\/schema.org\/CreativeWork\" ><div class='avia_textblock'  itemprop=\"text\" ><p class=\"p1\">Dal 1 luglio 2013 le Dichiarazioni di Conformit\u00e0 rilasciate per gli ordini prodotti sono state sostituite dalle Dichiarazioni delle Caratteristiche. La dichiarazione pu\u00f2 essere scaricata utilizzando il motore di ricerca.<\/p>\n<ul class=\"bullet-arrow\">\n<li>azienda in cui \u00e8 stato presentato l&#8217;ordine;<\/li>\n<li>anno di produzione;<\/li>\n<li>numero d&#8217;ordine conferito da PRESS GLASS;<\/li>\n<li>posizione nell&#8217;ordine PRESS GLASS.<\/li>\n<\/ul>\n<p>Le informazioni sono fornite sull&#8217;etichetta del prodotto e nella Specifica della Fornitura<\/p>\n<\/div><\/section><\/div>\n\n<style type=\"text\/css\" data-created_by=\"avia_inline_auto\" id=\"style-css-av-av_hr-a07f7596b1fca85f6595a75d593069df\">\n#top .hr.hr-invisible.av-av_hr-a07f7596b1fca85f6595a75d593069df{\nheight:40px;\n}\n<\/style>\n<div  class='hr av-av_hr-a07f7596b1fca85f6595a75d593069df hr-invisible  avia-builder-el-7  el_after_av_one_half  el_before_av_promobox '><span class='hr-inner '><span class=\"hr-inner-style\"><\/span><\/span><\/div>\n\t<div  style='background:#f9f9f9;color:#002756;border-color:#ffffff;' class='av_promobox  avia-button-yes  avia-builder-el-8  el_after_av_hr  el_before_av_section  avia-builder-el-last '>\t\t<div class='avia-promocontent'><p>\n\n<style type=\"text\/css\" data-created_by=\"avia_inline_auto\" id=\"style-css-av-av_hr-e3cd5e758795c2253843f13c51e1ff47\">\n#top .hr.hr-invisible.av-av_hr-e3cd5e758795c2253843f13c51e1ff47{\nmargin-top:-45px;\nheight:1px;\n}\n<\/style>\n<div  class='hr av-av_hr-e3cd5e758795c2253843f13c51e1ff47 hr-invisible  avia-builder-el-9  avia-builder-el-no-sibling '><span class='hr-inner '><span class=\"hr-inner-style\"><\/span><\/span><\/div><\/p>\n<h2>Motore di ricerca della dichiarazione delle caratteristiche<\/h2>\n<p>\n<\/div><div  class='avia-button-wrap av-av_button-037f006727ed961d81a321dee30cfd23-wrap avia-button-right '><a href='https:\/\/www.pressglass.com\/dichiarazione\/?lang=it' class='avia-button av-av_button-037f006727ed961d81a321dee30cfd23 av-link-btn avia-icon_select-no avia-size-large avia-position-right avia-color-theme-color' target=\"_blank\" rel=\"noopener noreferrer\" aria-label=\"Vedi altro\"><span class='avia_iconbox_title' >Vedi altro<\/span><\/a><\/div><\/div>\n<\/div><\/div><\/div><!-- close content main div --><\/div><\/div>\n<style type=\"text\/css\" data-created_by=\"avia_inline_auto\" id=\"style-css-av-av_section-d07f51af18d996f5ffe847b186653dc2\">\n.avia-section.av-av_section-d07f51af18d996f5ffe847b186653dc2{\nbackground-repeat:no-repeat;\nbackground-image:url(https:\/\/www.pressglass.com\/wp-content\/uploads\/2015\/11\/1980x510bezlogo2.png);\nbackground-position:50% 50%;\nbackground-attachment:scroll;\n}\n<\/style>\n<div id='av_section_2'  class='avia-section av-av_section-d07f51af18d996f5ffe847b186653dc2 main_color avia-section-default avia-no-shadow  avia-builder-el-10  el_after_av_promobox  el_before_av_heading  avia-bg-style-scroll av-minimum-height av-minimum-height-custom av-height-custom  container_wrap sidebar_right'  data-section-bg-repeat='no-repeat' data-av_minimum_height_px='400'><div class='container av-section-cont-open' style='height:400px'><div class='template-page content  av-content-small alpha units'><div class='post-entry post-entry-type-page post-entry-56700'><div class='entry-content-wrapper clearfix'>\n\n<style type=\"text\/css\" data-created_by=\"avia_inline_auto\" id=\"style-css-av-av_heading-20ab1fe250dbff32409cd1ad4a505759\">\n#top .av-special-heading.av-av_heading-20ab1fe250dbff32409cd1ad4a505759{\npadding-bottom:10px;\n}\nbody .av-special-heading.av-av_heading-20ab1fe250dbff32409cd1ad4a505759 .av-special-heading-tag .heading-char{\nfont-size:25px;\n}\n.av-special-heading.av-av_heading-20ab1fe250dbff32409cd1ad4a505759 .av-subheading{\nfont-size:15px;\n}\n<\/style>\n<div  class='av-special-heading av-av_heading-20ab1fe250dbff32409cd1ad4a505759 av-special-heading-h1 blockquote modern-quote modern-centered  avia-builder-el-11  el_before_av_hr  avia-builder-el-first '><h1 class='av-special-heading-tag '  itemprop=\"headline\"  >Il motore di ricerca delle dichiarazioni \u00e8 disponibile anche nell\u2019app mobile.<\/h1><div class=\"special-heading-border\"><div class=\"special-heading-inner-border\"><\/div><\/div><\/div>\n\n<style type=\"text\/css\" data-created_by=\"avia_inline_auto\" id=\"style-css-av-av_hr-e8c293bc95976d5c6ff9d129b325da64\">\n#top .hr.hr-invisible.av-av_hr-e8c293bc95976d5c6ff9d129b325da64{\nheight:80px;\n}\n<\/style>\n<div  class='hr av-av_hr-e8c293bc95976d5c6ff9d129b325da64 hr-invisible  avia-builder-el-12  el_after_av_heading  el_before_av_button '><span class='hr-inner '><span class=\"hr-inner-style\"><\/span><\/span><\/div>\n<div  class='avia-button-wrap av-av_button-33e37af13962021a5509a6396242f0b4-wrap avia-button-center  avia-builder-el-13  el_after_av_hr  avia-builder-el-last '><a href='https:\/\/www.pressglass.com\/press-glass-mobile-2\/?lang=it'  class='avia-button av-av_button-33e37af13962021a5509a6396242f0b4 av-link-btn avia-icon_select-no avia-size-large avia-position-center avia-color-theme-color'   aria-label=\"Scarica\"><span class='avia_iconbox_title' >Scarica<\/span><\/a><\/div>\n<\/div><\/div><\/div><!-- close content main div --><\/div><\/div><div id='after_section_2'  class='main_color av_default_container_wrap container_wrap sidebar_right'  ><div class='container av-section-cont-open' ><div class='template-page content  av-content-small alpha units'><div class='post-entry post-entry-type-page post-entry-56700'><div class='entry-content-wrapper clearfix'>\t<div  style='background:#f9f9f9;color:#002756;border-color:#ffffff;' class='av_promobox  avia-button-yes '>\t\t<div class='avia-promocontent'><p>\n\n<style type=\"text\/css\" data-created_by=\"avia_inline_auto\" id=\"style-css-av-av_hr-e3cd5e758795c2253843f13c51e1ff47\">\n#top .hr.hr-invisible.av-av_hr-e3cd5e758795c2253843f13c51e1ff47{\nmargin-top:-45px;\nheight:1px;\n}\n<\/style>\n<div  class='hr av-av_hr-e3cd5e758795c2253843f13c51e1ff47 hr-invisible'><span class='hr-inner '><span class=\"hr-inner-style\"><\/span><\/span><\/div><\/p>\n<h2><a href=\"https:\/\/www.pressglass.com\/materiali-da-scaricarem\/elenco-dei-certificati-e-degli-attestati\/?lang=it\">Elenco dei certificati e degli attestati<\/a><\/h2>\n<p>\n<\/div><div  class='avia-button-wrap av-av_button-51845efc35b1b746470a70e4cfc1623d-wrap avia-button-right '><a href='https:\/\/www.pressglass.com\/materiali-da-scaricarem\/elenco-dei-certificati-e-degli-attestati\/?lang=it' class='avia-button av-av_button-51845efc35b1b746470a70e4cfc1623d av-link-btn avia-icon_select-no avia-size-large avia-position-right avia-color-theme-color' target=\"_blank\" rel=\"noopener noreferrer\" aria-label=\"Vedi altro\"><span class='avia_iconbox_title' >Vedi altro<\/span><\/a><\/div><\/div><\/p>\n\n<style type=\"text\/css\" data-created_by=\"avia_inline_auto\" id=\"style-css-av-av_hr-a07f7596b1fca85f6595a75d593069df\">\n#top .hr.hr-invisible.av-av_hr-a07f7596b1fca85f6595a75d593069df{\nheight:40px;\n}\n<\/style>\n<div  class='hr av-av_hr-a07f7596b1fca85f6595a75d593069df hr-invisible'><span class='hr-inner '><span class=\"hr-inner-style\"><\/span><\/span><\/div>\n","protected":false},"excerpt":{"rendered":"","protected":false},"author":32,"featured_media":0,"parent":56835,"menu_order":0,"comment_status":"closed","ping_status":"closed","template":"","meta":{"footnotes":""},"class_list":["post-56700","page","type-page","status-publish","hentry"],"yoast_head":"<!-- This site is optimized with the Yoast SEO plugin v27.3 - https:\/\/yoast.com\/product\/yoast-seo-wordpress\/ -->\n<title>Dichiarazione delle caratteristiche - PRESS GLASS HOLDING SA<\/title>\n<meta name=\"description\" content=\"Dichiarazione delle caratteristiche\" \/>\n<meta name=\"robots\" content=\"index, follow, max-snippet:-1, max-image-preview:large, max-video-preview:-1\" \/>\n<link rel=\"canonical\" href=\"https:\/\/www.pressglass.com\/it\/dichiarazione\/dichiarazione-delle-caratteristiche\/\" \/>\n<meta name=\"twitter:label1\" content=\"Tempo di lettura stimato\" \/>\n\t<meta name=\"twitter:data1\" content=\"4 minuti\" \/>\n<script type=\"application\/ld+json\" class=\"yoast-schema-graph\">{\"@context\":\"https:\\\/\\\/schema.org\",\"@graph\":[{\"@type\":\"WebPage\",\"@id\":\"https:\\\/\\\/www.pressglass.com\\\/it\\\/dichiarazione\\\/dichiarazione-delle-caratteristiche\\\/\",\"url\":\"https:\\\/\\\/www.pressglass.com\\\/it\\\/dichiarazione\\\/dichiarazione-delle-caratteristiche\\\/\",\"name\":\"Dichiarazione delle caratteristiche - PRESS GLASS HOLDING SA\",\"isPartOf\":{\"@id\":\"https:\\\/\\\/www.pressglass.com\\\/it\\\/#website\"},\"datePublished\":\"2016-11-22T12:26:00+00:00\",\"dateModified\":\"2017-01-15T23:29:17+00:00\",\"description\":\"Dichiarazione delle caratteristiche\",\"breadcrumb\":{\"@id\":\"https:\\\/\\\/www.pressglass.com\\\/it\\\/dichiarazione\\\/dichiarazione-delle-caratteristiche\\\/#breadcrumb\"},\"inLanguage\":\"it-IT\",\"potentialAction\":[{\"@type\":\"ReadAction\",\"target\":[\"https:\\\/\\\/www.pressglass.com\\\/it\\\/dichiarazione\\\/dichiarazione-delle-caratteristiche\\\/\"]}]},{\"@type\":\"BreadcrumbList\",\"@id\":\"https:\\\/\\\/www.pressglass.com\\\/it\\\/dichiarazione\\\/dichiarazione-delle-caratteristiche\\\/#breadcrumb\",\"itemListElement\":[{\"@type\":\"ListItem\",\"position\":1,\"name\":\"Strona g\u0142\u00f3wna\",\"item\":\"https:\\\/\\\/www.pressglass.com\\\/it\\\/\"},{\"@type\":\"ListItem\",\"position\":2,\"name\":\"Dichiarazione delle caratteristiche\",\"item\":\"https:\\\/\\\/www.pressglass.com\\\/it\\\/dichiarazione\\\/\"},{\"@type\":\"ListItem\",\"position\":3,\"name\":\"Dichiarazione delle caratteristiche\"}]},{\"@type\":\"WebSite\",\"@id\":\"https:\\\/\\\/www.pressglass.com\\\/it\\\/#website\",\"url\":\"https:\\\/\\\/www.pressglass.com\\\/it\\\/\",\"name\":\"PRESS GLASS HOLDING SA\",\"description\":\"\",\"potentialAction\":[{\"@type\":\"SearchAction\",\"target\":{\"@type\":\"EntryPoint\",\"urlTemplate\":\"https:\\\/\\\/www.pressglass.com\\\/it\\\/?s={search_term_string}\"},\"query-input\":{\"@type\":\"PropertyValueSpecification\",\"valueRequired\":true,\"valueName\":\"search_term_string\"}}],\"inLanguage\":\"it-IT\"}]}<\/script>\n<!-- \/ Yoast SEO plugin. -->","yoast_head_json":{"title":"Dichiarazione delle caratteristiche - PRESS GLASS HOLDING SA","description":"Dichiarazione delle caratteristiche","robots":{"index":"index","follow":"follow","max-snippet":"max-snippet:-1","max-image-preview":"max-image-preview:large","max-video-preview":"max-video-preview:-1"},"canonical":"https:\/\/www.pressglass.com\/it\/dichiarazione\/dichiarazione-delle-caratteristiche\/","twitter_misc":{"Tempo di lettura stimato":"4 minuti"},"schema":{"@context":"https:\/\/schema.org","@graph":[{"@type":"WebPage","@id":"https:\/\/www.pressglass.com\/it\/dichiarazione\/dichiarazione-delle-caratteristiche\/","url":"https:\/\/www.pressglass.com\/it\/dichiarazione\/dichiarazione-delle-caratteristiche\/","name":"Dichiarazione delle caratteristiche - PRESS GLASS HOLDING SA","isPartOf":{"@id":"https:\/\/www.pressglass.com\/it\/#website"},"datePublished":"2016-11-22T12:26:00+00:00","dateModified":"2017-01-15T23:29:17+00:00","description":"Dichiarazione delle caratteristiche","breadcrumb":{"@id":"https:\/\/www.pressglass.com\/it\/dichiarazione\/dichiarazione-delle-caratteristiche\/#breadcrumb"},"inLanguage":"it-IT","potentialAction":[{"@type":"ReadAction","target":["https:\/\/www.pressglass.com\/it\/dichiarazione\/dichiarazione-delle-caratteristiche\/"]}]},{"@type":"BreadcrumbList","@id":"https:\/\/www.pressglass.com\/it\/dichiarazione\/dichiarazione-delle-caratteristiche\/#breadcrumb","itemListElement":[{"@type":"ListItem","position":1,"name":"Strona g\u0142\u00f3wna","item":"https:\/\/www.pressglass.com\/it\/"},{"@type":"ListItem","position":2,"name":"Dichiarazione delle caratteristiche","item":"https:\/\/www.pressglass.com\/it\/dichiarazione\/"},{"@type":"ListItem","position":3,"name":"Dichiarazione delle caratteristiche"}]},{"@type":"WebSite","@id":"https:\/\/www.pressglass.com\/it\/#website","url":"https:\/\/www.pressglass.com\/it\/","name":"PRESS GLASS HOLDING SA","description":"","potentialAction":[{"@type":"SearchAction","target":{"@type":"EntryPoint","urlTemplate":"https:\/\/www.pressglass.com\/it\/?s={search_term_string}"},"query-input":{"@type":"PropertyValueSpecification","valueRequired":true,"valueName":"search_term_string"}}],"inLanguage":"it-IT"}]}},"rttpg_featured_image_url":null,"rttpg_author":{"display_name":"Piotr Suszek","author_link":"https:\/\/www.pressglass.com\/it\/author\/piotr-suszek\/"},"rttpg_comment":0,"rttpg_category":false,"rttpg_excerpt":null,"_links":{"self":[{"href":"https:\/\/www.pressglass.com\/it\/wp-json\/wp\/v2\/pages\/56700","targetHints":{"allow":["GET"]}}],"collection":[{"href":"https:\/\/www.pressglass.com\/it\/wp-json\/wp\/v2\/pages"}],"about":[{"href":"https:\/\/www.pressglass.com\/it\/wp-json\/wp\/v2\/types\/page"}],"author":[{"embeddable":true,"href":"https:\/\/www.pressglass.com\/it\/wp-json\/wp\/v2\/users\/32"}],"replies":[{"embeddable":true,"href":"https:\/\/www.pressglass.com\/it\/wp-json\/wp\/v2\/comments?post=56700"}],"version-history":[{"count":8,"href":"https:\/\/www.pressglass.com\/it\/wp-json\/wp\/v2\/pages\/56700\/revisions"}],"predecessor-version":[{"id":60938,"href":"https:\/\/www.pressglass.com\/it\/wp-json\/wp\/v2\/pages\/56700\/revisions\/60938"}],"up":[{"embeddable":true,"href":"https:\/\/www.pressglass.com\/it\/wp-json\/wp\/v2\/pages\/56835"}],"wp:attachment":[{"href":"https:\/\/www.pressglass.com\/it\/wp-json\/wp\/v2\/media?parent=56700"}],"curies":[{"name":"wp","href":"https:\/\/api.w.org\/{rel}","templated":true}]}}