{"id":117789,"date":"2019-12-27T12:55:55","date_gmt":"2019-12-27T11:55:55","guid":{"rendered":"https:\/\/www.pressglass.com\/dla-akcjonariuszy\/"},"modified":"2021-11-03T16:17:00","modified_gmt":"2021-11-03T15:17:00","slug":"per-gli-azionisti","status":"publish","type":"page","link":"https:\/\/www.pressglass.com\/it\/per-gli-azionisti\/","title":{"rendered":"Per gli azionisti"},"content":{"rendered":"\n<style type=\"text\/css\" data-created_by=\"avia_inline_auto\" id=\"style-css-av-1omldxel-c4d12393e7c41ce9fa556c24acec7eec\">\n.avia-section.av-1omldxel-c4d12393e7c41ce9fa556c24acec7eec{\nbackground-repeat:no-repeat;\nbackground-image:url(https:\/\/www.pressglass.com\/wp-content\/uploads\/2017\/10\/Kariera-w-Press-Glass.jpg);\nbackground-position:50% 50%;\nbackground-attachment:scroll;\n}\n<\/style>\n<div id='av_section_1'  class='avia-section av-1omldxel-c4d12393e7c41ce9fa556c24acec7eec main_color avia-section-default avia-no-shadow  avia-builder-el-0  el_before_av_heading  avia-builder-el-first  avia-full-stretch avia-bg-style-scroll av-minimum-height av-minimum-height-custom av-height-custom  container_wrap sidebar_right'  data-section-bg-repeat='stretch' data-av_minimum_height_px='275'><div class='container av-section-cont-open' style='height:275px'><main  role=\"main\" itemprop=\"mainContentOfPage\"  class='template-page content  av-content-small alpha units'><div class='post-entry post-entry-type-page post-entry-117789'><div class='entry-content-wrapper clearfix'><\/div><\/div><\/main><!-- close content main element --><\/div><\/div><div id='after_section_1'  class='main_color av_default_container_wrap container_wrap sidebar_right'  ><div class='container av-section-cont-open' ><div class='template-page content  av-content-small alpha units'><div class='post-entry post-entry-type-page post-entry-117789'><div class='entry-content-wrapper clearfix'>\n\n<style type=\"text\/css\" data-created_by=\"avia_inline_auto\" id=\"style-css-av-av_heading-8aa64d81e144d59b22bf0459d5fac750\">\n#top .av-special-heading.av-av_heading-8aa64d81e144d59b22bf0459d5fac750{\npadding-bottom:10px;\n}\nbody .av-special-heading.av-av_heading-8aa64d81e144d59b22bf0459d5fac750 .av-special-heading-tag .heading-char{\nfont-size:25px;\n}\n.av-special-heading.av-av_heading-8aa64d81e144d59b22bf0459d5fac750 .av-subheading{\nfont-size:15px;\n}\n<\/style>\n<div  class='av-special-heading av-av_heading-8aa64d81e144d59b22bf0459d5fac750 av-special-heading-h1  avia-builder-el-1  el_after_av_section  el_before_av_hr  avia-builder-el-first '><h1 class='av-special-heading-tag '  itemprop=\"headline\"  >Per gli azionisti<\/h1><div class=\"special-heading-border\"><div class=\"special-heading-inner-border\"><\/div><\/div><\/div>\n\n<style type=\"text\/css\" data-created_by=\"avia_inline_auto\" id=\"style-css-av-1hnxw8yl-d560459d46e692312616f58467c9128a\">\n#top .hr.hr-invisible.av-1hnxw8yl-d560459d46e692312616f58467c9128a{\nheight:20px;\n}\n<\/style>\n<div  class='hr av-1hnxw8yl-d560459d46e692312616f58467c9128a hr-invisible  avia-builder-el-2  el_after_av_heading  el_before_av_one_full '><span class='hr-inner '><span class=\"hr-inner-style\"><\/span><\/span><\/div>\n<div  class='flex_column av-1dfn3f31-1457acf9d92e485d4a8e2d094bd30a9b av_one_full  avia-builder-el-3  el_after_av_hr  el_before_av_hr  first flex_column_div  '     ><p>\n<style type=\"text\/css\" data-created_by=\"avia_inline_auto\" id=\"style-css-av-av_heading-f489121277690e62feedda127750cc68\">\n#top .av-special-heading.av-av_heading-f489121277690e62feedda127750cc68{\npadding-bottom:10px;\nfont-size:35px;\n}\nbody .av-special-heading.av-av_heading-f489121277690e62feedda127750cc68 .av-special-heading-tag .heading-char{\nfont-size:25px;\n}\n#top #wrap_all .av-special-heading.av-av_heading-f489121277690e62feedda127750cc68 .av-special-heading-tag{\nfont-size:35px;\n}\n.av-special-heading.av-av_heading-f489121277690e62feedda127750cc68 .av-subheading{\nfont-size:15px;\n}\n\n@media only screen and (min-width: 480px) and (max-width: 767px){ \n#top #wrap_all .av-special-heading.av-av_heading-f489121277690e62feedda127750cc68 .av-special-heading-tag{\nfont-size:0.8em;\n}\n}\n\n@media only screen and (max-width: 479px){ \n#top #wrap_all .av-special-heading.av-av_heading-f489121277690e62feedda127750cc68 .av-special-heading-tag{\nfont-size:0.8em;\n}\n}\n<\/style>\n<div  class='av-special-heading av-av_heading-f489121277690e62feedda127750cc68 av-special-heading-h2 blockquote modern-quote modern-centered  avia-builder-el-4  el_before_av_hr  avia-builder-el-first  av-inherit-size'><h2 class='av-special-heading-tag '  itemprop=\"headline\"  >Annunci<\/h2><div class=\"special-heading-border\"><div class=\"special-heading-inner-border\"><\/div><\/div><\/div><br \/>\n\n<style type=\"text\/css\" data-created_by=\"avia_inline_auto\" id=\"style-css-av-14dw0cm5-f3743a3b7aaf6cb349e1419ba2372f35\">\n#top .hr.hr-invisible.av-14dw0cm5-f3743a3b7aaf6cb349e1419ba2372f35{\nheight:40px;\n}\n<\/style>\n<div  class='hr av-14dw0cm5-f3743a3b7aaf6cb349e1419ba2372f35 hr-invisible  avia-builder-el-5  el_after_av_heading  el_before_av_textblock '><span class='hr-inner '><span class=\"hr-inner-style\"><\/span><\/span><\/div><br \/>\n<section  class='av_textblock_section av-kdznvls9-6f477fc842fd08e56bb699ca4d1ad3c1 '   itemscope=\"itemscope\" itemtype=\"https:\/\/schema.org\/CreativeWork\" ><div class='avia_textblock'  itemprop=\"text\" ><h4 style=\"text-align: left;\">An announcement dated on November 3, 2021<\/h4>\n<p>Press Glass Sp\u00f3\u0142ka Akcyjna with its registered office in Konopiska, Poland, entered into the Register of Entrepreneurs of the National Court Register kept by the District Court in Cz\u0119stochowa, XVII Commercial Division of the National Court Register under KRS number 131477, notifies about the registered on October 22, 2021 by the District Court in Cz\u0119stochowa, Poland, XVII Commercial Division of the National Court Register, merger of Press Glass Sp\u00f3\u0142ka Akcyjna, as the acquiring company, with AMG S.\u00e0 rl based in Luxembourg, Grand Duchy of Luxembourg, registered in the Luxembourg Trade and Companies Register (Registre de Commerce et des Societes) under number B229026, as the acquired company.<\/p>\n<\/div><\/section><br \/>\n\n<style type=\"text\/css\" data-created_by=\"avia_inline_auto\" id=\"style-css-av-14dw0cm5-f3743a3b7aaf6cb349e1419ba2372f35\">\n#top .hr.hr-invisible.av-14dw0cm5-f3743a3b7aaf6cb349e1419ba2372f35{\nheight:40px;\n}\n<\/style>\n<div  class='hr av-14dw0cm5-f3743a3b7aaf6cb349e1419ba2372f35 hr-invisible  avia-builder-el-7  el_after_av_textblock  el_before_av_textblock '><span class='hr-inner '><span class=\"hr-inner-style\"><\/span><\/span><\/div><br \/>\n<section  class='av_textblock_section av-kdznvls9-6f477fc842fd08e56bb699ca4d1ad3c1 '   itemscope=\"itemscope\" itemtype=\"https:\/\/schema.org\/CreativeWork\" ><div class='avia_textblock'  itemprop=\"text\" ><h4 style=\"text-align: left;\">An announcement dated on December 10, 2020<\/h4>\n<p>The Management Board of the Company under the name of Press Glass Sp\u00f3\u0142ka Akcyjna informs that on December 9, 2020 the Company\u2019s shareholders were called upon for the fifth time to submit their share certificates in order to dematerialize them.<\/p>\n<p>Share documents should be submitted to the registered office of the Company, i.e. ul. Golfowa 19 (42 \u2013 274 Konopiska, Poland) on business days from 8:00 a.m. to 4:00 p.m till February 19, 2021.<\/p>\n<\/div><\/section><br \/>\n\n<style type=\"text\/css\" data-created_by=\"avia_inline_auto\" id=\"style-css-av-14dw0cm5-f3743a3b7aaf6cb349e1419ba2372f35\">\n#top .hr.hr-invisible.av-14dw0cm5-f3743a3b7aaf6cb349e1419ba2372f35{\nheight:40px;\n}\n<\/style>\n<div  class='hr av-14dw0cm5-f3743a3b7aaf6cb349e1419ba2372f35 hr-invisible  avia-builder-el-9  el_after_av_textblock  el_before_av_textblock '><span class='hr-inner '><span class=\"hr-inner-style\"><\/span><\/span><\/div><br \/>\n<section  class='av_textblock_section av-kdznvls9-6f477fc842fd08e56bb699ca4d1ad3c1 '   itemscope=\"itemscope\" itemtype=\"https:\/\/schema.org\/CreativeWork\" ><div class='avia_textblock'  itemprop=\"text\" ><h4 style=\"text-align: left;\">An announcement dated on November 19, 2020<\/h4>\n<p>The Management Board of the Company under the name of Press Glass Sp\u00f3\u0142ka Akcyjna informs that on November 18, 2020 the Company\u2019s shareholders were called upon for the fourth time to submit their share certificates in order to dematerialize them.<\/p>\n<p>Share documents should be submitted to the registered office of the Company, i.e. ul. Golfowa 19 (42 \u2013 274 Konopiska, Poland) on business days from 8:00 a.m. to 4:00 p.m till February 19, 2021.<\/p>\n<\/div><\/section><br \/>\n\n<style type=\"text\/css\" data-created_by=\"avia_inline_auto\" id=\"style-css-av-14dw0cm5-f3743a3b7aaf6cb349e1419ba2372f35\">\n#top .hr.hr-invisible.av-14dw0cm5-f3743a3b7aaf6cb349e1419ba2372f35{\nheight:40px;\n}\n<\/style>\n<div  class='hr av-14dw0cm5-f3743a3b7aaf6cb349e1419ba2372f35 hr-invisible  avia-builder-el-11  el_after_av_textblock  el_before_av_textblock '><span class='hr-inner '><span class=\"hr-inner-style\"><\/span><\/span><\/div><br \/>\n<section  class='av_textblock_section av-kdznvls9-6f477fc842fd08e56bb699ca4d1ad3c1 '   itemscope=\"itemscope\" itemtype=\"https:\/\/schema.org\/CreativeWork\" ><div class='avia_textblock'  itemprop=\"text\" ><h4 style=\"text-align: left;\">An announcement dated on October 29, 2020<\/h4>\n<p>The Management Board of the Company under the name of Press Glass Sp\u00f3\u0142ka Akcyjna informs that on October 28, 2020 the Company\u2019s shareholders were called upon for the third time to submit their share certificates in order to dematerialize them.<\/p>\n<p>Share documents should be submitted to the registered office of the Company, i.e. ul. Golfowa 19 (42 \u2013 274 Konopiska, Poland) on business days from 8:00 a.m. to 4:00 p.m till February 19, 2021.<\/p>\n<\/div><\/section><br \/>\n\n<style type=\"text\/css\" data-created_by=\"avia_inline_auto\" id=\"style-css-av-14dw0cm5-f3743a3b7aaf6cb349e1419ba2372f35\">\n#top .hr.hr-invisible.av-14dw0cm5-f3743a3b7aaf6cb349e1419ba2372f35{\nheight:40px;\n}\n<\/style>\n<div  class='hr av-14dw0cm5-f3743a3b7aaf6cb349e1419ba2372f35 hr-invisible  avia-builder-el-13  el_after_av_textblock  el_before_av_textblock '><span class='hr-inner '><span class=\"hr-inner-style\"><\/span><\/span><\/div><br \/>\n<section  class='av_textblock_section av-kdznvls9-6f477fc842fd08e56bb699ca4d1ad3c1 '   itemscope=\"itemscope\" itemtype=\"https:\/\/schema.org\/CreativeWork\" ><div class='avia_textblock'  itemprop=\"text\" ><h4 style=\"text-align: left;\">An announcement dated on October 22, 2020<\/h4>\n<p>The Management Board of Press Glass S.A. informs that on October 7, 2020 by a notarial deed, Rep. A No. 5679\/2020 drawn up by notary public Maria Bia\u0142as at the Notary&#8217;s Office run in the form of a civil partnership under the name of Kancelaria Notarialna Maria Bia\u0142as &#8211; notary, Sebastian Ta\u0142aj &#8211; notary Sp\u00f3\u0142ka Cywilna with its registered office in Cz\u0119stochowa, 40 Kili\u0144skiego Street, the Company&#8217;s Articles of Association have been altered by changing \u00a7 3 , that is the headquarters of the Company. \u00a7 3 of the Company&#8217;s Articles of Association is now read as follows: &#8220;\u00a7 3. The registered office of the Company is located in Konopiska&#8221;.<\/p>\n<p>In addition, on October 7, 2020. Management Board of Press Glass S.A. adopted a resolution according to which the Company will be located at: ul. Golfowa 19, 42 &#8211; 274 Konopiska.<\/p>\n<\/div><\/section><br \/>\n\n<style type=\"text\/css\" data-created_by=\"avia_inline_auto\" id=\"style-css-av-14dw0cm5-f3743a3b7aaf6cb349e1419ba2372f35\">\n#top .hr.hr-invisible.av-14dw0cm5-f3743a3b7aaf6cb349e1419ba2372f35{\nheight:40px;\n}\n<\/style>\n<div  class='hr av-14dw0cm5-f3743a3b7aaf6cb349e1419ba2372f35 hr-invisible  avia-builder-el-15  el_after_av_textblock  el_before_av_textblock '><span class='hr-inner '><span class=\"hr-inner-style\"><\/span><\/span><\/div><br \/>\n<section  class='av_textblock_section av-kdznvls9-6f477fc842fd08e56bb699ca4d1ad3c1 '   itemscope=\"itemscope\" itemtype=\"https:\/\/schema.org\/CreativeWork\" ><div class='avia_textblock'  itemprop=\"text\" ><h4 style=\"text-align: left;\">An announcement dated on October 8, 2020<\/h4>\n<p>The Management Board of the Company under the name of Press Glass Sp\u00f3\u0142ka Akcyjna informs that on October 7, 2020 the Company\u2019s shareholders were called upon for the second time to submit their share certificates in order to dematerialize them.<\/p>\n<p>Share documents should be submitted to the registered office of the Company, i.e. in Nowa Wie\u015b at ul. Kopalniana 9 (42 \u2013 262 Poczesna, Poland) on business days from 8:00 a.m. to 4:00 p.m<\/p>\n<\/div><\/section><br \/>\n\n<style type=\"text\/css\" data-created_by=\"avia_inline_auto\" id=\"style-css-av-14dw0cm5-f3743a3b7aaf6cb349e1419ba2372f35\">\n#top .hr.hr-invisible.av-14dw0cm5-f3743a3b7aaf6cb349e1419ba2372f35{\nheight:40px;\n}\n<\/style>\n<div  class='hr av-14dw0cm5-f3743a3b7aaf6cb349e1419ba2372f35 hr-invisible  avia-builder-el-17  el_after_av_textblock  el_before_av_textblock '><span class='hr-inner '><span class=\"hr-inner-style\"><\/span><\/span><\/div><br \/>\n<section  class='av_textblock_section av-kdznvls9-6f477fc842fd08e56bb699ca4d1ad3c1 '   itemscope=\"itemscope\" itemtype=\"https:\/\/schema.org\/CreativeWork\" ><div class='avia_textblock'  itemprop=\"text\" ><h4 style=\"text-align: left;\">An announcement dated on September 17, 2020<\/h4>\n<p>The Management Board of the Company under the name of Press Glass Sp\u00f3\u0142ka Akcyjna with its registered office in Nowa Wie\u015b (Poland) informs that on September 16, 2020 the Company&#8217;s shareholders were called upon for the first time to submit their share certificates in order to dematerialize them.<\/p>\n<p>Share documents should be submitted to the registered office of the Company, i.e. in Nowa Wie\u015b at ul. Kopalniana 9 (42 &#8211; 262 Poczesna, Poland) on business days from 8:00 a.m. to 4:00 p.m<\/p>\n<\/div><\/section><br \/>\n\n<style type=\"text\/css\" data-created_by=\"avia_inline_auto\" id=\"style-css-av-14dw0cm5-f3743a3b7aaf6cb349e1419ba2372f35\">\n#top .hr.hr-invisible.av-14dw0cm5-f3743a3b7aaf6cb349e1419ba2372f35{\nheight:40px;\n}\n<\/style>\n<div  class='hr av-14dw0cm5-f3743a3b7aaf6cb349e1419ba2372f35 hr-invisible  avia-builder-el-19  el_after_av_textblock  el_before_av_textblock '><span class='hr-inner '><span class=\"hr-inner-style\"><\/span><\/span><\/div><br \/>\n<section  class='av_textblock_section av-kdznvls9-6f477fc842fd08e56bb699ca4d1ad3c1 '   itemscope=\"itemscope\" itemtype=\"https:\/\/schema.org\/CreativeWork\" ><div class='avia_textblock'  itemprop=\"text\" ><h4 style=\"text-align: left;\">An announcement dated on July 28, 2020<\/h4>\n<p>We would like to inform you that on 28 July 2020 PRESS GLASS Sp\u00f3\u0142ka Akcyjna, with its registered office in Nowa Wie\u015b (Poland), concluded a contract for keeping the register of shareholders with Powszechna Kasa Oszcz\u0119dno\u015bci Bank Polski Sp\u00f3\u0142ka Akcyjna, Branch of the Brokerage Office in Warsaw (Poland), address: ul. Pu\u0142awska 15, 02-515 Warsaw, Poland, registered with the District Court for the Capital City of Warsaw in Warsaw, 13<sup>th<\/sup> Commercial Division of the National Court Register, Entry No. KRS 0000026438, Tax ID NIP 525-000-77-38.<\/p>\n<p>The resolution concerning the selection of Powszechna Kasa Oszcz\u0119dno\u015bci Bank Polski Sp\u00f3\u0142ka Akcyjna Branch of the Brokerage Office in Warsaw (Poland) was adopted at the Ordinary Shareholders\u2019 Meeting of PRESS GLASS Sp\u00f3\u0142ka Akcyjna on 19 June 2020.<\/p>\n<\/div><\/section><\/p><\/div>\n<style type=\"text\/css\" data-created_by=\"avia_inline_auto\" id=\"style-css-av-yb0tsv1-e1e1169e4679bb3158e79ae336096fe3\">\n#top .hr.hr-invisible.av-yb0tsv1-e1e1169e4679bb3158e79ae336096fe3{\nheight:50px;\n}\n<\/style>\n<div  class='hr av-yb0tsv1-e1e1169e4679bb3158e79ae336096fe3 hr-invisible  avia-builder-el-21  el_after_av_one_full  el_before_av_section  avia-builder-el-last '><span class='hr-inner '><span class=\"hr-inner-style\"><\/span><\/span><\/div><\/p>\n<\/div><\/div><\/div><!-- close content main div --><\/div><\/div><div id='dla-akcionariuszy'  class='avia-section av-t038dul-c971ea7609e878a4d1b39dd8c19882f6 main_color avia-section-default avia-no-shadow  avia-builder-el-22  el_after_av_hr  el_before_av_hr  avia-bg-style-scroll container_wrap sidebar_right'  ><div class='container av-section-cont-open' ><div class='template-page content  av-content-small alpha units'><div class='post-entry post-entry-type-page post-entry-117789'><div class='entry-content-wrapper clearfix'>\n<div  class='flex_column av-pj56ijh-16232df617272e078397ddb597fdd715 av_one_full  avia-builder-el-23  avia-builder-el-no-sibling  first flex_column_div  '     ><p>\n<style type=\"text\/css\" data-created_by=\"avia_inline_auto\" id=\"style-css-av-av_heading-b7ce2bfed1def5fda07eff88e2ae9551\">\n#top .av-special-heading.av-av_heading-b7ce2bfed1def5fda07eff88e2ae9551{\npadding-bottom:0;\nfont-size:35px;\n}\nbody .av-special-heading.av-av_heading-b7ce2bfed1def5fda07eff88e2ae9551 .av-special-heading-tag .heading-char{\nfont-size:25px;\n}\n#top #wrap_all .av-special-heading.av-av_heading-b7ce2bfed1def5fda07eff88e2ae9551 .av-special-heading-tag{\nfont-size:35px;\n}\n.av-special-heading.av-av_heading-b7ce2bfed1def5fda07eff88e2ae9551 .av-subheading{\nfont-size:15px;\n}\n\n@media only screen and (min-width: 480px) and (max-width: 767px){ \n#top #wrap_all .av-special-heading.av-av_heading-b7ce2bfed1def5fda07eff88e2ae9551 .av-special-heading-tag{\nfont-size:0.8em;\n}\n}\n\n@media only screen and (max-width: 479px){ \n#top #wrap_all .av-special-heading.av-av_heading-b7ce2bfed1def5fda07eff88e2ae9551 .av-special-heading-tag{\nfont-size:0.8em;\n}\n}\n<\/style>\n<div  class='av-special-heading av-av_heading-b7ce2bfed1def5fda07eff88e2ae9551 av-special-heading-h3 blockquote modern-quote  avia-builder-el-24  el_before_av_hr  avia-builder-el-first  av-inherit-size'><h3 class='av-special-heading-tag '  itemprop=\"headline\"  >Contatto<\/h3><div class=\"special-heading-border\"><div class=\"special-heading-inner-border\"><\/div><\/div><\/div><br \/>\n\n<style type=\"text\/css\" data-created_by=\"avia_inline_auto\" id=\"style-css-av-1qa8z31-f0b603cc07664ae11200712ee6eedbfc\">\n#top .hr.hr-invisible.av-1qa8z31-f0b603cc07664ae11200712ee6eedbfc{\nheight:40px;\n}\n<\/style>\n<div  class='hr av-1qa8z31-f0b603cc07664ae11200712ee6eedbfc hr-invisible  avia-builder-el-25  el_after_av_heading  el_before_av_textblock '><span class='hr-inner '><span class=\"hr-inner-style\"><\/span><\/span><\/div><br \/>\n<section  class='av_textblock_section av-bi903dp-a1318c6ba29277ca86554f1a040e0469 '   itemscope=\"itemscope\" itemtype=\"https:\/\/schema.org\/CreativeWork\" ><div class='avia_textblock'  itemprop=\"text\" ><p>Financial Department<\/p>\n<p>PRESS GLASS SA; ul. Golfowa 19, 42-274 Konopiska, Poland<\/p>\n<p>tel. <a href=\"tel:48343275069\">+48 34 327 50 69<\/a><\/p>\n<\/div><\/section><\/p><\/div><\/div><\/div><\/div><!-- close content main div --><\/div><\/div><div id='after_section_2'  class='main_color av_default_container_wrap container_wrap sidebar_right'  ><div class='container av-section-cont-open' ><div class='template-page content  av-content-small alpha units'><div class='post-entry post-entry-type-page post-entry-117789'><div class='entry-content-wrapper clearfix'>\n<style type=\"text\/css\" data-created_by=\"avia_inline_auto\" id=\"style-css-av-7w4044d-3756d94774eedee8d24d371ed78e216e\">\n#top .hr.hr-invisible.av-7w4044d-3756d94774eedee8d24d371ed78e216e{\nheight:80px;\n}\n<\/style>\n<div  class='hr av-7w4044d-3756d94774eedee8d24d371ed78e216e hr-invisible  avia-builder-el-27  el_after_av_section  avia-builder-el-no-sibling '><span class='hr-inner '><span class=\"hr-inner-style\"><\/span><\/span><\/div><\/p>\n","protected":false},"excerpt":{"rendered":"","protected":false},"author":20,"featured_media":0,"parent":0,"menu_order":0,"comment_status":"closed","ping_status":"closed","template":"","meta":{"footnotes":""},"class_list":["post-117789","page","type-page","status-publish","hentry"],"yoast_head":"<!-- This site is optimized with the Yoast SEO plugin v27.3 - https:\/\/yoast.com\/product\/yoast-seo-wordpress\/ -->\n<title>Per gli azionisti - PRESS GLASS HOLDING SA<\/title>\n<meta name=\"description\" content=\"Per gli azionisti\" \/>\n<meta name=\"robots\" content=\"index, follow, max-snippet:-1, max-image-preview:large, max-video-preview:-1\" \/>\n<link rel=\"canonical\" href=\"https:\/\/www.pressglass.com\/it\/per-gli-azionisti\/\" \/>\n<meta name=\"twitter:label1\" content=\"Tempo di lettura stimato\" \/>\n\t<meta name=\"twitter:data1\" content=\"10 minuti\" \/>\n<script type=\"application\/ld+json\" class=\"yoast-schema-graph\">{\"@context\":\"https:\\\/\\\/schema.org\",\"@graph\":[{\"@type\":\"WebPage\",\"@id\":\"https:\\\/\\\/www.pressglass.com\\\/it\\\/per-gli-azionisti\\\/\",\"url\":\"https:\\\/\\\/www.pressglass.com\\\/it\\\/per-gli-azionisti\\\/\",\"name\":\"Per gli azionisti - PRESS GLASS HOLDING SA\",\"isPartOf\":{\"@id\":\"https:\\\/\\\/www.pressglass.com\\\/it\\\/#website\"},\"datePublished\":\"2019-12-27T11:55:55+00:00\",\"dateModified\":\"2021-11-03T15:17:00+00:00\",\"description\":\"Per gli azionisti\",\"breadcrumb\":{\"@id\":\"https:\\\/\\\/www.pressglass.com\\\/it\\\/per-gli-azionisti\\\/#breadcrumb\"},\"inLanguage\":\"it-IT\",\"potentialAction\":[{\"@type\":\"ReadAction\",\"target\":[\"https:\\\/\\\/www.pressglass.com\\\/it\\\/per-gli-azionisti\\\/\"]}]},{\"@type\":\"BreadcrumbList\",\"@id\":\"https:\\\/\\\/www.pressglass.com\\\/it\\\/per-gli-azionisti\\\/#breadcrumb\",\"itemListElement\":[{\"@type\":\"ListItem\",\"position\":1,\"name\":\"Strona g\u0142\u00f3wna\",\"item\":\"https:\\\/\\\/www.pressglass.com\\\/it\\\/\"},{\"@type\":\"ListItem\",\"position\":2,\"name\":\"Per gli azionisti\"}]},{\"@type\":\"WebSite\",\"@id\":\"https:\\\/\\\/www.pressglass.com\\\/it\\\/#website\",\"url\":\"https:\\\/\\\/www.pressglass.com\\\/it\\\/\",\"name\":\"PRESS GLASS HOLDING SA\",\"description\":\"\",\"potentialAction\":[{\"@type\":\"SearchAction\",\"target\":{\"@type\":\"EntryPoint\",\"urlTemplate\":\"https:\\\/\\\/www.pressglass.com\\\/it\\\/?s={search_term_string}\"},\"query-input\":{\"@type\":\"PropertyValueSpecification\",\"valueRequired\":true,\"valueName\":\"search_term_string\"}}],\"inLanguage\":\"it-IT\"}]}<\/script>\n<!-- \/ Yoast SEO plugin. -->","yoast_head_json":{"title":"Per gli azionisti - PRESS GLASS HOLDING SA","description":"Per gli azionisti","robots":{"index":"index","follow":"follow","max-snippet":"max-snippet:-1","max-image-preview":"max-image-preview:large","max-video-preview":"max-video-preview:-1"},"canonical":"https:\/\/www.pressglass.com\/it\/per-gli-azionisti\/","twitter_misc":{"Tempo di lettura stimato":"10 minuti"},"schema":{"@context":"https:\/\/schema.org","@graph":[{"@type":"WebPage","@id":"https:\/\/www.pressglass.com\/it\/per-gli-azionisti\/","url":"https:\/\/www.pressglass.com\/it\/per-gli-azionisti\/","name":"Per gli azionisti - PRESS GLASS HOLDING SA","isPartOf":{"@id":"https:\/\/www.pressglass.com\/it\/#website"},"datePublished":"2019-12-27T11:55:55+00:00","dateModified":"2021-11-03T15:17:00+00:00","description":"Per gli azionisti","breadcrumb":{"@id":"https:\/\/www.pressglass.com\/it\/per-gli-azionisti\/#breadcrumb"},"inLanguage":"it-IT","potentialAction":[{"@type":"ReadAction","target":["https:\/\/www.pressglass.com\/it\/per-gli-azionisti\/"]}]},{"@type":"BreadcrumbList","@id":"https:\/\/www.pressglass.com\/it\/per-gli-azionisti\/#breadcrumb","itemListElement":[{"@type":"ListItem","position":1,"name":"Strona g\u0142\u00f3wna","item":"https:\/\/www.pressglass.com\/it\/"},{"@type":"ListItem","position":2,"name":"Per gli azionisti"}]},{"@type":"WebSite","@id":"https:\/\/www.pressglass.com\/it\/#website","url":"https:\/\/www.pressglass.com\/it\/","name":"PRESS GLASS HOLDING SA","description":"","potentialAction":[{"@type":"SearchAction","target":{"@type":"EntryPoint","urlTemplate":"https:\/\/www.pressglass.com\/it\/?s={search_term_string}"},"query-input":{"@type":"PropertyValueSpecification","valueRequired":true,"valueName":"search_term_string"}}],"inLanguage":"it-IT"}]}},"rttpg_featured_image_url":null,"rttpg_author":{"display_name":"Kamil","author_link":"https:\/\/www.pressglass.com\/it\/author\/kamil-janikiewicz\/"},"rttpg_comment":0,"rttpg_category":" <a href=\"https:\/\/www.pressglass.com\/it\/?taxonomy=translation_priority&#038;term=opzionale\" rel=\"tag\">Opzionale<\/a>","rttpg_excerpt":null,"_links":{"self":[{"href":"https:\/\/www.pressglass.com\/it\/wp-json\/wp\/v2\/pages\/117789","targetHints":{"allow":["GET"]}}],"collection":[{"href":"https:\/\/www.pressglass.com\/it\/wp-json\/wp\/v2\/pages"}],"about":[{"href":"https:\/\/www.pressglass.com\/it\/wp-json\/wp\/v2\/types\/page"}],"author":[{"embeddable":true,"href":"https:\/\/www.pressglass.com\/it\/wp-json\/wp\/v2\/users\/20"}],"replies":[{"embeddable":true,"href":"https:\/\/www.pressglass.com\/it\/wp-json\/wp\/v2\/comments?post=117789"}],"version-history":[{"count":12,"href":"https:\/\/www.pressglass.com\/it\/wp-json\/wp\/v2\/pages\/117789\/revisions"}],"predecessor-version":[{"id":131928,"href":"https:\/\/www.pressglass.com\/it\/wp-json\/wp\/v2\/pages\/117789\/revisions\/131928"}],"wp:attachment":[{"href":"https:\/\/www.pressglass.com\/it\/wp-json\/wp\/v2\/media?parent=117789"}],"curies":[{"name":"wp","href":"https:\/\/api.w.org\/{rel}","templated":true}]}}