{"id":59645,"date":"2016-12-29T08:59:07","date_gmt":"2016-12-29T07:59:07","guid":{"rendered":"https:\/\/www.pressglass.com\/?page_id=59645"},"modified":"2024-03-21T16:14:32","modified_gmt":"2024-03-21T15:14:32","slug":"menuiserie-de-fenetre-et-de-porte","status":"publish","type":"page","link":"https:\/\/www.pressglass.com\/fr\/societe\/large-assortiment\/menuiserie-de-fenetre-et-de-porte\/","title":{"rendered":"Menuiserie de fen\u00eatre et de porte"},"content":{"rendered":"\n<style type=\"text\/css\" data-created_by=\"avia_inline_auto\" id=\"style-css-av-av_section-d43ca918e8cce417ed3543c7954fc212\">\n.avia-section.av-av_section-d43ca918e8cce417ed3543c7954fc212{\nbackground-repeat:no-repeat;\nbackground-image:url(https:\/\/www.pressglass.com\/wp-content\/uploads\/2016\/04\/slider_maly-dom.jpg);\nbackground-position:50% 0%;\nbackground-attachment:scroll;\n}\n<\/style>\n<div id='av_section_1'  class='avia-section av-av_section-d43ca918e8cce417ed3543c7954fc212 main_color avia-section-default avia-no-border-styling  avia-builder-el-0  el_before_av_one_full  avia-builder-el-first  avia-full-stretch avia-bg-style-scroll av-minimum-height av-minimum-height-custom av-height-custom  container_wrap sidebar_right'  data-section-bg-repeat='stretch' data-av_minimum_height_px='285'><div class='container av-section-cont-open' style='height:285px'><main  role=\"main\" itemprop=\"mainContentOfPage\"  class='template-page content  av-content-small alpha units'><div class='post-entry post-entry-type-page post-entry-59645'><div class='entry-content-wrapper clearfix'><\/div><\/div><\/main><!-- close content main element --><\/div><\/div><div id='after_section_1'  class='main_color av_default_container_wrap container_wrap sidebar_right'  ><div class='container av-section-cont-open' ><div class='template-page content  av-content-small alpha units'><div class='post-entry post-entry-type-page post-entry-59645'><div class='entry-content-wrapper clearfix'>\n<div  class='flex_column av-av_one_full-2a9015ff38129c418a3f2eafba3e9512 av_one_full  avia-builder-el-1  el_after_av_section  el_before_av_hr  avia-builder-el-first  first flex_column_div  '     ><style type=\"text\/css\" data-created_by=\"avia_inline_auto\" id=\"style-css-av-av_heading-f27a6bb6be4fc26532f713dba5e7ef95\">\n#top .av-special-heading.av-av_heading-f27a6bb6be4fc26532f713dba5e7ef95{\npadding-bottom:0;\n}\nbody .av-special-heading.av-av_heading-f27a6bb6be4fc26532f713dba5e7ef95 .av-special-heading-tag .heading-char{\nfont-size:25px;\n}\n.av-special-heading.av-av_heading-f27a6bb6be4fc26532f713dba5e7ef95 .av-subheading{\nfont-size:15px;\n}\n<\/style>\n<div  class='av-special-heading av-av_heading-f27a6bb6be4fc26532f713dba5e7ef95 av-special-heading-h1 blockquote modern-quote modern-centered  avia-builder-el-2  avia-builder-el-no-sibling '><h1 class='av-special-heading-tag '  itemprop=\"headline\"  >Menuiserie de fen\u00eatre et de porte<\/h1><div class=\"special-heading-border\"><div class=\"special-heading-inner-border\"><\/div><\/div><\/div><\/div>\n\n<style type=\"text\/css\" data-created_by=\"avia_inline_auto\" id=\"style-css-av-av_hr-a07f7596b1fca85f6595a75d593069df\">\n#top .hr.hr-invisible.av-av_hr-a07f7596b1fca85f6595a75d593069df{\nheight:40px;\n}\n<\/style>\n<div  class='hr av-av_hr-a07f7596b1fca85f6595a75d593069df hr-invisible  avia-builder-el-3  el_after_av_one_full  el_before_av_one_full '><span class='hr-inner '><span class=\"hr-inner-style\"><\/span><\/span><\/div>\n<div  class='flex_column av-av_one_full-2a9015ff38129c418a3f2eafba3e9512 av_one_full  avia-builder-el-4  el_after_av_hr  avia-builder-el-last  first flex_column_div  '     ><div id='idmasonry' class='av-masonry av-lu1di9z3-614e04d3691cbc8cf3a54e5fbe433096 noHover av-fixed-size av-1px-gap av-hover-overlay- av-masonry-animation-active av-masonry-col-3 av-caption-always av-caption-style- av-masonry-gallery ' data-post_id=\"59645\"><div class=\"av-masonry-container isotope av-js-disabled\"><div class='av-masonry-entry isotope-item av-masonry-item-no-image '><\/div><a href=\"https:\/\/www.pressglass.com\/offre\/doubles-vitrages\/vitres-a-faible-emissivite\/?lang=fr\"  aria-label=\"image VITRES \u00c0 FAIBLE \u00c9MISSIVIT\u00c9\"  id='av-masonry-1-item-40840' data-av-masonry-item='40840' class='av-masonry-entry isotope-item post-40840 attachment type-attachment status-inherit hentry  av-masonry-item-with-image' title=\"VITRES \u00c0 FAIBLE \u00c9MISSIVIT\u00c9\" alt=\"VITRES \u00c0 FAIBLE \u00c9MISSIVIT\u00c9\"  data-av-masonry-custom-link=\"https:\/\/www.pressglass.com\/offre\/doubles-vitrages\/vitres-a-faible-emissivite\/?lang=fr\"  itemprop=\"thumbnailUrl\" ><div class='av-inner-masonry-sizer'><\/div><figure class='av-inner-masonry main_color'><div class=\"av-masonry-outerimage-container\"><div class='av-masonry-image-container' style=\"background-image: url(https:\/\/www.pressglass.com\/wp-content\/uploads\/2014\/11\/low-emission-465x407.jpg);\"  title=\"VITRES \u00c0 FAIBLE \u00c9MISSIVIT\u00c9\" ><\/div><\/div><figcaption class='av-inner-masonry-content site-background'><div class='av-inner-masonry-content-pos'><div class='av-inner-masonry-content-pos-content'><div class='avia-arrow'><\/div><div class='av-masonry-entry-content entry-content'  itemprop=\"text\" >VITRES \u00c0 FAIBLE \u00c9MISSIVIT\u00c9<\/div><\/div><\/div><\/figcaption><\/figure><\/a><!--end av-masonry entry--><a href=\"https:\/\/www.pressglass.com\/offre\/doubles-vitrages\/vitres-avec-intercalaire-chaud\/?lang=fr\"  aria-label=\"image VITRAGES AVEC WARM EDGE\"  id='av-masonry-1-item-41120' data-av-masonry-item='41120' class='av-masonry-entry isotope-item post-41120 attachment type-attachment status-inherit hentry  av-masonry-item-with-image' title=\"VITRAGES AVEC WARM EDGE\" alt=\"VITRAGES AVEC WARM EDGE\"  data-av-masonry-custom-link=\"https:\/\/www.pressglass.com\/offre\/doubles-vitrages\/vitres-avec-intercalaire-chaud\/?lang=fr\"  itemprop=\"thumbnailUrl\" ><div class='av-inner-masonry-sizer'><\/div><figure class='av-inner-masonry main_color'><div class=\"av-masonry-outerimage-container\"><div class='av-masonry-image-container' style=\"background-image: url(https:\/\/www.pressglass.com\/wp-content\/uploads\/2016\/04\/Glazed-unitswith-Warm-Edge2-465x407.png);\"  title=\"VITRAGES AVEC WARM EDGE\" ><\/div><\/div><figcaption class='av-inner-masonry-content site-background'><div class='av-inner-masonry-content-pos'><div class='av-inner-masonry-content-pos-content'><div class='avia-arrow'><\/div><div class='av-masonry-entry-content entry-content'  itemprop=\"text\" >VITRAGES AVEC WARM EDGE<\/div><\/div><\/div><\/figcaption><\/figure><\/a><!--end av-masonry entry--><a href=\"https:\/\/www.pressglass.com\/offre\/doubles-vitrages\/vitres-antisolaires\/?lang=fr\"  aria-label=\"image VITRES ANTISOLAIRES\"  id='av-masonry-1-item-40581' data-av-masonry-item='40581' class='av-masonry-entry isotope-item post-40581 attachment type-attachment status-inherit hentry  av-masonry-item-with-image' title=\"VITRES ANTISOLAIRES\" alt=\"VITRES ANTISOLAIRES\"  data-av-masonry-custom-link=\"https:\/\/www.pressglass.com\/offre\/doubles-vitrages\/vitres-antisolaires\/?lang=fr\"  itemprop=\"thumbnailUrl\" ><div class='av-inner-masonry-sizer'><\/div><figure class='av-inner-masonry main_color'><div class=\"av-masonry-outerimage-container\"><div class='av-masonry-image-container' style=\"background-image: url(https:\/\/www.pressglass.com\/wp-content\/uploads\/2014\/11\/solar-control-glass-4a.jpg);\"  title=\"VITRES ANTISOLAIRES\" ><\/div><\/div><figcaption class='av-inner-masonry-content site-background'><div class='av-inner-masonry-content-pos'><div class='av-inner-masonry-content-pos-content'><div class='avia-arrow'><\/div><div class='av-masonry-entry-content entry-content'  itemprop=\"text\" >VITRES ANTISOLAIRES<\/div><\/div><\/div><\/figcaption><\/figure><\/a><!--end av-masonry entry--><a href=\"https:\/\/www.pressglass.com\/offre\/doubles-vitrages\/vitres-de-securite-et-de-protection\/?lang=fr\"  aria-label=\"image VITRES DE S\u00c9CURIT\u00c9 ET DE PROTECTION\"  id='av-masonry-1-item-34391' data-av-masonry-item='34391' class='av-masonry-entry isotope-item post-34391 attachment type-attachment status-inherit hentry  av-masonry-item-with-image' title=\"VITRES DE S\u00c9CURIT\u00c9 ET DE PROTECTION\" alt=\"VITRES DE S\u00c9CURIT\u00c9 ET DE PROTECTION\"  data-av-masonry-custom-link=\"https:\/\/www.pressglass.com\/offre\/doubles-vitrages\/vitres-de-securite-et-de-protection\/?lang=fr\"  itemprop=\"thumbnailUrl\" ><div class='av-inner-masonry-sizer'><\/div><figure class='av-inner-masonry main_color'><div class=\"av-masonry-outerimage-container\"><div class='av-masonry-image-container' style=\"background-image: url(https:\/\/www.pressglass.com\/wp-content\/uploads\/2015\/11\/SafeANDsecurity-465x407.jpg);\"  title=\"VITRES DE S\u00c9CURIT\u00c9 ET DE PROTECTION\" ><\/div><\/div><figcaption class='av-inner-masonry-content site-background'><div class='av-inner-masonry-content-pos'><div class='av-inner-masonry-content-pos-content'><div class='avia-arrow'><\/div><div class='av-masonry-entry-content entry-content'  itemprop=\"text\" >VITRES DE S\u00c9CURIT\u00c9 ET DE PROTECTION<\/div><\/div><\/div><\/figcaption><\/figure><\/a><!--end av-masonry entry--><a href=\"https:\/\/www.pressglass.com\/offre\/verre-special\/vitres-stratifiees-feuilletees\/?lang=fr\"  aria-label=\"image VITRES FEUILLET\u00c9ES\"  id='av-masonry-1-item-39900' data-av-masonry-item='39900' class='av-masonry-entry isotope-item post-39900 attachment type-attachment status-inherit hentry  av-masonry-item-with-image' title=\"VITRES FEUILLET\u00c9ES\" alt=\"VITRES FEUILLET\u00c9ES\"  data-av-masonry-custom-link=\"https:\/\/www.pressglass.com\/offre\/verre-special\/vitres-stratifiees-feuilletees\/?lang=fr\"  itemprop=\"thumbnailUrl\" ><div class='av-inner-masonry-sizer'><\/div><figure class='av-inner-masonry main_color'><div class=\"av-masonry-outerimage-container\"><div class='av-masonry-image-container' style=\"background-image: url(https:\/\/www.pressglass.com\/wp-content\/uploads\/2014\/11\/laminated-465x407.jpg);\"  title=\"VITRES FEUILLET\u00c9ES\" ><\/div><\/div><figcaption class='av-inner-masonry-content site-background'><div class='av-inner-masonry-content-pos'><div class='av-inner-masonry-content-pos-content'><div class='avia-arrow'><\/div><div class='av-masonry-entry-content entry-content'  itemprop=\"text\" >VITRES FEUILLET\u00c9ES<\/div><\/div><\/div><\/figcaption><\/figure><\/a><!--end av-masonry entry--><a href=\"https:\/\/www.pressglass.com\/offre\/doubles-vitrages\/vitres-acoustiques\/?lang=fr\"  aria-label=\"image VITRES ACOUSTIQUES\"  id='av-masonry-1-item-34948' data-av-masonry-item='34948' class='av-masonry-entry isotope-item post-34948 attachment type-attachment status-inherit hentry  av-masonry-item-with-image' title=\"VITRES ACOUSTIQUES\" alt=\"VITRES ACOUSTIQUES\"  data-av-masonry-custom-link=\"https:\/\/www.pressglass.com\/offre\/doubles-vitrages\/vitres-acoustiques\/?lang=fr\"  itemprop=\"thumbnailUrl\" ><div class='av-inner-masonry-sizer'><\/div><figure class='av-inner-masonry main_color'><div class=\"av-masonry-outerimage-container\"><div class='av-masonry-image-container' style=\"background-image: url(https:\/\/www.pressglass.com\/wp-content\/uploads\/2016\/04\/acoustic-465x407.jpg);\"  title=\"VITRES ACOUSTIQUES\" ><\/div><\/div><figcaption class='av-inner-masonry-content site-background'><div class='av-inner-masonry-content-pos'><div class='av-inner-masonry-content-pos-content'><div class='avia-arrow'><\/div><div class='av-masonry-entry-content entry-content'  itemprop=\"text\" >VITRES ACOUSTIQUES<\/div><\/div><\/div><\/figcaption><\/figure><\/a><!--end av-masonry entry--><a href=\"https:\/\/www.pressglass.com\/offre\/doubles-vitrages\/vitres-refractaires\/?lang=fr\"  aria-label=\"image VITRES RESISTANTES AU FEU\"  id='av-masonry-1-item-34410' data-av-masonry-item='34410' class='av-masonry-entry isotope-item post-34410 attachment type-attachment status-inherit hentry  av-masonry-item-with-image' title=\"VITRES RESISTANTES AU FEU\" alt=\"VITRES RESISTANTES AU FEU\"  data-av-masonry-custom-link=\"https:\/\/www.pressglass.com\/offre\/doubles-vitrages\/vitres-refractaires\/?lang=fr\"  itemprop=\"thumbnailUrl\" ><div class='av-inner-masonry-sizer'><\/div><figure class='av-inner-masonry main_color'><div class=\"av-masonry-outerimage-container\"><div class='av-masonry-image-container' style=\"background-image: url(https:\/\/www.pressglass.com\/wp-content\/uploads\/2015\/11\/Fire-resistant-glass1-465x407.jpg);\"  title=\"VITRES RESISTANTES AU FEU\" ><\/div><\/div><figcaption class='av-inner-masonry-content site-background'><div class='av-inner-masonry-content-pos'><div class='av-inner-masonry-content-pos-content'><div class='avia-arrow'><\/div><div class='av-masonry-entry-content entry-content'  itemprop=\"text\" >VITRES RESISTANTES AU FEU<\/div><\/div><\/div><\/figcaption><\/figure><\/a><!--end av-masonry entry--><a href=\"https:\/\/www.pressglass.com\/offre\/doubles-vitrages\/vitres-avec-verre-faconne\/?lang=fr\"  aria-label=\"image VITRES ORNEMENTALES\"  id='av-masonry-1-item-34424' data-av-masonry-item='34424' class='av-masonry-entry isotope-item post-34424 attachment type-attachment status-inherit hentry  av-masonry-item-with-image' title=\"VITRES ORNEMENTALES\" alt=\"VITRES ORNEMENTALES\"  data-av-masonry-custom-link=\"https:\/\/www.pressglass.com\/offre\/doubles-vitrages\/vitres-avec-verre-faconne\/?lang=fr\"  itemprop=\"thumbnailUrl\" ><div class='av-inner-masonry-sizer'><\/div><figure class='av-inner-masonry main_color'><div class=\"av-masonry-outerimage-container\"><div class='av-masonry-image-container' style=\"background-image: url(https:\/\/www.pressglass.com\/wp-content\/uploads\/2015\/11\/ornamental-465x407.jpg);\"  title=\"VITRES ORNEMENTALES\" ><\/div><\/div><figcaption class='av-inner-masonry-content site-background'><div class='av-inner-masonry-content-pos'><div class='av-inner-masonry-content-pos-content'><div class='avia-arrow'><\/div><div class='av-masonry-entry-content entry-content'  itemprop=\"text\" >VITRES ORNEMENTALES<\/div><\/div><\/div><\/figcaption><\/figure><\/a><!--end av-masonry entry--><a href=\"https:\/\/www.pressglass.com\/offre\/doubles-vitrages\/vitres-avec-croisillons-internes\/?lang=fr\"  aria-label=\"image VITRES AVEC CROISILLONS\"  id='av-masonry-1-item-34418' data-av-masonry-item='34418' class='av-masonry-entry isotope-item post-34418 attachment type-attachment status-inherit hentry  av-masonry-item-with-image' title=\"VITRES AVEC CROISILLONS\" alt=\"VITRES AVEC CROISILLONS\"  data-av-masonry-custom-link=\"https:\/\/www.pressglass.com\/offre\/doubles-vitrages\/vitres-avec-croisillons-internes\/?lang=fr\"  itemprop=\"thumbnailUrl\" ><div class='av-inner-masonry-sizer'><\/div><figure class='av-inner-masonry main_color'><div class=\"av-masonry-outerimage-container\"><div class='av-masonry-image-container' style=\"background-image: url(https:\/\/www.pressglass.com\/wp-content\/uploads\/2015\/11\/With-dividers-465x407.jpg);\"  title=\"VITRES AVEC CROISILLONS\" ><\/div><\/div><figcaption class='av-inner-masonry-content site-background'><div class='av-inner-masonry-content-pos'><div class='av-inner-masonry-content-pos-content'><div class='avia-arrow'><\/div><div class='av-masonry-entry-content entry-content'  itemprop=\"text\" >VITRES AVEC CROISILLONS<\/div><\/div><\/div><\/figcaption><\/figure><\/a><!--end av-masonry entry--><\/div><\/div><\/div>\n","protected":false},"excerpt":{"rendered":"","protected":false},"author":32,"featured_media":0,"parent":59406,"menu_order":1,"comment_status":"open","ping_status":"closed","template":"","meta":{"footnotes":""},"class_list":["post-59645","page","type-page","status-publish","hentry"],"yoast_head":"<!-- This site is optimized with the Yoast SEO plugin v27.3 - https:\/\/yoast.com\/product\/yoast-seo-wordpress\/ -->\n<title>Menuiserie de fen\u00eatre et de porte - PRESS GLASS HOLDING SA<\/title>\n<meta name=\"description\" content=\"Menuiserie de fen\u00eatre et de porte\" \/>\n<meta name=\"robots\" content=\"index, follow, max-snippet:-1, max-image-preview:large, max-video-preview:-1\" \/>\n<link rel=\"canonical\" href=\"https:\/\/www.pressglass.com\/fr\/societe\/large-assortiment\/menuiserie-de-fenetre-et-de-porte\/\" \/>\n<meta name=\"twitter:label1\" content=\"Dur\u00e9e de lecture estim\u00e9e\" \/>\n\t<meta name=\"twitter:data1\" content=\"1 minute\" \/>\n<script type=\"application\/ld+json\" class=\"yoast-schema-graph\">{\"@context\":\"https:\\\/\\\/schema.org\",\"@graph\":[{\"@type\":\"WebPage\",\"@id\":\"https:\\\/\\\/www.pressglass.com\\\/fr\\\/societe\\\/large-assortiment\\\/menuiserie-de-fenetre-et-de-porte\\\/\",\"url\":\"https:\\\/\\\/www.pressglass.com\\\/fr\\\/societe\\\/large-assortiment\\\/menuiserie-de-fenetre-et-de-porte\\\/\",\"name\":\"Menuiserie de fen\u00eatre et de porte - PRESS GLASS HOLDING SA\",\"isPartOf\":{\"@id\":\"https:\\\/\\\/www.pressglass.com\\\/it\\\/#website\"},\"datePublished\":\"2016-12-29T07:59:07+00:00\",\"dateModified\":\"2024-03-21T15:14:32+00:00\",\"description\":\"Menuiserie de fen\u00eatre et de porte\",\"breadcrumb\":{\"@id\":\"https:\\\/\\\/www.pressglass.com\\\/fr\\\/societe\\\/large-assortiment\\\/menuiserie-de-fenetre-et-de-porte\\\/#breadcrumb\"},\"inLanguage\":\"fr-FR\",\"potentialAction\":[{\"@type\":\"ReadAction\",\"target\":[\"https:\\\/\\\/www.pressglass.com\\\/fr\\\/societe\\\/large-assortiment\\\/menuiserie-de-fenetre-et-de-porte\\\/\"]}]},{\"@type\":\"BreadcrumbList\",\"@id\":\"https:\\\/\\\/www.pressglass.com\\\/fr\\\/societe\\\/large-assortiment\\\/menuiserie-de-fenetre-et-de-porte\\\/#breadcrumb\",\"itemListElement\":[{\"@type\":\"ListItem\",\"position\":1,\"name\":\"Strona g\u0142\u00f3wna\",\"item\":\"https:\\\/\\\/www.pressglass.com\\\/fr\\\/\"},{\"@type\":\"ListItem\",\"position\":2,\"name\":\"Soci\u00e9t\u00e9\",\"item\":\"https:\\\/\\\/www.pressglass.com\\\/fr\\\/societe\\\/\"},{\"@type\":\"ListItem\",\"position\":3,\"name\":\"Large assortiment\",\"item\":\"https:\\\/\\\/www.pressglass.com\\\/fr\\\/societe\\\/large-assortiment\\\/\"},{\"@type\":\"ListItem\",\"position\":4,\"name\":\"Menuiserie de fen\u00eatre et de porte\"}]},{\"@type\":\"WebSite\",\"@id\":\"https:\\\/\\\/www.pressglass.com\\\/it\\\/#website\",\"url\":\"https:\\\/\\\/www.pressglass.com\\\/it\\\/\",\"name\":\"PRESS GLASS HOLDING SA\",\"description\":\"\",\"potentialAction\":[{\"@type\":\"SearchAction\",\"target\":{\"@type\":\"EntryPoint\",\"urlTemplate\":\"https:\\\/\\\/www.pressglass.com\\\/it\\\/?s={search_term_string}\"},\"query-input\":{\"@type\":\"PropertyValueSpecification\",\"valueRequired\":true,\"valueName\":\"search_term_string\"}}],\"inLanguage\":\"fr-FR\"}]}<\/script>\n<!-- \/ Yoast SEO plugin. -->","yoast_head_json":{"title":"Menuiserie de fen\u00eatre et de porte - PRESS GLASS HOLDING SA","description":"Menuiserie de fen\u00eatre et de porte","robots":{"index":"index","follow":"follow","max-snippet":"max-snippet:-1","max-image-preview":"max-image-preview:large","max-video-preview":"max-video-preview:-1"},"canonical":"https:\/\/www.pressglass.com\/fr\/societe\/large-assortiment\/menuiserie-de-fenetre-et-de-porte\/","twitter_misc":{"Dur\u00e9e de lecture estim\u00e9e":"1 minute"},"schema":{"@context":"https:\/\/schema.org","@graph":[{"@type":"WebPage","@id":"https:\/\/www.pressglass.com\/fr\/societe\/large-assortiment\/menuiserie-de-fenetre-et-de-porte\/","url":"https:\/\/www.pressglass.com\/fr\/societe\/large-assortiment\/menuiserie-de-fenetre-et-de-porte\/","name":"Menuiserie de fen\u00eatre et de porte - PRESS GLASS HOLDING SA","isPartOf":{"@id":"https:\/\/www.pressglass.com\/it\/#website"},"datePublished":"2016-12-29T07:59:07+00:00","dateModified":"2024-03-21T15:14:32+00:00","description":"Menuiserie de fen\u00eatre et de porte","breadcrumb":{"@id":"https:\/\/www.pressglass.com\/fr\/societe\/large-assortiment\/menuiserie-de-fenetre-et-de-porte\/#breadcrumb"},"inLanguage":"fr-FR","potentialAction":[{"@type":"ReadAction","target":["https:\/\/www.pressglass.com\/fr\/societe\/large-assortiment\/menuiserie-de-fenetre-et-de-porte\/"]}]},{"@type":"BreadcrumbList","@id":"https:\/\/www.pressglass.com\/fr\/societe\/large-assortiment\/menuiserie-de-fenetre-et-de-porte\/#breadcrumb","itemListElement":[{"@type":"ListItem","position":1,"name":"Strona g\u0142\u00f3wna","item":"https:\/\/www.pressglass.com\/fr\/"},{"@type":"ListItem","position":2,"name":"Soci\u00e9t\u00e9","item":"https:\/\/www.pressglass.com\/fr\/societe\/"},{"@type":"ListItem","position":3,"name":"Large assortiment","item":"https:\/\/www.pressglass.com\/fr\/societe\/large-assortiment\/"},{"@type":"ListItem","position":4,"name":"Menuiserie de fen\u00eatre et de porte"}]},{"@type":"WebSite","@id":"https:\/\/www.pressglass.com\/it\/#website","url":"https:\/\/www.pressglass.com\/it\/","name":"PRESS GLASS HOLDING SA","description":"","potentialAction":[{"@type":"SearchAction","target":{"@type":"EntryPoint","urlTemplate":"https:\/\/www.pressglass.com\/it\/?s={search_term_string}"},"query-input":{"@type":"PropertyValueSpecification","valueRequired":true,"valueName":"search_term_string"}}],"inLanguage":"fr-FR"}]}},"rttpg_featured_image_url":null,"rttpg_author":{"display_name":"Piotr Suszek","author_link":"https:\/\/www.pressglass.com\/fr\/author\/piotr-suszek\/"},"rttpg_comment":0,"rttpg_category":false,"rttpg_excerpt":null,"_links":{"self":[{"href":"https:\/\/www.pressglass.com\/fr\/wp-json\/wp\/v2\/pages\/59645","targetHints":{"allow":["GET"]}}],"collection":[{"href":"https:\/\/www.pressglass.com\/fr\/wp-json\/wp\/v2\/pages"}],"about":[{"href":"https:\/\/www.pressglass.com\/fr\/wp-json\/wp\/v2\/types\/page"}],"author":[{"embeddable":true,"href":"https:\/\/www.pressglass.com\/fr\/wp-json\/wp\/v2\/users\/32"}],"replies":[{"embeddable":true,"href":"https:\/\/www.pressglass.com\/fr\/wp-json\/wp\/v2\/comments?post=59645"}],"version-history":[{"count":5,"href":"https:\/\/www.pressglass.com\/fr\/wp-json\/wp\/v2\/pages\/59645\/revisions"}],"predecessor-version":[{"id":156290,"href":"https:\/\/www.pressglass.com\/fr\/wp-json\/wp\/v2\/pages\/59645\/revisions\/156290"}],"up":[{"embeddable":true,"href":"https:\/\/www.pressglass.com\/fr\/wp-json\/wp\/v2\/pages\/59406"}],"wp:attachment":[{"href":"https:\/\/www.pressglass.com\/fr\/wp-json\/wp\/v2\/media?parent=59645"}],"curies":[{"name":"wp","href":"https:\/\/api.w.org\/{rel}","templated":true}]}}