{"id":59572,"date":"2016-12-28T11:50:57","date_gmt":"2016-12-28T10:50:57","guid":{"rendered":"https:\/\/www.pressglass.com\/?page_id=59572"},"modified":"2022-12-06T15:07:06","modified_gmt":"2022-12-06T14:07:06","slug":"declarations-des-proprietes","status":"publish","type":"page","link":"https:\/\/www.pressglass.com\/fr\/declarations-des-caracteristiques\/declarations-des-proprietes\/","title":{"rendered":"Declarations des proprietes"},"content":{"rendered":"\n<style type=\"text\/css\" data-created_by=\"avia_inline_auto\" id=\"style-css-av-av_section-a48a39afa6e6c15a3b5283bdb33b82cb\">\n.avia-section.av-av_section-a48a39afa6e6c15a3b5283bdb33b82cb{\nbackground-repeat:no-repeat;\nbackground-image:url(https:\/\/www.pressglass.com\/wp-content\/uploads\/2015\/06\/slider-ce.jpg);\nbackground-position:50% 0%;\nbackground-attachment:scroll;\n}\n<\/style>\n<div id='av_section_1'  class='avia-section av-av_section-a48a39afa6e6c15a3b5283bdb33b82cb main_color avia-section-no-padding avia-no-border-styling  avia-builder-el-0  el_before_av_one_full  avia-builder-el-first  avia-full-stretch avia-bg-style-scroll av-minimum-height av-minimum-height-custom av-height-custom  container_wrap sidebar_right'  data-section-bg-repeat='stretch' data-av_minimum_height_px='285'><div class='container av-section-cont-open' style='height:285px'><main  role=\"main\" itemprop=\"mainContentOfPage\"  class='template-page content  av-content-small alpha units'><div class='post-entry post-entry-type-page post-entry-59572'><div class='entry-content-wrapper clearfix'><\/div><\/div><\/main><!-- close content main element --><\/div><\/div><div id='after_section_1'  class='main_color av_default_container_wrap container_wrap sidebar_right'  ><div class='container av-section-cont-open' ><div class='template-page content  av-content-small alpha units'><div class='post-entry post-entry-type-page post-entry-59572'><div class='entry-content-wrapper clearfix'>\n<div  class='flex_column av-av_one_full-2a9015ff38129c418a3f2eafba3e9512 av_one_full  avia-builder-el-1  el_after_av_section  el_before_av_one_half  avia-builder-el-first  first flex_column_div  '     ><style type=\"text\/css\" data-created_by=\"avia_inline_auto\" id=\"style-css-av-av_heading-798d03f4ce2e4229ed2674406f40cd4a\">\n#top .av-special-heading.av-av_heading-798d03f4ce2e4229ed2674406f40cd4a{\npadding-bottom:10px;\n}\nbody .av-special-heading.av-av_heading-798d03f4ce2e4229ed2674406f40cd4a .av-special-heading-tag .heading-char{\nfont-size:25px;\n}\n.av-special-heading.av-av_heading-798d03f4ce2e4229ed2674406f40cd4a .av-subheading{\nfont-size:15px;\n}\n<\/style>\n<div  class='av-special-heading av-av_heading-798d03f4ce2e4229ed2674406f40cd4a av-special-heading-h1  avia-builder-el-2  avia-builder-el-no-sibling '><h1 class='av-special-heading-tag '  itemprop=\"headline\"  >Declarations des proprietes<\/h1><div class=\"special-heading-border\"><div class=\"special-heading-inner-border\"><\/div><\/div><\/div><\/div>\n<div  class='flex_column av-av_one_half-2a9015ff38129c418a3f2eafba3e9512 av_one_half  avia-builder-el-3  el_after_av_one_full  el_before_av_one_half  first flex_column_div  column-top-margin'     ><section  class='av_textblock_section av-av_textblock-0366cc7376be6c9e82a3e9cc8987b64f '   itemscope=\"itemscope\" itemtype=\"https:\/\/schema.org\/CreativeWork\" ><div class='avia_textblock'  itemprop=\"text\" ><p> Oznakowanie CE zosta\u0142o przyj\u0119te w celu ujednolicenia wymaga\u0144 stawianych wobec produkt\u00f3w w krajach Unii Europejskiej, kt\u00f3re przyj\u0119\u0142y tzw. normy zharmonizowane (hEN). Normy te to dokumenty zatwierdzone przez Comit\u00e9 Europ\u00e9en de Normalisation (CEN), reprezentuj\u0105cy &#8211; zgodnie z mandatem Komisji Europejskiej &#8211; krajowe jednostki normalizacyjne. <\/p>\n<\/div><\/section><\/div>\n\n<style type=\"text\/css\" data-created_by=\"avia_inline_auto\" id=\"style-css-av-av_one_half-49f6e875884219cf77c24341e550af53\">\n.flex_column.av-av_one_half-49f6e875884219cf77c24341e550af53{\nborder-radius:0px 0px 0px 0px;\npadding:0px 0px 0px 0px;\n}\n<\/style>\n<div  class='flex_column av-av_one_half-49f6e875884219cf77c24341e550af53 av_one_half  avia-builder-el-5  el_after_av_one_half  el_before_av_hr  flex_column_div av-zero-column-padding  column-top-margin'     ><section  class='av_textblock_section av-av_textblock-0366cc7376be6c9e82a3e9cc8987b64f '   itemscope=\"itemscope\" itemtype=\"https:\/\/schema.org\/CreativeWork\" ><div class='avia_textblock'  itemprop=\"text\" ><p> Wystawiane dla wyprodukowanych zam\u00f3wie\u0144 deklaracje zgodno\u015bci zosta\u0142y 1 lipca 2013 r. zast\u0105pione deklaracjami w\u0142a\u015bciwo\u015bci. Deklaracje mo\u017cna pobra\u0107, korzystaj\u0105c z wyszukiwarki. Do pobrania dokumentu potrzebne s\u0105 informacje identyfikuj\u0105ce zam\u00f3wienie:<\/p>\n<ul class=\"bullet-arrow\">\n<li>zak\u0142ad, w kt\u00f3rym zam\u00f3wienie zosta\u0142o z\u0142o\u017cone;<\/li>\n<li>rok produkcji;<\/li>\n<li>numer zam\u00f3wienia nadany przez PRESS GLASS;<\/li>\n<li>pozycja w zam\u00f3wieniu PRESS GLASS.<\/li>\n<\/ul>\n<p>Informacje podane s\u0105 na etykiecie produktu oraz w specyfikacji dostawy. <\/p>\n<\/div><\/section><\/div>\n\n<style type=\"text\/css\" data-created_by=\"avia_inline_auto\" id=\"style-css-av-av_hr-a07f7596b1fca85f6595a75d593069df\">\n#top .hr.hr-invisible.av-av_hr-a07f7596b1fca85f6595a75d593069df{\nheight:40px;\n}\n<\/style>\n<div  class='hr av-av_hr-a07f7596b1fca85f6595a75d593069df hr-invisible  avia-builder-el-7  el_after_av_one_half  el_before_av_promobox '><span class='hr-inner '><span class=\"hr-inner-style\"><\/span><\/span><\/div>\n\t<div  style='background:#f9f9f9;color:#002756;border-color:#ffffff;' class='av_promobox  avia-button-yes  avia-builder-el-8  el_after_av_hr  el_before_av_section  avia-builder-el-last '>\t\t<div class='avia-promocontent'><p>\n\n<style type=\"text\/css\" data-created_by=\"avia_inline_auto\" id=\"style-css-av-av_hr-e3cd5e758795c2253843f13c51e1ff47\">\n#top .hr.hr-invisible.av-av_hr-e3cd5e758795c2253843f13c51e1ff47{\nmargin-top:-45px;\nheight:1px;\n}\n<\/style>\n<div  class='hr av-av_hr-e3cd5e758795c2253843f13c51e1ff47 hr-invisible  avia-builder-el-9  avia-builder-el-no-sibling '><span class='hr-inner '><span class=\"hr-inner-style\"><\/span><\/span><\/div><\/p>\n<h2>Wyszukiwarka deklaracji<\/h2>\n<p>\n<\/div><div  class='avia-button-wrap av-av_button-8aea77e093652a5a6ef83d1073ad2825-wrap avia-button-right '><a href='https:\/\/www.pressglass.com\/fr\/declarations-des-caracteristiques\/'  class='avia-button av-av_button-8aea77e093652a5a6ef83d1073ad2825 av-link-btn avia-icon_select-no avia-size-large avia-position-right avia-color-theme-color'  target=\"_blank\"  rel=\"noopener noreferrer\"  aria-label=\"Zobacz\"><span class='avia_iconbox_title' >Zobacz<\/span><\/a><\/div><\/div>\n<\/div><\/div><\/div><!-- close content main div --><\/div><\/div>\n<style type=\"text\/css\" data-created_by=\"avia_inline_auto\" id=\"style-css-av-av_section-d07f51af18d996f5ffe847b186653dc2\">\n.avia-section.av-av_section-d07f51af18d996f5ffe847b186653dc2{\nbackground-repeat:no-repeat;\nbackground-image:url(https:\/\/www.pressglass.com\/wp-content\/uploads\/2015\/11\/1980x510bezlogo2.png);\nbackground-position:50% 50%;\nbackground-attachment:scroll;\n}\n<\/style>\n<div id='av_section_2'  class='avia-section av-av_section-d07f51af18d996f5ffe847b186653dc2 main_color avia-section-default avia-no-shadow  avia-builder-el-10  el_after_av_promobox  el_before_av_promobox  avia-bg-style-scroll av-minimum-height av-minimum-height-custom av-height-custom  container_wrap sidebar_right'  data-section-bg-repeat='no-repeat' data-av_minimum_height_px='400'><div class='container av-section-cont-open' style='height:400px'><div class='template-page content  av-content-small alpha units'><div class='post-entry post-entry-type-page post-entry-59572'><div class='entry-content-wrapper clearfix'>\n\n<style type=\"text\/css\" data-created_by=\"avia_inline_auto\" id=\"style-css-av-av_heading-0460e0697627915b7c9e67118eb6944b\">\n#top .av-special-heading.av-av_heading-0460e0697627915b7c9e67118eb6944b{\npadding-bottom:10px;\n}\nbody .av-special-heading.av-av_heading-0460e0697627915b7c9e67118eb6944b .av-special-heading-tag .heading-char{\nfont-size:25px;\n}\n.av-special-heading.av-av_heading-0460e0697627915b7c9e67118eb6944b .av-subheading{\nfont-size:15px;\n}\n<\/style>\n<div  class='av-special-heading av-av_heading-0460e0697627915b7c9e67118eb6944b av-special-heading-h1 blockquote modern-quote modern-centered  avia-builder-el-11  el_before_av_hr  avia-builder-el-first '><h1 class='av-special-heading-tag '  itemprop=\"headline\"  >Wyszukiwarka deklaracji dost\u0119pna jest tak\u017ce w aplikacji mobilnej<\/h1><div class=\"special-heading-border\"><div class=\"special-heading-inner-border\"><\/div><\/div><\/div> \n<style type=\"text\/css\" data-created_by=\"avia_inline_auto\" id=\"style-css-av-av_hr-e8c293bc95976d5c6ff9d129b325da64\">\n#top .hr.hr-invisible.av-av_hr-e8c293bc95976d5c6ff9d129b325da64{\nheight:80px;\n}\n<\/style>\n<div  class='hr av-av_hr-e8c293bc95976d5c6ff9d129b325da64 hr-invisible  avia-builder-el-12  el_after_av_heading  el_before_av_button '><span class='hr-inner '><span class=\"hr-inner-style\"><\/span><\/span><\/div> <div  class='avia-button-wrap av-av_button-cc0c5d7973e2c9c079b21866ca7384f4-wrap avia-button-center  avia-builder-el-13  el_after_av_hr  avia-builder-el-last '><a href='https:\/\/www.pressglass.com\/press-glass-mobile-pl\/?lang=pl'  class='avia-button av-av_button-cc0c5d7973e2c9c079b21866ca7384f4 av-link-btn avia-icon_select-no avia-size-large avia-position-center avia-color-theme-color'   aria-label=\"Pobierz\"><span class='avia_iconbox_title' >Pobierz<\/span><\/a><\/div>\n<\/div><\/div><\/div><!-- close content main div --><\/div><\/div><div id='after_section_2'  class='main_color av_default_container_wrap container_wrap sidebar_right'  ><div class='container av-section-cont-open' ><div class='template-page content  av-content-small alpha units'><div class='post-entry post-entry-type-page post-entry-59572'><div class='entry-content-wrapper clearfix'>\n\t<div  style='background:#f9f9f9;color:#002756;border-color:#ffffff;' class='av_promobox  avia-button-yes  avia-builder-el-14  el_after_av_section  el_before_av_hr  avia-builder-el-first '>\t\t<div class='avia-promocontent'><p>\n\n<style type=\"text\/css\" data-created_by=\"avia_inline_auto\" id=\"style-css-av-av_hr-e3cd5e758795c2253843f13c51e1ff47\">\n#top .hr.hr-invisible.av-av_hr-e3cd5e758795c2253843f13c51e1ff47{\nmargin-top:-45px;\nheight:1px;\n}\n<\/style>\n<div  class='hr av-av_hr-e3cd5e758795c2253843f13c51e1ff47 hr-invisible  avia-builder-el-15  avia-builder-el-no-sibling '><span class='hr-inner '><span class=\"hr-inner-style\"><\/span><\/span><\/div><\/p>\n<h2>Zestawienie \u015bwiadectw i certyfikat\u00f3w<\/h2>\n<p>\n<\/div><div  class='avia-button-wrap av-av_button-6a8765f5ced73dbe05fa8637b4a8ee49-wrap avia-button-right '><a href='https:\/\/www.pressglass.com\/materialy-do-pobrania\/zestawienie-swiadectw-i-certyfikatow\/?lang=pl' class='avia-button av-av_button-6a8765f5ced73dbe05fa8637b4a8ee49 av-link-btn avia-icon_select-no avia-size-large avia-position-right avia-color-theme-color' target=\"_blank\" rel=\"noopener noreferrer\" aria-label=\"Zobacz\"><span class='avia_iconbox_title' >Zobacz<\/span><\/a><\/div><\/div>\n\n<style type=\"text\/css\" data-created_by=\"avia_inline_auto\" id=\"style-css-av-av_hr-a07f7596b1fca85f6595a75d593069df\">\n#top .hr.hr-invisible.av-av_hr-a07f7596b1fca85f6595a75d593069df{\nheight:40px;\n}\n<\/style>\n<div  class='hr av-av_hr-a07f7596b1fca85f6595a75d593069df hr-invisible  avia-builder-el-16  el_after_av_promobox  avia-builder-el-last '><span class='hr-inner '><span class=\"hr-inner-style\"><\/span><\/span><\/div>\n","protected":false},"excerpt":{"rendered":"","protected":false},"author":32,"featured_media":0,"parent":59545,"menu_order":0,"comment_status":"closed","ping_status":"closed","template":"","meta":{"footnotes":""},"class_list":["post-59572","page","type-page","status-publish","hentry"],"yoast_head":"<!-- This site is optimized with the Yoast SEO plugin v27.3 - https:\/\/yoast.com\/product\/yoast-seo-wordpress\/ -->\n<title>Declarations des proprietes - PRESS GLASS HOLDING SA<\/title>\n<meta name=\"description\" content=\"Declarations des proprietes\" \/>\n<meta name=\"robots\" content=\"index, follow, max-snippet:-1, max-image-preview:large, max-video-preview:-1\" \/>\n<link rel=\"canonical\" href=\"https:\/\/www.pressglass.com\/declaration-properties\/declaration-performance\/\" \/>\n<meta name=\"twitter:label1\" content=\"Dur\u00e9e de lecture estim\u00e9e\" \/>\n\t<meta name=\"twitter:data1\" content=\"2 minutes\" \/>\n<script type=\"application\/ld+json\" class=\"yoast-schema-graph\">{\"@context\":\"https:\\\/\\\/schema.org\",\"@graph\":[{\"@type\":\"WebPage\",\"@id\":\"https:\\\/\\\/www.pressglass.com\\\/declaration-properties\\\/declaration-performance\\\/\",\"url\":\"https:\\\/\\\/www.pressglass.com\\\/declaration-properties\\\/declaration-performance\\\/\",\"name\":\"Declarations des proprietes - PRESS GLASS HOLDING SA\",\"isPartOf\":{\"@id\":\"https:\\\/\\\/www.pressglass.com\\\/it\\\/#website\"},\"datePublished\":\"2016-12-28T10:50:57+00:00\",\"dateModified\":\"2022-12-06T14:07:06+00:00\",\"description\":\"Declarations des proprietes\",\"breadcrumb\":{\"@id\":\"https:\\\/\\\/www.pressglass.com\\\/declaration-properties\\\/declaration-performance\\\/#breadcrumb\"},\"inLanguage\":\"fr-FR\",\"potentialAction\":[{\"@type\":\"ReadAction\",\"target\":[\"https:\\\/\\\/www.pressglass.com\\\/declaration-properties\\\/declaration-performance\\\/\"]}]},{\"@type\":\"BreadcrumbList\",\"@id\":\"https:\\\/\\\/www.pressglass.com\\\/declaration-properties\\\/declaration-performance\\\/#breadcrumb\",\"itemListElement\":[{\"@type\":\"ListItem\",\"position\":1,\"name\":\"Strona g\u0142\u00f3wna\",\"item\":\"https:\\\/\\\/www.pressglass.com\\\/fr\\\/\"},{\"@type\":\"ListItem\",\"position\":2,\"name\":\"D\u00e9clarations des caracter\u00edstiques\",\"item\":\"http:\\\/\\\/www.pressglass.com\\\/declaration-properties\\\/\"},{\"@type\":\"ListItem\",\"position\":3,\"name\":\"Declarations des proprietes\"}]},{\"@type\":\"WebSite\",\"@id\":\"https:\\\/\\\/www.pressglass.com\\\/it\\\/#website\",\"url\":\"https:\\\/\\\/www.pressglass.com\\\/it\\\/\",\"name\":\"PRESS GLASS HOLDING SA\",\"description\":\"\",\"potentialAction\":[{\"@type\":\"SearchAction\",\"target\":{\"@type\":\"EntryPoint\",\"urlTemplate\":\"https:\\\/\\\/www.pressglass.com\\\/it\\\/?s={search_term_string}\"},\"query-input\":{\"@type\":\"PropertyValueSpecification\",\"valueRequired\":true,\"valueName\":\"search_term_string\"}}],\"inLanguage\":\"fr-FR\"}]}<\/script>\n<!-- \/ Yoast SEO plugin. -->","yoast_head_json":{"title":"Declarations des proprietes - PRESS GLASS HOLDING SA","description":"Declarations des proprietes","robots":{"index":"index","follow":"follow","max-snippet":"max-snippet:-1","max-image-preview":"max-image-preview:large","max-video-preview":"max-video-preview:-1"},"canonical":"https:\/\/www.pressglass.com\/declaration-properties\/declaration-performance\/","twitter_misc":{"Dur\u00e9e de lecture estim\u00e9e":"2 minutes"},"schema":{"@context":"https:\/\/schema.org","@graph":[{"@type":"WebPage","@id":"https:\/\/www.pressglass.com\/declaration-properties\/declaration-performance\/","url":"https:\/\/www.pressglass.com\/declaration-properties\/declaration-performance\/","name":"Declarations des proprietes - PRESS GLASS HOLDING SA","isPartOf":{"@id":"https:\/\/www.pressglass.com\/it\/#website"},"datePublished":"2016-12-28T10:50:57+00:00","dateModified":"2022-12-06T14:07:06+00:00","description":"Declarations des proprietes","breadcrumb":{"@id":"https:\/\/www.pressglass.com\/declaration-properties\/declaration-performance\/#breadcrumb"},"inLanguage":"fr-FR","potentialAction":[{"@type":"ReadAction","target":["https:\/\/www.pressglass.com\/declaration-properties\/declaration-performance\/"]}]},{"@type":"BreadcrumbList","@id":"https:\/\/www.pressglass.com\/declaration-properties\/declaration-performance\/#breadcrumb","itemListElement":[{"@type":"ListItem","position":1,"name":"Strona g\u0142\u00f3wna","item":"https:\/\/www.pressglass.com\/fr\/"},{"@type":"ListItem","position":2,"name":"D\u00e9clarations des caracter\u00edstiques","item":"http:\/\/www.pressglass.com\/declaration-properties\/"},{"@type":"ListItem","position":3,"name":"Declarations des proprietes"}]},{"@type":"WebSite","@id":"https:\/\/www.pressglass.com\/it\/#website","url":"https:\/\/www.pressglass.com\/it\/","name":"PRESS GLASS HOLDING SA","description":"","potentialAction":[{"@type":"SearchAction","target":{"@type":"EntryPoint","urlTemplate":"https:\/\/www.pressglass.com\/it\/?s={search_term_string}"},"query-input":{"@type":"PropertyValueSpecification","valueRequired":true,"valueName":"search_term_string"}}],"inLanguage":"fr-FR"}]}},"rttpg_featured_image_url":null,"rttpg_author":{"display_name":"Piotr Suszek","author_link":"https:\/\/www.pressglass.com\/fr\/author\/piotr-suszek\/"},"rttpg_comment":0,"rttpg_category":false,"rttpg_excerpt":null,"_links":{"self":[{"href":"https:\/\/www.pressglass.com\/fr\/wp-json\/wp\/v2\/pages\/59572","targetHints":{"allow":["GET"]}}],"collection":[{"href":"https:\/\/www.pressglass.com\/fr\/wp-json\/wp\/v2\/pages"}],"about":[{"href":"https:\/\/www.pressglass.com\/fr\/wp-json\/wp\/v2\/types\/page"}],"author":[{"embeddable":true,"href":"https:\/\/www.pressglass.com\/fr\/wp-json\/wp\/v2\/users\/32"}],"replies":[{"embeddable":true,"href":"https:\/\/www.pressglass.com\/fr\/wp-json\/wp\/v2\/comments?post=59572"}],"version-history":[{"count":5,"href":"https:\/\/www.pressglass.com\/fr\/wp-json\/wp\/v2\/pages\/59572\/revisions"}],"predecessor-version":[{"id":139917,"href":"https:\/\/www.pressglass.com\/fr\/wp-json\/wp\/v2\/pages\/59572\/revisions\/139917"}],"up":[{"embeddable":true,"href":"https:\/\/www.pressglass.com\/fr\/wp-json\/wp\/v2\/pages\/59545"}],"wp:attachment":[{"href":"https:\/\/www.pressglass.com\/fr\/wp-json\/wp\/v2\/media?parent=59572"}],"curies":[{"name":"wp","href":"https:\/\/api.w.org\/{rel}","templated":true}]}}