{"id":59549,"date":"2016-12-28T10:41:33","date_gmt":"2016-12-28T09:41:33","guid":{"rendered":"https:\/\/www.pressglass.com\/?page_id=59549"},"modified":"2022-02-08T14:09:38","modified_gmt":"2022-02-08T13:09:38","slug":"systeme-de-registre-des-livraisons","status":"publish","type":"page","link":"https:\/\/www.pressglass.com\/fr\/systeme-de-registre-des-livraisons\/","title":{"rendered":"Syst\u00e8me de Registre des Livraisons"},"content":{"rendered":"\n<style type=\"text\/css\" data-created_by=\"avia_inline_auto\" id=\"style-css-av-8du7jod-abf77fc9aa55d5ebab2033b53de5a2fb\">\n.avia-section.av-8du7jod-abf77fc9aa55d5ebab2033b53de5a2fb{\nbackground-repeat:no-repeat;\nbackground-image:url(https:\/\/www.pressglass.com\/wp-content\/uploads\/2015\/06\/slider-delivery.jpg);\nbackground-position:50% 0%;\nbackground-attachment:scroll;\n}\n<\/style>\n<div id='av_section_1'  class='avia-section av-8du7jod-abf77fc9aa55d5ebab2033b53de5a2fb main_color avia-section-default avia-no-border-styling  avia-builder-el-0  el_before_av_one_full  avia-builder-el-first  avia-full-stretch avia-bg-style-scroll av-minimum-height av-minimum-height-custom av-height-custom  container_wrap sidebar_right'  data-section-bg-repeat='stretch' data-av_minimum_height_px='285'><div class='container av-section-cont-open' style='height:285px'><main  role=\"main\" itemprop=\"mainContentOfPage\"  class='template-page content  av-content-small alpha units'><div class='post-entry post-entry-type-page post-entry-59549'><div class='entry-content-wrapper clearfix'><\/div><\/div><\/main><!-- close content main element --><\/div><\/div><div id='after_section_1'  class='main_color av_default_container_wrap container_wrap sidebar_right'  ><div class='container av-section-cont-open' ><div class='template-page content  av-content-small alpha units'><div class='post-entry post-entry-type-page post-entry-59549'><div class='entry-content-wrapper clearfix'>\n<div  class='flex_column av-82aeesd-09dd50799b21c67e6cc5547dc47933b1 av_one_full  avia-builder-el-1  el_after_av_section  el_before_av_one_half  avia-builder-el-first  first flex_column_div  '     ><style type=\"text\/css\" data-created_by=\"avia_inline_auto\" id=\"style-css-av-7sudr7h-818c2e95964f12c07de70f9ed354baf5\">\n#top .av-special-heading.av-7sudr7h-818c2e95964f12c07de70f9ed354baf5{\npadding-bottom:10px;\n}\nbody .av-special-heading.av-7sudr7h-818c2e95964f12c07de70f9ed354baf5 .av-special-heading-tag .heading-char{\nfont-size:25px;\n}\n.av-special-heading.av-7sudr7h-818c2e95964f12c07de70f9ed354baf5 .av-subheading{\nfont-size:15px;\n}\n<\/style>\n<div  class='av-special-heading av-7sudr7h-818c2e95964f12c07de70f9ed354baf5 av-special-heading-h1  avia-builder-el-2  avia-builder-el-no-sibling '><h1 class='av-special-heading-tag '  itemprop=\"headline\"  >Syst\u00e8me de Registre des Livraisons<\/h1><div class=\"special-heading-border\"><div class=\"special-heading-inner-border\"><\/div><\/div><\/div><\/div>\n<div  class='flex_column av-70a40bh-bc27bfcc00bcde97cc944a1472773edc av_one_half  avia-builder-el-3  el_after_av_one_full  el_before_av_one_half  first flex_column_div  column-top-margin'     ><section  class='av_textblock_section av-6nl5tj1-fb9d7640c815e731c033a6a4ba66eacc '   itemscope=\"itemscope\" itemtype=\"https:\/\/schema.org\/CreativeWork\" ><div class='avia_textblock'  itemprop=\"text\" ><ul>\n<li>Continuez votre ordre au biais du site Web<\/li>\n<li>V\u00e9rifiez les factures, juste apr\u00e8s leur \u00e9tablissement<\/li>\n<li>T\u00e9l\u00e9chargez les sp\u00e9cifications des supports et pr\u00e9parez vous \u00e0 la r\u00e9ception de la livraison<\/li>\n<\/ul>\n<p>Le Syst\u00e8me de Registre des Livraisons (SED) est une plateforme Internet servant \u00e0 la v\u00e9rification de l\u2019\u00e9tat des commandes pass\u00e9es pour la r\u00e9alisation chez l\u2019entreprise PRESS GLASS et \u00e0 t\u00e9l\u00e9charger les documents de livraison et les factures par l\u2019interm\u00e9diaire d\u2019un navigateur Web. Le SED est destin\u00e9 uniquement pour les Clients de l\u2019entreprise PRESS GLASS.<\/p>\n<\/div><\/section><br \/>\n\n<style type=\"text\/css\" data-created_by=\"avia_inline_auto\" id=\"style-css-av-69yxi0t-9b102a591c98179dab5a932962480bf0\">\n#top .hr.av-69yxi0t-9b102a591c98179dab5a932962480bf0{\nmargin-top:0px;\nmargin-bottom:0px;\n}\n.hr.av-69yxi0t-9b102a591c98179dab5a932962480bf0 .hr-inner{\nwidth:0px;\n}\n<\/style>\n<div  class='hr av-69yxi0t-9b102a591c98179dab5a932962480bf0 hr-custom  avia-builder-el-5  el_after_av_textblock  el_before_av_image  hr-center hr-icon-no'><span class='hr-inner inner-border-av-border-none'><span class=\"hr-inner-style\"><\/span><\/span><\/div><br \/>\n<div  class='avia-image-container  av-styling-    avia-builder-el-6  el_after_av_hr  el_before_av_hr  avia-align-center'  itemprop=\"image\" itemscope=\"itemscope\" itemtype=\"https:\/\/schema.org\/ImageObject\"  ><div class='avia-image-container-inner'><div class='avia-image-overlay-wrap'><a href='https:\/\/www.pressglass.com\/wp-content\/uploads\/2015\/06\/EN-screen1_d-1030x648.jpg' class='avia_image'  ><img class='avia_image ' src='https:\/\/www.pressglass.com\/wp-content\/uploads\/2015\/06\/EN-screen1_d-300x189.jpg' alt='' title='EN-screen1_d'  itemprop=\"thumbnailUrl\"  \/><\/a><\/div><\/div><\/div><br \/>\n\n<style type=\"text\/css\" data-created_by=\"avia_inline_auto\" id=\"style-css-av-53yi1zx-6b60a3a95d8627aa498d847f361699c1\">\n#top .hr.av-53yi1zx-6b60a3a95d8627aa498d847f361699c1{\nmargin-top:0px;\nmargin-bottom:0px;\n}\n.hr.av-53yi1zx-6b60a3a95d8627aa498d847f361699c1 .hr-inner{\nwidth:0px;\n}\n<\/style>\n<div  class='hr av-53yi1zx-6b60a3a95d8627aa498d847f361699c1 hr-custom  avia-builder-el-7  el_after_av_image  el_before_av_textblock  hr-center hr-icon-no'><span class='hr-inner inner-border-av-border-none'><span class=\"hr-inner-style\"><\/span><\/span><\/div><br \/>\n<section  class='av_textblock_section av-4v4e5h9-af9efb08faa64c4c2b59edfd0680d7a6 '   itemscope=\"itemscope\" itemtype=\"https:\/\/schema.org\/CreativeWork\" ><div class='avia_textblock'  itemprop=\"text\" ><div class=\"one-half\">\n<p>Il est possible d\u2019avoir un aper\u00e7u de l\u2019\u00e9tat de production et de t\u00e9l\u00e9charger les documents avec les informations sur les d\u00e9tails des livraisons planifi\u00e9es avant leur arriv\u00e9e. Gr\u00e2ce \u00e0 cela il est possible de planifier le moyen de d\u00e9chargement. Les supports avec le verre peuvent \u00eatre positionn\u00e9s durant le d\u00e9chargement en ordre conforme \u00e0 celui d\u2019utilisation au cours du processus de production.<\/p>\n<p>Il est possible d\u2019inscrire dans le plan de production le num\u00e9ro du support sur lequel se trouve une vitre n\u00e9cessaire \u00e0 r\u00e9aliser un produit concret. Ces informations permettent une acc\u00e9l\u00e9ration consid\u00e9rable de la planification et de la r\u00e9alisation de la production et l\u2019\u00e9vitement d\u2019erreurs, elles r\u00e9duisent donc les co\u00fbts de production.<\/p>\n<p>La possibilit\u00e9 de t\u00e9l\u00e9chargement des factures, juste apr\u00e8s leur \u00e9tablissement, donne plus de temps pour leur v\u00e9rification et la planification de leur paiement. Ceci facilite la gestion de tous les paiements.<\/p>\n<p>Si vous souhaitez v\u00e9rifier confortablement vos commandes par Internet prenez contact avec votre conseiller commercial ou remplissez le formulaire.<\/p>\n<p>.<\/p>\n<\/div>\n<\/div><\/section><br \/>\n<div  class='hr av-4i8lh8d-86e829cfc572a625d09edce001391a14 hr-default  avia-builder-el-9  el_after_av_textblock  avia-builder-el-last '><span class='hr-inner '><span class=\"hr-inner-style\"><\/span><\/span><\/div><\/p><\/div>\n\n<style type=\"text\/css\" data-created_by=\"avia_inline_auto\" id=\"style-css-av-3q7767x-2fc4fe6a90e6772ab6a82170bd10ce41\">\n.flex_column.av-3q7767x-2fc4fe6a90e6772ab6a82170bd10ce41{\nborder-radius:0px 0px 0px 0px;\npadding:0px 0px 0px 0px;\n}\n<\/style>\n<div  class='flex_column av-3q7767x-2fc4fe6a90e6772ab6a82170bd10ce41 av_one_half  avia-builder-el-10  el_after_av_one_half  avia-builder-el-last  flex_column_div av-zero-column-padding  column-top-margin'     ><p><form action=\"https:\/\/www.pressglass.com\/fr\/systeme-de-registre-des-livraisons\/\" method=\"post\" data-fields-with-error=\"Erreurs trouv\u00e9es dans les champs suivants :\" class=\"avia_ajax_form av-form-labels-visible   avia-builder-el-11  el_before_av_codeblock  avia-builder-el-first  av-custom-form-color av-dark-form \" data-avia-form-id=\"1\" data-avia-redirect='' ><h3 class=''>Commandez l\u2019acc\u00e8se au Syst\u00e8me de Registre des Livraisons<\/h3><fieldset><p class='  first_form  form_element form_fullwidth' id='element_avia_1_1'><label for=\"avia_1_1\">Votre nom et pr\u00e9nom <abbr class=\"required\" title=\"requis(e)\">*<\/abbr><\/label> <input name=\"avia_1_1\" class=\"text_input is_empty\" type=\"text\" id=\"avia_1_1\" value=\"\" \/><\/p><p class='  first_form  form_element form_fullwidth' id='element_avia_2_1'><label for=\"avia_2_1\">Raison sociale (*)<\/label> <input name=\"avia_2_1\" class=\"text_input \" type=\"text\" id=\"avia_2_1\" value=\"\" \/><\/p><p class='  first_form  form_element form_fullwidth' id='element_avia_3_1'><label for=\"avia_3_1\">Adresse de l\u2019entreprise (*)<\/label> <input name=\"avia_3_1\" class=\"text_input \" type=\"text\" id=\"avia_3_1\" value=\"\" \/><\/p><p class='  first_form  form_element form_fullwidth' id='element_avia_4_1'><label for=\"avia_4_1\">Votre email (*) <abbr class=\"required\" title=\"requis(e)\">*<\/abbr><\/label> <input name=\"avia_4_1\" class=\"text_input is_email\" type=\"text\" id=\"avia_4_1\" value=\"\" \/><\/p><p class='  first_form  form_element form_fullwidth' id='element_avia_5_1'><label for=\"avia_5_1\">Votre t\u00e9l\u00e9phone (*)<\/label> <input name=\"avia_5_1\" class=\"text_input \" type=\"text\" id=\"avia_5_1\" value=\"\" \/><\/p><p class='  first_form  form_element form_fullwidth av-last-visible-form-element' id='element_avia_6_1'><label for=\"avia_6_1\" class=\"textare_label hidden textare_label_avia_6_1\">Votre message <abbr class=\"required\" title=\"requis(e)\">*<\/abbr><\/label><textarea  name=\"avia_6_1\" class=\"text_area is_empty\" cols=\"40\" rows=\"7\" id=\"avia_6_1\" ><\/textarea><\/p><p class=\"hidden\"><input type=\"text\" name=\"avia_7_1\" class=\"hidden \" id=\"avia_7_1\" value=\"\" \/><\/p><p class=\"form_element \"><input type=\"hidden\" value=\"1\" name=\"avia_generated_form1\" \/><input type=\"submit\" value=\"Envoyez\" class=\"button\"  data-sending-label=\"Envoi\"\/><\/p><\/fieldset><\/form><div id=\"ajaxresponse_1\" class=\"ajaxresponse ajaxresponse_1 hidden\"><\/div><br \/>\n<\/p><\/div>\n","protected":false},"excerpt":{"rendered":"","protected":false},"author":32,"featured_media":0,"parent":0,"menu_order":11,"comment_status":"closed","ping_status":"closed","template":"","meta":{"footnotes":""},"class_list":["post-59549","page","type-page","status-publish","hentry"],"yoast_head":"<!-- This site is optimized with the Yoast SEO plugin v27.3 - https:\/\/yoast.com\/product\/yoast-seo-wordpress\/ -->\n<title>Syst\u00e8me de Registre des Livraisons - PRESS GLASS HOLDING SA<\/title>\n<meta name=\"description\" content=\"Syst\u00e8me de Registre des Livraisons\" \/>\n<meta name=\"robots\" content=\"index, follow, max-snippet:-1, max-image-preview:large, max-video-preview:-1\" \/>\n<link rel=\"canonical\" href=\"http:\/\/www.pressglass.com\/fr\/systeme-de-registre-des-livraisons\/\" \/>\n<meta name=\"twitter:label1\" content=\"Dur\u00e9e de lecture estim\u00e9e\" \/>\n\t<meta name=\"twitter:data1\" content=\"11 minutes\" \/>\n<script type=\"application\/ld+json\" class=\"yoast-schema-graph\">{\"@context\":\"https:\\\/\\\/schema.org\",\"@graph\":[{\"@type\":\"WebPage\",\"@id\":\"http:\\\/\\\/www.pressglass.com\\\/fr\\\/systeme-de-registre-des-livraisons\\\/\",\"url\":\"http:\\\/\\\/www.pressglass.com\\\/fr\\\/systeme-de-registre-des-livraisons\\\/\",\"name\":\"Syst\u00e8me de Registre des Livraisons - PRESS GLASS HOLDING SA\",\"isPartOf\":{\"@id\":\"https:\\\/\\\/www.pressglass.com\\\/it\\\/#website\"},\"datePublished\":\"2016-12-28T09:41:33+00:00\",\"dateModified\":\"2022-02-08T13:09:38+00:00\",\"description\":\"Syst\u00e8me de Registre des Livraisons\",\"breadcrumb\":{\"@id\":\"http:\\\/\\\/www.pressglass.com\\\/fr\\\/systeme-de-registre-des-livraisons\\\/#breadcrumb\"},\"inLanguage\":\"fr-FR\",\"potentialAction\":[{\"@type\":\"ReadAction\",\"target\":[\"http:\\\/\\\/www.pressglass.com\\\/fr\\\/systeme-de-registre-des-livraisons\\\/\"]}]},{\"@type\":\"BreadcrumbList\",\"@id\":\"http:\\\/\\\/www.pressglass.com\\\/fr\\\/systeme-de-registre-des-livraisons\\\/#breadcrumb\",\"itemListElement\":[{\"@type\":\"ListItem\",\"position\":1,\"name\":\"Strona g\u0142\u00f3wna\",\"item\":\"https:\\\/\\\/www.pressglass.com\\\/fr\\\/\"},{\"@type\":\"ListItem\",\"position\":2,\"name\":\"Syst\u00e8me de Registre des Livraisons\"}]},{\"@type\":\"WebSite\",\"@id\":\"https:\\\/\\\/www.pressglass.com\\\/it\\\/#website\",\"url\":\"https:\\\/\\\/www.pressglass.com\\\/it\\\/\",\"name\":\"PRESS GLASS HOLDING SA\",\"description\":\"\",\"potentialAction\":[{\"@type\":\"SearchAction\",\"target\":{\"@type\":\"EntryPoint\",\"urlTemplate\":\"https:\\\/\\\/www.pressglass.com\\\/it\\\/?s={search_term_string}\"},\"query-input\":{\"@type\":\"PropertyValueSpecification\",\"valueRequired\":true,\"valueName\":\"search_term_string\"}}],\"inLanguage\":\"fr-FR\"}]}<\/script>\n<!-- \/ Yoast SEO plugin. -->","yoast_head_json":{"title":"Syst\u00e8me de Registre des Livraisons - PRESS GLASS HOLDING SA","description":"Syst\u00e8me de Registre des Livraisons","robots":{"index":"index","follow":"follow","max-snippet":"max-snippet:-1","max-image-preview":"max-image-preview:large","max-video-preview":"max-video-preview:-1"},"canonical":"http:\/\/www.pressglass.com\/fr\/systeme-de-registre-des-livraisons\/","twitter_misc":{"Dur\u00e9e de lecture estim\u00e9e":"11 minutes"},"schema":{"@context":"https:\/\/schema.org","@graph":[{"@type":"WebPage","@id":"http:\/\/www.pressglass.com\/fr\/systeme-de-registre-des-livraisons\/","url":"http:\/\/www.pressglass.com\/fr\/systeme-de-registre-des-livraisons\/","name":"Syst\u00e8me de Registre des Livraisons - PRESS GLASS HOLDING SA","isPartOf":{"@id":"https:\/\/www.pressglass.com\/it\/#website"},"datePublished":"2016-12-28T09:41:33+00:00","dateModified":"2022-02-08T13:09:38+00:00","description":"Syst\u00e8me de Registre des Livraisons","breadcrumb":{"@id":"http:\/\/www.pressglass.com\/fr\/systeme-de-registre-des-livraisons\/#breadcrumb"},"inLanguage":"fr-FR","potentialAction":[{"@type":"ReadAction","target":["http:\/\/www.pressglass.com\/fr\/systeme-de-registre-des-livraisons\/"]}]},{"@type":"BreadcrumbList","@id":"http:\/\/www.pressglass.com\/fr\/systeme-de-registre-des-livraisons\/#breadcrumb","itemListElement":[{"@type":"ListItem","position":1,"name":"Strona g\u0142\u00f3wna","item":"https:\/\/www.pressglass.com\/fr\/"},{"@type":"ListItem","position":2,"name":"Syst\u00e8me de Registre des Livraisons"}]},{"@type":"WebSite","@id":"https:\/\/www.pressglass.com\/it\/#website","url":"https:\/\/www.pressglass.com\/it\/","name":"PRESS GLASS HOLDING SA","description":"","potentialAction":[{"@type":"SearchAction","target":{"@type":"EntryPoint","urlTemplate":"https:\/\/www.pressglass.com\/it\/?s={search_term_string}"},"query-input":{"@type":"PropertyValueSpecification","valueRequired":true,"valueName":"search_term_string"}}],"inLanguage":"fr-FR"}]}},"rttpg_featured_image_url":null,"rttpg_author":{"display_name":"Piotr Suszek","author_link":"https:\/\/www.pressglass.com\/fr\/author\/piotr-suszek\/"},"rttpg_comment":0,"rttpg_category":false,"rttpg_excerpt":null,"_links":{"self":[{"href":"https:\/\/www.pressglass.com\/fr\/wp-json\/wp\/v2\/pages\/59549","targetHints":{"allow":["GET"]}}],"collection":[{"href":"https:\/\/www.pressglass.com\/fr\/wp-json\/wp\/v2\/pages"}],"about":[{"href":"https:\/\/www.pressglass.com\/fr\/wp-json\/wp\/v2\/types\/page"}],"author":[{"embeddable":true,"href":"https:\/\/www.pressglass.com\/fr\/wp-json\/wp\/v2\/users\/32"}],"replies":[{"embeddable":true,"href":"https:\/\/www.pressglass.com\/fr\/wp-json\/wp\/v2\/comments?post=59549"}],"version-history":[{"count":13,"href":"https:\/\/www.pressglass.com\/fr\/wp-json\/wp\/v2\/pages\/59549\/revisions"}],"predecessor-version":[{"id":133375,"href":"https:\/\/www.pressglass.com\/fr\/wp-json\/wp\/v2\/pages\/59549\/revisions\/133375"}],"wp:attachment":[{"href":"https:\/\/www.pressglass.com\/fr\/wp-json\/wp\/v2\/media?parent=59549"}],"curies":[{"name":"wp","href":"https:\/\/api.w.org\/{rel}","templated":true}]}}