{"id":156149,"date":"2024-03-12T13:00:15","date_gmt":"2024-03-12T12:00:15","guid":{"rendered":"https:\/\/www.pressglass.com\/?page_id=156149"},"modified":"2024-10-16T11:07:26","modified_gmt":"2024-10-16T09:07:26","slug":"company-documents","status":"publish","type":"page","link":"https:\/\/www.pressglass.com\/fr\/materiaux-a-telecharger\/company-documents\/","title":{"rendered":"Company documents"},"content":{"rendered":"\n<style type=\"text\/css\" data-created_by=\"avia_inline_auto\" id=\"style-css-av-4nc4o8g-bac9dc0d41c7f485433a00254a56fa10\">\n.avia-section.av-4nc4o8g-bac9dc0d41c7f485433a00254a56fa10{\nbackground-repeat:no-repeat;\nbackground-image:url(https:\/\/www.pressglass.com\/wp-content\/uploads\/2015\/06\/slider_malyCompany2.jpg);\nbackground-position:50% 0%;\nbackground-attachment:scroll;\n}\n<\/style>\n<div id='av_section_1'  class='avia-section av-4nc4o8g-bac9dc0d41c7f485433a00254a56fa10 main_color avia-section-no-padding avia-no-border-styling  avia-builder-el-0  el_before_av_one_full  avia-builder-el-first  avia-full-stretch avia-bg-style-scroll av-minimum-height av-minimum-height-custom av-height-custom  container_wrap sidebar_right'  data-section-bg-repeat='stretch' data-av_minimum_height_px='285'><div class='container av-section-cont-open' style='height:285px'><main  role=\"main\" itemprop=\"mainContentOfPage\"  class='template-page content  av-content-small alpha units'><div class='post-entry post-entry-type-page post-entry-156149'><div class='entry-content-wrapper clearfix'><\/div><\/div><\/main><!-- close content main element --><\/div><\/div><div id='after_section_1'  class='main_color av_default_container_wrap container_wrap sidebar_right'  ><div class='container av-section-cont-open' ><div class='template-page content  av-content-small alpha units'><div class='post-entry post-entry-type-page post-entry-156149'><div class='entry-content-wrapper clearfix'>\n<div  class='flex_column av-4iic8r4-d2f15125974202584a561a45c1610aa4 av_one_full  avia-builder-el-1  el_after_av_section  el_before_av_one_full  avia-builder-el-first  first flex_column_div  '     ><style type=\"text\/css\" data-created_by=\"avia_inline_auto\" id=\"style-css-av-lto8od6k-e8eeb9a43728c466248df0b45923a580\">\n#top .av-special-heading.av-lto8od6k-e8eeb9a43728c466248df0b45923a580{\npadding-bottom:10px;\n}\nbody .av-special-heading.av-lto8od6k-e8eeb9a43728c466248df0b45923a580 .av-special-heading-tag .heading-char{\nfont-size:25px;\n}\n.av-special-heading.av-lto8od6k-e8eeb9a43728c466248df0b45923a580 .av-subheading{\nfont-size:15px;\n}\n<\/style>\n<div  class='av-special-heading av-lto8od6k-e8eeb9a43728c466248df0b45923a580 av-special-heading-h1  avia-builder-el-2  avia-builder-el-no-sibling '><h1 class='av-special-heading-tag '  itemprop=\"headline\"  >Company documents<\/h1><div class=\"special-heading-border\"><div class=\"special-heading-inner-border\"><\/div><\/div><\/div><\/div>\n<div  class='flex_column av-3k6gn80-07ef368969d7dbbd88ce88625e5aee0d av_one_full  avia-builder-el-3  el_after_av_one_full  avia-builder-el-last  first flex_column_div  column-top-margin'     ><p>\n<style type=\"text\/css\" data-created_by=\"avia_inline_auto\" id=\"style-css-av-2ug8lf4-89f78e00d750177c3ad340409cd6a528\">\n#top .hr.av-2ug8lf4-89f78e00d750177c3ad340409cd6a528{\nmargin-top:0px;\nmargin-bottom:0px;\n}\n.hr.av-2ug8lf4-89f78e00d750177c3ad340409cd6a528 .hr-inner{\nwidth:50px;\n}\n<\/style>\n<div  class='hr av-2ug8lf4-89f78e00d750177c3ad340409cd6a528 hr-custom  avia-builder-el-4  el_before_av_promobox  avia-builder-el-first  hr-center hr-icon-no'><span class='hr-inner inner-border-av-border-none'><span class=\"hr-inner-style\"><\/span><\/span><\/div><br \/>\n\t<div  style='background:#f9f9f9;color:#002756;border-color:#ffffff;' class='av_promobox  avia-button-yes  avia-builder-el-5  el_after_av_hr  el_before_av_hr '>\t\t<div class='avia-promocontent'><\/p>\n<h2><a href=\"https:\/\/link.assetfile.io\/3OGsSqq0MmmwEF2z6J8h0c\/Code-of-conduct.pdf\" target=\"_blank\" rel=\"noopener\">CODE OF CONDUCT<\/a><\/h2>\n<p>\n<\/div><div class='avia-button-wrap avia-button-right'><a class='avia-button avia-icon_select-no avia-size-large avia-position-right mte-avia-large-size' href='https:\/\/link.assetfile.io\/3OGsSqq0MmmwEF2z6J8h0c\/Code-of-conduct.pdf' target='_blank' rel=\"noopener\"><img width='64' src='https:\/\/www.pressglass.com\/wp-content\/themes\/pressglass\/images\/pdfEN.png'><\/a><\/div><\/div><br \/>\n\n<style type=\"text\/css\" data-created_by=\"avia_inline_auto\" id=\"style-css-av-2ug8lf4-10-3b63860a449211cad7723457631cde39\">\n#top .hr.av-2ug8lf4-10-3b63860a449211cad7723457631cde39{\nmargin-top:0px;\nmargin-bottom:0px;\n}\n.hr.av-2ug8lf4-10-3b63860a449211cad7723457631cde39 .hr-inner{\nwidth:50px;\n}\n<\/style>\n<div  class='hr av-2ug8lf4-10-3b63860a449211cad7723457631cde39 hr-custom  avia-builder-el-6  el_after_av_promobox  el_before_av_promobox  hr-center hr-icon-no'><span class='hr-inner inner-border-av-border-none'><span class=\"hr-inner-style\"><\/span><\/span><\/div><br \/>\n\t<div  style='background:#f9f9f9;color:#002756;border-color:#ffffff;' class='av_promobox  avia-button-yes  avia-builder-el-7  el_after_av_hr  el_before_av_hr '>\t\t<div class='avia-promocontent'><\/p>\n<h2><a href=\"https:\/\/link.assetfile.io\/1TDpsucDH353X7zNnVcG9Y\/Human+Rights+Statement.pdf\" target=\"_blank\" rel=\"noopener\">HUMAN RIGHTS STATEMENT<\/a><\/h2>\n<p>\n<\/div><div class='avia-button-wrap avia-button-right'><a class='avia-button avia-icon_select-no avia-size-large avia-position-right mte-avia-large-size' href='https:\/\/link.assetfile.io\/1TDpsucDH353X7zNnVcG9Y\/Human+Rights+Statement.pdf' target='_blank' rel=\"noopener\"><img width='64' src='https:\/\/www.pressglass.com\/wp-content\/themes\/pressglass\/images\/pdfEN.png'><\/a><\/div><\/div><br \/>\n\n<style type=\"text\/css\" data-created_by=\"avia_inline_auto\" id=\"style-css-av-2ug8lf4-8-bd4c1460f0978203a584ea8aa841fed2\">\n#top .hr.av-2ug8lf4-8-bd4c1460f0978203a584ea8aa841fed2{\nmargin-top:0px;\nmargin-bottom:0px;\n}\n.hr.av-2ug8lf4-8-bd4c1460f0978203a584ea8aa841fed2 .hr-inner{\nwidth:50px;\n}\n<\/style>\n<div  class='hr av-2ug8lf4-8-bd4c1460f0978203a584ea8aa841fed2 hr-custom  avia-builder-el-8  el_after_av_promobox  el_before_av_promobox  hr-center hr-icon-no'><span class='hr-inner inner-border-av-border-none'><span class=\"hr-inner-style\"><\/span><\/span><\/div><br \/>\n\t<div  style='background:#f9f9f9;color:#002756;border-color:#ffffff;' class='av_promobox  avia-button-yes  avia-builder-el-9  el_after_av_hr  el_before_av_hr '>\t\t<div class='avia-promocontent'><\/p>\n<h2><a href=\"https:\/\/link.assetfile.io\/3ERdGmbottkmEJBFwWMNx8\/kodeks+antykorupcyjny_EN_c.pdf\" target=\"_blank\" rel=\"noopener\">ANTI-CORRUPTION CODE<\/a><\/h2>\n<p>\n<\/div><div class='avia-button-wrap avia-button-right'><a class='avia-button avia-icon_select-no avia-size-large avia-position-right mte-avia-large-size' href='https:\/\/link.assetfile.io\/3ERdGmbottkmEJBFwWMNx8\/kodeks+antykorupcyjny_EN_c.pdf' target='_blank' rel=\"noopener\"><img width='64' src='https:\/\/www.pressglass.com\/wp-content\/themes\/pressglass\/images\/pdfEN.png'><\/a><\/div><\/div><br \/>\n\n<style type=\"text\/css\" data-created_by=\"avia_inline_auto\" id=\"style-css-av-68pfws3-3d1225a088821f1d7e8840cf9220c3cb\">\n#top .hr.av-68pfws3-3d1225a088821f1d7e8840cf9220c3cb{\nmargin-top:0px;\nmargin-bottom:0px;\n}\n.hr.av-68pfws3-3d1225a088821f1d7e8840cf9220c3cb .hr-inner{\nwidth:50px;\n}\n<\/style>\n<div  class='hr av-68pfws3-3d1225a088821f1d7e8840cf9220c3cb hr-custom  avia-builder-el-10  el_after_av_promobox  el_before_av_promobox  hr-center hr-icon-no'><span class='hr-inner inner-border-av-border-none'><span class=\"hr-inner-style\"><\/span><\/span><\/div><br \/>\n\t<div  style='background:#f9f9f9;color:#002756;border-color:#ffffff;' class='av_promobox  avia-button-yes  avia-builder-el-11  el_after_av_hr  el_before_av_hr '>\t\t<div class='avia-promocontent'><\/p>\n<h2><a href=\"https:\/\/link.assetfile.io\/2vRTg1VcTYKTJn3Rqmf1u0\/PG_RAPORT_ZR_new_green_14_04_2023_EN_www.pdf\" target=\"_blank\" rel=\"noopener\">SUSTAINABLE DEVELOPMENT<\/a><\/h2>\n<p>\n<\/div><div class='avia-button-wrap avia-button-right'><a class='avia-button avia-icon_select-no avia-size-large avia-position-right mte-avia-large-size' href='https:\/\/link.assetfile.io\/2vRTg1VcTYKTJn3Rqmf1u0\/PG_RAPORT_ZR_new_green_14_04_2023_EN_www.pdf' target='_blank' rel=\"noopener\"><img width='64' src='https:\/\/www.pressglass.com\/wp-content\/themes\/pressglass\/images\/pdfEN.png'><\/a><\/div><\/div><br \/>\n\n<style type=\"text\/css\" data-created_by=\"avia_inline_auto\" id=\"style-css-av-2ug8lf4-6-038b4752aa848487f177eb70673c8467\">\n#top .hr.av-2ug8lf4-6-038b4752aa848487f177eb70673c8467{\nmargin-top:0px;\nmargin-bottom:0px;\n}\n.hr.av-2ug8lf4-6-038b4752aa848487f177eb70673c8467 .hr-inner{\nwidth:50px;\n}\n<\/style>\n<div  class='hr av-2ug8lf4-6-038b4752aa848487f177eb70673c8467 hr-custom  avia-builder-el-12  el_after_av_promobox  el_before_av_promobox  hr-center hr-icon-no'><span class='hr-inner inner-border-av-border-none'><span class=\"hr-inner-style\"><\/span><\/span><\/div><br \/>\n\t<div  style='background:#f9f9f9;color:#002756;border-color:#ffffff;' class='av_promobox  avia-button-yes  avia-builder-el-13  el_after_av_hr  el_before_av_hr '>\t\t<div class='avia-promocontent'><\/p>\n<h2><a href=\"https:\/\/link.assetfile.io\/43fQIyRmWYmfYRDje0cpo5\/DECLARATION_OF_COMPLIANCE_TO_REACH.pdf\" target=\"_blank\" rel=\"noopener\">DECLARATION OF COMPLIANCE TO REACH<\/a><\/h2>\n<p>\n<\/div><div class='avia-button-wrap avia-button-right'><a class='avia-button avia-icon_select-no avia-size-large avia-position-right mte-avia-large-size' href='https:\/\/link.assetfile.io\/43fQIyRmWYmfYRDje0cpo5\/DECLARATION_OF_COMPLIANCE_TO_REACH.pdf' target='_blank' rel=\"noopener\"><img width='64' src='https:\/\/www.pressglass.com\/wp-content\/themes\/pressglass\/images\/pdfEN.png'><\/a><\/div><\/div><br \/>\n\n<style type=\"text\/css\" data-created_by=\"avia_inline_auto\" id=\"style-css-av-2ug8lf4-4-1993abbe1a8d26410eebec22f1cc39b2\">\n#top .hr.av-2ug8lf4-4-1993abbe1a8d26410eebec22f1cc39b2{\nmargin-top:0px;\nmargin-bottom:0px;\n}\n.hr.av-2ug8lf4-4-1993abbe1a8d26410eebec22f1cc39b2 .hr-inner{\nwidth:50px;\n}\n<\/style>\n<div  class='hr av-2ug8lf4-4-1993abbe1a8d26410eebec22f1cc39b2 hr-custom  avia-builder-el-14  el_after_av_promobox  el_before_av_promobox  hr-center hr-icon-no'><span class='hr-inner inner-border-av-border-none'><span class=\"hr-inner-style\"><\/span><\/span><\/div><br \/>\n\t<div  style='background:#f9f9f9;color:#002756;border-color:#ffffff;' class='av_promobox  avia-button-yes  avia-builder-el-15  el_after_av_hr  el_before_av_hr '>\t\t<div class='avia-promocontent'><\/p>\n<h2><a href=\"https:\/\/link.assetfile.io\/78tRu2gLfs5q0KBSzpxnMK\/Supplier+Code+of+conduct.pdf\" target=\"_blank\" rel=\"noopener\">SUPPLIER CODE OF CONDUCT<\/a><\/h2>\n<p>\n<\/div><div class='avia-button-wrap avia-button-right'><a class='avia-button avia-icon_select-no avia-size-large avia-position-right mte-avia-large-size' href='https:\/\/link.assetfile.io\/78tRu2gLfs5q0KBSzpxnMK\/Supplier+Code+of+conduct.pdf' target='_blank' rel=\"noopener\"><img width='64' src='https:\/\/www.pressglass.com\/wp-content\/themes\/pressglass\/images\/pdfEN.png'><\/a><\/div><\/div><br \/>\n\n<style type=\"text\/css\" data-created_by=\"avia_inline_auto\" id=\"style-css-av-1k79w7k-202c8514078d02a641f5700377f8cc5a\">\n#top .hr.av-1k79w7k-202c8514078d02a641f5700377f8cc5a{\nmargin-top:0px;\nmargin-bottom:0px;\n}\n.hr.av-1k79w7k-202c8514078d02a641f5700377f8cc5a .hr-inner{\nwidth:50px;\n}\n<\/style>\n<div  class='hr av-1k79w7k-202c8514078d02a641f5700377f8cc5a hr-custom  avia-builder-el-16  el_after_av_promobox  el_before_av_promobox  hr-center hr-icon-no'><span class='hr-inner inner-border-av-border-none'><span class=\"hr-inner-style\"><\/span><\/span><\/div><br \/>\n\t<div  style='background:#f9f9f9;color:#002756;border-color:#ffffff;' class='av_promobox  avia-button-yes  avia-builder-el-17  el_after_av_hr  el_before_av_hr '>\t\t<div class='avia-promocontent'><\/p>\n<h2><a href=\"https:\/\/link.assetfile.io\/4fgBZhnTYhycCIjwPdIgdn\/Suppliers_declaration.pdf\" target=\"_blank\" rel=\"noopener\">SUPPLIERS DECLARATION<\/a><\/h2>\n<p>\n<\/div><div class='avia-button-wrap avia-button-right'><a class='avia-button avia-icon_select-no avia-size-large avia-position-right mte-avia-large-size' href='https:\/\/link.assetfile.io\/4fgBZhnTYhycCIjwPdIgdn\/Suppliers_declaration.pdf' target='_blank' rel=\"noopener\"><img width='64' src='https:\/\/www.pressglass.com\/wp-content\/themes\/pressglass\/images\/pdfEN.png'><\/a><\/div><\/div><br \/>\n\n<style type=\"text\/css\" data-created_by=\"avia_inline_auto\" id=\"style-css-av-rqp19s-2fbafef61ed49282604595414384fce0\">\n#top .hr.av-rqp19s-2fbafef61ed49282604595414384fce0{\nmargin-top:0px;\nmargin-bottom:0px;\n}\n.hr.av-rqp19s-2fbafef61ed49282604595414384fce0 .hr-inner{\nwidth:50px;\n}\n<\/style>\n<div  class='hr av-rqp19s-2fbafef61ed49282604595414384fce0 hr-custom  avia-builder-el-18  el_after_av_promobox  avia-builder-el-last  hr-center hr-icon-no'><span class='hr-inner inner-border-av-border-none'><span class=\"hr-inner-style\"><\/span><\/span><\/div><\/p><\/div>\n","protected":false},"excerpt":{"rendered":"","protected":false},"author":10,"featured_media":0,"parent":59547,"menu_order":0,"comment_status":"closed","ping_status":"closed","template":"","meta":{"footnotes":""},"class_list":["post-156149","page","type-page","status-publish","hentry"],"yoast_head":"<!-- This site is optimized with the Yoast SEO plugin v27.3 - https:\/\/yoast.com\/product\/yoast-seo-wordpress\/ -->\n<title>Company standard - PRESS GLASS SA<\/title>\n<meta name=\"description\" content=\"PRESS GLASS SA Company Standard - Version 5 , December 2014\" \/>\n<meta name=\"robots\" content=\"index, follow, max-snippet:-1, max-image-preview:large, max-video-preview:-1\" \/>\n<link rel=\"canonical\" href=\"http:\/\/www.pressglass.com\/fr\/materiaux-a-telecharger\/company-documents\/\" \/>\n<meta name=\"twitter:label1\" content=\"Dur\u00e9e de lecture estim\u00e9e\" \/>\n\t<meta name=\"twitter:data1\" content=\"2 minutes\" \/>\n<script type=\"application\/ld+json\" class=\"yoast-schema-graph\">{\"@context\":\"https:\\\/\\\/schema.org\",\"@graph\":[{\"@type\":\"WebPage\",\"@id\":\"http:\\\/\\\/www.pressglass.com\\\/fr\\\/materiaux-a-telecharger\\\/company-documents\\\/\",\"url\":\"http:\\\/\\\/www.pressglass.com\\\/fr\\\/materiaux-a-telecharger\\\/company-documents\\\/\",\"name\":\"Company standard - PRESS GLASS SA\",\"isPartOf\":{\"@id\":\"https:\\\/\\\/www.pressglass.com\\\/it\\\/#website\"},\"datePublished\":\"2024-03-12T12:00:15+00:00\",\"dateModified\":\"2024-10-16T09:07:26+00:00\",\"description\":\"PRESS GLASS SA Company Standard - Version 5 , December 2014\",\"breadcrumb\":{\"@id\":\"http:\\\/\\\/www.pressglass.com\\\/fr\\\/materiaux-a-telecharger\\\/company-documents\\\/#breadcrumb\"},\"inLanguage\":\"fr-FR\",\"potentialAction\":[{\"@type\":\"ReadAction\",\"target\":[\"http:\\\/\\\/www.pressglass.com\\\/fr\\\/materiaux-a-telecharger\\\/company-documents\\\/\"]}]},{\"@type\":\"BreadcrumbList\",\"@id\":\"http:\\\/\\\/www.pressglass.com\\\/fr\\\/materiaux-a-telecharger\\\/company-documents\\\/#breadcrumb\",\"itemListElement\":[{\"@type\":\"ListItem\",\"position\":1,\"name\":\"Strona g\u0142\u00f3wna\",\"item\":\"https:\\\/\\\/www.pressglass.com\\\/fr\\\/\"},{\"@type\":\"ListItem\",\"position\":2,\"name\":\"Mat\u00e9riaux \u00e0 t\u00e9l\u00e9charger\",\"item\":\"https:\\\/\\\/www.pressglass.com\\\/fr\\\/materiaux-a-telecharger\\\/\"},{\"@type\":\"ListItem\",\"position\":3,\"name\":\"Company documents\"}]},{\"@type\":\"WebSite\",\"@id\":\"https:\\\/\\\/www.pressglass.com\\\/it\\\/#website\",\"url\":\"https:\\\/\\\/www.pressglass.com\\\/it\\\/\",\"name\":\"PRESS GLASS HOLDING SA\",\"description\":\"\",\"potentialAction\":[{\"@type\":\"SearchAction\",\"target\":{\"@type\":\"EntryPoint\",\"urlTemplate\":\"https:\\\/\\\/www.pressglass.com\\\/it\\\/?s={search_term_string}\"},\"query-input\":{\"@type\":\"PropertyValueSpecification\",\"valueRequired\":true,\"valueName\":\"search_term_string\"}}],\"inLanguage\":\"fr-FR\"}]}<\/script>\n<!-- \/ Yoast SEO plugin. -->","yoast_head_json":{"title":"Company standard - PRESS GLASS SA","description":"PRESS GLASS SA Company Standard - Version 5 , December 2014","robots":{"index":"index","follow":"follow","max-snippet":"max-snippet:-1","max-image-preview":"max-image-preview:large","max-video-preview":"max-video-preview:-1"},"canonical":"http:\/\/www.pressglass.com\/fr\/materiaux-a-telecharger\/company-documents\/","twitter_misc":{"Dur\u00e9e de lecture estim\u00e9e":"2 minutes"},"schema":{"@context":"https:\/\/schema.org","@graph":[{"@type":"WebPage","@id":"http:\/\/www.pressglass.com\/fr\/materiaux-a-telecharger\/company-documents\/","url":"http:\/\/www.pressglass.com\/fr\/materiaux-a-telecharger\/company-documents\/","name":"Company standard - PRESS GLASS SA","isPartOf":{"@id":"https:\/\/www.pressglass.com\/it\/#website"},"datePublished":"2024-03-12T12:00:15+00:00","dateModified":"2024-10-16T09:07:26+00:00","description":"PRESS GLASS SA Company Standard - Version 5 , December 2014","breadcrumb":{"@id":"http:\/\/www.pressglass.com\/fr\/materiaux-a-telecharger\/company-documents\/#breadcrumb"},"inLanguage":"fr-FR","potentialAction":[{"@type":"ReadAction","target":["http:\/\/www.pressglass.com\/fr\/materiaux-a-telecharger\/company-documents\/"]}]},{"@type":"BreadcrumbList","@id":"http:\/\/www.pressglass.com\/fr\/materiaux-a-telecharger\/company-documents\/#breadcrumb","itemListElement":[{"@type":"ListItem","position":1,"name":"Strona g\u0142\u00f3wna","item":"https:\/\/www.pressglass.com\/fr\/"},{"@type":"ListItem","position":2,"name":"Mat\u00e9riaux \u00e0 t\u00e9l\u00e9charger","item":"https:\/\/www.pressglass.com\/fr\/materiaux-a-telecharger\/"},{"@type":"ListItem","position":3,"name":"Company documents"}]},{"@type":"WebSite","@id":"https:\/\/www.pressglass.com\/it\/#website","url":"https:\/\/www.pressglass.com\/it\/","name":"PRESS GLASS HOLDING SA","description":"","potentialAction":[{"@type":"SearchAction","target":{"@type":"EntryPoint","urlTemplate":"https:\/\/www.pressglass.com\/it\/?s={search_term_string}"},"query-input":{"@type":"PropertyValueSpecification","valueRequired":true,"valueName":"search_term_string"}}],"inLanguage":"fr-FR"}]}},"rttpg_featured_image_url":null,"rttpg_author":{"display_name":"Aleksandra Rzeszutko","author_link":"https:\/\/www.pressglass.com\/fr\/author\/aleksandra-rzeszutko\/"},"rttpg_comment":0,"rttpg_category":" <a href=\"https:\/\/www.pressglass.com\/?taxonomy=translation_priority&#038;term=opcjonalne\" rel=\"tag\">Opcjonalne<\/a><a href=\"https:\/\/www.pressglass.com\/fr\/?taxonomy=translation_priority&#038;term=opcjonalne-fr\" rel=\"tag\">Opcjonalne<\/a>","rttpg_excerpt":null,"_links":{"self":[{"href":"https:\/\/www.pressglass.com\/fr\/wp-json\/wp\/v2\/pages\/156149","targetHints":{"allow":["GET"]}}],"collection":[{"href":"https:\/\/www.pressglass.com\/fr\/wp-json\/wp\/v2\/pages"}],"about":[{"href":"https:\/\/www.pressglass.com\/fr\/wp-json\/wp\/v2\/types\/page"}],"author":[{"embeddable":true,"href":"https:\/\/www.pressglass.com\/fr\/wp-json\/wp\/v2\/users\/10"}],"replies":[{"embeddable":true,"href":"https:\/\/www.pressglass.com\/fr\/wp-json\/wp\/v2\/comments?post=156149"}],"version-history":[{"count":5,"href":"https:\/\/www.pressglass.com\/fr\/wp-json\/wp\/v2\/pages\/156149\/revisions"}],"predecessor-version":[{"id":158469,"href":"https:\/\/www.pressglass.com\/fr\/wp-json\/wp\/v2\/pages\/156149\/revisions\/158469"}],"up":[{"embeddable":true,"href":"https:\/\/www.pressglass.com\/fr\/wp-json\/wp\/v2\/pages\/59547"}],"wp:attachment":[{"href":"https:\/\/www.pressglass.com\/fr\/wp-json\/wp\/v2\/media?parent=156149"}],"curies":[{"name":"wp","href":"https:\/\/api.w.org\/{rel}","templated":true}]}}