{"id":57312,"date":"2016-11-25T14:08:59","date_gmt":"2016-11-25T13:08:59","guid":{"rendered":"https:\/\/www.pressglass.com\/?page_id=57312"},"modified":"2022-12-06T15:03:12","modified_gmt":"2022-12-06T14:03:12","slug":"ubereinstimmungserklarung","status":"publish","type":"page","link":"https:\/\/www.pressglass.com\/de\/browser-fur-erklarungen-der-eigenschaften\/ubereinstimmungserklarung\/","title":{"rendered":"\u00dcbereinstimmungserkl\u00e4rung"},"content":{"rendered":"\n<style type=\"text\/css\" data-created_by=\"avia_inline_auto\" id=\"style-css-av-av_section-a48a39afa6e6c15a3b5283bdb33b82cb\">\n.avia-section.av-av_section-a48a39afa6e6c15a3b5283bdb33b82cb{\nbackground-repeat:no-repeat;\nbackground-image:url(https:\/\/www.pressglass.com\/wp-content\/uploads\/2015\/06\/slider-ce.jpg);\nbackground-position:50% 0%;\nbackground-attachment:scroll;\n}\n<\/style>\n<div id='av_section_1'  class='avia-section av-av_section-a48a39afa6e6c15a3b5283bdb33b82cb main_color avia-section-no-padding avia-no-border-styling  avia-builder-el-0  el_before_av_one_full  avia-builder-el-first  avia-full-stretch avia-bg-style-scroll av-minimum-height av-minimum-height-custom av-height-custom  container_wrap sidebar_right'  data-section-bg-repeat='stretch' data-av_minimum_height_px='285'><div class='container av-section-cont-open' style='height:285px'><main  role=\"main\" itemprop=\"mainContentOfPage\"  class='template-page content  av-content-small alpha units'><div class='post-entry post-entry-type-page post-entry-57312'><div class='entry-content-wrapper clearfix'><\/div><\/div><\/main><!-- close content main element --><\/div><\/div><div id='after_section_1'  class='main_color av_default_container_wrap container_wrap sidebar_right'  ><div class='container av-section-cont-open' ><div class='template-page content  av-content-small alpha units'><div class='post-entry post-entry-type-page post-entry-57312'><div class='entry-content-wrapper clearfix'>\n<div  class='flex_column av-av_one_full-2a9015ff38129c418a3f2eafba3e9512 av_one_full  avia-builder-el-1  el_after_av_section  el_before_av_one_half  avia-builder-el-first  first flex_column_div  '     ><style type=\"text\/css\" data-created_by=\"avia_inline_auto\" id=\"style-css-av-av_heading-eb6bf4290adaf2ba0b783e356ccd00f5\">\n#top .av-special-heading.av-av_heading-eb6bf4290adaf2ba0b783e356ccd00f5{\npadding-bottom:10px;\n}\nbody .av-special-heading.av-av_heading-eb6bf4290adaf2ba0b783e356ccd00f5 .av-special-heading-tag .heading-char{\nfont-size:25px;\n}\n.av-special-heading.av-av_heading-eb6bf4290adaf2ba0b783e356ccd00f5 .av-subheading{\nfont-size:15px;\n}\n<\/style>\n<div  class='av-special-heading av-av_heading-eb6bf4290adaf2ba0b783e356ccd00f5 av-special-heading-h1  avia-builder-el-2  avia-builder-el-no-sibling '><h1 class='av-special-heading-tag '  itemprop=\"headline\"  >\u00dcbereinstimmungserkl\u00e4rung<\/h1><div class=\"special-heading-border\"><div class=\"special-heading-inner-border\"><\/div><\/div><\/div><\/div>\n<div  class='flex_column av-av_one_half-2a9015ff38129c418a3f2eafba3e9512 av_one_half  avia-builder-el-3  el_after_av_one_full  el_before_av_one_half  first flex_column_div  column-top-margin'     ><section  class='av_textblock_section av-av_textblock-0366cc7376be6c9e82a3e9cc8987b64f '   itemscope=\"itemscope\" itemtype=\"https:\/\/schema.org\/CreativeWork\" ><div class='avia_textblock'  itemprop=\"text\" ><p>Die\u00a0CE-Kennzeichnung wurde mit dem Ziel der Vereinheitlichung der an die Produkte gestellten Anforderungen in den Staaten der Europ\u00e4ischen Union eingef\u00fchrt, in denen die sogenannten harmonisierten Normen (hEN) gelten. Diese Normen sind vom Europ\u00e4ischen Normalisierungskomitee (Comit\u00e9 Europ\u00e9en de Normalisation (CEN)), das die Normalisierungsinstitutionen der Mitgliedl\u00e4nder vertritt, gem\u00e4\u00df dem Mandat der Europaschen Kommission best\u00e4tigte Dokumente,Ein mit CE-Zeichen versehenes Erzeugnis stimmt mit der Richtlinie 305\/2011 f\u00fcr Bauprodukte \u00fcberein und erf\u00fcllt die technischen Anforderungen der das Produkt betreffenden harmonisierten Europ\u00e4ischen Norm.<\/p>\n<\/div><\/section><\/div>\n\n<style type=\"text\/css\" data-created_by=\"avia_inline_auto\" id=\"style-css-av-av_one_half-c8fc129dc35fd1ae2a1e410224d39ea8\">\n.flex_column.av-av_one_half-c8fc129dc35fd1ae2a1e410224d39ea8{\nborder-radius:0px 0px 0px 0px;\npadding:0px 0px 0px 0px;\n}\n<\/style>\n<div  class='flex_column av-av_one_half-c8fc129dc35fd1ae2a1e410224d39ea8 av_one_half  avia-builder-el-5  el_after_av_one_half  el_before_av_hr  flex_column_div av-zero-column-padding  column-top-margin'     ><section  class='av_textblock_section av-av_textblock-0366cc7376be6c9e82a3e9cc8987b64f '   itemscope=\"itemscope\" itemtype=\"https:\/\/schema.org\/CreativeWork\" ><div class='avia_textblock'  itemprop=\"text\" ><p>Ab dem 1. Juli 2013 wurden f\u00fcr gefertigte Auftr\u00e4ge ausgestellte Konformit\u00e4tserkl\u00e4rungen durch Erkl\u00e4rungen der Eigenschaften ersetzt. Diese Erkl\u00e4rungen k\u00f6nnen mithilfe des Browsers heruntergeladen werden.<br \/>\nUm das Dokument herunterzuladen, sind Identifizierungsangaben f\u00fcr die jeweilige Bestellung erforderlich:<\/p>\n<ul class=\"bullet-arrow\">\n<li>die mit der Bestellung beauftragte Produktionsst\u00e4tte,<\/li>\n<li>Bestellnummer von PRESS GLASS,<\/li>\n<li>Position in der Bestellung von PRESS GLASS.<\/li>\n<\/ul>\n<p>Diese Angaben sind auf dem Produktetikett sowie in der Lieferspezifikation enthalten.<\/p>\n<\/div><\/section><\/div>\n\n<style type=\"text\/css\" data-created_by=\"avia_inline_auto\" id=\"style-css-av-av_hr-a07f7596b1fca85f6595a75d593069df\">\n#top .hr.hr-invisible.av-av_hr-a07f7596b1fca85f6595a75d593069df{\nheight:40px;\n}\n<\/style>\n<div  class='hr av-av_hr-a07f7596b1fca85f6595a75d593069df hr-invisible  avia-builder-el-7  el_after_av_one_half  el_before_av_promobox '><span class='hr-inner '><span class=\"hr-inner-style\"><\/span><\/span><\/div>\n\t<div  style='background:#f9f9f9;color:#002756;border-color:#ffffff;' class='av_promobox  avia-button-yes  avia-builder-el-8  el_after_av_hr  el_before_av_section  avia-builder-el-last '>\t\t<div class='avia-promocontent'><p>\n\n<style type=\"text\/css\" data-created_by=\"avia_inline_auto\" id=\"style-css-av-av_hr-e3cd5e758795c2253843f13c51e1ff47\">\n#top .hr.hr-invisible.av-av_hr-e3cd5e758795c2253843f13c51e1ff47{\nmargin-top:-45px;\nheight:1px;\n}\n<\/style>\n<div  class='hr av-av_hr-e3cd5e758795c2253843f13c51e1ff47 hr-invisible  avia-builder-el-9  avia-builder-el-no-sibling '><span class='hr-inner '><span class=\"hr-inner-style\"><\/span><\/span><\/div><\/p>\n<h2>Browser f\u00fcr Erkl\u00e4rungen der Eigenschaften<\/h2>\n<p>\n<\/div><div  class='avia-button-wrap av-av_button-c3f5fbdcd4b5237a2e3b9e5c2e4afc90-wrap avia-button-right '><a href='https:\/\/www.pressglass.com\/de\/browser-fur-erklarungen-der-eigenschaften\/'  class='avia-button av-av_button-c3f5fbdcd4b5237a2e3b9e5c2e4afc90 av-link-btn avia-icon_select-no avia-size-large avia-position-right avia-color-theme-color'  target=\"_blank\"  rel=\"noopener noreferrer\"  aria-label=\"Mehr\"><span class='avia_iconbox_title' >Mehr<\/span><\/a><\/div><\/div>\n<\/div><\/div><\/div><!-- close content main div --><\/div><\/div>\n<style type=\"text\/css\" data-created_by=\"avia_inline_auto\" id=\"style-css-av-av_section-e56cd9fee8a6c7a49a74c6a346217265\">\n.avia-section.av-av_section-e56cd9fee8a6c7a49a74c6a346217265{\nbackground-repeat:no-repeat;\nbackground-image:url(https:\/\/www.pressglass.com\/wp-content\/uploads\/2015\/11\/1980x510bezlogo2.png);\nbackground-position:0% 50%;\nbackground-attachment:scroll;\n}\n<\/style>\n<div id='av_section_2'  class='avia-section av-av_section-e56cd9fee8a6c7a49a74c6a346217265 main_color avia-section-default avia-no-shadow  avia-builder-el-10  el_after_av_promobox  el_before_av_promobox  avia-bg-style-scroll av-minimum-height av-minimum-height-custom av-height-custom  container_wrap sidebar_right'  data-section-bg-repeat='no-repeat' data-av_minimum_height_px='400'><div class='container av-section-cont-open' style='height:400px'><div class='template-page content  av-content-small alpha units'><div class='post-entry post-entry-type-page post-entry-57312'><div class='entry-content-wrapper clearfix'>\n\n<style type=\"text\/css\" data-created_by=\"avia_inline_auto\" id=\"style-css-av-av_heading-772a8b6820f31b4d6f5453db469060eb\">\n#top .av-special-heading.av-av_heading-772a8b6820f31b4d6f5453db469060eb{\npadding-bottom:10px;\n}\nbody .av-special-heading.av-av_heading-772a8b6820f31b4d6f5453db469060eb .av-special-heading-tag .heading-char{\nfont-size:25px;\n}\n.av-special-heading.av-av_heading-772a8b6820f31b4d6f5453db469060eb .av-subheading{\nfont-size:15px;\n}\n<\/style>\n<div  class='av-special-heading av-av_heading-772a8b6820f31b4d6f5453db469060eb av-special-heading-h1 blockquote modern-quote modern-centered  avia-builder-el-11  el_before_av_hr  avia-builder-el-first '><h1 class='av-special-heading-tag '  itemprop=\"headline\"  >Browser f\u00fcr Erkl\u00e4rungen der Eigenschaften ist ist auch in der mobilen Anwendung verf\u00fcgbar<\/h1><div class=\"special-heading-border\"><div class=\"special-heading-inner-border\"><\/div><\/div><\/div>\n\n<style type=\"text\/css\" data-created_by=\"avia_inline_auto\" id=\"style-css-av-av_hr-e8c293bc95976d5c6ff9d129b325da64\">\n#top .hr.hr-invisible.av-av_hr-e8c293bc95976d5c6ff9d129b325da64{\nheight:80px;\n}\n<\/style>\n<div  class='hr av-av_hr-e8c293bc95976d5c6ff9d129b325da64 hr-invisible  avia-builder-el-12  el_after_av_heading  el_before_av_button '><span class='hr-inner '><span class=\"hr-inner-style\"><\/span><\/span><\/div>\n<div  class='avia-button-wrap av-av_button-c9d74e85f59019d6ca18ae8483921841-wrap avia-button-center  avia-builder-el-13  el_after_av_hr  avia-builder-el-last '><a href='\/de\/press-glass-mobile\/'  class='avia-button av-av_button-c9d74e85f59019d6ca18ae8483921841 av-link-btn avia-icon_select-no avia-size-large avia-position-center avia-color-theme-color'   aria-label=\"Herunterladen\"><span class='avia_iconbox_title' >Herunterladen<\/span><\/a><\/div>\n<\/div><\/div><\/div><!-- close content main div --><\/div><\/div><div id='after_section_2'  class='main_color av_default_container_wrap container_wrap sidebar_right'  ><div class='container av-section-cont-open' ><div class='template-page content  av-content-small alpha units'><div class='post-entry post-entry-type-page post-entry-57312'><div class='entry-content-wrapper clearfix'>\n\t<div  style='background:#f9f9f9;color:#002756;border-color:#ffffff;' class='av_promobox  avia-button-yes  avia-builder-el-14  el_after_av_section  el_before_av_hr  avia-builder-el-first '>\t\t<div class='avia-promocontent'><p>\n\n<style type=\"text\/css\" data-created_by=\"avia_inline_auto\" id=\"style-css-av-av_hr-e3cd5e758795c2253843f13c51e1ff47\">\n#top .hr.hr-invisible.av-av_hr-e3cd5e758795c2253843f13c51e1ff47{\nmargin-top:-45px;\nheight:1px;\n}\n<\/style>\n<div  class='hr av-av_hr-e3cd5e758795c2253843f13c51e1ff47 hr-invisible  avia-builder-el-15  avia-builder-el-no-sibling '><span class='hr-inner '><span class=\"hr-inner-style\"><\/span><\/span><\/div><\/p>\n<h2>Zusammenstellung unserer Pr\u00fcfungzeugnisse und Zertifikate<\/h2>\n<h2><\/h2>\n<p>\n<\/div><div  class='avia-button-wrap av-av_button-ad3d299a578094784faad868c65472c5-wrap avia-button-right '><a href='\/de\/materialien-zum-herunterladen\/zusammenstellung-unserer-prufzeugnisse-und-zertifikate\/' class='avia-button av-av_button-ad3d299a578094784faad868c65472c5 av-link-btn avia-icon_select-no avia-size-large avia-position-right avia-color-theme-color' target=\"_blank\" rel=\"noopener noreferrer\" aria-label=\"Mehr\"><span class='avia_iconbox_title' >Mehr<\/span><\/a><\/div><\/div>\n\n<style type=\"text\/css\" data-created_by=\"avia_inline_auto\" id=\"style-css-av-av_hr-a07f7596b1fca85f6595a75d593069df\">\n#top .hr.hr-invisible.av-av_hr-a07f7596b1fca85f6595a75d593069df{\nheight:40px;\n}\n<\/style>\n<div  class='hr av-av_hr-a07f7596b1fca85f6595a75d593069df hr-invisible  avia-builder-el-16  el_after_av_promobox  avia-builder-el-last '><span class='hr-inner '><span class=\"hr-inner-style\"><\/span><\/span><\/div>\n","protected":false},"excerpt":{"rendered":"","protected":false},"author":32,"featured_media":0,"parent":57310,"menu_order":0,"comment_status":"closed","ping_status":"closed","template":"","meta":{"footnotes":""},"class_list":["post-57312","page","type-page","status-publish","hentry"],"yoast_head":"<!-- This site is optimized with the Yoast SEO plugin v27.3 - https:\/\/yoast.com\/product\/yoast-seo-wordpress\/ -->\n<title>\u00dcbereinstimmungserkl\u00e4rung - PRESS GLASS HOLDING SA<\/title>\n<meta name=\"description\" content=\"\u00dcbereinstimmungserkl\u00e4rung\" \/>\n<meta name=\"robots\" content=\"index, follow, max-snippet:-1, max-image-preview:large, max-video-preview:-1\" \/>\n<link rel=\"canonical\" href=\"https:\/\/www.pressglass.com\/declaration-properties\/declaration-performance\/\" \/>\n<meta name=\"twitter:label1\" content=\"Gesch\u00e4tzte Lesezeit\" \/>\n\t<meta name=\"twitter:data1\" content=\"2 Minuten\" \/>\n<script type=\"application\/ld+json\" class=\"yoast-schema-graph\">{\"@context\":\"https:\\\/\\\/schema.org\",\"@graph\":[{\"@type\":\"WebPage\",\"@id\":\"https:\\\/\\\/www.pressglass.com\\\/declaration-properties\\\/declaration-performance\\\/\",\"url\":\"https:\\\/\\\/www.pressglass.com\\\/declaration-properties\\\/declaration-performance\\\/\",\"name\":\"\u00dcbereinstimmungserkl\u00e4rung - PRESS GLASS HOLDING SA\",\"isPartOf\":{\"@id\":\"https:\\\/\\\/www.pressglass.com\\\/it\\\/#website\"},\"datePublished\":\"2016-11-25T13:08:59+00:00\",\"dateModified\":\"2022-12-06T14:03:12+00:00\",\"description\":\"\u00dcbereinstimmungserkl\u00e4rung\",\"breadcrumb\":{\"@id\":\"https:\\\/\\\/www.pressglass.com\\\/declaration-properties\\\/declaration-performance\\\/#breadcrumb\"},\"inLanguage\":\"de-DE\",\"potentialAction\":[{\"@type\":\"ReadAction\",\"target\":[\"https:\\\/\\\/www.pressglass.com\\\/declaration-properties\\\/declaration-performance\\\/\"]}]},{\"@type\":\"BreadcrumbList\",\"@id\":\"https:\\\/\\\/www.pressglass.com\\\/declaration-properties\\\/declaration-performance\\\/#breadcrumb\",\"itemListElement\":[{\"@type\":\"ListItem\",\"position\":1,\"name\":\"Strona g\u0142\u00f3wna\",\"item\":\"https:\\\/\\\/www.pressglass.com\\\/de\\\/\"},{\"@type\":\"ListItem\",\"position\":2,\"name\":\"Browser f\u00fcr Erkl\u00e4rungen der Eigenschaften\",\"item\":\"http:\\\/\\\/www.pressglass.com\\\/declaration-properties\\\/\"},{\"@type\":\"ListItem\",\"position\":3,\"name\":\"\u00dcbereinstimmungserkl\u00e4rung\"}]},{\"@type\":\"WebSite\",\"@id\":\"https:\\\/\\\/www.pressglass.com\\\/it\\\/#website\",\"url\":\"https:\\\/\\\/www.pressglass.com\\\/it\\\/\",\"name\":\"PRESS GLASS HOLDING SA\",\"description\":\"\",\"potentialAction\":[{\"@type\":\"SearchAction\",\"target\":{\"@type\":\"EntryPoint\",\"urlTemplate\":\"https:\\\/\\\/www.pressglass.com\\\/it\\\/?s={search_term_string}\"},\"query-input\":{\"@type\":\"PropertyValueSpecification\",\"valueRequired\":true,\"valueName\":\"search_term_string\"}}],\"inLanguage\":\"de-DE\"}]}<\/script>\n<!-- \/ Yoast SEO plugin. -->","yoast_head_json":{"title":"\u00dcbereinstimmungserkl\u00e4rung - PRESS GLASS HOLDING SA","description":"\u00dcbereinstimmungserkl\u00e4rung","robots":{"index":"index","follow":"follow","max-snippet":"max-snippet:-1","max-image-preview":"max-image-preview:large","max-video-preview":"max-video-preview:-1"},"canonical":"https:\/\/www.pressglass.com\/declaration-properties\/declaration-performance\/","twitter_misc":{"Gesch\u00e4tzte Lesezeit":"2 Minuten"},"schema":{"@context":"https:\/\/schema.org","@graph":[{"@type":"WebPage","@id":"https:\/\/www.pressglass.com\/declaration-properties\/declaration-performance\/","url":"https:\/\/www.pressglass.com\/declaration-properties\/declaration-performance\/","name":"\u00dcbereinstimmungserkl\u00e4rung - PRESS GLASS HOLDING SA","isPartOf":{"@id":"https:\/\/www.pressglass.com\/it\/#website"},"datePublished":"2016-11-25T13:08:59+00:00","dateModified":"2022-12-06T14:03:12+00:00","description":"\u00dcbereinstimmungserkl\u00e4rung","breadcrumb":{"@id":"https:\/\/www.pressglass.com\/declaration-properties\/declaration-performance\/#breadcrumb"},"inLanguage":"de-DE","potentialAction":[{"@type":"ReadAction","target":["https:\/\/www.pressglass.com\/declaration-properties\/declaration-performance\/"]}]},{"@type":"BreadcrumbList","@id":"https:\/\/www.pressglass.com\/declaration-properties\/declaration-performance\/#breadcrumb","itemListElement":[{"@type":"ListItem","position":1,"name":"Strona g\u0142\u00f3wna","item":"https:\/\/www.pressglass.com\/de\/"},{"@type":"ListItem","position":2,"name":"Browser f\u00fcr Erkl\u00e4rungen der Eigenschaften","item":"http:\/\/www.pressglass.com\/declaration-properties\/"},{"@type":"ListItem","position":3,"name":"\u00dcbereinstimmungserkl\u00e4rung"}]},{"@type":"WebSite","@id":"https:\/\/www.pressglass.com\/it\/#website","url":"https:\/\/www.pressglass.com\/it\/","name":"PRESS GLASS HOLDING SA","description":"","potentialAction":[{"@type":"SearchAction","target":{"@type":"EntryPoint","urlTemplate":"https:\/\/www.pressglass.com\/it\/?s={search_term_string}"},"query-input":{"@type":"PropertyValueSpecification","valueRequired":true,"valueName":"search_term_string"}}],"inLanguage":"de-DE"}]}},"rttpg_featured_image_url":null,"rttpg_author":{"display_name":"Piotr Suszek","author_link":"https:\/\/www.pressglass.com\/de\/author\/piotr-suszek\/"},"rttpg_comment":0,"rttpg_category":false,"rttpg_excerpt":null,"_links":{"self":[{"href":"https:\/\/www.pressglass.com\/de\/wp-json\/wp\/v2\/pages\/57312","targetHints":{"allow":["GET"]}}],"collection":[{"href":"https:\/\/www.pressglass.com\/de\/wp-json\/wp\/v2\/pages"}],"about":[{"href":"https:\/\/www.pressglass.com\/de\/wp-json\/wp\/v2\/types\/page"}],"author":[{"embeddable":true,"href":"https:\/\/www.pressglass.com\/de\/wp-json\/wp\/v2\/users\/32"}],"replies":[{"embeddable":true,"href":"https:\/\/www.pressglass.com\/de\/wp-json\/wp\/v2\/comments?post=57312"}],"version-history":[{"count":12,"href":"https:\/\/www.pressglass.com\/de\/wp-json\/wp\/v2\/pages\/57312\/revisions"}],"predecessor-version":[{"id":139915,"href":"https:\/\/www.pressglass.com\/de\/wp-json\/wp\/v2\/pages\/57312\/revisions\/139915"}],"up":[{"embeddable":true,"href":"https:\/\/www.pressglass.com\/de\/wp-json\/wp\/v2\/pages\/57310"}],"wp:attachment":[{"href":"https:\/\/www.pressglass.com\/de\/wp-json\/wp\/v2\/media?parent=57312"}],"curies":[{"name":"wp","href":"https:\/\/api.w.org\/{rel}","templated":true}]}}