{"id":59402,"date":"2016-12-28T00:12:51","date_gmt":"2016-12-27T23:12:51","guid":{"rendered":"https:\/\/www.pressglass.com\/?page_id=59402"},"modified":"2018-06-12T17:21:47","modified_gmt":"2018-06-12T15:21:47","slug":"logistique-moderne","status":"publish","type":"page","link":"http:\/\/www.pressglass.com\/fr\/societe\/logistique-moderne\/","title":{"rendered":"Logistique moderne"},"content":{"rendered":"\n<style type=\"text\/css\" data-created_by=\"avia_inline_auto\" id=\"style-css-av-av_section-b82e7ac9125db8013a1de0a830b824a7\">\n.avia-section.av-av_section-b82e7ac9125db8013a1de0a830b824a7{\nbackground-repeat:no-repeat;\nbackground-image:url(http:\/\/www.pressglass.com\/wp-content\/uploads\/2015\/05\/slider_malymodernlogistic.jpg);\nbackground-position:100% 0%;\nbackground-attachment:scroll;\n}\n<\/style>\n<div id='av_section_1'  class='avia-section av-av_section-b82e7ac9125db8013a1de0a830b824a7 main_color avia-section-default avia-no-border-styling  avia-builder-el-0  el_before_av_one_full  avia-builder-el-first  avia-full-stretch avia-bg-style-scroll av-minimum-height av-minimum-height-custom av-height-custom  container_wrap sidebar_right'  data-section-bg-repeat='stretch' data-av_minimum_height_px='285'><div class='container av-section-cont-open' style='height:285px'><main  role=\"main\" itemprop=\"mainContentOfPage\"  class='template-page content  av-content-small alpha units'><div class='post-entry post-entry-type-page post-entry-59402'><div class='entry-content-wrapper clearfix'><\/div><\/div><\/main><!-- close content main element --><\/div><\/div><div id='after_section_1'  class='main_color av_default_container_wrap container_wrap sidebar_right'  ><div class='container av-section-cont-open' ><div class='template-page content  av-content-small alpha units'><div class='post-entry post-entry-type-page post-entry-59402'><div class='entry-content-wrapper clearfix'>\n<div  class='flex_column av-av_one_full-2a9015ff38129c418a3f2eafba3e9512 av_one_full  avia-builder-el-1  el_after_av_section  el_before_av_one_half  avia-builder-el-first  first flex_column_div  '     ><style type=\"text\/css\" data-created_by=\"avia_inline_auto\" id=\"style-css-av-av_heading-663c759e3ba163bd878cb55c71a9f5ae\">\n#top .av-special-heading.av-av_heading-663c759e3ba163bd878cb55c71a9f5ae{\npadding-bottom:10px;\n}\nbody .av-special-heading.av-av_heading-663c759e3ba163bd878cb55c71a9f5ae .av-special-heading-tag .heading-char{\nfont-size:25px;\n}\n.av-special-heading.av-av_heading-663c759e3ba163bd878cb55c71a9f5ae .av-subheading{\nfont-size:15px;\n}\n<\/style>\n<div  class='av-special-heading av-av_heading-663c759e3ba163bd878cb55c71a9f5ae av-special-heading-h1  avia-builder-el-2  avia-builder-el-no-sibling '><h1 class='av-special-heading-tag '  itemprop=\"headline\"  >Logistique moderne<\/h1><div class=\"special-heading-border\"><div class=\"special-heading-inner-border\"><\/div><\/div><\/div><\/div>\n<div  class='flex_column av-av_one_half-2a9015ff38129c418a3f2eafba3e9512 av_one_half  avia-builder-el-3  el_after_av_one_full  el_before_av_one_half  first flex_column_div  column-top-margin'     ><p><section  class='av_textblock_section av-av_textblock-0366cc7376be6c9e82a3e9cc8987b64f '   itemscope=\"itemscope\" itemtype=\"https:\/\/schema.org\/CreativeWork\" ><div class='avia_textblock'  itemprop=\"text\" ><p>Nos produits sont appr\u00e9cies par <strong>des entreprises dans toute<\/strong> <strong>l\u2019Europe et l&rsquo;Am\u00e9rique du Nord<\/strong>. Plus de la moiti\u00e9 d&rsquo;entre eux sont nos partenaires depuis plus de 10 ans. Notre verre est transport\u00e9 vers nos Cients \u00e0 une distance totale de plus de 1 million de kilom\u00e8tres par mois.<\/p>\n<\/div><\/section><br \/>\n<\/p><\/div>\n\n<style type=\"text\/css\" data-created_by=\"avia_inline_auto\" id=\"style-css-av-av_one_half-c8fc129dc35fd1ae2a1e410224d39ea8\">\n.flex_column.av-av_one_half-c8fc129dc35fd1ae2a1e410224d39ea8{\nborder-radius:0px 0px 0px 0px;\npadding:0px 0px 0px 0px;\n}\n<\/style>\n<div  class='flex_column av-av_one_half-c8fc129dc35fd1ae2a1e410224d39ea8 av_one_half  avia-builder-el-6  el_after_av_one_half  el_before_av_section  avia-builder-el-last  flex_column_div av-zero-column-padding  column-top-margin'     ><p><section  class='av_textblock_section av-av_textblock-2de302bf1aa3cf4c9157dbe6f50ac7eb '   itemscope=\"itemscope\" itemtype=\"https:\/\/schema.org\/CreativeWork\" ><div class='avia_textblock'  itemprop=\"text\" ><p>Gr\u00e2ce \u00e0 notre flotte ou \u00e0 un r\u00e9seau de partenaires sp\u00e9cialis\u00e9s dans le\u00a0transport internationaux, <strong>en Europe<\/strong>,\u00a0nous exp\u00e9dions jusqu&rsquo;\u00e0 <strong>150 camions par jour<\/strong>, avec des transits maritimes, \u00e0 une distance de 3.500 km.<br \/>\nNous organisons aussi des transports maritimes transatlantiques et\u00a0des transports a\u00e9riens.<\/p>\n<\/div><\/section><br \/>\n<\/p><\/div>\n<\/div><\/div><\/div><!-- close content main div --><\/div><\/div><div id='av_section_2'  class='avia-section av-av_section-d21fdcaeecb69b7efe4eaf10b6112bd0 main_color avia-section-default avia-no-shadow  avia-builder-el-9  el_after_av_one_half  el_before_av_hr  avia-bg-style-scroll container_wrap sidebar_right'  ><div class='container av-section-cont-open' ><div class='template-page content  av-content-small alpha units'><div class='post-entry post-entry-type-page post-entry-59402'><div class='entry-content-wrapper clearfix'>\n<div  class='flex_column av-av_one_full-2a9015ff38129c418a3f2eafba3e9512 av_one_full  avia-builder-el-10  avia-builder-el-no-sibling  first flex_column_div  '     ><div  class='avia-image-container  av-styling-    avia-builder-el-11  avia-builder-el-no-sibling  avia-align-center'  itemprop=\"image\" itemscope=\"itemscope\" itemtype=\"https:\/\/schema.org\/ImageObject\"  ><div class='avia-image-container-inner'><div class='avia-image-overlay-wrap'><img class='avia_image' src='http:\/\/www.pressglass.com\/wp-content\/uploads\/2016\/12\/Press-Glass-Nowoczesna-logistyka-MAPA.png' alt='' title='Press-Glass-Logistique moderne' height=\"568\" width=\"800\"  itemprop=\"thumbnailUrl\"  \/><\/div><\/div><\/div><\/div>\n<\/div><\/div><\/div><!-- close content main div --><\/div><\/div><div id='after_section_2'  class='main_color av_default_container_wrap container_wrap sidebar_right'  ><div class='container av-section-cont-open' ><div class='template-page content  av-content-small alpha units'><div class='post-entry post-entry-type-page post-entry-59402'><div class='entry-content-wrapper clearfix'>\n\n<style type=\"text\/css\" data-created_by=\"avia_inline_auto\" id=\"style-css-av-av_hr-a07f7596b1fca85f6595a75d593069df\">\n#top .hr.hr-invisible.av-av_hr-a07f7596b1fca85f6595a75d593069df{\nheight:40px;\n}\n<\/style>\n<div  class='hr av-av_hr-a07f7596b1fca85f6595a75d593069df hr-invisible  avia-builder-el-12  el_after_av_section  el_before_av_section  avia-builder-el-no-sibling '><span class='hr-inner '><span class=\"hr-inner-style\"><\/span><\/span><\/div>\n<\/div><\/div><\/div><!-- close content main div --><\/div><\/div>\n<style type=\"text\/css\" data-created_by=\"avia_inline_auto\" id=\"style-css-av-av_section-a64e712e4971c504b65f85b9f69ba1b8\">\n.avia-section.av-av_section-a64e712e4971c504b65f85b9f69ba1b8{\nbackground-repeat:repeat-x;\nbackground-image:url(http:\/\/www.pressglass.com\/wp-content\/uploads\/2015\/11\/Parallaxa-\u015brodowiskowa1.jpg);\nbackground-position:50% 50%;\nbackground-attachment:scroll;\n}\n<\/style>\n<div id='av_section_3'  class='avia-section av-av_section-a64e712e4971c504b65f85b9f69ba1b8 main_color avia-section-no-padding avia-no-shadow  avia-builder-el-13  el_after_av_hr  el_before_av_hr  avia-bg-style-scroll av-minimum-height av-minimum-height-custom av-height-custom  container_wrap sidebar_right'  data-section-bg-repeat='repeat-x' data-av_minimum_height_px='400'><div class='container av-section-cont-open' style='height:400px'><div class='template-page content  av-content-small alpha units'><div class='post-entry post-entry-type-page post-entry-59402'><div class='entry-content-wrapper clearfix'>\n<div  class='flex_column av-av_one_fifth-2a9015ff38129c418a3f2eafba3e9512 av_one_fifth  avia-builder-el-14  el_before_av_three_fifth  avia-builder-el-first  first flex_column_div  '     ><\/div>\n<style type=\"text\/css\" data-created_by=\"avia_inline_auto\" id=\"style-css-av-av_three_fifth-c8fc129dc35fd1ae2a1e410224d39ea8\">\n.flex_column.av-av_three_fifth-c8fc129dc35fd1ae2a1e410224d39ea8{\nborder-radius:0px 0px 0px 0px;\npadding:0px 0px 0px 0px;\n}\n<\/style>\n<div  class='flex_column av-av_three_fifth-c8fc129dc35fd1ae2a1e410224d39ea8 av_three_fifth  avia-builder-el-15  el_after_av_one_fifth  el_before_av_one_fifth  flex_column_div av-zero-column-padding  '     ><p>\n<style type=\"text\/css\" data-created_by=\"avia_inline_auto\" id=\"style-css-av-av_hr-5ea7596238ed9f191e6b5e662093052f\">\n#top .hr.hr-invisible.av-av_hr-5ea7596238ed9f191e6b5e662093052f{\nheight:30px;\n}\n<\/style>\n<div  class='hr av-av_hr-5ea7596238ed9f191e6b5e662093052f hr-invisible  avia-builder-el-16  el_before_av_heading  avia-builder-el-first '><span class='hr-inner '><span class=\"hr-inner-style\"><\/span><\/span><\/div><br \/>\n\n<style type=\"text\/css\" data-created_by=\"avia_inline_auto\" id=\"style-css-av-av_heading-b43eb4094f6527026b72febf2c78ef21\">\n#top .av-special-heading.av-av_heading-b43eb4094f6527026b72febf2c78ef21{\npadding-bottom:0;\ncolor:#ffffff;\nfont-size:35px;\n}\nbody .av-special-heading.av-av_heading-b43eb4094f6527026b72febf2c78ef21 .av-special-heading-tag .heading-char{\nfont-size:25px;\n}\n#top #wrap_all .av-special-heading.av-av_heading-b43eb4094f6527026b72febf2c78ef21 .av-special-heading-tag{\nfont-size:35px;\n}\n.av-special-heading.av-av_heading-b43eb4094f6527026b72febf2c78ef21 .special-heading-inner-border{\nborder-color:#ffffff;\n}\n.av-special-heading.av-av_heading-b43eb4094f6527026b72febf2c78ef21 .av-subheading{\nfont-size:20px;\n}\n\n@media only screen and (min-width: 480px) and (max-width: 767px){ \n#top #wrap_all .av-special-heading.av-av_heading-b43eb4094f6527026b72febf2c78ef21 .av-special-heading-tag{\nfont-size:0.8em;\n}\n}\n\n@media only screen and (max-width: 479px){ \n#top #wrap_all .av-special-heading.av-av_heading-b43eb4094f6527026b72febf2c78ef21 .av-special-heading-tag{\nfont-size:0.8em;\n}\n}\n<\/style>\n<div  class='av-special-heading av-av_heading-b43eb4094f6527026b72febf2c78ef21 av-special-heading-h2 custom-color-heading blockquote modern-quote modern-centered  avia-builder-el-17  el_after_av_hr  el_before_av_hr  av-inherit-size'><h2 class='av-special-heading-tag '  itemprop=\"headline\"  >POUR R\u00c9DUIRE L\u2018IMPACT SUR L\u2019ENVIRONNEMENT, NOUS ADAPTONS CONSTAMMENT LA FABRICATION DES PRODUITS ET CHANGEONS NOS HABITUDES. <\/h2><div class='av_custom_color av-subheading av-subheading_below'><p>Afin de faciliter ce processus, nous avons adopt\u00e9 le syst\u00e8me mondial de gestion environnementale ISO 14001.<\/p>\n<\/div><div class=\"special-heading-border\"><div class=\"special-heading-inner-border\"><\/div><\/div><\/div><br \/>\n\n<style type=\"text\/css\" data-created_by=\"avia_inline_auto\" id=\"style-css-av-av_hr-5ea7596238ed9f191e6b5e662093052f\">\n#top .hr.hr-invisible.av-av_hr-5ea7596238ed9f191e6b5e662093052f{\nheight:30px;\n}\n<\/style>\n<div  class='hr av-av_hr-5ea7596238ed9f191e6b5e662093052f hr-invisible  avia-builder-el-18  el_after_av_heading  el_before_av_image '><span class='hr-inner '><span class=\"hr-inner-style\"><\/span><\/span><\/div><br \/>\n<div  class='avia-image-container  av-styling-    avia-builder-el-19  el_after_av_hr  el_before_av_hr  avia-align-center'  itemprop=\"image\" itemscope=\"itemscope\" itemtype=\"https:\/\/schema.org\/ImageObject\"  ><div class='avia-image-container-inner'><div class='avia-image-overlay-wrap'><img class='avia_image' src='http:\/\/www.pressglass.com\/wp-content\/uploads\/2018\/06\/resources-saved-fr.png' alt='' title='resources-saved-fr' height=\"134\" width=\"597\"  itemprop=\"thumbnailUrl\"  \/><\/div><\/div><\/div><br \/>\n\n<style type=\"text\/css\" data-created_by=\"avia_inline_auto\" id=\"style-css-av-av_hr-5ea7596238ed9f191e6b5e662093052f\">\n#top .hr.hr-invisible.av-av_hr-5ea7596238ed9f191e6b5e662093052f{\nheight:30px;\n}\n<\/style>\n<div  class='hr av-av_hr-5ea7596238ed9f191e6b5e662093052f hr-invisible  avia-builder-el-20  el_after_av_image  el_before_av_textblock '><span class='hr-inner '><span class=\"hr-inner-style\"><\/span><\/span><\/div><br \/>\n<section  class='av_textblock_section av-av_textblock-0366cc7376be6c9e82a3e9cc8987b64f '   itemscope=\"itemscope\" itemtype=\"https:\/\/schema.org\/CreativeWork\" ><div class='avia_textblock'  itemprop=\"text\" ><p><center><a class=\"avia-button mte_button_white_large\" href=\"https:\/\/www.pressglass.com\/protection-de-lenvironnement\/?lang=fr\">Plus<\/a><\/center><\/p>\n<\/div><\/section><br \/>\n\n<style type=\"text\/css\" data-created_by=\"avia_inline_auto\" id=\"style-css-av-av_hr-5ea7596238ed9f191e6b5e662093052f\">\n#top .hr.hr-invisible.av-av_hr-5ea7596238ed9f191e6b5e662093052f{\nheight:30px;\n}\n<\/style>\n<div  class='hr av-av_hr-5ea7596238ed9f191e6b5e662093052f hr-invisible  avia-builder-el-22  el_after_av_textblock  avia-builder-el-last '><span class='hr-inner '><span class=\"hr-inner-style\"><\/span><\/span><\/div><\/p><\/div>\n<style type=\"text\/css\" data-created_by=\"avia_inline_auto\" id=\"style-css-av-av_one_fifth-c8fc129dc35fd1ae2a1e410224d39ea8\">\n.flex_column.av-av_one_fifth-c8fc129dc35fd1ae2a1e410224d39ea8{\nborder-radius:0px 0px 0px 0px;\npadding:0px 0px 0px 0px;\n}\n<\/style>\n<div  class='flex_column av-av_one_fifth-c8fc129dc35fd1ae2a1e410224d39ea8 av_one_fifth  avia-builder-el-23  el_after_av_three_fifth  avia-builder-el-last  flex_column_div av-zero-column-padding  '     ><\/div><\/div><\/div><\/div><!-- close content main div --><\/div><\/div><div id='after_section_3'  class='main_color av_default_container_wrap container_wrap sidebar_right'  ><div class='container av-section-cont-open' ><div class='template-page content  av-content-small alpha units'><div class='post-entry post-entry-type-page post-entry-59402'><div class='entry-content-wrapper clearfix'>\n<style type=\"text\/css\" data-created_by=\"avia_inline_auto\" id=\"style-css-av-av_hr-a07f7596b1fca85f6595a75d593069df\">\n#top .hr.hr-invisible.av-av_hr-a07f7596b1fca85f6595a75d593069df{\nheight:40px;\n}\n<\/style>\n<div  class='hr av-av_hr-a07f7596b1fca85f6595a75d593069df hr-invisible  avia-builder-el-24  el_after_av_section  avia-builder-el-no-sibling '><span class='hr-inner '><span class=\"hr-inner-style\"><\/span><\/span><\/div><\/p>\n","protected":false},"excerpt":{"rendered":"","protected":false},"author":32,"featured_media":0,"parent":59378,"menu_order":0,"comment_status":"closed","ping_status":"closed","template":"","meta":{"footnotes":""},"class_list":["post-59402","page","type-page","status-publish","hentry"],"yoast_head":"<!-- This site is optimized with the Yoast SEO plugin v27.3 - https:\/\/yoast.com\/product\/yoast-seo-wordpress\/ -->\n<title>Logistique moderne - PRESS GLASS HOLDING SA<\/title>\n<meta name=\"description\" content=\"Logistique moderne\" \/>\n<meta name=\"robots\" content=\"index, follow, max-snippet:-1, max-image-preview:large, max-video-preview:-1\" \/>\n<link rel=\"canonical\" href=\"http:\/\/www.pressglass.com\/fr\/societe\/logistique-moderne\/\" \/>\n<meta name=\"twitter:label1\" content=\"Dur\u00e9e de lecture estim\u00e9e\" \/>\n\t<meta name=\"twitter:data1\" content=\"5 minutes\" \/>\n<script type=\"application\/ld+json\" class=\"yoast-schema-graph\">{\"@context\":\"https:\\\/\\\/schema.org\",\"@graph\":[{\"@type\":\"WebPage\",\"@id\":\"http:\\\/\\\/www.pressglass.com\\\/fr\\\/societe\\\/logistique-moderne\\\/\",\"url\":\"http:\\\/\\\/www.pressglass.com\\\/fr\\\/societe\\\/logistique-moderne\\\/\",\"name\":\"Logistique moderne - PRESS GLASS HOLDING SA\",\"isPartOf\":{\"@id\":\"http:\\\/\\\/www.pressglass.com\\\/pl\\\/#website\"},\"datePublished\":\"2016-12-27T23:12:51+00:00\",\"dateModified\":\"2018-06-12T15:21:47+00:00\",\"description\":\"Logistique moderne\",\"breadcrumb\":{\"@id\":\"http:\\\/\\\/www.pressglass.com\\\/fr\\\/societe\\\/logistique-moderne\\\/#breadcrumb\"},\"inLanguage\":\"fr-FR\",\"potentialAction\":[{\"@type\":\"ReadAction\",\"target\":[\"http:\\\/\\\/www.pressglass.com\\\/fr\\\/societe\\\/logistique-moderne\\\/\"]}]},{\"@type\":\"BreadcrumbList\",\"@id\":\"http:\\\/\\\/www.pressglass.com\\\/fr\\\/societe\\\/logistique-moderne\\\/#breadcrumb\",\"itemListElement\":[{\"@type\":\"ListItem\",\"position\":1,\"name\":\"Strona g\u0142\u00f3wna\",\"item\":\"http:\\\/\\\/www.pressglass.com\\\/fr\\\/\"},{\"@type\":\"ListItem\",\"position\":2,\"name\":\"Soci\u00e9t\u00e9\",\"item\":\"http:\\\/\\\/www.pressglass.com\\\/fr\\\/societe\\\/\"},{\"@type\":\"ListItem\",\"position\":3,\"name\":\"Logistique moderne\"}]},{\"@type\":\"WebSite\",\"@id\":\"http:\\\/\\\/www.pressglass.com\\\/pl\\\/#website\",\"url\":\"http:\\\/\\\/www.pressglass.com\\\/pl\\\/\",\"name\":\"PRESS GLASS HOLDING SA\",\"description\":\"\",\"potentialAction\":[{\"@type\":\"SearchAction\",\"target\":{\"@type\":\"EntryPoint\",\"urlTemplate\":\"http:\\\/\\\/www.pressglass.com\\\/pl\\\/?s={search_term_string}\"},\"query-input\":{\"@type\":\"PropertyValueSpecification\",\"valueRequired\":true,\"valueName\":\"search_term_string\"}}],\"inLanguage\":\"fr-FR\"}]}<\/script>\n<!-- \/ Yoast SEO plugin. -->","yoast_head_json":{"title":"Logistique moderne - PRESS GLASS HOLDING SA","description":"Logistique moderne","robots":{"index":"index","follow":"follow","max-snippet":"max-snippet:-1","max-image-preview":"max-image-preview:large","max-video-preview":"max-video-preview:-1"},"canonical":"http:\/\/www.pressglass.com\/fr\/societe\/logistique-moderne\/","twitter_misc":{"Dur\u00e9e de lecture estim\u00e9e":"5 minutes"},"schema":{"@context":"https:\/\/schema.org","@graph":[{"@type":"WebPage","@id":"http:\/\/www.pressglass.com\/fr\/societe\/logistique-moderne\/","url":"http:\/\/www.pressglass.com\/fr\/societe\/logistique-moderne\/","name":"Logistique moderne - PRESS GLASS HOLDING SA","isPartOf":{"@id":"http:\/\/www.pressglass.com\/pl\/#website"},"datePublished":"2016-12-27T23:12:51+00:00","dateModified":"2018-06-12T15:21:47+00:00","description":"Logistique moderne","breadcrumb":{"@id":"http:\/\/www.pressglass.com\/fr\/societe\/logistique-moderne\/#breadcrumb"},"inLanguage":"fr-FR","potentialAction":[{"@type":"ReadAction","target":["http:\/\/www.pressglass.com\/fr\/societe\/logistique-moderne\/"]}]},{"@type":"BreadcrumbList","@id":"http:\/\/www.pressglass.com\/fr\/societe\/logistique-moderne\/#breadcrumb","itemListElement":[{"@type":"ListItem","position":1,"name":"Strona g\u0142\u00f3wna","item":"http:\/\/www.pressglass.com\/fr\/"},{"@type":"ListItem","position":2,"name":"Soci\u00e9t\u00e9","item":"http:\/\/www.pressglass.com\/fr\/societe\/"},{"@type":"ListItem","position":3,"name":"Logistique moderne"}]},{"@type":"WebSite","@id":"http:\/\/www.pressglass.com\/pl\/#website","url":"http:\/\/www.pressglass.com\/pl\/","name":"PRESS GLASS HOLDING SA","description":"","potentialAction":[{"@type":"SearchAction","target":{"@type":"EntryPoint","urlTemplate":"http:\/\/www.pressglass.com\/pl\/?s={search_term_string}"},"query-input":{"@type":"PropertyValueSpecification","valueRequired":true,"valueName":"search_term_string"}}],"inLanguage":"fr-FR"}]}},"rttpg_featured_image_url":null,"rttpg_author":{"display_name":"Piotr Suszek","author_link":"http:\/\/www.pressglass.com\/fr\/author\/piotr-suszek\/"},"rttpg_comment":0,"rttpg_category":false,"rttpg_excerpt":null,"_links":{"self":[{"href":"http:\/\/www.pressglass.com\/fr\/wp-json\/wp\/v2\/pages\/59402","targetHints":{"allow":["GET"]}}],"collection":[{"href":"http:\/\/www.pressglass.com\/fr\/wp-json\/wp\/v2\/pages"}],"about":[{"href":"http:\/\/www.pressglass.com\/fr\/wp-json\/wp\/v2\/types\/page"}],"author":[{"embeddable":true,"href":"http:\/\/www.pressglass.com\/fr\/wp-json\/wp\/v2\/users\/32"}],"replies":[{"embeddable":true,"href":"http:\/\/www.pressglass.com\/fr\/wp-json\/wp\/v2\/comments?post=59402"}],"version-history":[{"count":11,"href":"http:\/\/www.pressglass.com\/fr\/wp-json\/wp\/v2\/pages\/59402\/revisions"}],"predecessor-version":[{"id":74944,"href":"http:\/\/www.pressglass.com\/fr\/wp-json\/wp\/v2\/pages\/59402\/revisions\/74944"}],"up":[{"embeddable":true,"href":"http:\/\/www.pressglass.com\/fr\/wp-json\/wp\/v2\/pages\/59378"}],"wp:attachment":[{"href":"http:\/\/www.pressglass.com\/fr\/wp-json\/wp\/v2\/media?parent=59402"}],"curies":[{"name":"wp","href":"https:\/\/api.w.org\/{rel}","templated":true}]}}