{"id":117787,"date":"2019-12-27T12:55:55","date_gmt":"2019-12-27T11:55:55","guid":{"rendered":"https:\/\/www.pressglass.com\/dla-akcjonariuszy\/"},"modified":"2021-11-03T16:12:17","modified_gmt":"2021-11-03T15:12:17","slug":"pour-les-actionnaires","status":"publish","type":"page","link":"http:\/\/www.pressglass.com\/fr\/pour-les-actionnaires\/","title":{"rendered":"Pour les actionnaires"},"content":{"rendered":"\n<style type=\"text\/css\" data-created_by=\"avia_inline_auto\" id=\"style-css-av-1omsj4nv-c020337ee92ec0550c68a470868afa56\">\n.avia-section.av-1omsj4nv-c020337ee92ec0550c68a470868afa56{\nbackground-repeat:no-repeat;\nbackground-image:url(http:\/\/www.pressglass.com\/wp-content\/uploads\/2017\/10\/Kariera-w-Press-Glass.jpg);\nbackground-position:50% 50%;\nbackground-attachment:scroll;\n}\n<\/style>\n<div id='av_section_1'  class='avia-section av-1omsj4nv-c020337ee92ec0550c68a470868afa56 main_color avia-section-default avia-no-shadow  avia-builder-el-0  el_before_av_heading  avia-builder-el-first  avia-full-stretch avia-bg-style-scroll av-minimum-height av-minimum-height-custom av-height-custom  container_wrap sidebar_right'  data-section-bg-repeat='stretch' data-av_minimum_height_px='275'><div class='container av-section-cont-open' style='height:275px'><main  role=\"main\" itemprop=\"mainContentOfPage\"  class='template-page content  av-content-small alpha units'><div class='post-entry post-entry-type-page post-entry-117787'><div class='entry-content-wrapper clearfix'><\/div><\/div><\/main><!-- close content main element --><\/div><\/div><div id='after_section_1'  class='main_color av_default_container_wrap container_wrap sidebar_right'  ><div class='container av-section-cont-open' ><div class='template-page content  av-content-small alpha units'><div class='post-entry post-entry-type-page post-entry-117787'><div class='entry-content-wrapper clearfix'>\n\n<style type=\"text\/css\" data-created_by=\"avia_inline_auto\" id=\"style-css-av-av_heading-8fe45cb16e82e95b87b119c453511bbd\">\n#top .av-special-heading.av-av_heading-8fe45cb16e82e95b87b119c453511bbd{\npadding-bottom:10px;\n}\nbody .av-special-heading.av-av_heading-8fe45cb16e82e95b87b119c453511bbd .av-special-heading-tag .heading-char{\nfont-size:25px;\n}\n.av-special-heading.av-av_heading-8fe45cb16e82e95b87b119c453511bbd .av-subheading{\nfont-size:15px;\n}\n<\/style>\n<div  class='av-special-heading av-av_heading-8fe45cb16e82e95b87b119c453511bbd av-special-heading-h1  avia-builder-el-1  el_after_av_section  el_before_av_hr  avia-builder-el-first '><h1 class='av-special-heading-tag '  itemprop=\"headline\"  >Pour les actionnaires<\/h1><div class=\"special-heading-border\"><div class=\"special-heading-inner-border\"><\/div><\/div><\/div>\n\n<style type=\"text\/css\" data-created_by=\"avia_inline_auto\" id=\"style-css-av-1hj8t55n-06ca26c5575047094802121f5010f832\">\n#top .hr.hr-invisible.av-1hj8t55n-06ca26c5575047094802121f5010f832{\nheight:20px;\n}\n<\/style>\n<div  class='hr av-1hj8t55n-06ca26c5575047094802121f5010f832 hr-invisible  avia-builder-el-2  el_after_av_heading  el_before_av_one_full '><span class='hr-inner '><span class=\"hr-inner-style\"><\/span><\/span><\/div>\n<div  class='flex_column av-1cjl9cpn-5a67f8d869bcc47ec6d4fe56768ec94e av_one_full  avia-builder-el-3  el_after_av_hr  el_before_av_hr  first flex_column_div  '     ><p>\n<style type=\"text\/css\" data-created_by=\"avia_inline_auto\" id=\"style-css-av-dmh2yjf-3e460c3357f0deeb5458ed8d1d3f11dc\">\n#top .av-special-heading.av-dmh2yjf-3e460c3357f0deeb5458ed8d1d3f11dc{\npadding-bottom:10px;\nfont-size:35px;\n}\nbody .av-special-heading.av-dmh2yjf-3e460c3357f0deeb5458ed8d1d3f11dc .av-special-heading-tag .heading-char{\nfont-size:25px;\n}\n#top #wrap_all .av-special-heading.av-dmh2yjf-3e460c3357f0deeb5458ed8d1d3f11dc .av-special-heading-tag{\nfont-size:35px;\n}\n.av-special-heading.av-dmh2yjf-3e460c3357f0deeb5458ed8d1d3f11dc .av-subheading{\nfont-size:15px;\n}\n\n@media only screen and (min-width: 480px) and (max-width: 767px){ \n#top #wrap_all .av-special-heading.av-dmh2yjf-3e460c3357f0deeb5458ed8d1d3f11dc .av-special-heading-tag{\nfont-size:0.8em;\n}\n}\n\n@media only screen and (max-width: 479px){ \n#top #wrap_all .av-special-heading.av-dmh2yjf-3e460c3357f0deeb5458ed8d1d3f11dc .av-special-heading-tag{\nfont-size:0.8em;\n}\n}\n<\/style>\n<div  class='av-special-heading av-dmh2yjf-3e460c3357f0deeb5458ed8d1d3f11dc av-special-heading-h2 blockquote modern-quote modern-centered  avia-builder-el-4  el_before_av_hr  avia-builder-el-first  av-inherit-size'><h2 class='av-special-heading-tag '  itemprop=\"headline\"  >Annonces<\/h2><div class=\"special-heading-border\"><div class=\"special-heading-inner-border\"><\/div><\/div><\/div><br \/>\n\n<style type=\"text\/css\" data-created_by=\"avia_inline_auto\" id=\"style-css-av-14xc640r-1a492fbb36385db8fa66ec17bd174782\">\n#top .hr.hr-invisible.av-14xc640r-1a492fbb36385db8fa66ec17bd174782{\nheight:40px;\n}\n<\/style>\n<div  class='hr av-14xc640r-1a492fbb36385db8fa66ec17bd174782 hr-invisible  avia-builder-el-5  el_after_av_heading  el_before_av_textblock '><span class='hr-inner '><span class=\"hr-inner-style\"><\/span><\/span><\/div><br \/>\n<section  class='av_textblock_section av-kdznssfi-c4e8c31e3394a8ee25ab2590a758562d '   itemscope=\"itemscope\" itemtype=\"https:\/\/schema.org\/CreativeWork\" ><div class='avia_textblock'  itemprop=\"text\" ><h4 style=\"text-align: left;\">An announcement dated on November 3, 2021<\/h4>\n<p>Press Glass Sp\u00f3\u0142ka Akcyjna with its registered office in Konopiska, Poland, entered into the Register of Entrepreneurs of the National Court Register kept by the District Court in Cz\u0119stochowa, XVII Commercial Division of the National Court Register under KRS number 131477, notifies about the registered on October 22, 2021 by the District Court in Cz\u0119stochowa, Poland, XVII Commercial Division of the National Court Register, merger of Press Glass Sp\u00f3\u0142ka Akcyjna, as the acquiring company, with AMG S.\u00e0 rl based in Luxembourg, Grand Duchy of Luxembourg, registered in the Luxembourg Trade and Companies Register (Registre de Commerce et des Societes) under number B229026, as the acquired company.<\/p>\n<\/div><\/section><br \/>\n\n<style type=\"text\/css\" data-created_by=\"avia_inline_auto\" id=\"style-css-av-14xc640r-1a492fbb36385db8fa66ec17bd174782\">\n#top .hr.hr-invisible.av-14xc640r-1a492fbb36385db8fa66ec17bd174782{\nheight:40px;\n}\n<\/style>\n<div  class='hr av-14xc640r-1a492fbb36385db8fa66ec17bd174782 hr-invisible  avia-builder-el-7  el_after_av_textblock  el_before_av_textblock '><span class='hr-inner '><span class=\"hr-inner-style\"><\/span><\/span><\/div><br \/>\n<section  class='av_textblock_section av-kdznssfi-c4e8c31e3394a8ee25ab2590a758562d '   itemscope=\"itemscope\" itemtype=\"https:\/\/schema.org\/CreativeWork\" ><div class='avia_textblock'  itemprop=\"text\" ><h4 style=\"text-align: left;\">An announcement dated on December 10, 2020<\/h4>\n<p>The Management Board of the Company under the name of Press Glass Sp\u00f3\u0142ka Akcyjna informs that on December 9, 2020 the Company\u2019s shareholders were called upon for the fifth time to submit their share certificates in order to dematerialize them.<\/p>\n<p>Share documents should be submitted to the registered office of the Company, i.e. ul. Golfowa 19 (42 \u2013 274 Konopiska, Poland) on business days from 8:00 a.m. to 4:00 p.m till February 19, 2021.<\/p>\n<\/div><\/section><br \/>\n\n<style type=\"text\/css\" data-created_by=\"avia_inline_auto\" id=\"style-css-av-14xc640r-1a492fbb36385db8fa66ec17bd174782\">\n#top .hr.hr-invisible.av-14xc640r-1a492fbb36385db8fa66ec17bd174782{\nheight:40px;\n}\n<\/style>\n<div  class='hr av-14xc640r-1a492fbb36385db8fa66ec17bd174782 hr-invisible  avia-builder-el-9  el_after_av_textblock  el_before_av_textblock '><span class='hr-inner '><span class=\"hr-inner-style\"><\/span><\/span><\/div><br \/>\n<section  class='av_textblock_section av-kdznssfi-c4e8c31e3394a8ee25ab2590a758562d '   itemscope=\"itemscope\" itemtype=\"https:\/\/schema.org\/CreativeWork\" ><div class='avia_textblock'  itemprop=\"text\" ><h4 style=\"text-align: left;\">An announcement dated on November 19, 2020<\/h4>\n<p>The Management Board of the Company under the name of Press Glass Sp\u00f3\u0142ka Akcyjna informs that on November 18, 2020 the Company\u2019s shareholders were called upon for the fourth time to submit their share certificates in order to dematerialize them.<\/p>\n<p>Share documents should be submitted to the registered office of the Company, i.e. ul. Golfowa 19 (42 \u2013 274 Konopiska, Poland) on business days from 8:00 a.m. to 4:00 p.m till February 19, 2021.<\/p>\n<\/div><\/section><br \/>\n\n<style type=\"text\/css\" data-created_by=\"avia_inline_auto\" id=\"style-css-av-14xc640r-1a492fbb36385db8fa66ec17bd174782\">\n#top .hr.hr-invisible.av-14xc640r-1a492fbb36385db8fa66ec17bd174782{\nheight:40px;\n}\n<\/style>\n<div  class='hr av-14xc640r-1a492fbb36385db8fa66ec17bd174782 hr-invisible  avia-builder-el-11  el_after_av_textblock  el_before_av_textblock '><span class='hr-inner '><span class=\"hr-inner-style\"><\/span><\/span><\/div><br \/>\n<section  class='av_textblock_section av-kdznssfi-c4e8c31e3394a8ee25ab2590a758562d '   itemscope=\"itemscope\" itemtype=\"https:\/\/schema.org\/CreativeWork\" ><div class='avia_textblock'  itemprop=\"text\" ><h4 style=\"text-align: left;\">An announcement dated on October 29, 2020<\/h4>\n<p>The Management Board of the Company under the name of Press Glass Sp\u00f3\u0142ka Akcyjna informs that on October 28, 2020 the Company\u2019s shareholders were called upon for the third time to submit their share certificates in order to dematerialize them.<\/p>\n<p>Share documents should be submitted to the registered office of the Company, i.e. ul. Golfowa 19 (42 \u2013 274 Konopiska, Poland) on business days from 8:00 a.m. to 4:00 p.m till February 19, 2021.<\/p>\n<\/div><\/section><br \/>\n\n<style type=\"text\/css\" data-created_by=\"avia_inline_auto\" id=\"style-css-av-14xc640r-1a492fbb36385db8fa66ec17bd174782\">\n#top .hr.hr-invisible.av-14xc640r-1a492fbb36385db8fa66ec17bd174782{\nheight:40px;\n}\n<\/style>\n<div  class='hr av-14xc640r-1a492fbb36385db8fa66ec17bd174782 hr-invisible  avia-builder-el-13  el_after_av_textblock  el_before_av_textblock '><span class='hr-inner '><span class=\"hr-inner-style\"><\/span><\/span><\/div><br \/>\n<section  class='av_textblock_section av-kdznssfi-c4e8c31e3394a8ee25ab2590a758562d '   itemscope=\"itemscope\" itemtype=\"https:\/\/schema.org\/CreativeWork\" ><div class='avia_textblock'  itemprop=\"text\" ><h4 style=\"text-align: left;\">An announcement dated on October 22, 2020<\/h4>\n<p>The Management Board of Press Glass S.A. informs that on October 7, 2020 by a notarial deed, Rep. A No. 5679\/2020 drawn up by notary public Maria Bia\u0142as at the Notary&rsquo;s Office run in the form of a civil partnership under the name of Kancelaria Notarialna Maria Bia\u0142as &#8211; notary, Sebastian Ta\u0142aj &#8211; notary Sp\u00f3\u0142ka Cywilna with its registered office in Cz\u0119stochowa, 40 Kili\u0144skiego Street, the Company&rsquo;s Articles of Association have been altered by changing \u00a7 3 , that is the headquarters of the Company. \u00a7 3 of the Company&rsquo;s Articles of Association is now read as follows: \u00ab\u00a0\u00a7 3. The registered office of the Company is located in Konopiska\u00a0\u00bb.<\/p>\n<p>In addition, on October 7, 2020. Management Board of Press Glass S.A. adopted a resolution according to which the Company will be located at: ul. Golfowa 19, 42 &#8211; 274 Konopiska.<\/p>\n<\/div><\/section><br \/>\n\n<style type=\"text\/css\" data-created_by=\"avia_inline_auto\" id=\"style-css-av-14xc640r-1a492fbb36385db8fa66ec17bd174782\">\n#top .hr.hr-invisible.av-14xc640r-1a492fbb36385db8fa66ec17bd174782{\nheight:40px;\n}\n<\/style>\n<div  class='hr av-14xc640r-1a492fbb36385db8fa66ec17bd174782 hr-invisible  avia-builder-el-15  el_after_av_textblock  el_before_av_textblock '><span class='hr-inner '><span class=\"hr-inner-style\"><\/span><\/span><\/div><br \/>\n<section  class='av_textblock_section av-kdznssfi-c4e8c31e3394a8ee25ab2590a758562d '   itemscope=\"itemscope\" itemtype=\"https:\/\/schema.org\/CreativeWork\" ><div class='avia_textblock'  itemprop=\"text\" ><h4 style=\"text-align: left;\">An announcement dated on October 8, 2020<\/h4>\n<p>The Management Board of the Company under the name of Press Glass Sp\u00f3\u0142ka Akcyjna informs that on October 7, 2020 the Company\u2019s shareholders were called upon for the second time to submit their share certificates in order to dematerialize them.<\/p>\n<p>Share documents should be submitted to the registered office of the Company, i.e. in Nowa Wie\u015b at ul. Kopalniana 9 (42 \u2013 262 Poczesna, Poland) on business days from 8:00 a.m. to 4:00 p.m<\/p>\n<\/div><\/section><br \/>\n\n<style type=\"text\/css\" data-created_by=\"avia_inline_auto\" id=\"style-css-av-14xc640r-1a492fbb36385db8fa66ec17bd174782\">\n#top .hr.hr-invisible.av-14xc640r-1a492fbb36385db8fa66ec17bd174782{\nheight:40px;\n}\n<\/style>\n<div  class='hr av-14xc640r-1a492fbb36385db8fa66ec17bd174782 hr-invisible  avia-builder-el-17  el_after_av_textblock  el_before_av_textblock '><span class='hr-inner '><span class=\"hr-inner-style\"><\/span><\/span><\/div><br \/>\n<section  class='av_textblock_section av-kdznssfi-c4e8c31e3394a8ee25ab2590a758562d '   itemscope=\"itemscope\" itemtype=\"https:\/\/schema.org\/CreativeWork\" ><div class='avia_textblock'  itemprop=\"text\" ><h4 style=\"text-align: left;\">An announcement dated on September 17, 2020<\/h4>\n<p>The Management Board of the Company under the name of Press Glass Sp\u00f3\u0142ka Akcyjna with its registered office in Nowa Wie\u015b (Poland) informs that on September 16, 2020 the Company&rsquo;s shareholders were called upon for the first time to submit their share certificates in order to dematerialize them.<\/p>\n<p>Share documents should be submitted to the registered office of the Company, i.e. in Nowa Wie\u015b at ul. Kopalniana 9 (42 &#8211; 262 Poczesna, Poland) on business days from 8:00 a.m. to 4:00 p.m<\/p>\n<\/div><\/section><br \/>\n\n<style type=\"text\/css\" data-created_by=\"avia_inline_auto\" id=\"style-css-av-14xc640r-1a492fbb36385db8fa66ec17bd174782\">\n#top .hr.hr-invisible.av-14xc640r-1a492fbb36385db8fa66ec17bd174782{\nheight:40px;\n}\n<\/style>\n<div  class='hr av-14xc640r-1a492fbb36385db8fa66ec17bd174782 hr-invisible  avia-builder-el-19  el_after_av_textblock  el_before_av_textblock '><span class='hr-inner '><span class=\"hr-inner-style\"><\/span><\/span><\/div><br \/>\n<section  class='av_textblock_section av-kdznssfi-c4e8c31e3394a8ee25ab2590a758562d '   itemscope=\"itemscope\" itemtype=\"https:\/\/schema.org\/CreativeWork\" ><div class='avia_textblock'  itemprop=\"text\" ><h4 style=\"text-align: left;\">An announcement dated on July 28, 2020<\/h4>\n<p>We would like to inform you that on 28 July 2020 PRESS GLASS Sp\u00f3\u0142ka Akcyjna, with its registered office in Nowa Wie\u015b (Poland), concluded a contract for keeping the register of shareholders with Powszechna Kasa Oszcz\u0119dno\u015bci Bank Polski Sp\u00f3\u0142ka Akcyjna, Branch of the Brokerage Office in Warsaw (Poland), address: ul. Pu\u0142awska 15, 02-515 Warsaw, Poland, registered with the District Court for the Capital City of Warsaw in Warsaw, 13<sup>th<\/sup> Commercial Division of the National Court Register, Entry No. KRS 0000026438, Tax ID NIP 525-000-77-38.<\/p>\n<p>The resolution concerning the selection of Powszechna Kasa Oszcz\u0119dno\u015bci Bank Polski Sp\u00f3\u0142ka Akcyjna Branch of the Brokerage Office in Warsaw (Poland) was adopted at the Ordinary Shareholders\u2019 Meeting of PRESS GLASS Sp\u00f3\u0142ka Akcyjna on 19 June 2020.<\/p>\n<\/div><\/section><\/p><\/div>\n\n<style type=\"text\/css\" data-created_by=\"avia_inline_auto\" id=\"style-css-av-xavc8gr-1b6a48dc141c00bcb0499c36f562d952\">\n#top .hr.hr-invisible.av-xavc8gr-1b6a48dc141c00bcb0499c36f562d952{\nheight:50px;\n}\n<\/style>\n<div  class='hr av-xavc8gr-1b6a48dc141c00bcb0499c36f562d952 hr-invisible  avia-builder-el-21  el_after_av_one_full  el_before_av_section  avia-builder-el-last '><span class='hr-inner '><span class=\"hr-inner-style\"><\/span><\/span><\/div>\n<\/div><\/div><\/div><!-- close content main div --><\/div><\/div><div id='dla-akcionariuszy'  class='avia-section av-syi2rrv-38d9ee246da9ebc9d061da42a24a9fd2 main_color avia-section-default avia-no-shadow  avia-builder-el-22  el_after_av_hr  el_before_av_hr  avia-bg-style-scroll container_wrap sidebar_right'  ><div class='container av-section-cont-open' ><div class='template-page content  av-content-small alpha units'><div class='post-entry post-entry-type-page post-entry-117787'><div class='entry-content-wrapper clearfix'>\n<div  class='flex_column av-ossqzvf-f0ffa097f7addf20eebbd6e41b7700cf av_one_full  avia-builder-el-23  avia-builder-el-no-sibling  first flex_column_div  '     ><p>\n<style type=\"text\/css\" data-created_by=\"avia_inline_auto\" id=\"style-css-av-av_heading-fbca467d34595e707f2bcfa146fb8a66\">\n#top .av-special-heading.av-av_heading-fbca467d34595e707f2bcfa146fb8a66{\npadding-bottom:0;\nfont-size:35px;\n}\nbody .av-special-heading.av-av_heading-fbca467d34595e707f2bcfa146fb8a66 .av-special-heading-tag .heading-char{\nfont-size:25px;\n}\n#top #wrap_all .av-special-heading.av-av_heading-fbca467d34595e707f2bcfa146fb8a66 .av-special-heading-tag{\nfont-size:35px;\n}\n.av-special-heading.av-av_heading-fbca467d34595e707f2bcfa146fb8a66 .av-subheading{\nfont-size:15px;\n}\n\n@media only screen and (min-width: 480px) and (max-width: 767px){ \n#top #wrap_all .av-special-heading.av-av_heading-fbca467d34595e707f2bcfa146fb8a66 .av-special-heading-tag{\nfont-size:0.8em;\n}\n}\n\n@media only screen and (max-width: 479px){ \n#top #wrap_all .av-special-heading.av-av_heading-fbca467d34595e707f2bcfa146fb8a66 .av-special-heading-tag{\nfont-size:0.8em;\n}\n}\n<\/style>\n<div  class='av-special-heading av-av_heading-fbca467d34595e707f2bcfa146fb8a66 av-special-heading-h3 blockquote modern-quote  avia-builder-el-24  el_before_av_hr  avia-builder-el-first  av-inherit-size'><h3 class='av-special-heading-tag '  itemprop=\"headline\"  >Contact<\/h3><div class=\"special-heading-border\"><div class=\"special-heading-inner-border\"><\/div><\/div><\/div><br \/>\n\n<style type=\"text\/css\" data-created_by=\"avia_inline_auto\" id=\"style-css-av-hft2hy3-98ec1b904e2b3b7735a5f6720f134e2e\">\n#top .hr.hr-invisible.av-hft2hy3-98ec1b904e2b3b7735a5f6720f134e2e{\nheight:40px;\n}\n<\/style>\n<div  class='hr av-hft2hy3-98ec1b904e2b3b7735a5f6720f134e2e hr-invisible  avia-builder-el-25  el_after_av_heading  el_before_av_textblock '><span class='hr-inner '><span class=\"hr-inner-style\"><\/span><\/span><\/div><br \/>\n<section  class='av_textblock_section av-b67kizf-1e7e114ab413cc65c671b9d30084caa9 '   itemscope=\"itemscope\" itemtype=\"https:\/\/schema.org\/CreativeWork\" ><div class='avia_textblock'  itemprop=\"text\" ><p>Financial Department<\/p>\n<p>PRESS GLASS SA; ul. Golfowa 19, 42-274 Konopiska, Poland<\/p>\n<p>tel. <a href=\"tel:48343275069\">+48 34 327 50 69<\/a><\/p>\n<\/div><\/section><\/p><\/div><\/div><\/div><\/div><!-- close content main div --><\/div><\/div><div id='after_section_2'  class='main_color av_default_container_wrap container_wrap sidebar_right'  ><div class='container av-section-cont-open' ><div class='template-page content  av-content-small alpha units'><div class='post-entry post-entry-type-page post-entry-117787'><div class='entry-content-wrapper clearfix'>\n<style type=\"text\/css\" data-created_by=\"avia_inline_auto\" id=\"style-css-av-5h060wr-3978d31009a8bed36b9a6d7f4367280d\">\n#top .hr.hr-invisible.av-5h060wr-3978d31009a8bed36b9a6d7f4367280d{\nheight:80px;\n}\n<\/style>\n<div  class='hr av-5h060wr-3978d31009a8bed36b9a6d7f4367280d hr-invisible  avia-builder-el-27  el_after_av_section  avia-builder-el-no-sibling '><span class='hr-inner '><span class=\"hr-inner-style\"><\/span><\/span><\/div><\/p>\n","protected":false},"excerpt":{"rendered":"","protected":false},"author":20,"featured_media":0,"parent":0,"menu_order":0,"comment_status":"closed","ping_status":"closed","template":"","meta":{"footnotes":""},"class_list":["post-117787","page","type-page","status-publish","hentry"],"yoast_head":"<!-- This site is optimized with the Yoast SEO plugin v27.3 - https:\/\/yoast.com\/product\/yoast-seo-wordpress\/ -->\n<title>Pour les actionnaires - PRESS GLASS HOLDING SA<\/title>\n<meta name=\"description\" content=\"Pour les actionnaires\" \/>\n<meta name=\"robots\" content=\"index, follow, max-snippet:-1, max-image-preview:large, max-video-preview:-1\" \/>\n<link rel=\"canonical\" href=\"http:\/\/www.pressglass.com\/fr\/pour-les-actionnaires\/\" \/>\n<meta name=\"twitter:label1\" content=\"Dur\u00e9e de lecture estim\u00e9e\" \/>\n\t<meta name=\"twitter:data1\" content=\"10 minutes\" \/>\n<script type=\"application\/ld+json\" class=\"yoast-schema-graph\">{\"@context\":\"https:\\\/\\\/schema.org\",\"@graph\":[{\"@type\":\"WebPage\",\"@id\":\"http:\\\/\\\/www.pressglass.com\\\/fr\\\/pour-les-actionnaires\\\/\",\"url\":\"http:\\\/\\\/www.pressglass.com\\\/fr\\\/pour-les-actionnaires\\\/\",\"name\":\"Pour les actionnaires - PRESS GLASS HOLDING SA\",\"isPartOf\":{\"@id\":\"https:\\\/\\\/www.pressglass.com\\\/it\\\/#website\"},\"datePublished\":\"2019-12-27T11:55:55+00:00\",\"dateModified\":\"2021-11-03T15:12:17+00:00\",\"description\":\"Pour les actionnaires\",\"breadcrumb\":{\"@id\":\"http:\\\/\\\/www.pressglass.com\\\/fr\\\/pour-les-actionnaires\\\/#breadcrumb\"},\"inLanguage\":\"fr-FR\",\"potentialAction\":[{\"@type\":\"ReadAction\",\"target\":[\"http:\\\/\\\/www.pressglass.com\\\/fr\\\/pour-les-actionnaires\\\/\"]}]},{\"@type\":\"BreadcrumbList\",\"@id\":\"http:\\\/\\\/www.pressglass.com\\\/fr\\\/pour-les-actionnaires\\\/#breadcrumb\",\"itemListElement\":[{\"@type\":\"ListItem\",\"position\":1,\"name\":\"Strona g\u0142\u00f3wna\",\"item\":\"https:\\\/\\\/www.pressglass.com\\\/fr\\\/\"},{\"@type\":\"ListItem\",\"position\":2,\"name\":\"Pour les actionnaires\"}]},{\"@type\":\"WebSite\",\"@id\":\"https:\\\/\\\/www.pressglass.com\\\/it\\\/#website\",\"url\":\"https:\\\/\\\/www.pressglass.com\\\/it\\\/\",\"name\":\"PRESS GLASS HOLDING SA\",\"description\":\"\",\"potentialAction\":[{\"@type\":\"SearchAction\",\"target\":{\"@type\":\"EntryPoint\",\"urlTemplate\":\"https:\\\/\\\/www.pressglass.com\\\/it\\\/?s={search_term_string}\"},\"query-input\":{\"@type\":\"PropertyValueSpecification\",\"valueRequired\":true,\"valueName\":\"search_term_string\"}}],\"inLanguage\":\"fr-FR\"}]}<\/script>\n<!-- \/ Yoast SEO plugin. -->","yoast_head_json":{"title":"Pour les actionnaires - PRESS GLASS HOLDING SA","description":"Pour les actionnaires","robots":{"index":"index","follow":"follow","max-snippet":"max-snippet:-1","max-image-preview":"max-image-preview:large","max-video-preview":"max-video-preview:-1"},"canonical":"http:\/\/www.pressglass.com\/fr\/pour-les-actionnaires\/","twitter_misc":{"Dur\u00e9e de lecture estim\u00e9e":"10 minutes"},"schema":{"@context":"https:\/\/schema.org","@graph":[{"@type":"WebPage","@id":"http:\/\/www.pressglass.com\/fr\/pour-les-actionnaires\/","url":"http:\/\/www.pressglass.com\/fr\/pour-les-actionnaires\/","name":"Pour les actionnaires - PRESS GLASS HOLDING SA","isPartOf":{"@id":"https:\/\/www.pressglass.com\/it\/#website"},"datePublished":"2019-12-27T11:55:55+00:00","dateModified":"2021-11-03T15:12:17+00:00","description":"Pour les actionnaires","breadcrumb":{"@id":"http:\/\/www.pressglass.com\/fr\/pour-les-actionnaires\/#breadcrumb"},"inLanguage":"fr-FR","potentialAction":[{"@type":"ReadAction","target":["http:\/\/www.pressglass.com\/fr\/pour-les-actionnaires\/"]}]},{"@type":"BreadcrumbList","@id":"http:\/\/www.pressglass.com\/fr\/pour-les-actionnaires\/#breadcrumb","itemListElement":[{"@type":"ListItem","position":1,"name":"Strona g\u0142\u00f3wna","item":"https:\/\/www.pressglass.com\/fr\/"},{"@type":"ListItem","position":2,"name":"Pour les actionnaires"}]},{"@type":"WebSite","@id":"https:\/\/www.pressglass.com\/it\/#website","url":"https:\/\/www.pressglass.com\/it\/","name":"PRESS GLASS HOLDING SA","description":"","potentialAction":[{"@type":"SearchAction","target":{"@type":"EntryPoint","urlTemplate":"https:\/\/www.pressglass.com\/it\/?s={search_term_string}"},"query-input":{"@type":"PropertyValueSpecification","valueRequired":true,"valueName":"search_term_string"}}],"inLanguage":"fr-FR"}]}},"rttpg_featured_image_url":null,"rttpg_author":{"display_name":"Kamil","author_link":"http:\/\/www.pressglass.com\/fr\/author\/kamil-janikiewicz\/"},"rttpg_comment":0,"rttpg_category":" <a href=\"http:\/\/www.pressglass.com\/fr\/?taxonomy=translation_priority&#038;term=facultatif\" rel=\"tag\">Facultatif<\/a>","rttpg_excerpt":null,"_links":{"self":[{"href":"http:\/\/www.pressglass.com\/fr\/wp-json\/wp\/v2\/pages\/117787","targetHints":{"allow":["GET"]}}],"collection":[{"href":"http:\/\/www.pressglass.com\/fr\/wp-json\/wp\/v2\/pages"}],"about":[{"href":"http:\/\/www.pressglass.com\/fr\/wp-json\/wp\/v2\/types\/page"}],"author":[{"embeddable":true,"href":"http:\/\/www.pressglass.com\/fr\/wp-json\/wp\/v2\/users\/20"}],"replies":[{"embeddable":true,"href":"http:\/\/www.pressglass.com\/fr\/wp-json\/wp\/v2\/comments?post=117787"}],"version-history":[{"count":13,"href":"http:\/\/www.pressglass.com\/fr\/wp-json\/wp\/v2\/pages\/117787\/revisions"}],"predecessor-version":[{"id":131923,"href":"http:\/\/www.pressglass.com\/fr\/wp-json\/wp\/v2\/pages\/117787\/revisions\/131923"}],"wp:attachment":[{"href":"http:\/\/www.pressglass.com\/fr\/wp-json\/wp\/v2\/media?parent=117787"}],"curies":[{"name":"wp","href":"https:\/\/api.w.org\/{rel}","templated":true}]}}