{"id":56682,"date":"2015-05-20T23:09:15","date_gmt":"2015-05-20T21:09:15","guid":{"rendered":"https:\/\/www.pressglass.com\/firmengeschichte\/cooperative-potential\/"},"modified":"2020-02-12T12:12:49","modified_gmt":"2020-02-12T11:12:49","slug":"kooperationspotenzial","status":"publish","type":"page","link":"http:\/\/www.pressglass.com\/de\/uber-die-firma\/kooperationspotenzial\/","title":{"rendered":"Gemeinschaftspotenzial"},"content":{"rendered":"\n<style type=\"text\/css\" data-created_by=\"avia_inline_auto\" id=\"style-css-av-av_section-73745de596c9f0ca016348c69bb2e2e3\">\n.avia-section.av-av_section-73745de596c9f0ca016348c69bb2e2e3{\nbackground-repeat:no-repeat;\nbackground-image:url(http:\/\/www.pressglass.com\/wp-content\/uploads\/2015\/05\/Slider-cooperative.jpg);\nbackground-position:50% 0%;\nbackground-attachment:scroll;\n}\n<\/style>\n<div id='av_section_1'  class='avia-section av-av_section-73745de596c9f0ca016348c69bb2e2e3 main_color avia-section-default avia-no-border-styling  avia-builder-el-0  el_before_av_one_full  avia-builder-el-first  avia-full-stretch avia-bg-style-scroll av-minimum-height av-minimum-height-custom av-height-custom  container_wrap sidebar_right'  data-section-bg-repeat='stretch' data-av_minimum_height_px='285'><div class='container av-section-cont-open' style='height:285px'><main  role=\"main\" itemprop=\"mainContentOfPage\"  class='template-page content  av-content-small alpha units'><div class='post-entry post-entry-type-page post-entry-56682'><div class='entry-content-wrapper clearfix'><\/div><\/div><\/main><!-- close content main element --><\/div><\/div><div id='after_section_1'  class='main_color av_default_container_wrap container_wrap sidebar_right'  ><div class='container av-section-cont-open' ><div class='template-page content  av-content-small alpha units'><div class='post-entry post-entry-type-page post-entry-56682'><div class='entry-content-wrapper clearfix'>\n<div  class='flex_column av-av_one_full-2a9015ff38129c418a3f2eafba3e9512 av_one_full  avia-builder-el-1  el_after_av_section  el_before_av_one_third  avia-builder-el-first  first flex_column_div  '     ><style type=\"text\/css\" data-created_by=\"avia_inline_auto\" id=\"style-css-av-av_heading-116d9eca6ad0c179b0a7bf265b6e49b2\">\n#top .av-special-heading.av-av_heading-116d9eca6ad0c179b0a7bf265b6e49b2{\npadding-bottom:10px;\n}\nbody .av-special-heading.av-av_heading-116d9eca6ad0c179b0a7bf265b6e49b2 .av-special-heading-tag .heading-char{\nfont-size:25px;\n}\n.av-special-heading.av-av_heading-116d9eca6ad0c179b0a7bf265b6e49b2 .av-subheading{\nfont-size:15px;\n}\n<\/style>\n<div  class='av-special-heading av-av_heading-116d9eca6ad0c179b0a7bf265b6e49b2 av-special-heading-h1  avia-builder-el-2  avia-builder-el-no-sibling '><h1 class='av-special-heading-tag '  itemprop=\"headline\"  >Gemeinschaftspotenzial<\/h1><div class=\"special-heading-border\"><div class=\"special-heading-inner-border\"><\/div><\/div><\/div><\/div>\n<div  class='flex_column av-av_one_third-2a9015ff38129c418a3f2eafba3e9512 av_one_third  avia-builder-el-3  el_after_av_one_full  el_before_av_one_third  first flex_column_div  column-top-margin'     ><section  class='av_textblock_section av-av_textblock-2de302bf1aa3cf4c9157dbe6f50ac7eb '   itemscope=\"itemscope\" itemtype=\"https:\/\/schema.org\/CreativeWork\" ><div class='avia_textblock'  itemprop=\"text\" ><p>Wir sind gut auf eine weitere, noch intensivere Entwicklung vorbereitet. <strong>Wir verf\u00fcgen zu diesem Zweck \u00fcber eine geeignete Produktionsbasis, einen Maschinenpark sowie ein Team erfahrener Mitarbeiter<\/strong>.<\/p>\n<p>Wir vergr\u00f6\u00dfern st\u00e4ndig unsere Produktionskapazit\u00e4ten und optimieren die Gr\u00f6\u00dfe der Konzentration unserer Produktion. <strong>Wir haben in unseren Betrieben insgesamt schon \u00fcber 70.000.000 m\u00b2 Glasscheiben produziert.<\/strong><\/p>\n<\/div><\/section><\/div>\n<style type=\"text\/css\" data-created_by=\"avia_inline_auto\" id=\"style-css-av-av_one_third-c8fc129dc35fd1ae2a1e410224d39ea8\">\n.flex_column.av-av_one_third-c8fc129dc35fd1ae2a1e410224d39ea8{\nborder-radius:0px 0px 0px 0px;\npadding:0px 0px 0px 0px;\n}\n<\/style>\n<div  class='flex_column av-av_one_third-c8fc129dc35fd1ae2a1e410224d39ea8 av_one_third  avia-builder-el-5  el_after_av_one_third  el_before_av_one_third  flex_column_div av-zero-column-padding  column-top-margin'     ><section  class='av_textblock_section av-av_textblock-2de302bf1aa3cf4c9157dbe6f50ac7eb '   itemscope=\"itemscope\" itemtype=\"https:\/\/schema.org\/CreativeWork\" ><div class='avia_textblock'  itemprop=\"text\" ><p>Im Mittelpunkt unserer T\u00e4tigkeit steht das Ziel, unseren technologischer Vorsprung vor unserer Konkurrenz zu halten und auszubauen. Durch die Einf\u00fchrung innovativer Komponenten, Produktionsprozesse und Bedienungssysteme steigern wir kontinuierlich die Qualit\u00e4t unserer Produkte.<\/p>\n<\/div><\/section><\/div><\/p>\n\n<style type=\"text\/css\" data-created_by=\"avia_inline_auto\" id=\"style-css-av-av_one_third-c8fc129dc35fd1ae2a1e410224d39ea8\">\n.flex_column.av-av_one_third-c8fc129dc35fd1ae2a1e410224d39ea8{\nborder-radius:0px 0px 0px 0px;\npadding:0px 0px 0px 0px;\n}\n<\/style>\n<div  class='flex_column av-av_one_third-c8fc129dc35fd1ae2a1e410224d39ea8 av_one_third  avia-builder-el-7  el_after_av_one_third  el_before_av_section  avia-builder-el-last  flex_column_div av-zero-column-padding  column-top-margin'     ><section  class='av_textblock_section av-av_textblock-2de302bf1aa3cf4c9157dbe6f50ac7eb '   itemscope=\"itemscope\" itemtype=\"https:\/\/schema.org\/CreativeWork\" ><div class='avia_textblock'  itemprop=\"text\" ><p>Die langj\u00e4hrige Markterfahrung unserer Kunden best\u00e4tigt, <strong>dass unser Gesch\u00e4ft auf dem Aufbau langfristiger, wechselseitiger Beziehungen beruht<\/strong>. Wir sind uns der Bedeutung bewusst, die das Einhalten von Versprechungen hat, insbesondere im Bereich der Qualit\u00e4t und der Einhaltung von Lieferterminen.<\/p>\n<\/div><\/section><\/div>\n<\/div><\/div><\/div><!-- close content main div --><\/div><\/div>\n<style type=\"text\/css\" data-created_by=\"avia_inline_auto\" id=\"style-css-av-av_section-26bda72235ba059bfc8c228d21137e20\">\n.avia-section.av-av_section-26bda72235ba059bfc8c228d21137e20 .av-parallax .av-parallax-inner{\nbackground-repeat:no-repeat;\nbackground-image:url(http:\/\/www.pressglass.com\/wp-content\/uploads\/2015\/01\/Parallax129.jpg);\nbackground-position:50% 50%;\nbackground-attachment:scroll;\n}\n<\/style>\n<div id='av_section_2'  class='avia-section av-av_section-26bda72235ba059bfc8c228d21137e20 main_color avia-section-no-padding avia-no-shadow  avia-builder-el-9  el_after_av_one_third  el_before_av_hr  av-parallax-section avia-bg-style-parallax av-minimum-height av-minimum-height-custom av-height-custom  container_wrap sidebar_right'  data-section-bg-repeat='no-repeat' data-av_minimum_height_px='400'><div class='av-parallax' data-avia-parallax-ratio='0.3' ><div class='av-parallax-inner main_color avia-full-stretch'><\/div><\/div><div class='container av-section-cont-open' style='height:400px'><div class='template-page content  av-content-small alpha units'><div class='post-entry post-entry-type-page post-entry-56682'><div class='entry-content-wrapper clearfix'><\/div><\/div><\/div><!-- close content main div --><\/div><\/div><div id='after_section_2'  class='main_color av_default_container_wrap container_wrap sidebar_right'  ><div class='container av-section-cont-open' ><div class='template-page content  av-content-small alpha units'><div class='post-entry post-entry-type-page post-entry-56682'><div class='entry-content-wrapper clearfix'>\n\n<style type=\"text\/css\" data-created_by=\"avia_inline_auto\" id=\"style-css-av-av_hr-a07f7596b1fca85f6595a75d593069df\">\n#top .hr.hr-invisible.av-av_hr-a07f7596b1fca85f6595a75d593069df{\nheight:40px;\n}\n<\/style>\n<div  class='hr av-av_hr-a07f7596b1fca85f6595a75d593069df hr-invisible  avia-builder-el-10  el_after_av_section  el_before_av_section  avia-builder-el-no-sibling '><span class='hr-inner '><span class=\"hr-inner-style\"><\/span><\/span><\/div>\n<\/div><\/div><\/div><!-- close content main div --><\/div><\/div>\n<style type=\"text\/css\" data-created_by=\"avia_inline_auto\" id=\"style-css-av-av_section-e5a05f181b4e6b5c8ec13d1d441645bc\">\n.avia-section.av-av_section-e5a05f181b4e6b5c8ec13d1d441645bc{\nbackground-repeat:repeat-x;\nbackground-image:url(http:\/\/www.pressglass.com\/wp-content\/uploads\/2015\/11\/Parallaxa-\u015brodowiskowa1.jpg);\nbackground-position:50% 50%;\nbackground-attachment:scroll;\n}\n<\/style>\n<div id='av_section_3'  class='avia-section av-av_section-e5a05f181b4e6b5c8ec13d1d441645bc main_color avia-section-no-padding avia-no-shadow  avia-builder-el-11  el_after_av_hr  el_before_av_hr  avia-bg-style-scroll av-minimum-height av-minimum-height-custom av-height-custom  container_wrap sidebar_right'  data-section-bg-repeat='repeat-x' data-av_minimum_height_px='500'><div class='container av-section-cont-open' style='height:500px'><div class='template-page content  av-content-small alpha units'><div class='post-entry post-entry-type-page post-entry-56682'><div class='entry-content-wrapper clearfix'>\n<div  class='flex_column av-av_one_fifth-2a9015ff38129c418a3f2eafba3e9512 av_one_fifth  avia-builder-el-12  el_before_av_three_fifth  avia-builder-el-first  first flex_column_div  '     ><\/div>\n<style type=\"text\/css\" data-created_by=\"avia_inline_auto\" id=\"style-css-av-av_three_fifth-c8fc129dc35fd1ae2a1e410224d39ea8\">\n.flex_column.av-av_three_fifth-c8fc129dc35fd1ae2a1e410224d39ea8{\nborder-radius:0px 0px 0px 0px;\npadding:0px 0px 0px 0px;\n}\n<\/style>\n<div  class='flex_column av-av_three_fifth-c8fc129dc35fd1ae2a1e410224d39ea8 av_three_fifth  avia-builder-el-13  el_after_av_one_fifth  el_before_av_one_fifth  flex_column_div av-zero-column-padding  '     ><p>\n<style type=\"text\/css\" data-created_by=\"avia_inline_auto\" id=\"style-css-av-av_hr-5ea7596238ed9f191e6b5e662093052f\">\n#top .hr.hr-invisible.av-av_hr-5ea7596238ed9f191e6b5e662093052f{\nheight:30px;\n}\n<\/style>\n<div  class='hr av-av_hr-5ea7596238ed9f191e6b5e662093052f hr-invisible  avia-builder-el-14  el_before_av_heading  avia-builder-el-first '><span class='hr-inner '><span class=\"hr-inner-style\"><\/span><\/span><\/div><br \/>\n\n<style type=\"text\/css\" data-created_by=\"avia_inline_auto\" id=\"style-css-av-av_heading-abced93540612aa7fcad8f5999a85dd4\">\n#top .av-special-heading.av-av_heading-abced93540612aa7fcad8f5999a85dd4{\npadding-bottom:0;\ncolor:#ffffff;\nfont-size:35px;\n}\nbody .av-special-heading.av-av_heading-abced93540612aa7fcad8f5999a85dd4 .av-special-heading-tag .heading-char{\nfont-size:25px;\n}\n#top #wrap_all .av-special-heading.av-av_heading-abced93540612aa7fcad8f5999a85dd4 .av-special-heading-tag{\nfont-size:35px;\n}\n.av-special-heading.av-av_heading-abced93540612aa7fcad8f5999a85dd4 .special-heading-inner-border{\nborder-color:#ffffff;\n}\n.av-special-heading.av-av_heading-abced93540612aa7fcad8f5999a85dd4 .av-subheading{\nfont-size:20px;\n}\n\n@media only screen and (min-width: 480px) and (max-width: 767px){ \n#top #wrap_all .av-special-heading.av-av_heading-abced93540612aa7fcad8f5999a85dd4 .av-special-heading-tag{\nfont-size:0.8em;\n}\n}\n\n@media only screen and (max-width: 479px){ \n#top #wrap_all .av-special-heading.av-av_heading-abced93540612aa7fcad8f5999a85dd4 .av-special-heading-tag{\nfont-size:0.8em;\n}\n}\n<\/style>\n<div  class='av-special-heading av-av_heading-abced93540612aa7fcad8f5999a85dd4 av-special-heading-h2 custom-color-heading blockquote modern-quote modern-centered  avia-builder-el-15  el_after_av_hr  el_before_av_hr  av-inherit-size'><h2 class='av-special-heading-tag '  itemprop=\"headline\"  >Um die Auswirkungen auf die Umwelt zu begrenzen, f\u00fchren wir stets Ver\u00e4nderungen in den Produktionsprozess und in unsere Gewohnheiten ein.<\/h2><div class='av_custom_color av-subheading av-subheading_below'><p>Um diesen Prozess zu erleichtern, nehmen wir an dem globalen System zum Umweltschutz ISO 14001 teil.<\/p>\n<\/div><div class=\"special-heading-border\"><div class=\"special-heading-inner-border\"><\/div><\/div><\/div><br \/>\n\n<style type=\"text\/css\" data-created_by=\"avia_inline_auto\" id=\"style-css-av-av_hr-5ea7596238ed9f191e6b5e662093052f\">\n#top .hr.hr-invisible.av-av_hr-5ea7596238ed9f191e6b5e662093052f{\nheight:30px;\n}\n<\/style>\n<div  class='hr av-av_hr-5ea7596238ed9f191e6b5e662093052f hr-invisible  avia-builder-el-16  el_after_av_heading  el_before_av_image '><span class='hr-inner '><span class=\"hr-inner-style\"><\/span><\/span><\/div><br \/>\n<div  class='avia-image-container  av-styling-    avia-builder-el-17  el_after_av_hr  el_before_av_hr  avia-align-center'  itemprop=\"image\" itemscope=\"itemscope\" itemtype=\"https:\/\/schema.org\/ImageObject\"  ><div class='avia-image-container-inner'><div class='avia-image-overlay-wrap'><img class='avia_image' src='http:\/\/www.pressglass.com\/wp-content\/uploads\/2018\/02\/iso-resources-saved-de.png' alt='' title='iso resources saved' height=\"134\" width=\"597\"  itemprop=\"thumbnailUrl\"  \/><\/div><\/div><\/div><br \/>\n\n<style type=\"text\/css\" data-created_by=\"avia_inline_auto\" id=\"style-css-av-av_hr-5ea7596238ed9f191e6b5e662093052f\">\n#top .hr.hr-invisible.av-av_hr-5ea7596238ed9f191e6b5e662093052f{\nheight:30px;\n}\n<\/style>\n<div  class='hr av-av_hr-5ea7596238ed9f191e6b5e662093052f hr-invisible  avia-builder-el-18  el_after_av_image  el_before_av_textblock '><span class='hr-inner '><span class=\"hr-inner-style\"><\/span><\/span><\/div><br \/>\n<section  class='av_textblock_section av-av_textblock-0366cc7376be6c9e82a3e9cc8987b64f '   itemscope=\"itemscope\" itemtype=\"https:\/\/schema.org\/CreativeWork\" ><div class='avia_textblock'  itemprop=\"text\" ><p><center><a class=\"avia-button mte_button_white_large\" href=\"https:\/\/www.pressglass.com\/de\/umweltschutz\/\">Mehr<\/a><\/center><\/p>\n<\/div><\/section><br \/>\n\n<style type=\"text\/css\" data-created_by=\"avia_inline_auto\" id=\"style-css-av-av_hr-d50449065512dfb87382cb0128eaa335\">\n#top .hr.hr-invisible.av-av_hr-d50449065512dfb87382cb0128eaa335{\nheight:100px;\n}\n<\/style>\n<div  class='hr av-av_hr-d50449065512dfb87382cb0128eaa335 hr-invisible  avia-builder-el-20  el_after_av_textblock  avia-builder-el-last '><span class='hr-inner '><span class=\"hr-inner-style\"><\/span><\/span><\/div><\/p><\/div>\n<style type=\"text\/css\" data-created_by=\"avia_inline_auto\" id=\"style-css-av-av_one_fifth-c8fc129dc35fd1ae2a1e410224d39ea8\">\n.flex_column.av-av_one_fifth-c8fc129dc35fd1ae2a1e410224d39ea8{\nborder-radius:0px 0px 0px 0px;\npadding:0px 0px 0px 0px;\n}\n<\/style>\n<div  class='flex_column av-av_one_fifth-c8fc129dc35fd1ae2a1e410224d39ea8 av_one_fifth  avia-builder-el-21  el_after_av_three_fifth  avia-builder-el-last  flex_column_div av-zero-column-padding  '     ><\/div>\n<\/div><\/div><\/div><!-- close content main div --><\/div><\/div><div id='after_section_3'  class='main_color av_default_container_wrap container_wrap sidebar_right'  ><div class='container av-section-cont-open' ><div class='template-page content  av-content-small alpha units'><div class='post-entry post-entry-type-page post-entry-56682'><div class='entry-content-wrapper clearfix'>\n\n<style type=\"text\/css\" data-created_by=\"avia_inline_auto\" id=\"style-css-av-av_hr-a07f7596b1fca85f6595a75d593069df\">\n#top .hr.hr-invisible.av-av_hr-a07f7596b1fca85f6595a75d593069df{\nheight:40px;\n}\n<\/style>\n<div  class='hr av-av_hr-a07f7596b1fca85f6595a75d593069df hr-invisible  avia-builder-el-22  el_after_av_section  avia-builder-el-no-sibling '><span class='hr-inner '><span class=\"hr-inner-style\"><\/span><\/span><\/div>\n","protected":false},"excerpt":{"rendered":"","protected":false},"author":32,"featured_media":0,"parent":56626,"menu_order":0,"comment_status":"closed","ping_status":"closed","template":"","meta":{"footnotes":""},"class_list":["post-56682","page","type-page","status-publish","hentry"],"yoast_head":"<!-- This site is optimized with the Yoast SEO plugin v27.3 - https:\/\/yoast.com\/product\/yoast-seo-wordpress\/ -->\n<title>Cooperative potential - PRESS GLASS SA<\/title>\n<meta name=\"description\" content=\"Gemeinschaftspotenzial\" \/>\n<meta name=\"robots\" content=\"index, follow, max-snippet:-1, max-image-preview:large, max-video-preview:-1\" \/>\n<link rel=\"canonical\" href=\"https:\/\/www.pressglass.com\/de\/uber-die-firma\/kooperationspotenzial\/\" \/>\n<meta name=\"twitter:label1\" content=\"Gesch\u00e4tzte Lesezeit\" \/>\n\t<meta name=\"twitter:data1\" content=\"5 Minuten\" \/>\n<script type=\"application\/ld+json\" class=\"yoast-schema-graph\">{\"@context\":\"https:\\\/\\\/schema.org\",\"@graph\":[{\"@type\":\"WebPage\",\"@id\":\"https:\\\/\\\/www.pressglass.com\\\/de\\\/uber-die-firma\\\/kooperationspotenzial\\\/\",\"url\":\"https:\\\/\\\/www.pressglass.com\\\/de\\\/uber-die-firma\\\/kooperationspotenzial\\\/\",\"name\":\"Cooperative potential - PRESS GLASS SA\",\"isPartOf\":{\"@id\":\"https:\\\/\\\/www.pressglass.com\\\/it\\\/#website\"},\"datePublished\":\"2015-05-20T21:09:15+00:00\",\"dateModified\":\"2020-02-12T11:12:49+00:00\",\"description\":\"Gemeinschaftspotenzial\",\"breadcrumb\":{\"@id\":\"https:\\\/\\\/www.pressglass.com\\\/de\\\/uber-die-firma\\\/kooperationspotenzial\\\/#breadcrumb\"},\"inLanguage\":\"de-DE\",\"potentialAction\":[{\"@type\":\"ReadAction\",\"target\":[\"https:\\\/\\\/www.pressglass.com\\\/de\\\/uber-die-firma\\\/kooperationspotenzial\\\/\"]}]},{\"@type\":\"BreadcrumbList\",\"@id\":\"https:\\\/\\\/www.pressglass.com\\\/de\\\/uber-die-firma\\\/kooperationspotenzial\\\/#breadcrumb\",\"itemListElement\":[{\"@type\":\"ListItem\",\"position\":1,\"name\":\"Strona g\u0142\u00f3wna\",\"item\":\"https:\\\/\\\/www.pressglass.com\\\/de\\\/\"},{\"@type\":\"ListItem\",\"position\":2,\"name\":\"\u00dcber die Firma\",\"item\":\"https:\\\/\\\/www.pressglass.com\\\/de\\\/uber-die-firma\\\/\"},{\"@type\":\"ListItem\",\"position\":3,\"name\":\"Gemeinschaftspotenzial\"}]},{\"@type\":\"WebSite\",\"@id\":\"https:\\\/\\\/www.pressglass.com\\\/it\\\/#website\",\"url\":\"https:\\\/\\\/www.pressglass.com\\\/it\\\/\",\"name\":\"PRESS GLASS HOLDING SA\",\"description\":\"\",\"potentialAction\":[{\"@type\":\"SearchAction\",\"target\":{\"@type\":\"EntryPoint\",\"urlTemplate\":\"https:\\\/\\\/www.pressglass.com\\\/it\\\/?s={search_term_string}\"},\"query-input\":{\"@type\":\"PropertyValueSpecification\",\"valueRequired\":true,\"valueName\":\"search_term_string\"}}],\"inLanguage\":\"de-DE\"}]}<\/script>\n<!-- \/ Yoast SEO plugin. -->","yoast_head_json":{"title":"Cooperative potential - PRESS GLASS SA","description":"Gemeinschaftspotenzial","robots":{"index":"index","follow":"follow","max-snippet":"max-snippet:-1","max-image-preview":"max-image-preview:large","max-video-preview":"max-video-preview:-1"},"canonical":"https:\/\/www.pressglass.com\/de\/uber-die-firma\/kooperationspotenzial\/","twitter_misc":{"Gesch\u00e4tzte Lesezeit":"5 Minuten"},"schema":{"@context":"https:\/\/schema.org","@graph":[{"@type":"WebPage","@id":"https:\/\/www.pressglass.com\/de\/uber-die-firma\/kooperationspotenzial\/","url":"https:\/\/www.pressglass.com\/de\/uber-die-firma\/kooperationspotenzial\/","name":"Cooperative potential - PRESS GLASS SA","isPartOf":{"@id":"https:\/\/www.pressglass.com\/it\/#website"},"datePublished":"2015-05-20T21:09:15+00:00","dateModified":"2020-02-12T11:12:49+00:00","description":"Gemeinschaftspotenzial","breadcrumb":{"@id":"https:\/\/www.pressglass.com\/de\/uber-die-firma\/kooperationspotenzial\/#breadcrumb"},"inLanguage":"de-DE","potentialAction":[{"@type":"ReadAction","target":["https:\/\/www.pressglass.com\/de\/uber-die-firma\/kooperationspotenzial\/"]}]},{"@type":"BreadcrumbList","@id":"https:\/\/www.pressglass.com\/de\/uber-die-firma\/kooperationspotenzial\/#breadcrumb","itemListElement":[{"@type":"ListItem","position":1,"name":"Strona g\u0142\u00f3wna","item":"https:\/\/www.pressglass.com\/de\/"},{"@type":"ListItem","position":2,"name":"\u00dcber die Firma","item":"https:\/\/www.pressglass.com\/de\/uber-die-firma\/"},{"@type":"ListItem","position":3,"name":"Gemeinschaftspotenzial"}]},{"@type":"WebSite","@id":"https:\/\/www.pressglass.com\/it\/#website","url":"https:\/\/www.pressglass.com\/it\/","name":"PRESS GLASS HOLDING SA","description":"","potentialAction":[{"@type":"SearchAction","target":{"@type":"EntryPoint","urlTemplate":"https:\/\/www.pressglass.com\/it\/?s={search_term_string}"},"query-input":{"@type":"PropertyValueSpecification","valueRequired":true,"valueName":"search_term_string"}}],"inLanguage":"de-DE"}]}},"rttpg_featured_image_url":null,"rttpg_author":{"display_name":"Piotr Suszek","author_link":"http:\/\/www.pressglass.com\/de\/author\/piotr-suszek\/"},"rttpg_comment":0,"rttpg_category":" <a href=\"http:\/\/www.pressglass.com\/de\/?taxonomy=translation_priority&#038;term=optional-de\" rel=\"tag\">Optional<\/a>","rttpg_excerpt":null,"_links":{"self":[{"href":"http:\/\/www.pressglass.com\/de\/wp-json\/wp\/v2\/pages\/56682","targetHints":{"allow":["GET"]}}],"collection":[{"href":"http:\/\/www.pressglass.com\/de\/wp-json\/wp\/v2\/pages"}],"about":[{"href":"http:\/\/www.pressglass.com\/de\/wp-json\/wp\/v2\/types\/page"}],"author":[{"embeddable":true,"href":"http:\/\/www.pressglass.com\/de\/wp-json\/wp\/v2\/users\/32"}],"replies":[{"embeddable":true,"href":"http:\/\/www.pressglass.com\/de\/wp-json\/wp\/v2\/comments?post=56682"}],"version-history":[{"count":17,"href":"http:\/\/www.pressglass.com\/de\/wp-json\/wp\/v2\/pages\/56682\/revisions"}],"predecessor-version":[{"id":118644,"href":"http:\/\/www.pressglass.com\/de\/wp-json\/wp\/v2\/pages\/56682\/revisions\/118644"}],"up":[{"embeddable":true,"href":"http:\/\/www.pressglass.com\/de\/wp-json\/wp\/v2\/pages\/56626"}],"wp:attachment":[{"href":"http:\/\/www.pressglass.com\/de\/wp-json\/wp\/v2\/media?parent=56682"}],"curies":[{"name":"wp","href":"https:\/\/api.w.org\/{rel}","templated":true}]}}